{"id":9990,"date":"2025-05-31T17:36:34","date_gmt":"2025-05-31T14:36:34","guid":{"rendered":"https:\/\/www.i-rentacar.com\/?page_id=9990"},"modified":"2025-06-01T13:29:23","modified_gmt":"2025-06-01T10:29:23","slug":"noleggio-auto-per-kassandra-calcidica","status":"publish","type":"page","link":"https:\/\/www.i-rentacar.com\/it\/noleggio-auto-per-kassandra-calcidica\/","title":{"rendered":"Noleggio auto per Kassandra Calcidica"},"content":{"rendered":"<div class=\"fusion-fullwidth fullwidth-box fusion-builder-row-1 fusion-flex-container has-pattern-background has-mask-background nonhundred-percent-fullwidth non-hundred-percent-height-scrolling\" style=\"--awb-border-radius-top-left:0px;--awb-border-radius-top-right:0px;--awb-border-radius-bottom-right:0px;--awb-border-radius-bottom-left:0px;--awb-flex-wrap:wrap;\" ><div class=\"fusion-builder-row fusion-row fusion-flex-align-items-flex-start fusion-flex-content-wrap\" style=\"max-width:1300px;margin-left: calc(-4% \/ 2 );margin-right: calc(-4% \/ 2 );\"><div class=\"fusion-layout-column fusion_builder_column fusion-builder-column-0 fusion_builder_column_1_1 1_1 fusion-flex-column\" style=\"--awb-bg-size:cover;--awb-width-large:100%;--awb-margin-top-large:0px;--awb-spacing-right-large:1.92%;--awb-margin-bottom-large:20px;--awb-spacing-left-large:1.92%;--awb-width-medium:100%;--awb-order-medium:0;--awb-spacing-right-medium:1.92%;--awb-spacing-left-medium:1.92%;--awb-width-small:100%;--awb-order-small:0;--awb-spacing-right-small:1.92%;--awb-spacing-left-small:1.92%;\"><div class=\"fusion-column-wrapper fusion-column-has-shadow fusion-flex-justify-content-flex-start fusion-content-layout-column\"><div class=\"fusion-image-element \" style=\"text-align:center;--awb-caption-title-font-family:var(--h2_typography-font-family);--awb-caption-title-font-weight:var(--h2_typography-font-weight);--awb-caption-title-font-style:var(--h2_typography-font-style);--awb-caption-title-size:var(--h2_typography-font-size);--awb-caption-title-transform:var(--h2_typography-text-transform);--awb-caption-title-line-height:var(--h2_typography-line-height);--awb-caption-title-letter-spacing:var(--h2_typography-letter-spacing);\"><span class=\" fusion-imageframe imageframe-none imageframe-1 hover-type-none\"><img decoding=\"async\" width=\"1200\" height=\"600\" alt=\"\u039a\u03b1\u03c3\u03c3\u03ac\u03bd\u03b4\u03c1\u03b1 \u03a7\u03b1\u03bb\u03ba\u03b9\u03b4\u03b9\u03ba\u03b7\" title=\"\u03bb\u03bd\u03bb\u03b2\" src=\"https:\/\/www.i-rentacar.com\/wp-content\/uploads\/2025\/05\/\u03bb\u03bd\u03bb\u03b2.jpg\" data-orig-src=\"https:\/\/www.i-rentacar.com\/wp-content\/uploads\/2025\/05\/\u03bb\u03bd\u03bb\u03b2.jpg\" class=\"lazyload img-responsive wp-image-9854\" srcset=\"data:image\/svg+xml,%3Csvg%20xmlns%3D%27http%3A%2F%2Fwww.w3.org%2F2000%2Fsvg%27%20width%3D%271200%27%20height%3D%27600%27%20viewBox%3D%270%200%201200%20600%27%3E%3Crect%20width%3D%271200%27%20height%3D%27600%27%20fill-opacity%3D%220%22%2F%3E%3C%2Fsvg%3E\" data-srcset=\"https:\/\/www.i-rentacar.com\/wp-content\/uploads\/2025\/05\/\u03bb\u03bd\u03bb\u03b2-200x100.jpg 200w, https:\/\/www.i-rentacar.com\/wp-content\/uploads\/2025\/05\/\u03bb\u03bd\u03bb\u03b2-400x200.jpg 400w, https:\/\/www.i-rentacar.com\/wp-content\/uploads\/2025\/05\/\u03bb\u03bd\u03bb\u03b2-600x300.jpg 600w, https:\/\/www.i-rentacar.com\/wp-content\/uploads\/2025\/05\/\u03bb\u03bd\u03bb\u03b2-800x400.jpg 800w, https:\/\/www.i-rentacar.com\/wp-content\/uploads\/2025\/05\/\u03bb\u03bd\u03bb\u03b2.jpg 1200w\" data-sizes=\"auto\" data-orig-sizes=\"(max-width: 640px) 100vw, 1200px\" \/><\/span><\/div><div class=\"fusion-text fusion-text-1\"><h2 style=\"text-align: center;\" data-start=\"295\" data-end=\"388\">Estate nella Prima Gamba di Calcidica: Libert\u00e0, Mare e Auto con i-rentacar<\/h2>\n<p data-start=\"390\" data-end=\"817\">L\u2019estate in Grecia \u00e8 sinonimo di mare, sole e libert\u00e0 assoluta. E se c\u2019\u00e8 una destinazione che incarna tutto questo, \u00e8 sicuramente la Calcidica \u2013 in particolare la Prima Gamba, la penisola verde di Kassandra. Se stai pianificando le tue vacanze estive nel nord della Grecia, allora i-rentacar \u00e8 il partner ideale per esplorare la zona con comodit\u00e0, sicurezza e indipendenza.<\/p>\n<p data-start=\"819\" data-end=\"1103\">Partendo da Salonicco o dall\u2019Aeroporto &#8220;Macedonia&#8221;, in un\u2019ora puoi raggiungere le coste esotiche di Kassandra. Grazie a i-rentacar, hai a disposizione una vasta gamma di auto moderne, economiche e affidabili tra cui scegliere quella che fa per te.<\/p>\n<h3 data-start=\"1105\" data-end=\"1156\">Scopri le Spiagge Pi\u00f9 Belle di Kassandra<\/h3>\n<p data-start=\"1158\" data-end=\"1392\">La Prima Gamba \u00e8 piena di spiagge mozzafiato, con acque che ricordano i Caraibi, sabbia fine e pinete che arrivano fino al mare. Ovunque tu vada con la tua auto a noleggio, scoprirai piccoli paradisi:<\/p>\n<ul data-start=\"1394\" data-end=\"1928\">\n<li data-start=\"1394\" data-end=\"1544\">\n<p data-start=\"1396\" data-end=\"1544\"><strong data-start=\"1396\" data-end=\"1408\">Kallithea<\/strong>: Conosciuta per la sua atmosfera vivace, i beach bar e la vita notturna. Ideale per chi vuole unire il bagno al divertimento.<\/p>\n<\/li>\n<li data-start=\"1545\" data-end=\"1680\">\n<p data-start=\"1547\" data-end=\"1680\"><strong data-start=\"1547\" data-end=\"1570\">Chanioti &amp; Polichrono<\/strong>: Spiagge per famiglie con acque calde e poco profonde e tutti i comfort. Perfette per i bambini ma anche per il relax.<\/p>\n<\/li>\n<li data-start=\"1681\" data-end=\"1805\">\n<p data-start=\"1683\" data-end=\"1805\"><strong data-start=\"1683\" data-end=\"1695\">Paliouri<\/strong>: Spiaggia pi\u00f9 tranquilla, per chi ama la natura e la privacy. La spiaggia di Chrousou l\u00ec \u00e8 semplicemente incantevole.<\/p>\n<\/li>\n<li data-start=\"1806\" data-end=\"1928\">\n<p data-start=\"1808\" data-end=\"1928\"><strong data-start=\"1808\" data-end=\"1819\">Possidi<\/strong>: Una delle spiagge pi\u00f9 uniche della Calcidica, con il suo iconico faro e tramonti spettacolari.<\/p>\n<\/li>\n<\/ul>\n<p data-start=\"1930\" data-end=\"2124\">Con i-rentacar, non dipendi da autobus o tour organizzati. Puoi cambiare spiaggia ogni giorno, evitare la folla e organizzare il tuo itinerario esattamente come vuoi tu.<\/p>\n<h3 style=\"text-align: center;\" data-start=\"2126\" data-end=\"2168\">Cultura, Sapori e Attivit\u00e0<\/h3>\n<p data-start=\"2170\" data-end=\"2295\">La Prima Gamba non \u00e8 solo spiagge. \u00c8 piena di villaggi tradizionali, feste locali e bellissimi percorsi da esplorare.<\/p>\n<ul data-start=\"2297\" data-end=\"2678\">\n<li data-start=\"2297\" data-end=\"2501\">\n<p data-start=\"2299\" data-end=\"2501\"><strong data-start=\"2299\" data-end=\"2309\">Afitos<\/strong>: Forse il villaggio pi\u00f9 bello di Kassandra, costruito su una roccia con vista panoramica sul Golfo di Toroneos. Perfetto per passeggiate serali, cene romantiche e foto indimenticabili.<\/p>\n<\/li>\n<li data-start=\"2502\" data-end=\"2583\">\n<p data-start=\"2504\" data-end=\"2583\"><strong data-start=\"2504\" data-end=\"2518\">Nea Fokea<\/strong>: Torre medievale, bellezze naturali e tradizionali taverne greche.<\/p>\n<\/li>\n<li data-start=\"2584\" data-end=\"2678\">\n<p data-start=\"2586\" data-end=\"2678\"><strong data-start=\"2586\" data-end=\"2599\">Pefkochori<\/strong>: Vita notturna, negozi e tanti alloggi per tutte le tasche.<\/p>\n<\/li>\n<\/ul>\n<p data-start=\"2680\" data-end=\"2903\">Lungo il tuo percorso puoi fermarti a gustare specialit\u00e0 locali come pesce fresco, feta tradizionale, melanzane, tzatziki e naturalmente vino e tsipouro locali. Kassandra \u00e8 piena di sapori che ti entusiasmeranno.<\/p>\n<\/div><div class=\"fusion-image-element \" style=\"text-align:center;--awb-caption-title-font-family:var(--h2_typography-font-family);--awb-caption-title-font-weight:var(--h2_typography-font-weight);--awb-caption-title-font-style:var(--h2_typography-font-style);--awb-caption-title-size:var(--h2_typography-font-size);--awb-caption-title-transform:var(--h2_typography-text-transform);--awb-caption-title-line-height:var(--h2_typography-line-height);--awb-caption-title-letter-spacing:var(--h2_typography-letter-spacing);\"><span class=\" fusion-imageframe imageframe-none imageframe-2 hover-type-none\"><img decoding=\"async\" width=\"1200\" height=\"600\" alt=\"\u039a\u03b1\u03c3\u03c3\u03ac\u03bd\u03b4\u03c1\u03b1 \u03a7\u03b1\u03bb\u03ba\u03b9\u03b4\u03b9\u03ba\u03ae\" title=\"\u03bb\u03be\u03be\u03b2\u03bb\u03b2\u03ba\" src=\"https:\/\/www.i-rentacar.com\/wp-content\/uploads\/2025\/05\/\u03bb\u03be\u03be\u03b2\u03bb\u03b2\u03ba.jpg\" data-orig-src=\"https:\/\/www.i-rentacar.com\/wp-content\/uploads\/2025\/05\/\u03bb\u03be\u03be\u03b2\u03bb\u03b2\u03ba.jpg\" class=\"lazyload img-responsive wp-image-9859\" srcset=\"data:image\/svg+xml,%3Csvg%20xmlns%3D%27http%3A%2F%2Fwww.w3.org%2F2000%2Fsvg%27%20width%3D%271200%27%20height%3D%27600%27%20viewBox%3D%270%200%201200%20600%27%3E%3Crect%20width%3D%271200%27%20height%3D%27600%27%20fill-opacity%3D%220%22%2F%3E%3C%2Fsvg%3E\" data-srcset=\"https:\/\/www.i-rentacar.com\/wp-content\/uploads\/2025\/05\/\u03bb\u03be\u03be\u03b2\u03bb\u03b2\u03ba-200x100.jpg 200w, https:\/\/www.i-rentacar.com\/wp-content\/uploads\/2025\/05\/\u03bb\u03be\u03be\u03b2\u03bb\u03b2\u03ba-400x200.jpg 400w, https:\/\/www.i-rentacar.com\/wp-content\/uploads\/2025\/05\/\u03bb\u03be\u03be\u03b2\u03bb\u03b2\u03ba-600x300.jpg 600w, https:\/\/www.i-rentacar.com\/wp-content\/uploads\/2025\/05\/\u03bb\u03be\u03be\u03b2\u03bb\u03b2\u03ba-800x400.jpg 800w, https:\/\/www.i-rentacar.com\/wp-content\/uploads\/2025\/05\/\u03bb\u03be\u03be\u03b2\u03bb\u03b2\u03ba.jpg 1200w\" data-sizes=\"auto\" data-orig-sizes=\"(max-width: 640px) 100vw, 1200px\" \/><\/span><\/div><div class=\"fusion-text fusion-text-2\"><h3 style=\"text-align: center;\" data-start=\"2905\" data-end=\"2926\">Perch\u00e9 scegliere i-rentacar?<\/h3>\n<p data-start=\"2928\" data-end=\"3029\">i-rentacar non ti offre solo un&#8217;auto. Ti offre un&#8217;esperienza di libert\u00e0 e sicurezza:<\/p>\n<ul data-start=\"3031\" data-end=\"3325\">\n<li data-start=\"3031\" data-end=\"3078\">\n<p data-start=\"3033\" data-end=\"3078\"><strong data-start=\"3033\" data-end=\"3058\">Prenotazione facile online<\/strong> in pochi minuti.<\/p>\n<\/li>\n<li data-start=\"3079\" data-end=\"3140\">\n<p data-start=\"3081\" data-end=\"3140\"><strong data-start=\"3081\" data-end=\"3140\">Ritiro da Salonicco, Aeroporto o dal tuo alloggio.<\/strong><\/p>\n<\/li>\n<li data-start=\"3141\" data-end=\"3186\">\n<p data-start=\"3143\" data-end=\"3186\"><strong data-start=\"3143\" data-end=\"3186\">Prezzi trasparenti, senza costi nascosti.<\/strong><\/p>\n<\/li>\n<li data-start=\"3187\" data-end=\"3268\">\n<p data-start=\"3189\" data-end=\"3268\"><strong data-start=\"3189\" data-end=\"3268\">Pacchetti flessibili con GPS, seggiolini per bambini, assicurazione completa o secondo conducente.<\/strong><\/p>\n<\/li>\n<li data-start=\"3269\" data-end=\"3325\">\n<p data-start=\"3271\" data-end=\"3325\"><strong data-start=\"3271\" data-end=\"3290\">Assistenza 24\/7<\/strong> per tutta la durata del noleggio.<\/p>\n<\/li>\n<\/ul>\n<p data-start=\"3327\" data-end=\"3582\">Con un\u2019auto a noleggio da <a href=\"https:\/\/www.i-rentacar.com\">i-rentacar<\/a>, crei il tuo programma, con assoluta comodit\u00e0 e flessibilit\u00e0. Che tu voglia fare escursioni di un giorno o vacanze di pi\u00f9 giorni, hai il mezzo ideale per esplorare ogni angolo della Calcidica.<\/p>\n<h3 style=\"text-align: center;\" data-start=\"3584\" data-end=\"3622\">L\u2019Estate Inizia con una Chiave<\/h3>\n<p data-start=\"3624\" data-end=\"3978\">Se vuoi vivere la Calcidica come merita, allora ti serve la tua auto. Non lasciare nulla al caso. Affidati a i-rentacar e prenota in modo facile, veloce ed economico. Visita il sito <a class=\"\" href=\"https:\/\/www.i-rentacar.com\" target=\"_new\" rel=\"noopener\" data-start=\"3826\" data-end=\"3874\">www.i-rentacar.com<\/a>, scegli il tuo veicolo e preparati per un\u2019estate indimenticabile, piena di mare, esperienze e libert\u00e0.<\/p>\n<p data-start=\"3980\" data-end=\"4058\"><strong data-start=\"3980\" data-end=\"4058\">La Calcidica ti aspetta \u2013 e <a href=\"https:\/\/www.i-rentacar.com\">i-rentacar<\/a> \u00e8 qui per portarti l\u00ec.<\/strong><\/p>\n<\/div><div class=\"fusion-image-element \" style=\"text-align:center;--awb-caption-title-font-family:var(--h2_typography-font-family);--awb-caption-title-font-weight:var(--h2_typography-font-weight);--awb-caption-title-font-style:var(--h2_typography-font-style);--awb-caption-title-size:var(--h2_typography-font-size);--awb-caption-title-transform:var(--h2_typography-text-transform);--awb-caption-title-line-height:var(--h2_typography-line-height);--awb-caption-title-letter-spacing:var(--h2_typography-letter-spacing);\"><span class=\" fusion-imageframe imageframe-none imageframe-3 hover-type-none\"><img decoding=\"async\" width=\"1200\" height=\"600\" alt=\"\u039a\u03b1\u03c3\u03c3\u03ac\u03bd\u03b4\u03c1\u03b1 \u03a7\u03b1\u03bb\u03ba\u03b9\u03b4\u03b9\u03ba\u03ae\" title=\"\u03ba\u03848\" src=\"https:\/\/www.i-rentacar.com\/wp-content\/uploads\/2025\/05\/\u03ba\u03848.jpg\" data-orig-src=\"https:\/\/www.i-rentacar.com\/wp-content\/uploads\/2025\/05\/\u03ba\u03848.jpg\" class=\"lazyload img-responsive wp-image-9864\" srcset=\"data:image\/svg+xml,%3Csvg%20xmlns%3D%27http%3A%2F%2Fwww.w3.org%2F2000%2Fsvg%27%20width%3D%271200%27%20height%3D%27600%27%20viewBox%3D%270%200%201200%20600%27%3E%3Crect%20width%3D%271200%27%20height%3D%27600%27%20fill-opacity%3D%220%22%2F%3E%3C%2Fsvg%3E\" data-srcset=\"https:\/\/www.i-rentacar.com\/wp-content\/uploads\/2025\/05\/\u03ba\u03848-200x100.jpg 200w, https:\/\/www.i-rentacar.com\/wp-content\/uploads\/2025\/05\/\u03ba\u03848-400x200.jpg 400w, https:\/\/www.i-rentacar.com\/wp-content\/uploads\/2025\/05\/\u03ba\u03848-600x300.jpg 600w, https:\/\/www.i-rentacar.com\/wp-content\/uploads\/2025\/05\/\u03ba\u03848-800x400.jpg 800w, https:\/\/www.i-rentacar.com\/wp-content\/uploads\/2025\/05\/\u03ba\u03848.jpg 1200w\" data-sizes=\"auto\" data-orig-sizes=\"(max-width: 640px) 100vw, 1200px\" \/><\/span><\/div><\/div><\/div><\/div><\/div>\n","protected":false},"excerpt":{"rendered":"","protected":false},"author":1,"featured_media":0,"parent":0,"menu_order":0,"comment_status":"closed","ping_status":"closed","template":"100-width.php","meta":{"footnotes":""},"class_list":["post-9990","page","type-page","status-publish","hentry"],"yoast_head":"<!-- This site is optimized with the Yoast SEO plugin v27.0 - https:\/\/yoast.com\/product\/yoast-seo-wordpress\/ -->\n<title>Noleggio auto per Kassandra Calcidica | i-rentacar.com<\/title>\n<meta name=\"robots\" content=\"index, follow, max-snippet:-1, max-image-preview:large, max-video-preview:-1\" \/>\n<link rel=\"canonical\" href=\"https:\/\/www.i-rentacar.com\/it\/noleggio-auto-per-kassandra-calcidica\/\" \/>\n<meta property=\"og:locale\" content=\"it_IT\" \/>\n<meta property=\"og:type\" content=\"article\" \/>\n<meta property=\"og:title\" content=\"Noleggio auto per Kassandra Calcidica | i-rentacar.com\" \/>\n<meta property=\"og:url\" content=\"https:\/\/www.i-rentacar.com\/it\/noleggio-auto-per-kassandra-calcidica\/\" \/>\n<meta property=\"og:site_name\" content=\"i-rentacar.com\" \/>\n<meta property=\"article:modified_time\" content=\"2025-06-01T10:29:23+00:00\" \/>\n<meta name=\"twitter:card\" content=\"summary_large_image\" \/>\n<meta name=\"twitter:label1\" content=\"Tempo di lettura stimato\" \/>\n\t<meta name=\"twitter:data1\" content=\"13 minuti\" \/>\n<script type=\"application\/ld+json\" class=\"yoast-schema-graph\">{\"@context\":\"https:\/\/schema.org\",\"@graph\":[{\"@type\":\"WebPage\",\"@id\":\"https:\/\/www.i-rentacar.com\/it\/noleggio-auto-per-kassandra-calcidica\/\",\"url\":\"https:\/\/www.i-rentacar.com\/it\/noleggio-auto-per-kassandra-calcidica\/\",\"name\":\"Noleggio auto per Kassandra Calcidica | i-rentacar.com\",\"isPartOf\":{\"@id\":\"https:\/\/www.i-rentacar.com\/it\/#website\"},\"datePublished\":\"2025-05-31T14:36:34+00:00\",\"dateModified\":\"2025-06-01T10:29:23+00:00\",\"breadcrumb\":{\"@id\":\"https:\/\/www.i-rentacar.com\/it\/noleggio-auto-per-kassandra-calcidica\/#breadcrumb\"},\"inLanguage\":\"it-IT\",\"potentialAction\":[{\"@type\":\"ReadAction\",\"target\":[\"https:\/\/www.i-rentacar.com\/it\/noleggio-auto-per-kassandra-calcidica\/\"]}]},{\"@type\":\"BreadcrumbList\",\"@id\":\"https:\/\/www.i-rentacar.com\/it\/noleggio-auto-per-kassandra-calcidica\/#breadcrumb\",\"itemListElement\":[{\"@type\":\"ListItem\",\"position\":1,\"name\":\"Home\",\"item\":\"https:\/\/www.i-rentacar.com\/it\/\"},{\"@type\":\"ListItem\",\"position\":2,\"name\":\"Noleggio auto per Kassandra Calcidica\"}]},{\"@type\":\"WebSite\",\"@id\":\"https:\/\/www.i-rentacar.com\/it\/#website\",\"url\":\"https:\/\/www.i-rentacar.com\/it\/\",\"name\":\"i-rentacar.com\",\"description\":\"\u0395\u03bd\u03bf\u03b9\u03ba\u03b9\u03ac\u03c3\u03b5\u03b9\u03c2 \u0391\u03c5\u03c4\u03bf\u03ba\u03b9\u03bd\u03ae\u03c4\u03c9\u03bd \u0398\u03b5\u03c3\u03c3\u03b1\u03bb\u03bf\u03bd\u03af\u03ba\u03b7 minivan suv \u03b1\u03b5\u03c1\u03bf\u03b4\u03c1\u03cc\u03bc\u03b9\u03bf \u0398\u03b5\u03c3\u03c3\u03b1\u03bb\u03bf\u03bd\u03af\u03ba\u03b7, \u03b5\u03bd\u03bf\u03b9\u03ba\u03b9\u03ac\u03c3\u03b5\u03b9\u03c2 van \u0398\u03b5\u03c3\u03c3\u03b1\u03bb\u03bf\u03bd\u03af\u03ba\u03b7 \u03a7\u03b1\u03bb\u03ba\u03b9\u03b4\u03b9\u03ba\u03ae, rent a car Thessaloniki airport skg\",\"publisher\":{\"@id\":\"https:\/\/www.i-rentacar.com\/it\/#organization\"},\"potentialAction\":[{\"@type\":\"SearchAction\",\"target\":{\"@type\":\"EntryPoint\",\"urlTemplate\":\"https:\/\/www.i-rentacar.com\/it\/?s={search_term_string}\"},\"query-input\":{\"@type\":\"PropertyValueSpecification\",\"valueRequired\":true,\"valueName\":\"search_term_string\"}}],\"inLanguage\":\"it-IT\"},{\"@type\":\"Organization\",\"@id\":\"https:\/\/www.i-rentacar.com\/it\/#organization\",\"name\":\"i-rentacar.com\",\"url\":\"https:\/\/www.i-rentacar.com\/it\/\",\"logo\":{\"@type\":\"ImageObject\",\"inLanguage\":\"it-IT\",\"@id\":\"https:\/\/www.i-rentacar.com\/it\/#\/schema\/logo\/image\/\",\"url\":\"https:\/\/www.i-rentacar.com\/wp-content\/uploads\/2021\/08\/logo-i-rentacar-com-3.png\",\"contentUrl\":\"https:\/\/www.i-rentacar.com\/wp-content\/uploads\/2021\/08\/logo-i-rentacar-com-3.png\",\"width\":383,\"height\":150,\"caption\":\"i-rentacar.com\"},\"image\":{\"@id\":\"https:\/\/www.i-rentacar.com\/it\/#\/schema\/logo\/image\/\"}}]}<\/script>\n<!-- \/ Yoast SEO plugin. -->","yoast_head_json":{"title":"Noleggio auto per Kassandra Calcidica | i-rentacar.com","robots":{"index":"index","follow":"follow","max-snippet":"max-snippet:-1","max-image-preview":"max-image-preview:large","max-video-preview":"max-video-preview:-1"},"canonical":"https:\/\/www.i-rentacar.com\/it\/noleggio-auto-per-kassandra-calcidica\/","og_locale":"it_IT","og_type":"article","og_title":"Noleggio auto per Kassandra Calcidica | i-rentacar.com","og_url":"https:\/\/www.i-rentacar.com\/it\/noleggio-auto-per-kassandra-calcidica\/","og_site_name":"i-rentacar.com","article_modified_time":"2025-06-01T10:29:23+00:00","twitter_card":"summary_large_image","twitter_misc":{"Tempo di lettura stimato":"13 minuti"},"schema":{"@context":"https:\/\/schema.org","@graph":[{"@type":"WebPage","@id":"https:\/\/www.i-rentacar.com\/it\/noleggio-auto-per-kassandra-calcidica\/","url":"https:\/\/www.i-rentacar.com\/it\/noleggio-auto-per-kassandra-calcidica\/","name":"Noleggio auto per Kassandra Calcidica | i-rentacar.com","isPartOf":{"@id":"https:\/\/www.i-rentacar.com\/it\/#website"},"datePublished":"2025-05-31T14:36:34+00:00","dateModified":"2025-06-01T10:29:23+00:00","breadcrumb":{"@id":"https:\/\/www.i-rentacar.com\/it\/noleggio-auto-per-kassandra-calcidica\/#breadcrumb"},"inLanguage":"it-IT","potentialAction":[{"@type":"ReadAction","target":["https:\/\/www.i-rentacar.com\/it\/noleggio-auto-per-kassandra-calcidica\/"]}]},{"@type":"BreadcrumbList","@id":"https:\/\/www.i-rentacar.com\/it\/noleggio-auto-per-kassandra-calcidica\/#breadcrumb","itemListElement":[{"@type":"ListItem","position":1,"name":"Home","item":"https:\/\/www.i-rentacar.com\/it\/"},{"@type":"ListItem","position":2,"name":"Noleggio auto per Kassandra Calcidica"}]},{"@type":"WebSite","@id":"https:\/\/www.i-rentacar.com\/it\/#website","url":"https:\/\/www.i-rentacar.com\/it\/","name":"i-rentacar.com","description":"\u0395\u03bd\u03bf\u03b9\u03ba\u03b9\u03ac\u03c3\u03b5\u03b9\u03c2 \u0391\u03c5\u03c4\u03bf\u03ba\u03b9\u03bd\u03ae\u03c4\u03c9\u03bd \u0398\u03b5\u03c3\u03c3\u03b1\u03bb\u03bf\u03bd\u03af\u03ba\u03b7 minivan suv \u03b1\u03b5\u03c1\u03bf\u03b4\u03c1\u03cc\u03bc\u03b9\u03bf \u0398\u03b5\u03c3\u03c3\u03b1\u03bb\u03bf\u03bd\u03af\u03ba\u03b7, \u03b5\u03bd\u03bf\u03b9\u03ba\u03b9\u03ac\u03c3\u03b5\u03b9\u03c2 van \u0398\u03b5\u03c3\u03c3\u03b1\u03bb\u03bf\u03bd\u03af\u03ba\u03b7 \u03a7\u03b1\u03bb\u03ba\u03b9\u03b4\u03b9\u03ba\u03ae, rent a car Thessaloniki airport skg","publisher":{"@id":"https:\/\/www.i-rentacar.com\/it\/#organization"},"potentialAction":[{"@type":"SearchAction","target":{"@type":"EntryPoint","urlTemplate":"https:\/\/www.i-rentacar.com\/it\/?s={search_term_string}"},"query-input":{"@type":"PropertyValueSpecification","valueRequired":true,"valueName":"search_term_string"}}],"inLanguage":"it-IT"},{"@type":"Organization","@id":"https:\/\/www.i-rentacar.com\/it\/#organization","name":"i-rentacar.com","url":"https:\/\/www.i-rentacar.com\/it\/","logo":{"@type":"ImageObject","inLanguage":"it-IT","@id":"https:\/\/www.i-rentacar.com\/it\/#\/schema\/logo\/image\/","url":"https:\/\/www.i-rentacar.com\/wp-content\/uploads\/2021\/08\/logo-i-rentacar-com-3.png","contentUrl":"https:\/\/www.i-rentacar.com\/wp-content\/uploads\/2021\/08\/logo-i-rentacar-com-3.png","width":383,"height":150,"caption":"i-rentacar.com"},"image":{"@id":"https:\/\/www.i-rentacar.com\/it\/#\/schema\/logo\/image\/"}}]}},"_links":{"self":[{"href":"https:\/\/www.i-rentacar.com\/it\/wp-json\/wp\/v2\/pages\/9990","targetHints":{"allow":["GET"]}}],"collection":[{"href":"https:\/\/www.i-rentacar.com\/it\/wp-json\/wp\/v2\/pages"}],"about":[{"href":"https:\/\/www.i-rentacar.com\/it\/wp-json\/wp\/v2\/types\/page"}],"author":[{"embeddable":true,"href":"https:\/\/www.i-rentacar.com\/it\/wp-json\/wp\/v2\/users\/1"}],"replies":[{"embeddable":true,"href":"https:\/\/www.i-rentacar.com\/it\/wp-json\/wp\/v2\/comments?post=9990"}],"version-history":[{"count":2,"href":"https:\/\/www.i-rentacar.com\/it\/wp-json\/wp\/v2\/pages\/9990\/revisions"}],"predecessor-version":[{"id":10071,"href":"https:\/\/www.i-rentacar.com\/it\/wp-json\/wp\/v2\/pages\/9990\/revisions\/10071"}],"wp:attachment":[{"href":"https:\/\/www.i-rentacar.com\/it\/wp-json\/wp\/v2\/media?parent=9990"}],"curies":[{"name":"wp","href":"https:\/\/api.w.org\/{rel}","templated":true}]}}