{"id":9518,"date":"2025-01-18T16:15:57","date_gmt":"2025-01-18T14:15:57","guid":{"rendered":"https:\/\/www.i-rentacar.com\/?page_id=9518"},"modified":"2025-02-01T15:26:04","modified_gmt":"2025-02-01T13:26:04","slug":"autonoleggio-kavala","status":"publish","type":"page","link":"https:\/\/www.i-rentacar.com\/it\/autonoleggio-kavala\/","title":{"rendered":"Autonoleggio Kavala"},"content":{"rendered":"<div class=\"fusion-fullwidth fullwidth-box fusion-builder-row-1 fusion-flex-container has-pattern-background has-mask-background nonhundred-percent-fullwidth non-hundred-percent-height-scrolling\" style=\"--awb-border-radius-top-left:0px;--awb-border-radius-top-right:0px;--awb-border-radius-bottom-right:0px;--awb-border-radius-bottom-left:0px;--awb-flex-wrap:wrap;\" ><div class=\"fusion-builder-row fusion-row fusion-flex-align-items-flex-start fusion-flex-content-wrap\" style=\"max-width:1300px;margin-left: calc(-4% \/ 2 );margin-right: calc(-4% \/ 2 );\"><div class=\"fusion-layout-column fusion_builder_column fusion-builder-column-0 fusion_builder_column_1_1 1_1 fusion-flex-column\" style=\"--awb-bg-size:cover;--awb-width-large:100%;--awb-margin-top-large:0px;--awb-spacing-right-large:1.92%;--awb-margin-bottom-large:20px;--awb-spacing-left-large:1.92%;--awb-width-medium:100%;--awb-order-medium:0;--awb-spacing-right-medium:1.92%;--awb-spacing-left-medium:1.92%;--awb-width-small:100%;--awb-order-small:0;--awb-spacing-right-small:1.92%;--awb-spacing-left-small:1.92%;\"><div class=\"fusion-column-wrapper fusion-column-has-shadow fusion-flex-justify-content-flex-start fusion-content-layout-column\"><div class=\"fusion-image-element \" style=\"text-align:center;--awb-caption-title-font-family:var(--h2_typography-font-family);--awb-caption-title-font-weight:var(--h2_typography-font-weight);--awb-caption-title-font-style:var(--h2_typography-font-style);--awb-caption-title-size:var(--h2_typography-font-size);--awb-caption-title-transform:var(--h2_typography-text-transform);--awb-caption-title-line-height:var(--h2_typography-line-height);--awb-caption-title-letter-spacing:var(--h2_typography-letter-spacing);\"><span class=\" fusion-imageframe imageframe-none imageframe-1 hover-type-none\"><img decoding=\"async\" width=\"1200\" height=\"600\" alt=\"\u0395\u03bd\u03bf\u03b9\u03ba\u03af\u03b1\u03c3\u03b7 \u03b1\u03c5\u03c4\u03bf\u03ba\u03b9\u03bd\u03ae\u03c4\u03bf\u03c5 \u039a\u03b1\u03b2\u03ac\u03bb\u03b1\" title=\"\u039a\u03b1\u03b2\u03ac\u03bb\u03b1\" src=\"data:image\/svg+xml,%3Csvg%20xmlns%3D%27http%3A%2F%2Fwww.w3.org%2F2000%2Fsvg%27%20width%3D%271200%27%20height%3D%27600%27%20viewBox%3D%270%200%201200%20600%27%3E%3Crect%20width%3D%271200%27%20height%3D%27600%27%20fill-opacity%3D%220%22%2F%3E%3C%2Fsvg%3E\" data-orig-src=\"https:\/\/www.i-rentacar.com\/wp-content\/uploads\/2025\/01\/\u039a\u03b1\u03b2\u03b1\u03bb\u03b1.jpg\" class=\"lazyload img-responsive wp-image-9266\"\/><\/span><\/div><div class=\"fusion-text fusion-text-1\"><h1 style=\"text-align: center;\" data-pm-slice=\"1 1 &#091;&#093;\"><strong>Noleggio Auto e Visita a Kavala<\/strong><\/h1>\n<p><strong>Kavala<\/strong>, la &#8220;Citt\u00e0 Blu&#8221; della Macedonia, \u00e8 una delle destinazioni pi\u00f9 impressionanti della Grecia settentrionale. Con la sua ricca storia, le splendide spiagge e il paesaggio costiero affascinante, Kavala offre esperienze indimenticabili a ogni visitatore. <strong>Il noleggio auto a Kavala<\/strong> con <strong>i-rentacar<\/strong> \u00e8 la scelta ideale per esplorare la citt\u00e0 e le sue aree circostanti con comfort e libert\u00e0.<\/p>\n<h3 style=\"text-align: center;\"><strong>Percorso per Kavala<\/strong><\/h3>\n<p>Kavala si trova a circa <strong>160 chilometri da Salonicco<\/strong>, e il viaggio dura circa <strong>1 ora e 45 minuti<\/strong>. Il percorso attraverso la <strong>Egnatia Odos<\/strong> \u00e8 comodo e veloce, e con <strong>noleggio auto da i-rentacar<\/strong>, puoi fare delle fermate nei pittoreschi villaggi e nelle attrazioni lungo il cammino.<\/p>\n<h3 style=\"text-align: center;\"><strong>Perch\u00e9 Scegliere il Noleggio Auto a Kavala<\/strong><\/h3>\n<ol start=\"1\" data-spread=\"false\">\n<li><strong>Comfort e Comodit\u00e0<\/strong>: Viaggia senza la necessit\u00e0 di mezzi pubblici.<\/li>\n<li><strong>Esplora la Zona<\/strong>: Scopri destinazioni vicine come <strong>Thasos<\/strong>, <strong>Filippi<\/strong>, e le <strong>Terme di Eleftheres<\/strong>.<\/li>\n<li><strong>Perfetto per Famiglie e Gruppi<\/strong>: Un&#8217;auto ti d\u00e0 la libert\u00e0 di goderti il viaggio senza restrizioni.<\/li>\n<li><strong>Accesso a Spiagge Uniche<\/strong>: Visita le splendide spiagge di Kavala, come <strong>Ammoglossa Keramoti<\/strong>, <strong>Rapsani<\/strong>, e <strong>Bati<\/strong>.<\/li>\n<\/ol>\n<\/div><div class=\"fusion-image-element \" style=\"text-align:center;--awb-caption-title-font-family:var(--h2_typography-font-family);--awb-caption-title-font-weight:var(--h2_typography-font-weight);--awb-caption-title-font-style:var(--h2_typography-font-style);--awb-caption-title-size:var(--h2_typography-font-size);--awb-caption-title-transform:var(--h2_typography-text-transform);--awb-caption-title-line-height:var(--h2_typography-line-height);--awb-caption-title-letter-spacing:var(--h2_typography-letter-spacing);\"><span class=\" fusion-imageframe imageframe-none imageframe-2 hover-type-none\"><img decoding=\"async\" width=\"1200\" height=\"600\" alt=\"\u0395\u03bd\u03bf\u03b9\u03ba\u03af\u03b1\u03c3\u03b7 \u03b1\u03c5\u03c4\u03bf\u03ba\u03b9\u03bd\u03ae\u03c4\u03bf\u03c5 \u039a\u03b1\u03b2\u03ac\u03bb\u03b1\" title=\"111\" src=\"https:\/\/www.i-rentacar.com\/wp-content\/uploads\/2025\/01\/111.jpg\" data-orig-src=\"https:\/\/www.i-rentacar.com\/wp-content\/uploads\/2025\/01\/111.jpg\" class=\"lazyload img-responsive wp-image-9271\" srcset=\"data:image\/svg+xml,%3Csvg%20xmlns%3D%27http%3A%2F%2Fwww.w3.org%2F2000%2Fsvg%27%20width%3D%271200%27%20height%3D%27600%27%20viewBox%3D%270%200%201200%20600%27%3E%3Crect%20width%3D%271200%27%20height%3D%27600%27%20fill-opacity%3D%220%22%2F%3E%3C%2Fsvg%3E\" data-srcset=\"https:\/\/www.i-rentacar.com\/wp-content\/uploads\/2025\/01\/111-200x100.jpg 200w, https:\/\/www.i-rentacar.com\/wp-content\/uploads\/2025\/01\/111-400x200.jpg 400w, https:\/\/www.i-rentacar.com\/wp-content\/uploads\/2025\/01\/111-600x300.jpg 600w, https:\/\/www.i-rentacar.com\/wp-content\/uploads\/2025\/01\/111-800x400.jpg 800w, https:\/\/www.i-rentacar.com\/wp-content\/uploads\/2025\/01\/111.jpg 1200w\" data-sizes=\"auto\" data-orig-sizes=\"(max-width: 640px) 100vw, 1200px\" \/><\/span><\/div><div class=\"fusion-text fusion-text-2\"><h3 style=\"text-align: center;\"><strong>Cosa Vedere a Kavala<\/strong><\/h3>\n<p>Kavala combina storia, cultura e bellezza naturale:<\/p>\n<ul data-spread=\"false\">\n<li><strong>Vecchio Acquedotto (Kamares)<\/strong>: Il monumento imponente della citt\u00e0, costruito dagli Ottomani.<\/li>\n<li><strong>Fortezza di Kavala<\/strong>: Goditi una vista panoramica della citt\u00e0 e del mare.<\/li>\n<li><strong>Sito Archeologico di Filippi<\/strong>: Una delle citt\u00e0 antiche pi\u00f9 importanti della Grecia, dichiarata Patrimonio dell&#8217;Umanit\u00e0 dall&#8217;UNESCO.<\/li>\n<li><strong>Sentiero di Panagia<\/strong>: Un bellissimo percorso attraverso il centro storico, ricco di colore e storia.<\/li>\n<\/ul>\n<h3 style=\"text-align: center;\"><strong>Consigli per Cibo e Tempo Libero<\/strong><\/h3>\n<p>A Kavala troverai ottime taverne e ristoranti dove potrai assaporare <strong>frutti di mare freschi, acciughe marinate, sardine grigliate e tsipouro locale<\/strong>. Sulla spiaggia, ci sono caff\u00e8 e bar alla moda dove potrai goderti un caff\u00e8 o una bevanda con vista sull&#8217;Egeo.<\/p>\n<h3 style=\"text-align: center;\"><strong>Consigli per il Noleggio Auto<\/strong><\/h3>\n<ul data-spread=\"false\">\n<li><strong>Prenota in Anticipo<\/strong>: Specialmente se visiti Kavala in estate.<\/li>\n<li><strong>Scegli il Veicolo Giusto<\/strong>: Se hai intenzione di visitare montagne vicine o spiagge remote, un SUV \u00e8 la scelta migliore.<\/li>\n<li><strong>Verifica la Politica del Carburante<\/strong>: La maggior parte delle compagnie consegna l&#8217;auto con il serbatoio pieno.<\/li>\n<\/ul>\n<h3 style=\"text-align: center;\"><strong>Conclusione<\/strong><\/h3>\n<p><strong>Il noleggio auto a Kavala<\/strong> con <strong>i-rentacar<\/strong> ti permette di scoprire ogni angolo della citt\u00e0 e delle sue aree circostanti con comfort e sicurezza. Pianifica il tuo viaggio, scegli il veicolo ideale e goditi un&#8217;esperienza unica a Kavala!<\/p>\n<\/div><\/div><\/div><\/div><\/div>\n","protected":false},"excerpt":{"rendered":"","protected":false},"author":1,"featured_media":0,"parent":0,"menu_order":0,"comment_status":"closed","ping_status":"closed","template":"100-width.php","meta":{"footnotes":""},"class_list":["post-9518","page","type-page","status-publish","hentry"],"yoast_head":"<!-- This site is optimized with the Yoast SEO plugin v27.0 - https:\/\/yoast.com\/product\/yoast-seo-wordpress\/ -->\n<title>Autonoleggio Kavala | i-rentacar.com<\/title>\n<meta name=\"description\" content=\"Autonoleggio Kavala\" \/>\n<meta name=\"robots\" content=\"index, follow, max-snippet:-1, max-image-preview:large, max-video-preview:-1\" \/>\n<link rel=\"canonical\" href=\"https:\/\/www.i-rentacar.com\/it\/autonoleggio-kavala\/\" \/>\n<meta property=\"og:locale\" content=\"it_IT\" \/>\n<meta property=\"og:type\" content=\"article\" \/>\n<meta property=\"og:title\" content=\"Autonoleggio Kavala | i-rentacar.com\" \/>\n<meta property=\"og:description\" content=\"Autonoleggio Kavala\" \/>\n<meta property=\"og:url\" content=\"https:\/\/www.i-rentacar.com\/it\/autonoleggio-kavala\/\" \/>\n<meta property=\"og:site_name\" content=\"i-rentacar.com\" \/>\n<meta property=\"article:modified_time\" content=\"2025-02-01T13:26:04+00:00\" \/>\n<meta name=\"twitter:card\" content=\"summary_large_image\" \/>\n<meta name=\"twitter:label1\" content=\"Tempo di lettura stimato\" \/>\n\t<meta name=\"twitter:data1\" content=\"10 minuti\" \/>\n<script type=\"application\/ld+json\" class=\"yoast-schema-graph\">{\"@context\":\"https:\/\/schema.org\",\"@graph\":[{\"@type\":\"WebPage\",\"@id\":\"https:\/\/www.i-rentacar.com\/it\/autonoleggio-kavala\/\",\"url\":\"https:\/\/www.i-rentacar.com\/it\/autonoleggio-kavala\/\",\"name\":\"Autonoleggio Kavala | i-rentacar.com\",\"isPartOf\":{\"@id\":\"https:\/\/www.i-rentacar.com\/it\/#website\"},\"datePublished\":\"2025-01-18T14:15:57+00:00\",\"dateModified\":\"2025-02-01T13:26:04+00:00\",\"description\":\"Autonoleggio Kavala\",\"breadcrumb\":{\"@id\":\"https:\/\/www.i-rentacar.com\/it\/autonoleggio-kavala\/#breadcrumb\"},\"inLanguage\":\"it-IT\",\"potentialAction\":[{\"@type\":\"ReadAction\",\"target\":[\"https:\/\/www.i-rentacar.com\/it\/autonoleggio-kavala\/\"]}]},{\"@type\":\"BreadcrumbList\",\"@id\":\"https:\/\/www.i-rentacar.com\/it\/autonoleggio-kavala\/#breadcrumb\",\"itemListElement\":[{\"@type\":\"ListItem\",\"position\":1,\"name\":\"Home\",\"item\":\"https:\/\/www.i-rentacar.com\/it\/\"},{\"@type\":\"ListItem\",\"position\":2,\"name\":\"Autonoleggio Kavala\"}]},{\"@type\":\"WebSite\",\"@id\":\"https:\/\/www.i-rentacar.com\/it\/#website\",\"url\":\"https:\/\/www.i-rentacar.com\/it\/\",\"name\":\"i-rentacar.com\",\"description\":\"\u0395\u03bd\u03bf\u03b9\u03ba\u03b9\u03ac\u03c3\u03b5\u03b9\u03c2 \u0391\u03c5\u03c4\u03bf\u03ba\u03b9\u03bd\u03ae\u03c4\u03c9\u03bd \u0398\u03b5\u03c3\u03c3\u03b1\u03bb\u03bf\u03bd\u03af\u03ba\u03b7 minivan suv \u03b1\u03b5\u03c1\u03bf\u03b4\u03c1\u03cc\u03bc\u03b9\u03bf \u0398\u03b5\u03c3\u03c3\u03b1\u03bb\u03bf\u03bd\u03af\u03ba\u03b7, \u03b5\u03bd\u03bf\u03b9\u03ba\u03b9\u03ac\u03c3\u03b5\u03b9\u03c2 van \u0398\u03b5\u03c3\u03c3\u03b1\u03bb\u03bf\u03bd\u03af\u03ba\u03b7 \u03a7\u03b1\u03bb\u03ba\u03b9\u03b4\u03b9\u03ba\u03ae, rent a car Thessaloniki airport skg\",\"publisher\":{\"@id\":\"https:\/\/www.i-rentacar.com\/it\/#organization\"},\"potentialAction\":[{\"@type\":\"SearchAction\",\"target\":{\"@type\":\"EntryPoint\",\"urlTemplate\":\"https:\/\/www.i-rentacar.com\/it\/?s={search_term_string}\"},\"query-input\":{\"@type\":\"PropertyValueSpecification\",\"valueRequired\":true,\"valueName\":\"search_term_string\"}}],\"inLanguage\":\"it-IT\"},{\"@type\":\"Organization\",\"@id\":\"https:\/\/www.i-rentacar.com\/it\/#organization\",\"name\":\"i-rentacar.com\",\"url\":\"https:\/\/www.i-rentacar.com\/it\/\",\"logo\":{\"@type\":\"ImageObject\",\"inLanguage\":\"it-IT\",\"@id\":\"https:\/\/www.i-rentacar.com\/it\/#\/schema\/logo\/image\/\",\"url\":\"https:\/\/www.i-rentacar.com\/wp-content\/uploads\/2021\/08\/logo-i-rentacar-com-3.png\",\"contentUrl\":\"https:\/\/www.i-rentacar.com\/wp-content\/uploads\/2021\/08\/logo-i-rentacar-com-3.png\",\"width\":383,\"height\":150,\"caption\":\"i-rentacar.com\"},\"image\":{\"@id\":\"https:\/\/www.i-rentacar.com\/it\/#\/schema\/logo\/image\/\"}}]}<\/script>\n<!-- \/ Yoast SEO plugin. -->","yoast_head_json":{"title":"Autonoleggio Kavala | i-rentacar.com","description":"Autonoleggio Kavala","robots":{"index":"index","follow":"follow","max-snippet":"max-snippet:-1","max-image-preview":"max-image-preview:large","max-video-preview":"max-video-preview:-1"},"canonical":"https:\/\/www.i-rentacar.com\/it\/autonoleggio-kavala\/","og_locale":"it_IT","og_type":"article","og_title":"Autonoleggio Kavala | i-rentacar.com","og_description":"Autonoleggio Kavala","og_url":"https:\/\/www.i-rentacar.com\/it\/autonoleggio-kavala\/","og_site_name":"i-rentacar.com","article_modified_time":"2025-02-01T13:26:04+00:00","twitter_card":"summary_large_image","twitter_misc":{"Tempo di lettura stimato":"10 minuti"},"schema":{"@context":"https:\/\/schema.org","@graph":[{"@type":"WebPage","@id":"https:\/\/www.i-rentacar.com\/it\/autonoleggio-kavala\/","url":"https:\/\/www.i-rentacar.com\/it\/autonoleggio-kavala\/","name":"Autonoleggio Kavala | i-rentacar.com","isPartOf":{"@id":"https:\/\/www.i-rentacar.com\/it\/#website"},"datePublished":"2025-01-18T14:15:57+00:00","dateModified":"2025-02-01T13:26:04+00:00","description":"Autonoleggio Kavala","breadcrumb":{"@id":"https:\/\/www.i-rentacar.com\/it\/autonoleggio-kavala\/#breadcrumb"},"inLanguage":"it-IT","potentialAction":[{"@type":"ReadAction","target":["https:\/\/www.i-rentacar.com\/it\/autonoleggio-kavala\/"]}]},{"@type":"BreadcrumbList","@id":"https:\/\/www.i-rentacar.com\/it\/autonoleggio-kavala\/#breadcrumb","itemListElement":[{"@type":"ListItem","position":1,"name":"Home","item":"https:\/\/www.i-rentacar.com\/it\/"},{"@type":"ListItem","position":2,"name":"Autonoleggio Kavala"}]},{"@type":"WebSite","@id":"https:\/\/www.i-rentacar.com\/it\/#website","url":"https:\/\/www.i-rentacar.com\/it\/","name":"i-rentacar.com","description":"\u0395\u03bd\u03bf\u03b9\u03ba\u03b9\u03ac\u03c3\u03b5\u03b9\u03c2 \u0391\u03c5\u03c4\u03bf\u03ba\u03b9\u03bd\u03ae\u03c4\u03c9\u03bd \u0398\u03b5\u03c3\u03c3\u03b1\u03bb\u03bf\u03bd\u03af\u03ba\u03b7 minivan suv \u03b1\u03b5\u03c1\u03bf\u03b4\u03c1\u03cc\u03bc\u03b9\u03bf \u0398\u03b5\u03c3\u03c3\u03b1\u03bb\u03bf\u03bd\u03af\u03ba\u03b7, \u03b5\u03bd\u03bf\u03b9\u03ba\u03b9\u03ac\u03c3\u03b5\u03b9\u03c2 van \u0398\u03b5\u03c3\u03c3\u03b1\u03bb\u03bf\u03bd\u03af\u03ba\u03b7 \u03a7\u03b1\u03bb\u03ba\u03b9\u03b4\u03b9\u03ba\u03ae, rent a car Thessaloniki airport skg","publisher":{"@id":"https:\/\/www.i-rentacar.com\/it\/#organization"},"potentialAction":[{"@type":"SearchAction","target":{"@type":"EntryPoint","urlTemplate":"https:\/\/www.i-rentacar.com\/it\/?s={search_term_string}"},"query-input":{"@type":"PropertyValueSpecification","valueRequired":true,"valueName":"search_term_string"}}],"inLanguage":"it-IT"},{"@type":"Organization","@id":"https:\/\/www.i-rentacar.com\/it\/#organization","name":"i-rentacar.com","url":"https:\/\/www.i-rentacar.com\/it\/","logo":{"@type":"ImageObject","inLanguage":"it-IT","@id":"https:\/\/www.i-rentacar.com\/it\/#\/schema\/logo\/image\/","url":"https:\/\/www.i-rentacar.com\/wp-content\/uploads\/2021\/08\/logo-i-rentacar-com-3.png","contentUrl":"https:\/\/www.i-rentacar.com\/wp-content\/uploads\/2021\/08\/logo-i-rentacar-com-3.png","width":383,"height":150,"caption":"i-rentacar.com"},"image":{"@id":"https:\/\/www.i-rentacar.com\/it\/#\/schema\/logo\/image\/"}}]}},"_links":{"self":[{"href":"https:\/\/www.i-rentacar.com\/it\/wp-json\/wp\/v2\/pages\/9518","targetHints":{"allow":["GET"]}}],"collection":[{"href":"https:\/\/www.i-rentacar.com\/it\/wp-json\/wp\/v2\/pages"}],"about":[{"href":"https:\/\/www.i-rentacar.com\/it\/wp-json\/wp\/v2\/types\/page"}],"author":[{"embeddable":true,"href":"https:\/\/www.i-rentacar.com\/it\/wp-json\/wp\/v2\/users\/1"}],"replies":[{"embeddable":true,"href":"https:\/\/www.i-rentacar.com\/it\/wp-json\/wp\/v2\/comments?post=9518"}],"version-history":[{"count":2,"href":"https:\/\/www.i-rentacar.com\/it\/wp-json\/wp\/v2\/pages\/9518\/revisions"}],"predecessor-version":[{"id":9520,"href":"https:\/\/www.i-rentacar.com\/it\/wp-json\/wp\/v2\/pages\/9518\/revisions\/9520"}],"wp:attachment":[{"href":"https:\/\/www.i-rentacar.com\/it\/wp-json\/wp\/v2\/media?parent=9518"}],"curies":[{"name":"wp","href":"https:\/\/api.w.org\/{rel}","templated":true}]}}