{"id":9512,"date":"2025-01-18T15:55:02","date_gmt":"2025-01-18T13:55:02","guid":{"rendered":"https:\/\/www.i-rentacar.com\/?page_id=9512"},"modified":"2025-02-01T15:20:10","modified_gmt":"2025-02-01T13:20:10","slug":"noleggio-auto-lago-kastoria","status":"publish","type":"page","link":"https:\/\/www.i-rentacar.com\/it\/noleggio-auto-lago-kastoria\/","title":{"rendered":"Noleggio auto Lago Kastoria"},"content":{"rendered":"<div class=\"fusion-fullwidth fullwidth-box fusion-builder-row-1 fusion-flex-container has-pattern-background has-mask-background nonhundred-percent-fullwidth non-hundred-percent-height-scrolling\" style=\"--awb-border-radius-top-left:0px;--awb-border-radius-top-right:0px;--awb-border-radius-bottom-right:0px;--awb-border-radius-bottom-left:0px;--awb-flex-wrap:wrap;\" ><div class=\"fusion-builder-row fusion-row fusion-flex-align-items-flex-start fusion-flex-content-wrap\" style=\"max-width:1300px;margin-left: calc(-4% \/ 2 );margin-right: calc(-4% \/ 2 );\"><div class=\"fusion-layout-column fusion_builder_column fusion-builder-column-0 fusion_builder_column_1_1 1_1 fusion-flex-column\" style=\"--awb-bg-size:cover;--awb-width-large:100%;--awb-margin-top-large:0px;--awb-spacing-right-large:1.92%;--awb-margin-bottom-large:20px;--awb-spacing-left-large:1.92%;--awb-width-medium:100%;--awb-order-medium:0;--awb-spacing-right-medium:1.92%;--awb-spacing-left-medium:1.92%;--awb-width-small:100%;--awb-order-small:0;--awb-spacing-right-small:1.92%;--awb-spacing-left-small:1.92%;\"><div class=\"fusion-column-wrapper fusion-column-has-shadow fusion-flex-justify-content-flex-start fusion-content-layout-column\"><div class=\"fusion-image-element \" style=\"text-align:center;--awb-caption-title-font-family:var(--h2_typography-font-family);--awb-caption-title-font-weight:var(--h2_typography-font-weight);--awb-caption-title-font-style:var(--h2_typography-font-style);--awb-caption-title-size:var(--h2_typography-font-size);--awb-caption-title-transform:var(--h2_typography-text-transform);--awb-caption-title-line-height:var(--h2_typography-line-height);--awb-caption-title-letter-spacing:var(--h2_typography-letter-spacing);\"><span class=\" fusion-imageframe imageframe-none imageframe-1 hover-type-none\"><img decoding=\"async\" width=\"1200\" height=\"600\" alt=\"\u039b\u03af\u03bc\u03bd\u03b7-\u039a\u03b1\u03c3\u03c4\u03bf\u03c1\u03b9\u03ac\u03c2\" title=\"\u039b\u03af\u03bc\u03bd\u03b7-\u039a\u03b1\u03c3\u03c4\u03bf\u03c1\u03b9\u03ac\u03c2\" src=\"https:\/\/www.i-rentacar.com\/wp-content\/uploads\/2025\/01\/\u039b\u03af\u03bc\u03bd\u03b7-\u039a\u03b1\u03c3\u03c4\u03bf\u03c1\u03b9\u03ac\u03c2.jpg\" data-orig-src=\"https:\/\/www.i-rentacar.com\/wp-content\/uploads\/2025\/01\/\u039b\u03af\u03bc\u03bd\u03b7-\u039a\u03b1\u03c3\u03c4\u03bf\u03c1\u03b9\u03ac\u03c2.jpg\" class=\"lazyload img-responsive wp-image-9247\" srcset=\"data:image\/svg+xml,%3Csvg%20xmlns%3D%27http%3A%2F%2Fwww.w3.org%2F2000%2Fsvg%27%20width%3D%271200%27%20height%3D%27600%27%20viewBox%3D%270%200%201200%20600%27%3E%3Crect%20width%3D%271200%27%20height%3D%27600%27%20fill-opacity%3D%220%22%2F%3E%3C%2Fsvg%3E\" data-srcset=\"https:\/\/www.i-rentacar.com\/wp-content\/uploads\/2025\/01\/\u039b\u03af\u03bc\u03bd\u03b7-\u039a\u03b1\u03c3\u03c4\u03bf\u03c1\u03b9\u03ac\u03c2-200x100.jpg 200w, https:\/\/www.i-rentacar.com\/wp-content\/uploads\/2025\/01\/\u039b\u03af\u03bc\u03bd\u03b7-\u039a\u03b1\u03c3\u03c4\u03bf\u03c1\u03b9\u03ac\u03c2-400x200.jpg 400w, https:\/\/www.i-rentacar.com\/wp-content\/uploads\/2025\/01\/\u039b\u03af\u03bc\u03bd\u03b7-\u039a\u03b1\u03c3\u03c4\u03bf\u03c1\u03b9\u03ac\u03c2-600x300.jpg 600w, https:\/\/www.i-rentacar.com\/wp-content\/uploads\/2025\/01\/\u039b\u03af\u03bc\u03bd\u03b7-\u039a\u03b1\u03c3\u03c4\u03bf\u03c1\u03b9\u03ac\u03c2-800x400.jpg 800w, https:\/\/www.i-rentacar.com\/wp-content\/uploads\/2025\/01\/\u039b\u03af\u03bc\u03bd\u03b7-\u039a\u03b1\u03c3\u03c4\u03bf\u03c1\u03b9\u03ac\u03c2.jpg 1200w\" data-sizes=\"auto\" data-orig-sizes=\"(max-width: 640px) 100vw, 1200px\" \/><\/span><\/div><div class=\"fusion-text fusion-text-1\"><h1 style=\"text-align: center;\" data-pm-slice=\"1 1 &#091;&#093;\"><strong>Noleggio Auto e Visita al Lago di Kastoria<\/strong><\/h1>\n<p>Il Lago <strong>Kastoria<\/strong>, conosciuto anche come <strong>Orestiada<\/strong>, \u00e8 uno dei laghi pi\u00f9 belli della Grecia e una destinazione che combina bellezze naturali, cultura e gastronomia. La citt\u00e0 di Kastoria, che abbraccia il lago, offre un&#8217;esperienza affascinante per ogni visitatore. Il <strong>noleggio auto al Lago di Kastoria<\/strong> con <strong>i-rentacar<\/strong> \u00e8 la scelta migliore per esplorare la zona con comfort e flessibilit\u00e0.<\/p>\n<h3 style=\"text-align: center;\"><strong>Percorso per il Lago di Kastoria<\/strong><\/h3>\n<p>Kastoria si trova a circa <strong>190 chilometri da Salonicco<\/strong>, e il viaggio dura circa <strong>2,5 ore<\/strong> in auto. Con <strong>noleggio auto da i-rentacar<\/strong>, puoi goderti il viaggio, fare delle soste nei villaggi pittoreschi e adattare il percorso in base alle tue preferenze.<\/p>\n<h3 style=\"text-align: center;\"><strong>Perch\u00e9 Scegliere il Noleggio Auto al Lago di Kastoria<\/strong><\/h3>\n<ol start=\"1\" data-spread=\"false\">\n<li><strong>Comfort e Libert\u00e0<\/strong>: Evita gli inconvenienti dei mezzi pubblici e viaggia al tuo ritmo.<\/li>\n<li><strong>Esplora la Zona<\/strong>: Visita le principali attrazioni di Kastoria e delle zone circostanti, come la <strong>Grotta del Drago<\/strong>, <strong>Dispilio<\/strong> e le <strong>dimore tradizionali<\/strong> della citt\u00e0.<\/li>\n<li><strong>Ideale per Famiglie e Gruppi<\/strong>: Se viaggi con la famiglia o con amici, il noleggio auto \u00e8 la scelta pi\u00f9 comoda ed economica.<\/li>\n<li><strong>Trasporto Facile<\/strong>: Con il tuo veicolo, puoi facilmente raggiungere luoghi remoti come <strong>Nymfaio<\/strong> e il <strong>Centro Sciistico Vigla-Pisoderi<\/strong>.<\/li>\n<\/ol>\n<\/div><div class=\"fusion-image-element \" style=\"text-align:center;--awb-caption-title-font-family:var(--h2_typography-font-family);--awb-caption-title-font-weight:var(--h2_typography-font-weight);--awb-caption-title-font-style:var(--h2_typography-font-style);--awb-caption-title-size:var(--h2_typography-font-size);--awb-caption-title-transform:var(--h2_typography-text-transform);--awb-caption-title-line-height:var(--h2_typography-line-height);--awb-caption-title-letter-spacing:var(--h2_typography-letter-spacing);\"><span class=\" fusion-imageframe imageframe-none imageframe-2 hover-type-none\"><img decoding=\"async\" width=\"1200\" height=\"600\" alt=\"\u0395\u03bd\u03bf\u03b9\u03ba\u03af\u03b1\u03c3\u03b7 \u03b1\u03c5\u03c4\u03bf\u03ba\u03b9\u03bd\u03ae\u03c4\u03bf\u03c5 \u039b\u03af\u03bc\u03bd\u03b7 \u039a\u03b5\u03c1\u03ba\u03af\u03bd\u03b7 \" title=\"\u039b\u03b9\u03bc\u03bd\u03b7-\u03ba\u03b5\u03c1\u03ba2\" src=\"https:\/\/www.i-rentacar.com\/wp-content\/uploads\/2025\/01\/\u039b\u03b9\u03bc\u03bd\u03b7-\u03ba\u03b5\u03c1\u03ba2.jpg\" data-orig-src=\"https:\/\/www.i-rentacar.com\/wp-content\/uploads\/2025\/01\/\u039b\u03b9\u03bc\u03bd\u03b7-\u03ba\u03b5\u03c1\u03ba2.jpg\" class=\"lazyload img-responsive wp-image-9242\" srcset=\"data:image\/svg+xml,%3Csvg%20xmlns%3D%27http%3A%2F%2Fwww.w3.org%2F2000%2Fsvg%27%20width%3D%271200%27%20height%3D%27600%27%20viewBox%3D%270%200%201200%20600%27%3E%3Crect%20width%3D%271200%27%20height%3D%27600%27%20fill-opacity%3D%220%22%2F%3E%3C%2Fsvg%3E\" data-srcset=\"https:\/\/www.i-rentacar.com\/wp-content\/uploads\/2025\/01\/\u039b\u03b9\u03bc\u03bd\u03b7-\u03ba\u03b5\u03c1\u03ba2-200x100.jpg 200w, https:\/\/www.i-rentacar.com\/wp-content\/uploads\/2025\/01\/\u039b\u03b9\u03bc\u03bd\u03b7-\u03ba\u03b5\u03c1\u03ba2-400x200.jpg 400w, https:\/\/www.i-rentacar.com\/wp-content\/uploads\/2025\/01\/\u039b\u03b9\u03bc\u03bd\u03b7-\u03ba\u03b5\u03c1\u03ba2-600x300.jpg 600w, https:\/\/www.i-rentacar.com\/wp-content\/uploads\/2025\/01\/\u039b\u03b9\u03bc\u03bd\u03b7-\u03ba\u03b5\u03c1\u03ba2-800x400.jpg 800w, https:\/\/www.i-rentacar.com\/wp-content\/uploads\/2025\/01\/\u039b\u03b9\u03bc\u03bd\u03b7-\u03ba\u03b5\u03c1\u03ba2.jpg 1200w\" data-sizes=\"auto\" data-orig-sizes=\"(max-width: 640px) 100vw, 1200px\" \/><\/span><\/div><div class=\"fusion-text fusion-text-2\"><h3 style=\"text-align: center;\"><strong>Cosa Vedere al Lago di Kastoria<\/strong><\/h3>\n<p>Kastoria offre molte opzioni per esplorare e rilassarsi:<\/p>\n<ul data-spread=\"false\">\n<li><strong>Tour del Lago<\/strong>: Un&#8217;esperienza unica per chi vuole godere della vista del lago e della bellezza naturale della zona.<\/li>\n<li><strong>Grotta del Drago<\/strong>: Una caverna impressionante con stalattiti e stalagmiti, piena di mistero e storia.<\/li>\n<li><strong>Museo del Folklore di Kastoria<\/strong>: Scopri la storia e la tradizione della citt\u00e0 attraverso una collezione unica.<\/li>\n<li><strong>Dispilio<\/strong>: Il villaggio preistorico sulla riva del lago che racconta la storia della zona dai tempi antichi.<\/li>\n<li><strong>Dimore di Kastoria<\/strong>: Esplora le dimore splendidamente conservate che riflettono la storia aristocratica della citt\u00e0.<\/li>\n<\/ul>\n<h3 style=\"text-align: center;\"><strong>Raccomandazioni per Cibo e Tempo Libero<\/strong><\/h3>\n<p>Kastoria \u00e8 famosa per la sua cucina locale. Nelle taverne e nei ristoranti della zona, puoi assaporare <strong>zuppa tradizionale di fagioli, trota del lago, kebab e dolci locali come il saragli<\/strong>.<\/p>\n<h3><strong>Consigli per il Noleggio Auto<\/strong><\/h3>\n<ul data-spread=\"false\">\n<li><strong>Prenota in Anticipo<\/strong>: Specialmente se viaggi durante le stagioni di alta affluenza, come l&#8217;inverno o la Pasqua.<\/li>\n<li><strong>Scegli il Veicolo Giusto<\/strong>: Se prevedi di viaggiare in aree montuose, considera di noleggiare un SUV per maggiore sicurezza e comfort.<\/li>\n<li><strong>Controlla la Politica del Carburante<\/strong>: La maggior parte delle compagnie consegna il veicolo con il serbatoio pieno.<\/li>\n<\/ul>\n<h3 style=\"text-align: center;\"><strong>Conclusione<\/strong><\/h3>\n<p>Il <strong>noleggio auto al Lago di Kastoria<\/strong> con <strong>i-rentacar<\/strong> \u00e8 la scelta migliore per scoprire le bellezze della zona senza restrizioni. Pianifica il tuo viaggio, scegli il veicolo ideale e goditi Kastoria con totale comfort e flessibilit\u00e0!<\/p>\n<\/div><\/div><\/div><\/div><\/div>\n","protected":false},"excerpt":{"rendered":"","protected":false},"author":1,"featured_media":0,"parent":0,"menu_order":0,"comment_status":"closed","ping_status":"closed","template":"100-width.php","meta":{"footnotes":""},"class_list":["post-9512","page","type-page","status-publish","hentry"],"yoast_head":"<!-- This site is optimized with the Yoast SEO plugin v27.0 - https:\/\/yoast.com\/product\/yoast-seo-wordpress\/ -->\n<title>Noleggio auto Lago Kastoria | i-rentacar.com<\/title>\n<meta name=\"description\" content=\"Noleggio auto Lago Kastoria\" \/>\n<meta name=\"robots\" content=\"index, follow, max-snippet:-1, max-image-preview:large, max-video-preview:-1\" \/>\n<link rel=\"canonical\" href=\"https:\/\/www.i-rentacar.com\/it\/noleggio-auto-lago-kastoria\/\" \/>\n<meta property=\"og:locale\" content=\"it_IT\" \/>\n<meta property=\"og:type\" content=\"article\" \/>\n<meta property=\"og:title\" content=\"Noleggio auto Lago Kastoria | i-rentacar.com\" \/>\n<meta property=\"og:description\" content=\"Noleggio auto Lago Kastoria\" \/>\n<meta property=\"og:url\" content=\"https:\/\/www.i-rentacar.com\/it\/noleggio-auto-lago-kastoria\/\" \/>\n<meta property=\"og:site_name\" content=\"i-rentacar.com\" \/>\n<meta property=\"article:modified_time\" content=\"2025-02-01T13:20:10+00:00\" \/>\n<meta name=\"twitter:card\" content=\"summary_large_image\" \/>\n<meta name=\"twitter:label1\" content=\"Tempo di lettura stimato\" \/>\n\t<meta name=\"twitter:data1\" content=\"11 minuti\" \/>\n<script type=\"application\/ld+json\" class=\"yoast-schema-graph\">{\"@context\":\"https:\/\/schema.org\",\"@graph\":[{\"@type\":\"WebPage\",\"@id\":\"https:\/\/www.i-rentacar.com\/it\/noleggio-auto-lago-kastoria\/\",\"url\":\"https:\/\/www.i-rentacar.com\/it\/noleggio-auto-lago-kastoria\/\",\"name\":\"Noleggio auto Lago Kastoria | i-rentacar.com\",\"isPartOf\":{\"@id\":\"https:\/\/www.i-rentacar.com\/it\/#website\"},\"datePublished\":\"2025-01-18T13:55:02+00:00\",\"dateModified\":\"2025-02-01T13:20:10+00:00\",\"description\":\"Noleggio auto Lago Kastoria\",\"breadcrumb\":{\"@id\":\"https:\/\/www.i-rentacar.com\/it\/noleggio-auto-lago-kastoria\/#breadcrumb\"},\"inLanguage\":\"it-IT\",\"potentialAction\":[{\"@type\":\"ReadAction\",\"target\":[\"https:\/\/www.i-rentacar.com\/it\/noleggio-auto-lago-kastoria\/\"]}]},{\"@type\":\"BreadcrumbList\",\"@id\":\"https:\/\/www.i-rentacar.com\/it\/noleggio-auto-lago-kastoria\/#breadcrumb\",\"itemListElement\":[{\"@type\":\"ListItem\",\"position\":1,\"name\":\"Home\",\"item\":\"https:\/\/www.i-rentacar.com\/it\/\"},{\"@type\":\"ListItem\",\"position\":2,\"name\":\"Noleggio auto Lago Kastoria\"}]},{\"@type\":\"WebSite\",\"@id\":\"https:\/\/www.i-rentacar.com\/it\/#website\",\"url\":\"https:\/\/www.i-rentacar.com\/it\/\",\"name\":\"i-rentacar.com\",\"description\":\"\u0395\u03bd\u03bf\u03b9\u03ba\u03b9\u03ac\u03c3\u03b5\u03b9\u03c2 \u0391\u03c5\u03c4\u03bf\u03ba\u03b9\u03bd\u03ae\u03c4\u03c9\u03bd \u0398\u03b5\u03c3\u03c3\u03b1\u03bb\u03bf\u03bd\u03af\u03ba\u03b7 minivan suv \u03b1\u03b5\u03c1\u03bf\u03b4\u03c1\u03cc\u03bc\u03b9\u03bf \u0398\u03b5\u03c3\u03c3\u03b1\u03bb\u03bf\u03bd\u03af\u03ba\u03b7, \u03b5\u03bd\u03bf\u03b9\u03ba\u03b9\u03ac\u03c3\u03b5\u03b9\u03c2 van \u0398\u03b5\u03c3\u03c3\u03b1\u03bb\u03bf\u03bd\u03af\u03ba\u03b7 \u03a7\u03b1\u03bb\u03ba\u03b9\u03b4\u03b9\u03ba\u03ae, rent a car Thessaloniki airport skg\",\"publisher\":{\"@id\":\"https:\/\/www.i-rentacar.com\/it\/#organization\"},\"potentialAction\":[{\"@type\":\"SearchAction\",\"target\":{\"@type\":\"EntryPoint\",\"urlTemplate\":\"https:\/\/www.i-rentacar.com\/it\/?s={search_term_string}\"},\"query-input\":{\"@type\":\"PropertyValueSpecification\",\"valueRequired\":true,\"valueName\":\"search_term_string\"}}],\"inLanguage\":\"it-IT\"},{\"@type\":\"Organization\",\"@id\":\"https:\/\/www.i-rentacar.com\/it\/#organization\",\"name\":\"i-rentacar.com\",\"url\":\"https:\/\/www.i-rentacar.com\/it\/\",\"logo\":{\"@type\":\"ImageObject\",\"inLanguage\":\"it-IT\",\"@id\":\"https:\/\/www.i-rentacar.com\/it\/#\/schema\/logo\/image\/\",\"url\":\"https:\/\/www.i-rentacar.com\/wp-content\/uploads\/2021\/08\/logo-i-rentacar-com-3.png\",\"contentUrl\":\"https:\/\/www.i-rentacar.com\/wp-content\/uploads\/2021\/08\/logo-i-rentacar-com-3.png\",\"width\":383,\"height\":150,\"caption\":\"i-rentacar.com\"},\"image\":{\"@id\":\"https:\/\/www.i-rentacar.com\/it\/#\/schema\/logo\/image\/\"}}]}<\/script>\n<!-- \/ Yoast SEO plugin. -->","yoast_head_json":{"title":"Noleggio auto Lago Kastoria | i-rentacar.com","description":"Noleggio auto Lago Kastoria","robots":{"index":"index","follow":"follow","max-snippet":"max-snippet:-1","max-image-preview":"max-image-preview:large","max-video-preview":"max-video-preview:-1"},"canonical":"https:\/\/www.i-rentacar.com\/it\/noleggio-auto-lago-kastoria\/","og_locale":"it_IT","og_type":"article","og_title":"Noleggio auto Lago Kastoria | i-rentacar.com","og_description":"Noleggio auto Lago Kastoria","og_url":"https:\/\/www.i-rentacar.com\/it\/noleggio-auto-lago-kastoria\/","og_site_name":"i-rentacar.com","article_modified_time":"2025-02-01T13:20:10+00:00","twitter_card":"summary_large_image","twitter_misc":{"Tempo di lettura stimato":"11 minuti"},"schema":{"@context":"https:\/\/schema.org","@graph":[{"@type":"WebPage","@id":"https:\/\/www.i-rentacar.com\/it\/noleggio-auto-lago-kastoria\/","url":"https:\/\/www.i-rentacar.com\/it\/noleggio-auto-lago-kastoria\/","name":"Noleggio auto Lago Kastoria | i-rentacar.com","isPartOf":{"@id":"https:\/\/www.i-rentacar.com\/it\/#website"},"datePublished":"2025-01-18T13:55:02+00:00","dateModified":"2025-02-01T13:20:10+00:00","description":"Noleggio auto Lago Kastoria","breadcrumb":{"@id":"https:\/\/www.i-rentacar.com\/it\/noleggio-auto-lago-kastoria\/#breadcrumb"},"inLanguage":"it-IT","potentialAction":[{"@type":"ReadAction","target":["https:\/\/www.i-rentacar.com\/it\/noleggio-auto-lago-kastoria\/"]}]},{"@type":"BreadcrumbList","@id":"https:\/\/www.i-rentacar.com\/it\/noleggio-auto-lago-kastoria\/#breadcrumb","itemListElement":[{"@type":"ListItem","position":1,"name":"Home","item":"https:\/\/www.i-rentacar.com\/it\/"},{"@type":"ListItem","position":2,"name":"Noleggio auto Lago Kastoria"}]},{"@type":"WebSite","@id":"https:\/\/www.i-rentacar.com\/it\/#website","url":"https:\/\/www.i-rentacar.com\/it\/","name":"i-rentacar.com","description":"\u0395\u03bd\u03bf\u03b9\u03ba\u03b9\u03ac\u03c3\u03b5\u03b9\u03c2 \u0391\u03c5\u03c4\u03bf\u03ba\u03b9\u03bd\u03ae\u03c4\u03c9\u03bd \u0398\u03b5\u03c3\u03c3\u03b1\u03bb\u03bf\u03bd\u03af\u03ba\u03b7 minivan suv \u03b1\u03b5\u03c1\u03bf\u03b4\u03c1\u03cc\u03bc\u03b9\u03bf \u0398\u03b5\u03c3\u03c3\u03b1\u03bb\u03bf\u03bd\u03af\u03ba\u03b7, \u03b5\u03bd\u03bf\u03b9\u03ba\u03b9\u03ac\u03c3\u03b5\u03b9\u03c2 van \u0398\u03b5\u03c3\u03c3\u03b1\u03bb\u03bf\u03bd\u03af\u03ba\u03b7 \u03a7\u03b1\u03bb\u03ba\u03b9\u03b4\u03b9\u03ba\u03ae, rent a car Thessaloniki airport skg","publisher":{"@id":"https:\/\/www.i-rentacar.com\/it\/#organization"},"potentialAction":[{"@type":"SearchAction","target":{"@type":"EntryPoint","urlTemplate":"https:\/\/www.i-rentacar.com\/it\/?s={search_term_string}"},"query-input":{"@type":"PropertyValueSpecification","valueRequired":true,"valueName":"search_term_string"}}],"inLanguage":"it-IT"},{"@type":"Organization","@id":"https:\/\/www.i-rentacar.com\/it\/#organization","name":"i-rentacar.com","url":"https:\/\/www.i-rentacar.com\/it\/","logo":{"@type":"ImageObject","inLanguage":"it-IT","@id":"https:\/\/www.i-rentacar.com\/it\/#\/schema\/logo\/image\/","url":"https:\/\/www.i-rentacar.com\/wp-content\/uploads\/2021\/08\/logo-i-rentacar-com-3.png","contentUrl":"https:\/\/www.i-rentacar.com\/wp-content\/uploads\/2021\/08\/logo-i-rentacar-com-3.png","width":383,"height":150,"caption":"i-rentacar.com"},"image":{"@id":"https:\/\/www.i-rentacar.com\/it\/#\/schema\/logo\/image\/"}}]}},"_links":{"self":[{"href":"https:\/\/www.i-rentacar.com\/it\/wp-json\/wp\/v2\/pages\/9512","targetHints":{"allow":["GET"]}}],"collection":[{"href":"https:\/\/www.i-rentacar.com\/it\/wp-json\/wp\/v2\/pages"}],"about":[{"href":"https:\/\/www.i-rentacar.com\/it\/wp-json\/wp\/v2\/types\/page"}],"author":[{"embeddable":true,"href":"https:\/\/www.i-rentacar.com\/it\/wp-json\/wp\/v2\/users\/1"}],"replies":[{"embeddable":true,"href":"https:\/\/www.i-rentacar.com\/it\/wp-json\/wp\/v2\/comments?post=9512"}],"version-history":[{"count":2,"href":"https:\/\/www.i-rentacar.com\/it\/wp-json\/wp\/v2\/pages\/9512\/revisions"}],"predecessor-version":[{"id":9514,"href":"https:\/\/www.i-rentacar.com\/it\/wp-json\/wp\/v2\/pages\/9512\/revisions\/9514"}],"wp:attachment":[{"href":"https:\/\/www.i-rentacar.com\/it\/wp-json\/wp\/v2\/media?parent=9512"}],"curies":[{"name":"wp","href":"https:\/\/api.w.org\/{rel}","templated":true}]}}