{"id":9976,"date":"2025-05-31T17:36:34","date_gmt":"2025-05-31T14:36:34","guid":{"rendered":"https:\/\/www.i-rentacar.com\/?page_id=9976"},"modified":"2025-06-01T11:48:56","modified_gmt":"2025-06-01T08:48:56","slug":"kassandra-halkidiki","status":"publish","type":"page","link":"https:\/\/www.i-rentacar.com\/fr\/kassandra-halkidiki\/","title":{"rendered":"Location de voiture pour Kass\u00e1ndra Halkidiki"},"content":{"rendered":"<div class=\"fusion-fullwidth fullwidth-box fusion-builder-row-1 fusion-flex-container has-pattern-background has-mask-background nonhundred-percent-fullwidth non-hundred-percent-height-scrolling\" style=\"--awb-border-radius-top-left:0px;--awb-border-radius-top-right:0px;--awb-border-radius-bottom-right:0px;--awb-border-radius-bottom-left:0px;--awb-flex-wrap:wrap;\" ><div class=\"fusion-builder-row fusion-row fusion-flex-align-items-flex-start fusion-flex-content-wrap\" style=\"max-width:1300px;margin-left: calc(-4% \/ 2 );margin-right: calc(-4% \/ 2 );\"><div class=\"fusion-layout-column fusion_builder_column fusion-builder-column-0 fusion_builder_column_1_1 1_1 fusion-flex-column\" style=\"--awb-bg-size:cover;--awb-width-large:100%;--awb-margin-top-large:0px;--awb-spacing-right-large:1.92%;--awb-margin-bottom-large:20px;--awb-spacing-left-large:1.92%;--awb-width-medium:100%;--awb-order-medium:0;--awb-spacing-right-medium:1.92%;--awb-spacing-left-medium:1.92%;--awb-width-small:100%;--awb-order-small:0;--awb-spacing-right-small:1.92%;--awb-spacing-left-small:1.92%;\"><div class=\"fusion-column-wrapper fusion-column-has-shadow fusion-flex-justify-content-flex-start fusion-content-layout-column\"><div class=\"fusion-image-element \" style=\"text-align:center;--awb-caption-title-font-family:var(--h2_typography-font-family);--awb-caption-title-font-weight:var(--h2_typography-font-weight);--awb-caption-title-font-style:var(--h2_typography-font-style);--awb-caption-title-size:var(--h2_typography-font-size);--awb-caption-title-transform:var(--h2_typography-text-transform);--awb-caption-title-line-height:var(--h2_typography-line-height);--awb-caption-title-letter-spacing:var(--h2_typography-letter-spacing);\"><span class=\" fusion-imageframe imageframe-none imageframe-1 hover-type-none\"><img decoding=\"async\" width=\"1200\" height=\"600\" alt=\"\u039a\u03b1\u03c3\u03c3\u03ac\u03bd\u03b4\u03c1\u03b1 \u03a7\u03b1\u03bb\u03ba\u03b9\u03b4\u03b9\u03ba\u03b7\" title=\"\u03bb\u03bd\u03bb\u03b2\" src=\"https:\/\/www.i-rentacar.com\/wp-content\/uploads\/2025\/05\/\u03bb\u03bd\u03bb\u03b2.jpg\" data-orig-src=\"https:\/\/www.i-rentacar.com\/wp-content\/uploads\/2025\/05\/\u03bb\u03bd\u03bb\u03b2.jpg\" class=\"lazyload img-responsive wp-image-9852\" srcset=\"data:image\/svg+xml,%3Csvg%20xmlns%3D%27http%3A%2F%2Fwww.w3.org%2F2000%2Fsvg%27%20width%3D%271200%27%20height%3D%27600%27%20viewBox%3D%270%200%201200%20600%27%3E%3Crect%20width%3D%271200%27%20height%3D%27600%27%20fill-opacity%3D%220%22%2F%3E%3C%2Fsvg%3E\" data-srcset=\"https:\/\/www.i-rentacar.com\/wp-content\/uploads\/2025\/05\/\u03bb\u03bd\u03bb\u03b2-200x100.jpg 200w, https:\/\/www.i-rentacar.com\/wp-content\/uploads\/2025\/05\/\u03bb\u03bd\u03bb\u03b2-400x200.jpg 400w, https:\/\/www.i-rentacar.com\/wp-content\/uploads\/2025\/05\/\u03bb\u03bd\u03bb\u03b2-600x300.jpg 600w, https:\/\/www.i-rentacar.com\/wp-content\/uploads\/2025\/05\/\u03bb\u03bd\u03bb\u03b2-800x400.jpg 800w, https:\/\/www.i-rentacar.com\/wp-content\/uploads\/2025\/05\/\u03bb\u03bd\u03bb\u03b2.jpg 1200w\" data-sizes=\"auto\" data-orig-sizes=\"(max-width: 640px) 100vw, 1200px\" \/><\/span><\/div><div class=\"fusion-text fusion-text-1\"><h2 style=\"text-align: center;\" data-start=\"295\" data-end=\"388\">\u00c9t\u00e9 sur la Premi\u00e8re P\u00e9ninsule de Chalcidique : Libert\u00e9, Mer et Voiture avec i-rentacar<\/h2>\n<p data-start=\"390\" data-end=\"817\">L&rsquo;\u00e9t\u00e9 en Gr\u00e8ce est synonyme de mer, de soleil et de libert\u00e9 absolue. Et s&rsquo;il y a une destination qui incarne tout cela, c&rsquo;est bien la Chalcidique \u2013 en particulier la Premi\u00e8re P\u00e9ninsule, la p\u00e9ninsule verdoyante de Kassandra. Si tu pr\u00e9vois des vacances d&rsquo;\u00e9t\u00e9 dans le nord de la Gr\u00e8ce, alors i-rentacar est ton alli\u00e9 id\u00e9al pour explorer la r\u00e9gion avec confort, s\u00e9curit\u00e9 et ind\u00e9pendance.<\/p>\n<p data-start=\"819\" data-end=\"1103\">Avec Thessalonique ou l&rsquo;a\u00e9roport \u00ab\u00a0Mac\u00e9doine\u00a0\u00bb comme point de d\u00e9part, tu peux te retrouver en une heure sur les plages exotiques de Kassandra. Gr\u00e2ce \u00e0 i-rentacar, tu as \u00e0 ta disposition une large flotte de voitures modernes, \u00e9conomiques et fiables pour choisir celle qui te convient.<\/p>\n<h3 data-start=\"1105\" data-end=\"1156\">D\u00e9couvre les Plus Belles Plages de Kassandra<\/h3>\n<p data-start=\"1158\" data-end=\"1392\">La Premi\u00e8re P\u00e9ninsule regorge de plages magnifiques, avec des eaux cristallines rappelant les Cara\u00efbes, du sable fin et des for\u00eats de pins qui descendent jusqu\u2019\u00e0 la mer. O\u00f9 que tu ailles avec ta voiture de location, tu d\u00e9couvriras de petits paradis :<\/p>\n<ul>\n<li data-start=\"1394\" data-end=\"1544\">\n<p data-start=\"1396\" data-end=\"1544\"><strong data-start=\"1396\" data-end=\"1408\">Kallith\u00e9a<\/strong> : Connue pour son ambiance anim\u00e9e, ses beach bars et sa vie nocturne. Parfaite pour ceux qui veulent allier baignade et divertissement.<\/p>\n<\/li>\n<\/ul>\n<ul>\n<li data-start=\"1545\" data-end=\"1680\">\n<p data-start=\"1547\" data-end=\"1680\"><strong data-start=\"1547\" data-end=\"1570\">Chanioti &amp; Polychrono<\/strong> : Plages familiales avec eaux peu profondes et chaudes, et toutes les commodit\u00e9s. Id\u00e9ales pour les enfants et le repos.<\/p>\n<\/li>\n<\/ul>\n<ul>\n<li data-start=\"1681\" data-end=\"1805\">\n<p data-start=\"1683\" data-end=\"1805\"><strong data-start=\"1683\" data-end=\"1695\">Paliouri<\/strong> : Une plage plus calme, pour les amoureux de la nature et de la tranquillit\u00e9. La plage de Chrousso y est tout simplement magique.<\/p>\n<\/li>\n<\/ul>\n<ul>\n<li data-start=\"1806\" data-end=\"1928\">\n<p data-start=\"1808\" data-end=\"1928\"><strong data-start=\"1808\" data-end=\"1819\">Possidi<\/strong> : L&rsquo;une des plages les plus uniques de Chalcidique, avec son embl\u00e9matique phare et ses couchers de soleil spectaculaires.<\/p>\n<\/li>\n<\/ul>\n<p data-start=\"1930\" data-end=\"2124\">Avec i-rentacar, tu n\u2019es pas d\u00e9pendant des bus ou des excursions organis\u00e9es. Tu peux changer de plage chaque jour, \u00e9viter la foule et organiser ton programme exactement comme tu le souhaites.<\/p>\n<h3 style=\"text-align: center;\" data-start=\"2126\" data-end=\"2168\">Culture, Saveurs et Activit\u00e9s<\/h3>\n<p data-start=\"2170\" data-end=\"2295\">La Premi\u00e8re P\u00e9ninsule ne se r\u00e9sume pas \u00e0 ses plages. Elle est pleine de villages traditionnels, de f\u00eates locales et de superbes routes \u00e0 explorer.<\/p>\n<ul>\n<li data-start=\"2297\" data-end=\"2501\">\n<p data-start=\"2299\" data-end=\"2501\"><strong data-start=\"2299\" data-end=\"2309\">Afytos<\/strong> : Peut-\u00eatre le plus beau village de Kassandra, construit sur un rocher avec vue panoramique sur le golfe de Toron\u00e9os. Parfait pour les balades du soir, les d\u00eeners romantiques et des photos inoubliables.<\/p>\n<\/li>\n<\/ul>\n<ul>\n<li data-start=\"2502\" data-end=\"2583\">\n<p data-start=\"2504\" data-end=\"2583\"><strong data-start=\"2504\" data-end=\"2518\">Nea Fokea<\/strong> : Tour m\u00e9di\u00e9vale, beaut\u00e9s naturelles et tavernes traditionnelles.<\/p>\n<\/li>\n<\/ul>\n<ul>\n<li data-start=\"2584\" data-end=\"2678\">\n<p data-start=\"2586\" data-end=\"2678\"><strong data-start=\"2586\" data-end=\"2599\">Pefkochori<\/strong> : Vie nocturne anim\u00e9e, boutiques et nombreux h\u00e9bergements pour tous les budgets.<\/p>\n<\/li>\n<\/ul>\n<p data-start=\"2680\" data-end=\"2903\">Sur ta route, tu pourras t&rsquo;arr\u00eater pour d\u00e9guster des sp\u00e9cialit\u00e9s locales comme du poisson frais, de la feta traditionnelle, de la salade d\u2019aubergines, du tzatziki et bien s\u00fbr, du vin et du tsipouro locaux. Kassandra regorge de saveurs qui vont te ravir.<\/p>\n<\/div><div class=\"fusion-image-element \" style=\"text-align:center;--awb-caption-title-font-family:var(--h2_typography-font-family);--awb-caption-title-font-weight:var(--h2_typography-font-weight);--awb-caption-title-font-style:var(--h2_typography-font-style);--awb-caption-title-size:var(--h2_typography-font-size);--awb-caption-title-transform:var(--h2_typography-text-transform);--awb-caption-title-line-height:var(--h2_typography-line-height);--awb-caption-title-letter-spacing:var(--h2_typography-letter-spacing);\"><span class=\" fusion-imageframe imageframe-none imageframe-2 hover-type-none\"><img decoding=\"async\" width=\"1200\" height=\"600\" alt=\"\u039a\u03b1\u03c3\u03c3\u03ac\u03bd\u03b4\u03c1\u03b1 \u03a7\u03b1\u03bb\u03ba\u03b9\u03b4\u03b9\u03ba\u03ae\" title=\"\u03bb\u03be\u03be\u03b2\u03bb\u03b2\u03ba\" src=\"https:\/\/www.i-rentacar.com\/wp-content\/uploads\/2025\/05\/\u03bb\u03be\u03be\u03b2\u03bb\u03b2\u03ba.jpg\" data-orig-src=\"https:\/\/www.i-rentacar.com\/wp-content\/uploads\/2025\/05\/\u03bb\u03be\u03be\u03b2\u03bb\u03b2\u03ba.jpg\" class=\"lazyload img-responsive wp-image-9857\" srcset=\"data:image\/svg+xml,%3Csvg%20xmlns%3D%27http%3A%2F%2Fwww.w3.org%2F2000%2Fsvg%27%20width%3D%271200%27%20height%3D%27600%27%20viewBox%3D%270%200%201200%20600%27%3E%3Crect%20width%3D%271200%27%20height%3D%27600%27%20fill-opacity%3D%220%22%2F%3E%3C%2Fsvg%3E\" data-srcset=\"https:\/\/www.i-rentacar.com\/wp-content\/uploads\/2025\/05\/\u03bb\u03be\u03be\u03b2\u03bb\u03b2\u03ba-200x100.jpg 200w, https:\/\/www.i-rentacar.com\/wp-content\/uploads\/2025\/05\/\u03bb\u03be\u03be\u03b2\u03bb\u03b2\u03ba-400x200.jpg 400w, https:\/\/www.i-rentacar.com\/wp-content\/uploads\/2025\/05\/\u03bb\u03be\u03be\u03b2\u03bb\u03b2\u03ba-600x300.jpg 600w, https:\/\/www.i-rentacar.com\/wp-content\/uploads\/2025\/05\/\u03bb\u03be\u03be\u03b2\u03bb\u03b2\u03ba-800x400.jpg 800w, https:\/\/www.i-rentacar.com\/wp-content\/uploads\/2025\/05\/\u03bb\u03be\u03be\u03b2\u03bb\u03b2\u03ba.jpg 1200w\" data-sizes=\"auto\" data-orig-sizes=\"(max-width: 640px) 100vw, 1200px\" \/><\/span><\/div><div class=\"fusion-text fusion-text-2\"><h3 style=\"text-align: center;\" data-start=\"2905\" data-end=\"2926\">Pourquoi choisir i-rentacar ?<\/h3>\n<p data-start=\"2928\" data-end=\"3029\">i-rentacar ne vous propose pas simplement une voiture. Elle vous offre une exp\u00e9rience de libert\u00e9 et de tranquillit\u00e9 :<\/p>\n<ul>\n<li data-start=\"3031\" data-end=\"3078\">\n<p data-start=\"3033\" data-end=\"3078\"><strong data-start=\"3033\" data-end=\"3058\">R\u00e9servation en ligne facile<\/strong> en quelques minutes.<\/p>\n<\/li>\n<\/ul>\n<ul>\n<li data-start=\"3079\" data-end=\"3140\">\n<p data-start=\"3081\" data-end=\"3140\"><strong data-start=\"3081\" data-end=\"3140\">Prise en charge \u00e0 Thessalonique, \u00e0 l&rsquo;a\u00e9roport ou \u00e0 votre h\u00e9bergement.<\/strong><\/p>\n<\/li>\n<\/ul>\n<ul>\n<li data-start=\"3141\" data-end=\"3186\">\n<p data-start=\"3143\" data-end=\"3186\"><strong data-start=\"3143\" data-end=\"3186\">Tarifs transparents, sans frais cach\u00e9s.<\/strong><\/p>\n<\/li>\n<\/ul>\n<ul>\n<li data-start=\"3187\" data-end=\"3268\">\n<p data-start=\"3189\" data-end=\"3268\"><strong data-start=\"3189\" data-end=\"3268\">Formules flexibles avec GPS, si\u00e8ges enfants, assurance compl\u00e8te ou conducteur suppl\u00e9mentaire.<\/strong><\/p>\n<\/li>\n<\/ul>\n<ul>\n<li data-start=\"3269\" data-end=\"3325\">\n<p data-start=\"3271\" data-end=\"3325\"><strong data-start=\"3271\" data-end=\"3290\">Assistance 24h\/24 et 7j\/7<\/strong> pendant toute la dur\u00e9e de la location.<\/p>\n<\/li>\n<\/ul>\n<p data-start=\"3327\" data-end=\"3582\">Avec un v\u00e9hicule de location de <a href=\"https:\/\/www.i-rentacar.com\">i-rentacar<\/a>, vous cr\u00e9ez votre propre programme, avec un confort et une flexibilit\u00e9 absolus. Que ce soit pour des escapades d\u2019une journ\u00e9e ou de longues vacances, vous avez le moyen id\u00e9al pour explorer chaque recoin de la Chalcidique.<\/p>\n<h3 style=\"text-align: center;\" data-start=\"3584\" data-end=\"3622\">L&rsquo;\u00c9t\u00e9 Commence avec une Cl\u00e9<\/h3>\n<p data-start=\"3624\" data-end=\"3978\">Si vous voulez d\u00e9couvrir la Chalcidique comme elle le m\u00e9rite, alors il vous faut votre propre voiture. Ne laissez rien au hasard. Faites confiance \u00e0 i-rentacar et r\u00e9servez facilement, rapidement et \u00e0 petit prix. Rendez-vous sur <a class=\"\" href=\"https:\/\/www.i-rentacar.com\" target=\"_new\" rel=\"noopener\" data-start=\"3826\" data-end=\"3874\">www.i-rentacar.com<\/a>, choisissez votre v\u00e9hicule et pr\u00e9parez-vous pour un \u00e9t\u00e9 inoubliable, rempli de mer, d\u2019exp\u00e9riences et de libert\u00e9.<\/p>\n<p data-start=\"3980\" data-end=\"4058\"><strong data-start=\"3980\" data-end=\"4058\">La Chalcidique vous attend \u2013 et <a href=\"https:\/\/www.i-rentacar.com\">i-rentacar<\/a> est l\u00e0 pour vous y emmener.<\/strong><\/p>\n<\/div><div class=\"fusion-image-element \" style=\"text-align:center;--awb-caption-title-font-family:var(--h2_typography-font-family);--awb-caption-title-font-weight:var(--h2_typography-font-weight);--awb-caption-title-font-style:var(--h2_typography-font-style);--awb-caption-title-size:var(--h2_typography-font-size);--awb-caption-title-transform:var(--h2_typography-text-transform);--awb-caption-title-line-height:var(--h2_typography-line-height);--awb-caption-title-letter-spacing:var(--h2_typography-letter-spacing);\"><span class=\" fusion-imageframe imageframe-none imageframe-3 hover-type-none\"><img decoding=\"async\" width=\"1200\" height=\"600\" alt=\"\u039a\u03b1\u03c3\u03c3\u03ac\u03bd\u03b4\u03c1\u03b1 \u03a7\u03b1\u03bb\u03ba\u03b9\u03b4\u03b9\u03ba\u03ae\" title=\"\u03ba\u03848\" src=\"https:\/\/www.i-rentacar.com\/wp-content\/uploads\/2025\/05\/\u03ba\u03848.jpg\" data-orig-src=\"https:\/\/www.i-rentacar.com\/wp-content\/uploads\/2025\/05\/\u03ba\u03848.jpg\" class=\"lazyload img-responsive wp-image-9862\" srcset=\"data:image\/svg+xml,%3Csvg%20xmlns%3D%27http%3A%2F%2Fwww.w3.org%2F2000%2Fsvg%27%20width%3D%271200%27%20height%3D%27600%27%20viewBox%3D%270%200%201200%20600%27%3E%3Crect%20width%3D%271200%27%20height%3D%27600%27%20fill-opacity%3D%220%22%2F%3E%3C%2Fsvg%3E\" data-srcset=\"https:\/\/www.i-rentacar.com\/wp-content\/uploads\/2025\/05\/\u03ba\u03848-200x100.jpg 200w, https:\/\/www.i-rentacar.com\/wp-content\/uploads\/2025\/05\/\u03ba\u03848-400x200.jpg 400w, https:\/\/www.i-rentacar.com\/wp-content\/uploads\/2025\/05\/\u03ba\u03848-600x300.jpg 600w, https:\/\/www.i-rentacar.com\/wp-content\/uploads\/2025\/05\/\u03ba\u03848-800x400.jpg 800w, https:\/\/www.i-rentacar.com\/wp-content\/uploads\/2025\/05\/\u03ba\u03848.jpg 1200w\" data-sizes=\"auto\" data-orig-sizes=\"(max-width: 640px) 100vw, 1200px\" \/><\/span><\/div><\/div><\/div><\/div><\/div>\n","protected":false},"excerpt":{"rendered":"","protected":false},"author":1,"featured_media":0,"parent":0,"menu_order":0,"comment_status":"closed","ping_status":"closed","template":"100-width.php","meta":{"footnotes":""},"class_list":["post-9976","page","type-page","status-publish","hentry"],"yoast_head":"<!-- This site is optimized with the Yoast SEO plugin v27.0 - https:\/\/yoast.com\/product\/yoast-seo-wordpress\/ -->\n<title>Kass\u00e1ndra Halkidiki | i-rentacar.com<\/title>\n<meta name=\"description\" content=\"Kass\u00e1ndra Halkidiki\" \/>\n<meta name=\"robots\" content=\"index, follow, max-snippet:-1, max-image-preview:large, max-video-preview:-1\" \/>\n<link rel=\"canonical\" href=\"https:\/\/www.i-rentacar.com\/fr\/kassandra-halkidiki\/\" \/>\n<meta property=\"og:locale\" content=\"fr_FR\" \/>\n<meta property=\"og:type\" content=\"article\" \/>\n<meta property=\"og:title\" content=\"Kass\u00e1ndra Halkidiki | i-rentacar.com\" \/>\n<meta property=\"og:description\" content=\"Kass\u00e1ndra Halkidiki\" \/>\n<meta property=\"og:url\" content=\"https:\/\/www.i-rentacar.com\/fr\/kassandra-halkidiki\/\" \/>\n<meta property=\"og:site_name\" content=\"i-rentacar.com\" \/>\n<meta property=\"article:modified_time\" content=\"2025-06-01T08:48:56+00:00\" \/>\n<meta name=\"twitter:card\" content=\"summary_large_image\" \/>\n<meta name=\"twitter:label1\" content=\"Dur\u00e9e de lecture estim\u00e9e\" \/>\n\t<meta name=\"twitter:data1\" content=\"13 minutes\" \/>\n<script type=\"application\/ld+json\" class=\"yoast-schema-graph\">{\"@context\":\"https:\/\/schema.org\",\"@graph\":[{\"@type\":\"WebPage\",\"@id\":\"https:\/\/www.i-rentacar.com\/fr\/kassandra-halkidiki\/\",\"url\":\"https:\/\/www.i-rentacar.com\/fr\/kassandra-halkidiki\/\",\"name\":\"Kass\u00e1ndra Halkidiki | i-rentacar.com\",\"isPartOf\":{\"@id\":\"https:\/\/www.i-rentacar.com\/fr\/#website\"},\"datePublished\":\"2025-05-31T14:36:34+00:00\",\"dateModified\":\"2025-06-01T08:48:56+00:00\",\"description\":\"Kass\u00e1ndra Halkidiki\",\"breadcrumb\":{\"@id\":\"https:\/\/www.i-rentacar.com\/fr\/kassandra-halkidiki\/#breadcrumb\"},\"inLanguage\":\"fr-FR\",\"potentialAction\":[{\"@type\":\"ReadAction\",\"target\":[\"https:\/\/www.i-rentacar.com\/fr\/kassandra-halkidiki\/\"]}]},{\"@type\":\"BreadcrumbList\",\"@id\":\"https:\/\/www.i-rentacar.com\/fr\/kassandra-halkidiki\/#breadcrumb\",\"itemListElement\":[{\"@type\":\"ListItem\",\"position\":1,\"name\":\"Home\",\"item\":\"https:\/\/www.i-rentacar.com\/fr\/\"},{\"@type\":\"ListItem\",\"position\":2,\"name\":\"Location de voiture pour Kass\u00e1ndra Halkidiki\"}]},{\"@type\":\"WebSite\",\"@id\":\"https:\/\/www.i-rentacar.com\/fr\/#website\",\"url\":\"https:\/\/www.i-rentacar.com\/fr\/\",\"name\":\"i-rentacar.com\",\"description\":\"\u0395\u03bd\u03bf\u03b9\u03ba\u03b9\u03ac\u03c3\u03b5\u03b9\u03c2 \u0391\u03c5\u03c4\u03bf\u03ba\u03b9\u03bd\u03ae\u03c4\u03c9\u03bd \u0398\u03b5\u03c3\u03c3\u03b1\u03bb\u03bf\u03bd\u03af\u03ba\u03b7 minivan suv \u03b1\u03b5\u03c1\u03bf\u03b4\u03c1\u03cc\u03bc\u03b9\u03bf \u0398\u03b5\u03c3\u03c3\u03b1\u03bb\u03bf\u03bd\u03af\u03ba\u03b7, \u03b5\u03bd\u03bf\u03b9\u03ba\u03b9\u03ac\u03c3\u03b5\u03b9\u03c2 van \u0398\u03b5\u03c3\u03c3\u03b1\u03bb\u03bf\u03bd\u03af\u03ba\u03b7 \u03a7\u03b1\u03bb\u03ba\u03b9\u03b4\u03b9\u03ba\u03ae, rent a car Thessaloniki airport skg\",\"publisher\":{\"@id\":\"https:\/\/www.i-rentacar.com\/fr\/#organization\"},\"potentialAction\":[{\"@type\":\"SearchAction\",\"target\":{\"@type\":\"EntryPoint\",\"urlTemplate\":\"https:\/\/www.i-rentacar.com\/fr\/?s={search_term_string}\"},\"query-input\":{\"@type\":\"PropertyValueSpecification\",\"valueRequired\":true,\"valueName\":\"search_term_string\"}}],\"inLanguage\":\"fr-FR\"},{\"@type\":\"Organization\",\"@id\":\"https:\/\/www.i-rentacar.com\/fr\/#organization\",\"name\":\"i-rentacar.com\",\"url\":\"https:\/\/www.i-rentacar.com\/fr\/\",\"logo\":{\"@type\":\"ImageObject\",\"inLanguage\":\"fr-FR\",\"@id\":\"https:\/\/www.i-rentacar.com\/fr\/#\/schema\/logo\/image\/\",\"url\":\"https:\/\/www.i-rentacar.com\/wp-content\/uploads\/2021\/08\/logo-i-rentacar-com-3.png\",\"contentUrl\":\"https:\/\/www.i-rentacar.com\/wp-content\/uploads\/2021\/08\/logo-i-rentacar-com-3.png\",\"width\":383,\"height\":150,\"caption\":\"i-rentacar.com\"},\"image\":{\"@id\":\"https:\/\/www.i-rentacar.com\/fr\/#\/schema\/logo\/image\/\"}}]}<\/script>\n<!-- \/ Yoast SEO plugin. -->","yoast_head_json":{"title":"Kass\u00e1ndra Halkidiki | i-rentacar.com","description":"Kass\u00e1ndra Halkidiki","robots":{"index":"index","follow":"follow","max-snippet":"max-snippet:-1","max-image-preview":"max-image-preview:large","max-video-preview":"max-video-preview:-1"},"canonical":"https:\/\/www.i-rentacar.com\/fr\/kassandra-halkidiki\/","og_locale":"fr_FR","og_type":"article","og_title":"Kass\u00e1ndra Halkidiki | i-rentacar.com","og_description":"Kass\u00e1ndra Halkidiki","og_url":"https:\/\/www.i-rentacar.com\/fr\/kassandra-halkidiki\/","og_site_name":"i-rentacar.com","article_modified_time":"2025-06-01T08:48:56+00:00","twitter_card":"summary_large_image","twitter_misc":{"Dur\u00e9e de lecture estim\u00e9e":"13 minutes"},"schema":{"@context":"https:\/\/schema.org","@graph":[{"@type":"WebPage","@id":"https:\/\/www.i-rentacar.com\/fr\/kassandra-halkidiki\/","url":"https:\/\/www.i-rentacar.com\/fr\/kassandra-halkidiki\/","name":"Kass\u00e1ndra Halkidiki | i-rentacar.com","isPartOf":{"@id":"https:\/\/www.i-rentacar.com\/fr\/#website"},"datePublished":"2025-05-31T14:36:34+00:00","dateModified":"2025-06-01T08:48:56+00:00","description":"Kass\u00e1ndra Halkidiki","breadcrumb":{"@id":"https:\/\/www.i-rentacar.com\/fr\/kassandra-halkidiki\/#breadcrumb"},"inLanguage":"fr-FR","potentialAction":[{"@type":"ReadAction","target":["https:\/\/www.i-rentacar.com\/fr\/kassandra-halkidiki\/"]}]},{"@type":"BreadcrumbList","@id":"https:\/\/www.i-rentacar.com\/fr\/kassandra-halkidiki\/#breadcrumb","itemListElement":[{"@type":"ListItem","position":1,"name":"Home","item":"https:\/\/www.i-rentacar.com\/fr\/"},{"@type":"ListItem","position":2,"name":"Location de voiture pour Kass\u00e1ndra Halkidiki"}]},{"@type":"WebSite","@id":"https:\/\/www.i-rentacar.com\/fr\/#website","url":"https:\/\/www.i-rentacar.com\/fr\/","name":"i-rentacar.com","description":"\u0395\u03bd\u03bf\u03b9\u03ba\u03b9\u03ac\u03c3\u03b5\u03b9\u03c2 \u0391\u03c5\u03c4\u03bf\u03ba\u03b9\u03bd\u03ae\u03c4\u03c9\u03bd \u0398\u03b5\u03c3\u03c3\u03b1\u03bb\u03bf\u03bd\u03af\u03ba\u03b7 minivan suv \u03b1\u03b5\u03c1\u03bf\u03b4\u03c1\u03cc\u03bc\u03b9\u03bf \u0398\u03b5\u03c3\u03c3\u03b1\u03bb\u03bf\u03bd\u03af\u03ba\u03b7, \u03b5\u03bd\u03bf\u03b9\u03ba\u03b9\u03ac\u03c3\u03b5\u03b9\u03c2 van \u0398\u03b5\u03c3\u03c3\u03b1\u03bb\u03bf\u03bd\u03af\u03ba\u03b7 \u03a7\u03b1\u03bb\u03ba\u03b9\u03b4\u03b9\u03ba\u03ae, rent a car Thessaloniki airport skg","publisher":{"@id":"https:\/\/www.i-rentacar.com\/fr\/#organization"},"potentialAction":[{"@type":"SearchAction","target":{"@type":"EntryPoint","urlTemplate":"https:\/\/www.i-rentacar.com\/fr\/?s={search_term_string}"},"query-input":{"@type":"PropertyValueSpecification","valueRequired":true,"valueName":"search_term_string"}}],"inLanguage":"fr-FR"},{"@type":"Organization","@id":"https:\/\/www.i-rentacar.com\/fr\/#organization","name":"i-rentacar.com","url":"https:\/\/www.i-rentacar.com\/fr\/","logo":{"@type":"ImageObject","inLanguage":"fr-FR","@id":"https:\/\/www.i-rentacar.com\/fr\/#\/schema\/logo\/image\/","url":"https:\/\/www.i-rentacar.com\/wp-content\/uploads\/2021\/08\/logo-i-rentacar-com-3.png","contentUrl":"https:\/\/www.i-rentacar.com\/wp-content\/uploads\/2021\/08\/logo-i-rentacar-com-3.png","width":383,"height":150,"caption":"i-rentacar.com"},"image":{"@id":"https:\/\/www.i-rentacar.com\/fr\/#\/schema\/logo\/image\/"}}]}},"_links":{"self":[{"href":"https:\/\/www.i-rentacar.com\/fr\/wp-json\/wp\/v2\/pages\/9976","targetHints":{"allow":["GET"]}}],"collection":[{"href":"https:\/\/www.i-rentacar.com\/fr\/wp-json\/wp\/v2\/pages"}],"about":[{"href":"https:\/\/www.i-rentacar.com\/fr\/wp-json\/wp\/v2\/types\/page"}],"author":[{"embeddable":true,"href":"https:\/\/www.i-rentacar.com\/fr\/wp-json\/wp\/v2\/users\/1"}],"replies":[{"embeddable":true,"href":"https:\/\/www.i-rentacar.com\/fr\/wp-json\/wp\/v2\/comments?post=9976"}],"version-history":[{"count":3,"href":"https:\/\/www.i-rentacar.com\/fr\/wp-json\/wp\/v2\/pages\/9976\/revisions"}],"predecessor-version":[{"id":10026,"href":"https:\/\/www.i-rentacar.com\/fr\/wp-json\/wp\/v2\/pages\/9976\/revisions\/10026"}],"wp:attachment":[{"href":"https:\/\/www.i-rentacar.com\/fr\/wp-json\/wp\/v2\/media?parent=9976"}],"curies":[{"name":"wp","href":"https:\/\/api.w.org\/{rel}","templated":true}]}}