{"id":9581,"date":"2025-01-18T17:31:27","date_gmt":"2025-01-18T15:31:27","guid":{"rendered":"https:\/\/www.i-rentacar.com\/?page_id=9581"},"modified":"2025-02-01T16:09:03","modified_gmt":"2025-02-01T14:09:03","slug":"location-de-voiture-ioannina","status":"publish","type":"page","link":"https:\/\/www.i-rentacar.com\/fr\/location-de-voiture-ioannina\/","title":{"rendered":"Location de voiture Ioannina"},"content":{"rendered":"<div class=\"fusion-fullwidth fullwidth-box fusion-builder-row-1 fusion-flex-container has-pattern-background has-mask-background nonhundred-percent-fullwidth non-hundred-percent-height-scrolling\" style=\"--awb-border-radius-top-left:0px;--awb-border-radius-top-right:0px;--awb-border-radius-bottom-right:0px;--awb-border-radius-bottom-left:0px;--awb-flex-wrap:wrap;\" ><div class=\"fusion-builder-row fusion-row fusion-flex-align-items-flex-start fusion-flex-content-wrap\" style=\"max-width:1300px;margin-left: calc(-4% \/ 2 );margin-right: calc(-4% \/ 2 );\"><div class=\"fusion-layout-column fusion_builder_column fusion-builder-column-0 fusion_builder_column_1_1 1_1 fusion-flex-column\" style=\"--awb-bg-size:cover;--awb-width-large:100%;--awb-margin-top-large:0px;--awb-spacing-right-large:1.92%;--awb-margin-bottom-large:20px;--awb-spacing-left-large:1.92%;--awb-width-medium:100%;--awb-order-medium:0;--awb-spacing-right-medium:1.92%;--awb-spacing-left-medium:1.92%;--awb-width-small:100%;--awb-order-small:0;--awb-spacing-right-small:1.92%;--awb-spacing-left-small:1.92%;\"><div class=\"fusion-column-wrapper fusion-column-has-shadow fusion-flex-justify-content-flex-start fusion-content-layout-column\"><div class=\"fusion-image-element \" style=\"text-align:center;--awb-caption-title-font-family:var(--h2_typography-font-family);--awb-caption-title-font-weight:var(--h2_typography-font-weight);--awb-caption-title-font-style:var(--h2_typography-font-style);--awb-caption-title-size:var(--h2_typography-font-size);--awb-caption-title-transform:var(--h2_typography-text-transform);--awb-caption-title-line-height:var(--h2_typography-line-height);--awb-caption-title-letter-spacing:var(--h2_typography-letter-spacing);\"><span class=\" fusion-imageframe imageframe-none imageframe-1 hover-type-none\"><img decoding=\"async\" width=\"1200\" height=\"600\" alt=\"\u0395\u03bd\u03bf\u03b9\u03ba\u03af\u03b1\u03c3\u03b7 \u03b1\u03c5\u03c4\u03bf\u03ba\u03b9\u03bd\u03ae\u03c4\u03bf\u03c5 \u0399\u03c9\u03ac\u03bd\u03bd\u03b9\u03bd\u03b1 \" title=\"\u0399\u03c9\u03ac\u03bd\u03bd\u03b9\u03bd\u03b1\" src=\"https:\/\/www.i-rentacar.com\/wp-content\/uploads\/2025\/01\/\u0399\u03c9\u03ac\u03bd\u03bd\u03b9\u03bd\u03b1.jpg\" data-orig-src=\"https:\/\/www.i-rentacar.com\/wp-content\/uploads\/2025\/01\/\u0399\u03c9\u03ac\u03bd\u03bd\u03b9\u03bd\u03b1.jpg\" class=\"lazyload img-responsive wp-image-9333\" srcset=\"data:image\/svg+xml,%3Csvg%20xmlns%3D%27http%3A%2F%2Fwww.w3.org%2F2000%2Fsvg%27%20width%3D%271200%27%20height%3D%27600%27%20viewBox%3D%270%200%201200%20600%27%3E%3Crect%20width%3D%271200%27%20height%3D%27600%27%20fill-opacity%3D%220%22%2F%3E%3C%2Fsvg%3E\" data-srcset=\"https:\/\/www.i-rentacar.com\/wp-content\/uploads\/2025\/01\/\u0399\u03c9\u03ac\u03bd\u03bd\u03b9\u03bd\u03b1-200x100.jpg 200w, https:\/\/www.i-rentacar.com\/wp-content\/uploads\/2025\/01\/\u0399\u03c9\u03ac\u03bd\u03bd\u03b9\u03bd\u03b1-400x200.jpg 400w, https:\/\/www.i-rentacar.com\/wp-content\/uploads\/2025\/01\/\u0399\u03c9\u03ac\u03bd\u03bd\u03b9\u03bd\u03b1-600x300.jpg 600w, https:\/\/www.i-rentacar.com\/wp-content\/uploads\/2025\/01\/\u0399\u03c9\u03ac\u03bd\u03bd\u03b9\u03bd\u03b1-800x400.jpg 800w, https:\/\/www.i-rentacar.com\/wp-content\/uploads\/2025\/01\/\u0399\u03c9\u03ac\u03bd\u03bd\u03b9\u03bd\u03b1.jpg 1200w\" data-sizes=\"auto\" data-orig-sizes=\"(max-width: 640px) 100vw, 1200px\" \/><\/span><\/div><div class=\"fusion-text fusion-text-1\"><h1 style=\"text-align: center;\"><strong>Location de voiture et visite de Ioannina<\/strong><\/h1>\n<p><strong>Ioannina<\/strong>, une ville pleine d&rsquo;histoire et de beaut\u00e9 naturelle, est une destination id\u00e9ale pour ceux qui recherchent une combinaison de tradition et de patrimoine culturel avec la magnifique nature de l&rsquo;\u00c9pire. La <strong>location de voiture \u00e0 Ioannina<\/strong> avec <strong>i-rentacar<\/strong> est le choix parfait pour explorer la ville et les attractions environnantes en toute libert\u00e9 et confort.<\/p>\n<h3 style=\"text-align: center;\"><strong>Itin\u00e9raire vers Ioannina<\/strong><\/h3>\n<p>Ioannina se trouve \u00e0 environ <strong>450 kilom\u00e8tres d&rsquo;Ath\u00e8nes<\/strong> et <strong>150 kilom\u00e8tres de Thessalonique<\/strong>, avec une dur\u00e9e de voyage d&rsquo;environ 5 \u00e0 6 heures depuis Ath\u00e8nes et 2,5 heures depuis Thessalonique. Avec la <strong>location de voiture chez i-rentacar<\/strong>, vous avez la libert\u00e9 de vous arr\u00eater dans des paysages impressionnants et des villages pittoresques en chemin, tels que <strong>Metsovo<\/strong> ou <strong>Zagori<\/strong>.<\/p>\n<h3 style=\"text-align: center;\"><strong>Pourquoi choisir la location de voiture \u00e0 Ioannina<\/strong><\/h3>\n<ol start=\"1\" data-spread=\"false\">\n<li><strong>Confort et libert\u00e9<\/strong> : D\u00e9couvrez Ioannina et les environs \u00e0 votre rythme et sans limitations.<\/li>\n<li><strong>Explorez les zones montagneuses<\/strong> : Visitez des villages uniques et des paysages comme les villages traditionnels de <strong>Zagori<\/strong> ou le <strong>Lac Pamvotis<\/strong>.<\/li>\n<li><strong>Id\u00e9al pour les groupes et les familles<\/strong> : La location de voiture vous permet de voyager confortablement avec votre famille ou vos amis.<\/li>\n<li><strong>D\u00e9couvrez des monuments historiques<\/strong> : Visitez des attractions importantes telles que le <strong>ch\u00e2teau de Ioannina<\/strong> et le <strong>mus\u00e9e Ali Pasha<\/strong>.<\/li>\n<\/ol>\n<h3 style=\"text-align: center;\"><strong>Que voir \u00e0 Ioannina<\/strong><\/h3>\n<p>Ioannina regorge d&rsquo;attractions int\u00e9ressantes et de lieux uniques :<\/p>\n<ul data-spread=\"false\">\n<li><strong>Lac Pamvotis<\/strong> : Le lac qui entoure la ville, id\u00e9al pour les promenades et les croisi\u00e8res.<\/li>\n<li><strong>Ch\u00e2teau de Ioannina<\/strong> : Explorez la ville fortifi\u00e9e historique et le mus\u00e9e d&rsquo;Ali Pasha.<\/li>\n<li><strong>\u00cele de Ioannina<\/strong> : L&rsquo;\u00eele unique au milieu du lac, abritant des monast\u00e8res et des monuments historiques.<\/li>\n<li><strong>Mus\u00e9e Ali Pasha<\/strong> : En savoir plus sur l&rsquo;histoire de la r\u00e9gion et le c\u00e9l\u00e8bre leader ottoman.<\/li>\n<li><strong>Villages traditionnels de Zagori<\/strong> : Visitez les villages uniques avec leur architecture traditionnelle en pierre, tels que <strong>Monodendri<\/strong> et <strong>Vitsa<\/strong>.<\/li>\n<\/ul>\n<\/div><div class=\"fusion-image-element \" style=\"text-align:center;--awb-caption-title-font-family:var(--h2_typography-font-family);--awb-caption-title-font-weight:var(--h2_typography-font-weight);--awb-caption-title-font-style:var(--h2_typography-font-style);--awb-caption-title-size:var(--h2_typography-font-size);--awb-caption-title-transform:var(--h2_typography-text-transform);--awb-caption-title-line-height:var(--h2_typography-line-height);--awb-caption-title-letter-spacing:var(--h2_typography-letter-spacing);\"><span class=\" fusion-imageframe imageframe-none imageframe-2 hover-type-none\"><img decoding=\"async\" width=\"1200\" height=\"600\" alt=\"\u0395\u03bd\u03bf\u03b9\u03ba\u03af\u03b1\u03c3\u03b7 \u03b1\u03c5\u03c4\u03bf\u03ba\u03b9\u03bd\u03ae\u03c4\u03bf\u03c5 \u0399\u03c9\u03ac\u03bd\u03bd\u03b9\u03bd\u03b1 \" title=\"\u039b\u03c6\u03b5\u03c2\" src=\"https:\/\/www.i-rentacar.com\/wp-content\/uploads\/2025\/01\/\u039b\u03c6\u03b5\u03c2.jpg\" data-orig-src=\"https:\/\/www.i-rentacar.com\/wp-content\/uploads\/2025\/01\/\u039b\u03c6\u03b5\u03c2.jpg\" class=\"lazyload img-responsive wp-image-9345\" srcset=\"data:image\/svg+xml,%3Csvg%20xmlns%3D%27http%3A%2F%2Fwww.w3.org%2F2000%2Fsvg%27%20width%3D%271200%27%20height%3D%27600%27%20viewBox%3D%270%200%201200%20600%27%3E%3Crect%20width%3D%271200%27%20height%3D%27600%27%20fill-opacity%3D%220%22%2F%3E%3C%2Fsvg%3E\" data-srcset=\"https:\/\/www.i-rentacar.com\/wp-content\/uploads\/2025\/01\/\u039b\u03c6\u03b5\u03c2-200x100.jpg 200w, https:\/\/www.i-rentacar.com\/wp-content\/uploads\/2025\/01\/\u039b\u03c6\u03b5\u03c2-400x200.jpg 400w, https:\/\/www.i-rentacar.com\/wp-content\/uploads\/2025\/01\/\u039b\u03c6\u03b5\u03c2-600x300.jpg 600w, https:\/\/www.i-rentacar.com\/wp-content\/uploads\/2025\/01\/\u039b\u03c6\u03b5\u03c2-800x400.jpg 800w, https:\/\/www.i-rentacar.com\/wp-content\/uploads\/2025\/01\/\u039b\u03c6\u03b5\u03c2.jpg 1200w\" data-sizes=\"auto\" data-orig-sizes=\"(max-width: 640px) 100vw, 1200px\" \/><\/span><\/div><div class=\"fusion-text fusion-text-2\"><h3 style=\"text-align: center;\"><strong>Recommandations culinaires et saveurs locales<\/strong><\/h3>\n<p>\u00c0 Ioannina, vous trouverez d&rsquo;excellentes tavernes et restaurants pour go\u00fbter des sp\u00e9cialit\u00e9s locales telles que <strong>le bougiourdi, la viande bouillie, les fromages et les p\u00e2tisseries<\/strong>. Ne manquez pas de go\u00fbter la c\u00e9l\u00e8bre <strong>bougatsa \u00e9pic\u00e9e<\/strong> ou la <strong>tarte \u00e0 l&rsquo;oignon<\/strong>, ainsi que les vins locaux et le tsipouro.<\/p>\n<h3 style=\"text-align: center;\"><strong>Conseils pour la location de voiture<\/strong><\/h3>\n<ul data-spread=\"false\">\n<li><strong>R\u00e9servez t\u00f4t<\/strong> : La r\u00e9gion est particuli\u00e8rement populaire tout au long de l&rsquo;ann\u00e9e, il est donc conseill\u00e9 de r\u00e9server votre voiture \u00e0 l&rsquo;avance.<\/li>\n<li><strong>Choisissez le bon v\u00e9hicule<\/strong> : Si vous pr\u00e9voyez d&rsquo;explorer les zones montagneuses ou les villages de Zagori, un SUV ou un 4&#215;4 est la meilleure option.<\/li>\n<li><strong>V\u00e9rifiez la politique de carburant<\/strong> : La plupart des entreprises fournissent la voiture avec un plein de carburant.<\/li>\n<\/ul>\n<h3 style=\"text-align: center;\"><strong>Conclusion<\/strong><\/h3>\n<p>La <strong>location de voiture \u00e0 Ioannina<\/strong> avec <strong>i-rentacar<\/strong> vous permet de d\u00e9couvrir les magnifiques paysages et monuments historiques de la r\u00e9gion avec confort et libert\u00e9. Pr\u00e9parez votre voyage, choisissez le v\u00e9hicule id\u00e9al et explorez Ioannina et ses environs de la meilleure fa\u00e7on possible !<\/p>\n<\/div><\/div><\/div><\/div><\/div>\n","protected":false},"excerpt":{"rendered":"","protected":false},"author":1,"featured_media":0,"parent":0,"menu_order":0,"comment_status":"closed","ping_status":"closed","template":"100-width.php","meta":{"footnotes":""},"class_list":["post-9581","page","type-page","status-publish","hentry"],"yoast_head":"<!-- This site is optimized with the Yoast SEO plugin v27.0 - https:\/\/yoast.com\/product\/yoast-seo-wordpress\/ -->\n<title>Location de voiture Ioannina | i-rentacar.com<\/title>\n<meta name=\"description\" content=\"Location de voiture Ioannina\" \/>\n<meta name=\"robots\" content=\"index, follow, max-snippet:-1, max-image-preview:large, max-video-preview:-1\" \/>\n<link rel=\"canonical\" href=\"https:\/\/www.i-rentacar.com\/fr\/location-de-voiture-ioannina\/\" \/>\n<meta property=\"og:locale\" content=\"fr_FR\" \/>\n<meta property=\"og:type\" content=\"article\" \/>\n<meta property=\"og:title\" content=\"Location de voiture Ioannina | i-rentacar.com\" \/>\n<meta property=\"og:description\" content=\"Location de voiture Ioannina\" \/>\n<meta property=\"og:url\" content=\"https:\/\/www.i-rentacar.com\/fr\/location-de-voiture-ioannina\/\" \/>\n<meta property=\"og:site_name\" content=\"i-rentacar.com\" \/>\n<meta property=\"article:modified_time\" content=\"2025-02-01T14:09:03+00:00\" \/>\n<meta name=\"twitter:card\" content=\"summary_large_image\" \/>\n<meta name=\"twitter:label1\" content=\"Dur\u00e9e de lecture estim\u00e9e\" \/>\n\t<meta name=\"twitter:data1\" content=\"11 minutes\" \/>\n<script type=\"application\/ld+json\" class=\"yoast-schema-graph\">{\"@context\":\"https:\/\/schema.org\",\"@graph\":[{\"@type\":\"WebPage\",\"@id\":\"https:\/\/www.i-rentacar.com\/fr\/location-de-voiture-ioannina\/\",\"url\":\"https:\/\/www.i-rentacar.com\/fr\/location-de-voiture-ioannina\/\",\"name\":\"Location de voiture Ioannina | i-rentacar.com\",\"isPartOf\":{\"@id\":\"https:\/\/www.i-rentacar.com\/fr\/#website\"},\"datePublished\":\"2025-01-18T15:31:27+00:00\",\"dateModified\":\"2025-02-01T14:09:03+00:00\",\"description\":\"Location de voiture Ioannina\",\"breadcrumb\":{\"@id\":\"https:\/\/www.i-rentacar.com\/fr\/location-de-voiture-ioannina\/#breadcrumb\"},\"inLanguage\":\"fr-FR\",\"potentialAction\":[{\"@type\":\"ReadAction\",\"target\":[\"https:\/\/www.i-rentacar.com\/fr\/location-de-voiture-ioannina\/\"]}]},{\"@type\":\"BreadcrumbList\",\"@id\":\"https:\/\/www.i-rentacar.com\/fr\/location-de-voiture-ioannina\/#breadcrumb\",\"itemListElement\":[{\"@type\":\"ListItem\",\"position\":1,\"name\":\"Home\",\"item\":\"https:\/\/www.i-rentacar.com\/fr\/\"},{\"@type\":\"ListItem\",\"position\":2,\"name\":\"Location de voiture Ioannina\"}]},{\"@type\":\"WebSite\",\"@id\":\"https:\/\/www.i-rentacar.com\/fr\/#website\",\"url\":\"https:\/\/www.i-rentacar.com\/fr\/\",\"name\":\"i-rentacar.com\",\"description\":\"\u0395\u03bd\u03bf\u03b9\u03ba\u03b9\u03ac\u03c3\u03b5\u03b9\u03c2 \u0391\u03c5\u03c4\u03bf\u03ba\u03b9\u03bd\u03ae\u03c4\u03c9\u03bd \u0398\u03b5\u03c3\u03c3\u03b1\u03bb\u03bf\u03bd\u03af\u03ba\u03b7 minivan suv \u03b1\u03b5\u03c1\u03bf\u03b4\u03c1\u03cc\u03bc\u03b9\u03bf \u0398\u03b5\u03c3\u03c3\u03b1\u03bb\u03bf\u03bd\u03af\u03ba\u03b7, \u03b5\u03bd\u03bf\u03b9\u03ba\u03b9\u03ac\u03c3\u03b5\u03b9\u03c2 van \u0398\u03b5\u03c3\u03c3\u03b1\u03bb\u03bf\u03bd\u03af\u03ba\u03b7 \u03a7\u03b1\u03bb\u03ba\u03b9\u03b4\u03b9\u03ba\u03ae, rent a car Thessaloniki airport skg\",\"publisher\":{\"@id\":\"https:\/\/www.i-rentacar.com\/fr\/#organization\"},\"potentialAction\":[{\"@type\":\"SearchAction\",\"target\":{\"@type\":\"EntryPoint\",\"urlTemplate\":\"https:\/\/www.i-rentacar.com\/fr\/?s={search_term_string}\"},\"query-input\":{\"@type\":\"PropertyValueSpecification\",\"valueRequired\":true,\"valueName\":\"search_term_string\"}}],\"inLanguage\":\"fr-FR\"},{\"@type\":\"Organization\",\"@id\":\"https:\/\/www.i-rentacar.com\/fr\/#organization\",\"name\":\"i-rentacar.com\",\"url\":\"https:\/\/www.i-rentacar.com\/fr\/\",\"logo\":{\"@type\":\"ImageObject\",\"inLanguage\":\"fr-FR\",\"@id\":\"https:\/\/www.i-rentacar.com\/fr\/#\/schema\/logo\/image\/\",\"url\":\"https:\/\/www.i-rentacar.com\/wp-content\/uploads\/2021\/08\/logo-i-rentacar-com-3.png\",\"contentUrl\":\"https:\/\/www.i-rentacar.com\/wp-content\/uploads\/2021\/08\/logo-i-rentacar-com-3.png\",\"width\":383,\"height\":150,\"caption\":\"i-rentacar.com\"},\"image\":{\"@id\":\"https:\/\/www.i-rentacar.com\/fr\/#\/schema\/logo\/image\/\"}}]}<\/script>\n<!-- \/ Yoast SEO plugin. -->","yoast_head_json":{"title":"Location de voiture Ioannina | i-rentacar.com","description":"Location de voiture Ioannina","robots":{"index":"index","follow":"follow","max-snippet":"max-snippet:-1","max-image-preview":"max-image-preview:large","max-video-preview":"max-video-preview:-1"},"canonical":"https:\/\/www.i-rentacar.com\/fr\/location-de-voiture-ioannina\/","og_locale":"fr_FR","og_type":"article","og_title":"Location de voiture Ioannina | i-rentacar.com","og_description":"Location de voiture Ioannina","og_url":"https:\/\/www.i-rentacar.com\/fr\/location-de-voiture-ioannina\/","og_site_name":"i-rentacar.com","article_modified_time":"2025-02-01T14:09:03+00:00","twitter_card":"summary_large_image","twitter_misc":{"Dur\u00e9e de lecture estim\u00e9e":"11 minutes"},"schema":{"@context":"https:\/\/schema.org","@graph":[{"@type":"WebPage","@id":"https:\/\/www.i-rentacar.com\/fr\/location-de-voiture-ioannina\/","url":"https:\/\/www.i-rentacar.com\/fr\/location-de-voiture-ioannina\/","name":"Location de voiture Ioannina | i-rentacar.com","isPartOf":{"@id":"https:\/\/www.i-rentacar.com\/fr\/#website"},"datePublished":"2025-01-18T15:31:27+00:00","dateModified":"2025-02-01T14:09:03+00:00","description":"Location de voiture Ioannina","breadcrumb":{"@id":"https:\/\/www.i-rentacar.com\/fr\/location-de-voiture-ioannina\/#breadcrumb"},"inLanguage":"fr-FR","potentialAction":[{"@type":"ReadAction","target":["https:\/\/www.i-rentacar.com\/fr\/location-de-voiture-ioannina\/"]}]},{"@type":"BreadcrumbList","@id":"https:\/\/www.i-rentacar.com\/fr\/location-de-voiture-ioannina\/#breadcrumb","itemListElement":[{"@type":"ListItem","position":1,"name":"Home","item":"https:\/\/www.i-rentacar.com\/fr\/"},{"@type":"ListItem","position":2,"name":"Location de voiture Ioannina"}]},{"@type":"WebSite","@id":"https:\/\/www.i-rentacar.com\/fr\/#website","url":"https:\/\/www.i-rentacar.com\/fr\/","name":"i-rentacar.com","description":"\u0395\u03bd\u03bf\u03b9\u03ba\u03b9\u03ac\u03c3\u03b5\u03b9\u03c2 \u0391\u03c5\u03c4\u03bf\u03ba\u03b9\u03bd\u03ae\u03c4\u03c9\u03bd \u0398\u03b5\u03c3\u03c3\u03b1\u03bb\u03bf\u03bd\u03af\u03ba\u03b7 minivan suv \u03b1\u03b5\u03c1\u03bf\u03b4\u03c1\u03cc\u03bc\u03b9\u03bf \u0398\u03b5\u03c3\u03c3\u03b1\u03bb\u03bf\u03bd\u03af\u03ba\u03b7, \u03b5\u03bd\u03bf\u03b9\u03ba\u03b9\u03ac\u03c3\u03b5\u03b9\u03c2 van \u0398\u03b5\u03c3\u03c3\u03b1\u03bb\u03bf\u03bd\u03af\u03ba\u03b7 \u03a7\u03b1\u03bb\u03ba\u03b9\u03b4\u03b9\u03ba\u03ae, rent a car Thessaloniki airport skg","publisher":{"@id":"https:\/\/www.i-rentacar.com\/fr\/#organization"},"potentialAction":[{"@type":"SearchAction","target":{"@type":"EntryPoint","urlTemplate":"https:\/\/www.i-rentacar.com\/fr\/?s={search_term_string}"},"query-input":{"@type":"PropertyValueSpecification","valueRequired":true,"valueName":"search_term_string"}}],"inLanguage":"fr-FR"},{"@type":"Organization","@id":"https:\/\/www.i-rentacar.com\/fr\/#organization","name":"i-rentacar.com","url":"https:\/\/www.i-rentacar.com\/fr\/","logo":{"@type":"ImageObject","inLanguage":"fr-FR","@id":"https:\/\/www.i-rentacar.com\/fr\/#\/schema\/logo\/image\/","url":"https:\/\/www.i-rentacar.com\/wp-content\/uploads\/2021\/08\/logo-i-rentacar-com-3.png","contentUrl":"https:\/\/www.i-rentacar.com\/wp-content\/uploads\/2021\/08\/logo-i-rentacar-com-3.png","width":383,"height":150,"caption":"i-rentacar.com"},"image":{"@id":"https:\/\/www.i-rentacar.com\/fr\/#\/schema\/logo\/image\/"}}]}},"_links":{"self":[{"href":"https:\/\/www.i-rentacar.com\/fr\/wp-json\/wp\/v2\/pages\/9581","targetHints":{"allow":["GET"]}}],"collection":[{"href":"https:\/\/www.i-rentacar.com\/fr\/wp-json\/wp\/v2\/pages"}],"about":[{"href":"https:\/\/www.i-rentacar.com\/fr\/wp-json\/wp\/v2\/types\/page"}],"author":[{"embeddable":true,"href":"https:\/\/www.i-rentacar.com\/fr\/wp-json\/wp\/v2\/users\/1"}],"replies":[{"embeddable":true,"href":"https:\/\/www.i-rentacar.com\/fr\/wp-json\/wp\/v2\/comments?post=9581"}],"version-history":[{"count":2,"href":"https:\/\/www.i-rentacar.com\/fr\/wp-json\/wp\/v2\/pages\/9581\/revisions"}],"predecessor-version":[{"id":9583,"href":"https:\/\/www.i-rentacar.com\/fr\/wp-json\/wp\/v2\/pages\/9581\/revisions\/9583"}],"wp:attachment":[{"href":"https:\/\/www.i-rentacar.com\/fr\/wp-json\/wp\/v2\/media?parent=9581"}],"curies":[{"name":"wp","href":"https:\/\/api.w.org\/{rel}","templated":true}]}}