{"id":8965,"date":"2024-12-28T18:33:13","date_gmt":"2024-12-28T16:33:13","guid":{"rendered":"https:\/\/www.i-rentacar.com\/?page_id=8965"},"modified":"2024-12-29T18:05:49","modified_gmt":"2024-12-29T16:05:49","slug":"location-de-voiture-a-laeroport-de-thessalonique","status":"publish","type":"page","link":"https:\/\/www.i-rentacar.com\/fr\/location-de-voiture-a-laeroport-de-thessalonique\/","title":{"rendered":"Location de voiture \u00e0 l&rsquo;a\u00e9roport de Thessalonique"},"content":{"rendered":"<div class=\"fusion-fullwidth fullwidth-box fusion-builder-row-1 fusion-flex-container has-pattern-background has-mask-background nonhundred-percent-fullwidth non-hundred-percent-height-scrolling\" style=\"--awb-border-radius-top-left:0px;--awb-border-radius-top-right:0px;--awb-border-radius-bottom-right:0px;--awb-border-radius-bottom-left:0px;--awb-flex-wrap:wrap;\" ><div class=\"fusion-builder-row fusion-row fusion-flex-align-items-flex-start fusion-flex-content-wrap\" style=\"max-width:1300px;margin-left: calc(-4% \/ 2 );margin-right: calc(-4% \/ 2 );\"><div class=\"fusion-layout-column fusion_builder_column fusion-builder-column-0 fusion_builder_column_1_1 1_1 fusion-flex-column\" style=\"--awb-bg-size:cover;--awb-width-large:100%;--awb-margin-top-large:0px;--awb-spacing-right-large:1.92%;--awb-margin-bottom-large:20px;--awb-spacing-left-large:1.92%;--awb-width-medium:100%;--awb-order-medium:0;--awb-spacing-right-medium:1.92%;--awb-spacing-left-medium:1.92%;--awb-width-small:100%;--awb-order-small:0;--awb-spacing-right-small:1.92%;--awb-spacing-left-small:1.92%;\"><div class=\"fusion-column-wrapper fusion-column-has-shadow fusion-flex-justify-content-flex-start fusion-content-layout-column\"><div class=\"fusion-text fusion-text-1\"><div class=\"group\/conversation-turn relative flex w-full min-w-0 flex-col agent-turn\">\n<h2 style=\"text-align: center;\"><strong><span style=\"text-align: center;\">\u00a0Location de voiture \u00e0 l&rsquo;a\u00e9roport de Thessalonique avec i-rentacar<\/span><\/strong><\/h2>\n<div class=\"flex-col gap-1 md:gap-3\">\n<div class=\"flex max-w-full flex-col flex-grow\">\n<div class=\"min-h-8 text-message flex w-full flex-col items-end gap-2 whitespace-normal break-words text-start &#091;.text-message+&amp;&#093;:mt-5\" dir=\"auto\" data-message-author-role=\"assistant\" data-message-id=\"ecdec44e-c584-45e0-a68d-cfa6f7837b2e\" data-message-model-slug=\"gpt-4o\">\n<div class=\"flex w-full flex-col gap-1 empty:hidden first:pt-&#091;3px&#093;\">\n<div class=\"result-streaming markdown prose w-full break-words dark:prose-invert light\">\n<p><a href=\"https:\/\/www.i-rentacar.com\/\"><strong>i-rentacar<\/strong><\/a> est l&rsquo;un des meilleurs choix pour la location de voiture pr\u00e8s de l&rsquo;a\u00e9roport de Mac\u00e9doine \u00e0 Thessalonique. Avec un accent sur la qualit\u00e9, la fiabilit\u00e9 et le service client, notre entreprise garantit une exp\u00e9rience de conduite confortable et agr\u00e9able pour chaque voyageur. Que vous visitiez Thessalonique pour des raisons professionnelles ou pour vos vacances, <a href=\"https:\/\/www.i-rentacar.com\/\">i-rentacar<\/a> propose la solution id\u00e9ale adapt\u00e9e \u00e0 vos besoins.<\/p>\n<h3 style=\"text-align: center;\"><strong>Un large choix de v\u00e9hicules<\/strong><\/h3>\n<p><a href=\"https:\/\/www.i-rentacar.com\/\">i-rentacar<\/a> propose une vaste gamme de v\u00e9hicules pour r\u00e9pondre \u00e0 toutes les exigences. Des petites voitures \u00e9conomiques pour vos d\u00e9placements urbains aux SUV de luxe et minibus 9 places pour les familles ou les grands groupes, l\u2019entreprise dispose du v\u00e9hicule parfait pour chaque occasion.<\/p>\n<p>Tous nos v\u00e9hicules sont modernes, parfaitement entretenus et \u00e9quip\u00e9s des derni\u00e8res technologies pour garantir confort et s\u00e9curit\u00e9. De plus, i-rentacar offre des v\u00e9hicules avec transmission automatique ou manuelle, ainsi que des options de motorisation essence, diesel ou hybride, afin de s\u2019adapter \u00e0 vos pr\u00e9f\u00e9rences.<\/p>\n<\/div>\n<\/div>\n<\/div>\n<\/div>\n<\/div>\n<\/div>\n<\/div><div class=\"fusion-image-element \" style=\"text-align:center;--awb-caption-title-font-family:var(--h2_typography-font-family);--awb-caption-title-font-weight:var(--h2_typography-font-weight);--awb-caption-title-font-style:var(--h2_typography-font-style);--awb-caption-title-size:var(--h2_typography-font-size);--awb-caption-title-transform:var(--h2_typography-text-transform);--awb-caption-title-line-height:var(--h2_typography-line-height);--awb-caption-title-letter-spacing:var(--h2_typography-letter-spacing);\"><span class=\" fusion-imageframe imageframe-none imageframe-1 hover-type-none\"><img decoding=\"async\" width=\"600\" height=\"300\" alt=\"\u0395\u03bd\u03bf\u03b9\u03ba\u03af\u03b1\u03c3\u03b7 \u03b1\u03c5\u03c4\u03bf\u03ba\u03b9\u03bd\u03ae\u03c4\u03bf\u03c5 \u03c3\u03c4\u03bf \u0391\u03b5\u03c1\u03bf\u03b4\u03c1\u03cc\u03bc\u03b9\u03bf \u0398\u03b5\u03c3\u03c3\u03b1\u03bb\u03bf\u03bd\u03af\u03ba\u03b7\u03c2\" title=\"\u0391\u03b5\u03c1\u03bf\u03b4\u03c1\u03cc\u03bc\u03b9\u03bf-\u0398\u03b5\u03c3\u03c3\u03b1\u03bb\u03bf\u03bd\u03af\u03ba\u03b7\u03c2\" src=\"https:\/\/www.i-rentacar.com\/wp-content\/uploads\/2024\/12\/\u0391\u03b5\u03c1\u03bf\u03b4\u03c1\u03cc\u03bc\u03b9\u03bf-\u0398\u03b5\u03c3\u03c3\u03b1\u03bb\u03bf\u03bd\u03af\u03ba\u03b7\u03c2.jpg\" data-orig-src=\"https:\/\/www.i-rentacar.com\/wp-content\/uploads\/2024\/12\/\u0391\u03b5\u03c1\u03bf\u03b4\u03c1\u03cc\u03bc\u03b9\u03bf-\u0398\u03b5\u03c3\u03c3\u03b1\u03bb\u03bf\u03bd\u03af\u03ba\u03b7\u03c2.jpg\" class=\"lazyload img-responsive wp-image-8779\" srcset=\"data:image\/svg+xml,%3Csvg%20xmlns%3D%27http%3A%2F%2Fwww.w3.org%2F2000%2Fsvg%27%20width%3D%27600%27%20height%3D%27300%27%20viewBox%3D%270%200%20600%20300%27%3E%3Crect%20width%3D%27600%27%20height%3D%27300%27%20fill-opacity%3D%220%22%2F%3E%3C%2Fsvg%3E\" data-srcset=\"https:\/\/www.i-rentacar.com\/wp-content\/uploads\/2024\/12\/\u0391\u03b5\u03c1\u03bf\u03b4\u03c1\u03cc\u03bc\u03b9\u03bf-\u0398\u03b5\u03c3\u03c3\u03b1\u03bb\u03bf\u03bd\u03af\u03ba\u03b7\u03c2-200x100.jpg 200w, https:\/\/www.i-rentacar.com\/wp-content\/uploads\/2024\/12\/\u0391\u03b5\u03c1\u03bf\u03b4\u03c1\u03cc\u03bc\u03b9\u03bf-\u0398\u03b5\u03c3\u03c3\u03b1\u03bb\u03bf\u03bd\u03af\u03ba\u03b7\u03c2-400x200.jpg 400w, https:\/\/www.i-rentacar.com\/wp-content\/uploads\/2024\/12\/\u0391\u03b5\u03c1\u03bf\u03b4\u03c1\u03cc\u03bc\u03b9\u03bf-\u0398\u03b5\u03c3\u03c3\u03b1\u03bb\u03bf\u03bd\u03af\u03ba\u03b7\u03c2.jpg 600w\" data-sizes=\"auto\" data-orig-sizes=\"(max-width: 640px) 100vw, 600px\" \/><\/span><\/div><div class=\"fusion-text fusion-text-2\"><h3 style=\"text-align: center;\"><strong>Service Rapide \u00e0 l\u2019A\u00e9roport<\/strong><\/h3>\n<p>Notre emplacement pr\u00e8s de l\u2019a\u00e9roport de Mac\u00e9doine rend la prise en charge et le retour du v\u00e9hicule extr\u00eamement simples et rapides. D\u00e8s votre arriv\u00e9e \u00e0 l\u2019a\u00e9roport, notre \u00e9quipe est pr\u00eate \u00e0 vous accueillir et \u00e0 vous remettre le v\u00e9hicule que vous avez choisi, sans aucun retard. Pour votre commodit\u00e9, nous offrons \u00e9galement un service de livraison et de retour de voiture directement \u00e0 l\u2019a\u00e9roport, sans frais suppl\u00e9mentaires.<\/p>\n<p>Si vous avez un autre point de d\u00e9part, tel qu\u2019un h\u00f4tel ou un autre lieu \u00e0 Thessalonique, i-rentacar offre la possibilit\u00e9 de livrer le v\u00e9hicule l\u00e0 o\u00f9 cela vous convient, en adaptant nos services \u00e0 vos besoins.<\/p>\n<h3 style=\"text-align: center;\"><strong>Formules de Location Flexibles<\/strong><\/h3>\n<p>Chez <a href=\"https:\/\/www.i-rentacar.com\/\">i-rentacar<\/a>, nous comprenons que chaque client a des besoins diff\u00e9rents. C\u2019est pourquoi nous proposons des formules de location flexibles, que ce soit pour quelques heures ou pour plusieurs jours. Que vous ayez besoin d\u2019une voiture pour une br\u00e8ve r\u00e9union professionnelle ou pour des vacances prolong\u00e9es, vous trouverez le forfait id\u00e9al \u00e0 des prix comp\u00e9titifs.<\/p>\n<p>De plus, nous offrons des promotions et des remises pour les locations de longue dur\u00e9e, tandis que les entreprises peuvent b\u00e9n\u00e9ficier d\u2019accords sp\u00e9ciaux pour des flottes de v\u00e9hicules.<\/p>\n<\/div><div class=\"fusion-image-element \" style=\"text-align:center;--awb-caption-title-font-family:var(--h2_typography-font-family);--awb-caption-title-font-weight:var(--h2_typography-font-weight);--awb-caption-title-font-style:var(--h2_typography-font-style);--awb-caption-title-size:var(--h2_typography-font-size);--awb-caption-title-transform:var(--h2_typography-text-transform);--awb-caption-title-line-height:var(--h2_typography-line-height);--awb-caption-title-letter-spacing:var(--h2_typography-letter-spacing);\"><span class=\" fusion-imageframe imageframe-none imageframe-2 hover-type-none\"><img decoding=\"async\" width=\"600\" height=\"300\" alt=\"\u0395\u03bd\u03bf\u03b9\u03ba\u03af\u03b1\u03c3\u03b7 \u03b1\u03c5\u03c4\u03bf\u03ba\u03b9\u03bd\u03ae\u03c4\u03bf\u03c5 \u0391\u03b5\u03c1\u03bf\u03b4\u03c1\u03cc\u03bc\u03b9\u03bf \u0398\u03b5\u03c3\u03c3\u03b1\u03bb\u03bf\u03bd\u03af\u03ba\u03b7\u03c2 \" title=\"thess\" src=\"https:\/\/www.i-rentacar.com\/wp-content\/uploads\/2024\/12\/thess.jpg\" data-orig-src=\"https:\/\/www.i-rentacar.com\/wp-content\/uploads\/2024\/12\/thess.jpg\" class=\"lazyload img-responsive wp-image-8784\" srcset=\"data:image\/svg+xml,%3Csvg%20xmlns%3D%27http%3A%2F%2Fwww.w3.org%2F2000%2Fsvg%27%20width%3D%27600%27%20height%3D%27300%27%20viewBox%3D%270%200%20600%20300%27%3E%3Crect%20width%3D%27600%27%20height%3D%27300%27%20fill-opacity%3D%220%22%2F%3E%3C%2Fsvg%3E\" data-srcset=\"https:\/\/www.i-rentacar.com\/wp-content\/uploads\/2024\/12\/thess-200x100.jpg 200w, https:\/\/www.i-rentacar.com\/wp-content\/uploads\/2024\/12\/thess-400x200.jpg 400w, https:\/\/www.i-rentacar.com\/wp-content\/uploads\/2024\/12\/thess.jpg 600w\" data-sizes=\"auto\" data-orig-sizes=\"(max-width: 640px) 100vw, 600px\" \/><\/span><\/div><div class=\"fusion-text fusion-text-3\"><h3 style=\"text-align: center;\"><strong>Services Avanc\u00e9s et \u00c9quipements<\/strong><\/h3>\n<p><a href=\"https:\/\/www.i-rentacar.com\/\"><strong>i-rentacar<\/strong><\/a> ne se contente pas de proposer la location de voitures, mais offre \u00e9galement une gamme de services suppl\u00e9mentaires pour rendre votre voyage encore plus confortable. Nous proposons :<\/p>\n<ul>\n<li>Des dispositifs GPS pour une navigation facile.<\/li>\n<li>Des si\u00e8ges pour enfants pour un transport s\u00e9curis\u00e9 des jeunes passagers.<\/li>\n<li>Des packs d&rsquo;assurances couvrant tous vos besoins pour une conduite sans souci.<\/li>\n<\/ul>\n<p>De plus, nous sommes disponibles 24h\/24 et 7j\/7 pour toute question ou assistance dont vous pourriez avoir besoin pendant la location.<\/p>\n<h3 style=\"text-align: center;\"><strong>Pourquoi Choisir <a href=\"https:\/\/www.i-rentacar.com\/\">i-rentacar<\/a> ?<\/strong><\/h3>\n<ul>\n<li><strong>Prix Comp\u00e9titifs<\/strong> : Nous offrons les meilleurs prix du march\u00e9, sans frais cach\u00e9s.<\/li>\n<li><strong>Facilit\u00e9 et Rapidit\u00e9<\/strong> : Gr\u00e2ce \u00e0 une proc\u00e9dure de r\u00e9servation simple, vous pouvez avoir votre voiture pr\u00eate en quelques minutes.<\/li>\n<li><strong>Service Client<\/strong> : Notre \u00e9quipe est toujours pr\u00eate \u00e0 vous servir avec professionnalisme et courtoisie.<\/li>\n<li><strong>V\u00e9hicules S\u00e9curis\u00e9s<\/strong> : Tous nos v\u00e9hicules subissent des contr\u00f4les r\u00e9guliers pour garantir votre s\u00e9curit\u00e9.<\/li>\n<\/ul>\n<\/div><div class=\"fusion-image-element \" style=\"text-align:center;--awb-caption-title-font-family:var(--h2_typography-font-family);--awb-caption-title-font-weight:var(--h2_typography-font-weight);--awb-caption-title-font-style:var(--h2_typography-font-style);--awb-caption-title-size:var(--h2_typography-font-size);--awb-caption-title-transform:var(--h2_typography-text-transform);--awb-caption-title-line-height:var(--h2_typography-line-height);--awb-caption-title-letter-spacing:var(--h2_typography-letter-spacing);\"><span class=\" fusion-imageframe imageframe-none imageframe-3 hover-type-none\"><img decoding=\"async\" width=\"600\" height=\"300\" alt=\"\u0395\u03bd\u03bf\u03b9\u03ba\u03af\u03b1\u03c3\u03b7 \u03b1\u03c5\u03c4\u03bf\u03ba\u03b9\u03bd\u03ae\u03c4\u03bf\u03c5 \u0391\u03b5\u03c1\u03bf\u03b4\u03c1\u03cc\u03bc\u03b9\u03bf \u0398\u03b5\u03c3\u03c3\u03b1\u03bb\u03bf\u03bd\u03af\u03ba\u03b7\u03c2\" title=\"thes1\" src=\"https:\/\/www.i-rentacar.com\/wp-content\/uploads\/2024\/12\/thes1.jpg\" data-orig-src=\"https:\/\/www.i-rentacar.com\/wp-content\/uploads\/2024\/12\/thes1.jpg\" class=\"lazyload img-responsive wp-image-8789\" srcset=\"data:image\/svg+xml,%3Csvg%20xmlns%3D%27http%3A%2F%2Fwww.w3.org%2F2000%2Fsvg%27%20width%3D%27600%27%20height%3D%27300%27%20viewBox%3D%270%200%20600%20300%27%3E%3Crect%20width%3D%27600%27%20height%3D%27300%27%20fill-opacity%3D%220%22%2F%3E%3C%2Fsvg%3E\" data-srcset=\"https:\/\/www.i-rentacar.com\/wp-content\/uploads\/2024\/12\/thes1-200x100.jpg 200w, https:\/\/www.i-rentacar.com\/wp-content\/uploads\/2024\/12\/thes1-400x200.jpg 400w, https:\/\/www.i-rentacar.com\/wp-content\/uploads\/2024\/12\/thes1.jpg 600w\" data-sizes=\"auto\" data-orig-sizes=\"(max-width: 640px) 100vw, 600px\" \/><\/span><\/div><div class=\"fusion-text fusion-text-4\"><h3 style=\"text-align: center;\"><strong>D\u00e9couvrez Thessalonique et ses Environs<\/strong><\/h3>\n<p>Avec une voiture de <a href=\"https:\/\/www.i-rentacar.com\/\"><strong>i-rentacar<\/strong><\/a>, vous pouvez explorer Thessalonique et ses environs en tout confort. D\u00e9couvrez les monuments de la ville, tels que la Tour Blanche, la vieille ville (\u0386\u03bd\u03c9 \u03a0\u03cc\u03bb\u03b7) et l&rsquo;Agora Romaine. Ensuite, partez \u00e0 la d\u00e9couverte des attractions proches, comme les plages de Chalcidique ou le Mont Olympe.<\/p>\n<p>Votre v\u00e9hicule vous offrira la flexibilit\u00e9 de vous d\u00e9placer librement, sans d\u00e9pendre des transports en commun ou des horaires limit\u00e9s.<\/p>\n<h3 style=\"text-align: center;\"><strong>R\u00e9servez Votre V\u00e9hicule Aujourd&rsquo;hui<\/strong><\/h3>\n<p>Visitez notre site web ou contactez notre \u00e9quipe pour effectuer votre r\u00e9servation facilement et rapidement. Avec <a href=\"https:\/\/www.i-rentacar.com\/\"><strong>i-rentacar<\/strong><\/a>, la location de voiture pr\u00e8s de l\u2019a\u00e9roport de Thessalonique devient une proc\u00e9dure simple et fiable, vous garantissant une exp\u00e9rience de d\u00e9placement fluide et confortable.<\/p>\n<p>Nous vous attendons pour rendre votre voyage plus facile et agr\u00e9able !<\/p>\n<\/div><div class=\"fusion-text fusion-text-5\"><p><iframe style=\"border: 0;\" src=\"https:\/\/www.google.com\/maps\/embed?pb=!1m18!1m12!1m3!1d3032.8047158285835!2d22.973800175832846!3d40.52380727142253!2m3!1f0!2f0!3f0!3m2!1i1024!2i768!4f13.1!3m3!1m2!1s0x14a83fdc5465de29%3A0x7d30fcf00959c0dc!2zzpHOtc-Bzr_OtM-Bz4zOvM65zr8gzpjOtc-Dz4POsc67zr_Ovc6vzrrOt8-CIMKrzpzOsc66zrXOtM6_zr3Or86xwrs!5e0!3m2!1sel!2sgr!4v1735477605942!5m2!1sel!2sgr\" width=\"1250\" height=\"450\" allowfullscreen=\"allowfullscreen\" data-mce-fragment=\"1\"><span data-mce-type=\"bookmark\" style=\"display: inline-block; width: 0px; overflow: hidden; line-height: 0;\" class=\"mce_SELRES_start\">\ufeff<\/span><span data-mce-type=\"bookmark\" style=\"display: inline-block; width: 0px; overflow: hidden; line-height: 0;\" class=\"mce_SELRES_start\">\ufeff<\/span><span data-mce-type=\"bookmark\" style=\"display: inline-block; width: 0px; overflow: hidden; line-height: 0;\" class=\"mce_SELRES_start\">\ufeff<\/span><\/iframe><\/p>\n<\/div><\/div><\/div><\/div><\/div>\n","protected":false},"excerpt":{"rendered":"","protected":false},"author":1,"featured_media":0,"parent":0,"menu_order":0,"comment_status":"closed","ping_status":"closed","template":"100-width.php","meta":{"footnotes":""},"class_list":["post-8965","page","type-page","status-publish","hentry"],"yoast_head":"<!-- This site is optimized with the Yoast SEO plugin v27.0 - https:\/\/yoast.com\/product\/yoast-seo-wordpress\/ -->\n<title>Location de voiture \u00e0 l&#039;a\u00e9roport de Thessalonique | i-rentacar.com<\/title>\n<meta name=\"robots\" content=\"index, follow, max-snippet:-1, max-image-preview:large, max-video-preview:-1\" \/>\n<link rel=\"canonical\" href=\"https:\/\/www.i-rentacar.com\/fr\/location-de-voiture-a-laeroport-de-thessalonique\/\" \/>\n<meta property=\"og:locale\" content=\"fr_FR\" \/>\n<meta property=\"og:type\" content=\"article\" \/>\n<meta property=\"og:title\" content=\"Location de voiture \u00e0 l&#039;a\u00e9roport de Thessalonique | i-rentacar.com\" \/>\n<meta property=\"og:url\" content=\"https:\/\/www.i-rentacar.com\/fr\/location-de-voiture-a-laeroport-de-thessalonique\/\" \/>\n<meta property=\"og:site_name\" content=\"i-rentacar.com\" \/>\n<meta property=\"article:modified_time\" content=\"2024-12-29T16:05:49+00:00\" \/>\n<meta name=\"twitter:card\" content=\"summary_large_image\" \/>\n<meta name=\"twitter:label1\" content=\"Dur\u00e9e de lecture estim\u00e9e\" \/>\n\t<meta name=\"twitter:data1\" content=\"15 minutes\" \/>\n<script type=\"application\/ld+json\" class=\"yoast-schema-graph\">{\"@context\":\"https:\/\/schema.org\",\"@graph\":[{\"@type\":\"WebPage\",\"@id\":\"https:\/\/www.i-rentacar.com\/fr\/location-de-voiture-a-laeroport-de-thessalonique\/\",\"url\":\"https:\/\/www.i-rentacar.com\/fr\/location-de-voiture-a-laeroport-de-thessalonique\/\",\"name\":\"Location de voiture \u00e0 l'a\u00e9roport de Thessalonique | i-rentacar.com\",\"isPartOf\":{\"@id\":\"https:\/\/www.i-rentacar.com\/fr\/#website\"},\"datePublished\":\"2024-12-28T16:33:13+00:00\",\"dateModified\":\"2024-12-29T16:05:49+00:00\",\"breadcrumb\":{\"@id\":\"https:\/\/www.i-rentacar.com\/fr\/location-de-voiture-a-laeroport-de-thessalonique\/#breadcrumb\"},\"inLanguage\":\"fr-FR\",\"potentialAction\":[{\"@type\":\"ReadAction\",\"target\":[\"https:\/\/www.i-rentacar.com\/fr\/location-de-voiture-a-laeroport-de-thessalonique\/\"]}]},{\"@type\":\"BreadcrumbList\",\"@id\":\"https:\/\/www.i-rentacar.com\/fr\/location-de-voiture-a-laeroport-de-thessalonique\/#breadcrumb\",\"itemListElement\":[{\"@type\":\"ListItem\",\"position\":1,\"name\":\"Home\",\"item\":\"https:\/\/www.i-rentacar.com\/fr\/\"},{\"@type\":\"ListItem\",\"position\":2,\"name\":\"Location de voiture \u00e0 l&#8217;a\u00e9roport de Thessalonique\"}]},{\"@type\":\"WebSite\",\"@id\":\"https:\/\/www.i-rentacar.com\/fr\/#website\",\"url\":\"https:\/\/www.i-rentacar.com\/fr\/\",\"name\":\"i-rentacar.com\",\"description\":\"\u0395\u03bd\u03bf\u03b9\u03ba\u03b9\u03ac\u03c3\u03b5\u03b9\u03c2 \u0391\u03c5\u03c4\u03bf\u03ba\u03b9\u03bd\u03ae\u03c4\u03c9\u03bd \u0398\u03b5\u03c3\u03c3\u03b1\u03bb\u03bf\u03bd\u03af\u03ba\u03b7 minivan suv \u03b1\u03b5\u03c1\u03bf\u03b4\u03c1\u03cc\u03bc\u03b9\u03bf \u0398\u03b5\u03c3\u03c3\u03b1\u03bb\u03bf\u03bd\u03af\u03ba\u03b7, \u03b5\u03bd\u03bf\u03b9\u03ba\u03b9\u03ac\u03c3\u03b5\u03b9\u03c2 van \u0398\u03b5\u03c3\u03c3\u03b1\u03bb\u03bf\u03bd\u03af\u03ba\u03b7 \u03a7\u03b1\u03bb\u03ba\u03b9\u03b4\u03b9\u03ba\u03ae, rent a car Thessaloniki airport skg\",\"publisher\":{\"@id\":\"https:\/\/www.i-rentacar.com\/fr\/#organization\"},\"potentialAction\":[{\"@type\":\"SearchAction\",\"target\":{\"@type\":\"EntryPoint\",\"urlTemplate\":\"https:\/\/www.i-rentacar.com\/fr\/?s={search_term_string}\"},\"query-input\":{\"@type\":\"PropertyValueSpecification\",\"valueRequired\":true,\"valueName\":\"search_term_string\"}}],\"inLanguage\":\"fr-FR\"},{\"@type\":\"Organization\",\"@id\":\"https:\/\/www.i-rentacar.com\/fr\/#organization\",\"name\":\"i-rentacar.com\",\"url\":\"https:\/\/www.i-rentacar.com\/fr\/\",\"logo\":{\"@type\":\"ImageObject\",\"inLanguage\":\"fr-FR\",\"@id\":\"https:\/\/www.i-rentacar.com\/fr\/#\/schema\/logo\/image\/\",\"url\":\"https:\/\/www.i-rentacar.com\/wp-content\/uploads\/2021\/08\/logo-i-rentacar-com-3.png\",\"contentUrl\":\"https:\/\/www.i-rentacar.com\/wp-content\/uploads\/2021\/08\/logo-i-rentacar-com-3.png\",\"width\":383,\"height\":150,\"caption\":\"i-rentacar.com\"},\"image\":{\"@id\":\"https:\/\/www.i-rentacar.com\/fr\/#\/schema\/logo\/image\/\"}}]}<\/script>\n<!-- \/ Yoast SEO plugin. -->","yoast_head_json":{"title":"Location de voiture \u00e0 l'a\u00e9roport de Thessalonique | i-rentacar.com","robots":{"index":"index","follow":"follow","max-snippet":"max-snippet:-1","max-image-preview":"max-image-preview:large","max-video-preview":"max-video-preview:-1"},"canonical":"https:\/\/www.i-rentacar.com\/fr\/location-de-voiture-a-laeroport-de-thessalonique\/","og_locale":"fr_FR","og_type":"article","og_title":"Location de voiture \u00e0 l'a\u00e9roport de Thessalonique | i-rentacar.com","og_url":"https:\/\/www.i-rentacar.com\/fr\/location-de-voiture-a-laeroport-de-thessalonique\/","og_site_name":"i-rentacar.com","article_modified_time":"2024-12-29T16:05:49+00:00","twitter_card":"summary_large_image","twitter_misc":{"Dur\u00e9e de lecture estim\u00e9e":"15 minutes"},"schema":{"@context":"https:\/\/schema.org","@graph":[{"@type":"WebPage","@id":"https:\/\/www.i-rentacar.com\/fr\/location-de-voiture-a-laeroport-de-thessalonique\/","url":"https:\/\/www.i-rentacar.com\/fr\/location-de-voiture-a-laeroport-de-thessalonique\/","name":"Location de voiture \u00e0 l'a\u00e9roport de Thessalonique | i-rentacar.com","isPartOf":{"@id":"https:\/\/www.i-rentacar.com\/fr\/#website"},"datePublished":"2024-12-28T16:33:13+00:00","dateModified":"2024-12-29T16:05:49+00:00","breadcrumb":{"@id":"https:\/\/www.i-rentacar.com\/fr\/location-de-voiture-a-laeroport-de-thessalonique\/#breadcrumb"},"inLanguage":"fr-FR","potentialAction":[{"@type":"ReadAction","target":["https:\/\/www.i-rentacar.com\/fr\/location-de-voiture-a-laeroport-de-thessalonique\/"]}]},{"@type":"BreadcrumbList","@id":"https:\/\/www.i-rentacar.com\/fr\/location-de-voiture-a-laeroport-de-thessalonique\/#breadcrumb","itemListElement":[{"@type":"ListItem","position":1,"name":"Home","item":"https:\/\/www.i-rentacar.com\/fr\/"},{"@type":"ListItem","position":2,"name":"Location de voiture \u00e0 l&#8217;a\u00e9roport de Thessalonique"}]},{"@type":"WebSite","@id":"https:\/\/www.i-rentacar.com\/fr\/#website","url":"https:\/\/www.i-rentacar.com\/fr\/","name":"i-rentacar.com","description":"\u0395\u03bd\u03bf\u03b9\u03ba\u03b9\u03ac\u03c3\u03b5\u03b9\u03c2 \u0391\u03c5\u03c4\u03bf\u03ba\u03b9\u03bd\u03ae\u03c4\u03c9\u03bd \u0398\u03b5\u03c3\u03c3\u03b1\u03bb\u03bf\u03bd\u03af\u03ba\u03b7 minivan suv \u03b1\u03b5\u03c1\u03bf\u03b4\u03c1\u03cc\u03bc\u03b9\u03bf \u0398\u03b5\u03c3\u03c3\u03b1\u03bb\u03bf\u03bd\u03af\u03ba\u03b7, \u03b5\u03bd\u03bf\u03b9\u03ba\u03b9\u03ac\u03c3\u03b5\u03b9\u03c2 van \u0398\u03b5\u03c3\u03c3\u03b1\u03bb\u03bf\u03bd\u03af\u03ba\u03b7 \u03a7\u03b1\u03bb\u03ba\u03b9\u03b4\u03b9\u03ba\u03ae, rent a car Thessaloniki airport skg","publisher":{"@id":"https:\/\/www.i-rentacar.com\/fr\/#organization"},"potentialAction":[{"@type":"SearchAction","target":{"@type":"EntryPoint","urlTemplate":"https:\/\/www.i-rentacar.com\/fr\/?s={search_term_string}"},"query-input":{"@type":"PropertyValueSpecification","valueRequired":true,"valueName":"search_term_string"}}],"inLanguage":"fr-FR"},{"@type":"Organization","@id":"https:\/\/www.i-rentacar.com\/fr\/#organization","name":"i-rentacar.com","url":"https:\/\/www.i-rentacar.com\/fr\/","logo":{"@type":"ImageObject","inLanguage":"fr-FR","@id":"https:\/\/www.i-rentacar.com\/fr\/#\/schema\/logo\/image\/","url":"https:\/\/www.i-rentacar.com\/wp-content\/uploads\/2021\/08\/logo-i-rentacar-com-3.png","contentUrl":"https:\/\/www.i-rentacar.com\/wp-content\/uploads\/2021\/08\/logo-i-rentacar-com-3.png","width":383,"height":150,"caption":"i-rentacar.com"},"image":{"@id":"https:\/\/www.i-rentacar.com\/fr\/#\/schema\/logo\/image\/"}}]}},"_links":{"self":[{"href":"https:\/\/www.i-rentacar.com\/fr\/wp-json\/wp\/v2\/pages\/8965","targetHints":{"allow":["GET"]}}],"collection":[{"href":"https:\/\/www.i-rentacar.com\/fr\/wp-json\/wp\/v2\/pages"}],"about":[{"href":"https:\/\/www.i-rentacar.com\/fr\/wp-json\/wp\/v2\/types\/page"}],"author":[{"embeddable":true,"href":"https:\/\/www.i-rentacar.com\/fr\/wp-json\/wp\/v2\/users\/1"}],"replies":[{"embeddable":true,"href":"https:\/\/www.i-rentacar.com\/fr\/wp-json\/wp\/v2\/comments?post=8965"}],"version-history":[{"count":2,"href":"https:\/\/www.i-rentacar.com\/fr\/wp-json\/wp\/v2\/pages\/8965\/revisions"}],"predecessor-version":[{"id":8967,"href":"https:\/\/www.i-rentacar.com\/fr\/wp-json\/wp\/v2\/pages\/8965\/revisions\/8967"}],"wp:attachment":[{"href":"https:\/\/www.i-rentacar.com\/fr\/wp-json\/wp\/v2\/media?parent=8965"}],"curies":[{"name":"wp","href":"https:\/\/api.w.org\/{rel}","templated":true}]}}