{"id":6643,"date":"2022-01-25T19:53:25","date_gmt":"2022-01-25T17:53:25","guid":{"rendered":"https:\/\/www.i-rentacar.com\/service-de-location-de-voiture-avec-chauffeur-2\/"},"modified":"2023-11-04T19:18:03","modified_gmt":"2023-11-04T17:18:03","slug":"service-de-location-de-voiture-avec-chauffeur-2","status":"publish","type":"page","link":"https:\/\/www.i-rentacar.com\/fr\/service-de-location-de-voiture-avec-chauffeur-2\/","title":{"rendered":"Service de transfert et de location de voitures avec chauffeur \u00e0 Thessalonique"},"content":{"rendered":"<div class=\"fusion-fullwidth fullwidth-box fusion-builder-row-1 fusion-flex-container nonhundred-percent-fullwidth non-hundred-percent-height-scrolling\" style=\"--awb-border-radius-top-left:0px;--awb-border-radius-top-right:0px;--awb-border-radius-bottom-right:0px;--awb-border-radius-bottom-left:0px;--awb-flex-wrap:wrap;\" ><div class=\"fusion-builder-row fusion-row fusion-flex-align-items-flex-start fusion-flex-content-wrap\" style=\"max-width:1300px;margin-left: calc(-4% \/ 2 );margin-right: calc(-4% \/ 2 );\"><div class=\"fusion-layout-column fusion_builder_column fusion-builder-column-0 fusion_builder_column_1_1 1_1 fusion-flex-column\" style=\"--awb-bg-size:cover;--awb-width-large:100%;--awb-margin-top-large:0px;--awb-spacing-right-large:1.92%;--awb-margin-bottom-large:20px;--awb-spacing-left-large:1.92%;--awb-width-medium:100%;--awb-order-medium:0;--awb-spacing-right-medium:1.92%;--awb-spacing-left-medium:1.92%;--awb-width-small:100%;--awb-order-small:0;--awb-spacing-right-small:1.92%;--awb-spacing-left-small:1.92%;\"><div class=\"fusion-column-wrapper fusion-column-has-shadow fusion-flex-justify-content-flex-start fusion-content-layout-column\"><div class=\"fusion-text fusion-text-1\" style=\"--awb-font-size:18px;\"><p><strong>Location de voiture avec chauffeur \u00e0 Thessalonique &#8211; Un service de transport fiable et flexible<\/strong><\/p>\n<p>Vous \u00eates \u00e0 la recherche d&rsquo;un service de transfert fiable \u00e0 Thessalonique ? Notre \u00e9quipe de chauffeurs professionnels est l\u00e0 pour vous aider \u00e0 arriver \u00e0 destination rapidement et confortablement. Que vous arriviez de l&rsquo;a\u00e9roport, du port ou de la gare routi\u00e8re, ou que vous recherchiez un transfert depuis votre lieu de r\u00e9sidence \u00e0 Thessalonique, nous r\u00e9pondons \u00e0 tous vos besoins pour un transfert confortable.<\/p>\n<p>Notre flotte moderne offre toutes les commodit\u00e9s dont vous avez besoin, y compris la climatisation, le Wi-Fi et beaucoup d&rsquo;espace pour les jambes, ce qui vous garantit un voyage confortable. Nos guides bien inform\u00e9s sont pr\u00eats \u00e0 vous sugg\u00e9rer les meilleurs endroits \u00e0 visiter et les meilleures activit\u00e9s \u00e0 faire pendant votre s\u00e9jour \u00e0 Thessalonique.<\/p>\n<p>Nous proposons \u00e9galement des horaires d&rsquo;enl\u00e8vement et de livraison flexibles pour s&rsquo;adapter \u00e0 votre emploi du temps. Nous effectuons \u00e9galement des transferts vers des destinations en dehors de Thessalonique, couvrant toute la Gr\u00e8ce et l&rsquo;Europe.<\/p>\n<p>Ne perdez pas votre temps et votre \u00e9nergie \u00e0 chercher les transports publics. Choisissez notre service pour un transport fiable et confortable vers toutes les destinations que vous souhaitez visiter. Contactez-nous d\u00e8s aujourd&rsquo;hui pour r\u00e9server votre transfert et profiter d&rsquo;une exp\u00e9rience de voyage confortable \u00e0 Thessalonique.<\/p>\n<\/div><div class=\"fusion-text fusion-text-2\"><h4>Service de location de voiture avec chauffeur | Chauffeur | Transfert \u00e0 Thessalonique<\/h4>\n<\/div><\/div><\/div><div class=\"fusion-layout-column fusion_builder_column fusion-builder-column-1 fusion_builder_column_2_5 2_5 fusion-flex-column\" style=\"--awb-bg-size:cover;--awb-width-large:40%;--awb-margin-top-large:0px;--awb-spacing-right-large:4.8%;--awb-margin-bottom-large:20px;--awb-spacing-left-large:4.8%;--awb-width-medium:40%;--awb-order-medium:0;--awb-spacing-right-medium:4.8%;--awb-spacing-left-medium:4.8%;--awb-width-small:100%;--awb-order-small:0;--awb-spacing-right-small:1.92%;--awb-spacing-left-small:1.92%;\"><div class=\"fusion-column-wrapper fusion-column-has-shadow fusion-flex-justify-content-flex-start fusion-content-layout-column\"><div class=\"fusion-image-element \" style=\"--awb-caption-title-font-family:var(--h2_typography-font-family);--awb-caption-title-font-weight:var(--h2_typography-font-weight);--awb-caption-title-font-style:var(--h2_typography-font-style);--awb-caption-title-size:var(--h2_typography-font-size);--awb-caption-title-transform:var(--h2_typography-text-transform);--awb-caption-title-line-height:var(--h2_typography-line-height);--awb-caption-title-letter-spacing:var(--h2_typography-letter-spacing);\"><span class=\" fusion-imageframe imageframe-none imageframe-1 hover-type-none\"><img decoding=\"async\" width=\"644\" height=\"425\" alt=\"Service de location de voitures avec chauffeur\" src=\"https:\/\/www.i-rentacar.com\/wp-content\/uploads\/2022\/02\/transfer-11.jpg\" data-orig-src=\"https:\/\/www.i-rentacar.com\/wp-content\/uploads\/2022\/02\/transfer-11.jpg\" class=\"lazyload img-responsive wp-image-4291\" srcset=\"data:image\/svg+xml,%3Csvg%20xmlns%3D%27http%3A%2F%2Fwww.w3.org%2F2000%2Fsvg%27%20width%3D%27644%27%20height%3D%27425%27%20viewBox%3D%270%200%20644%20425%27%3E%3Crect%20width%3D%27644%27%20height%3D%27425%27%20fill-opacity%3D%220%22%2F%3E%3C%2Fsvg%3E\" data-srcset=\"https:\/\/www.i-rentacar.com\/wp-content\/uploads\/2022\/02\/transfer-11-200x132.jpg 200w, https:\/\/www.i-rentacar.com\/wp-content\/uploads\/2022\/02\/transfer-11-400x264.jpg 400w, https:\/\/www.i-rentacar.com\/wp-content\/uploads\/2022\/02\/transfer-11-600x396.jpg 600w, https:\/\/www.i-rentacar.com\/wp-content\/uploads\/2022\/02\/transfer-11.jpg 644w\" data-sizes=\"auto\" data-orig-sizes=\"(max-width: 640px) 100vw, 600px\" \/><\/span><\/div><\/div><\/div><div class=\"fusion-layout-column fusion_builder_column fusion-builder-column-2 fusion_builder_column_3_5 3_5 fusion-flex-column\" style=\"--awb-bg-size:cover;--awb-width-large:60%;--awb-margin-top-large:0px;--awb-spacing-right-large:3.2%;--awb-margin-bottom-large:20px;--awb-spacing-left-large:3.2%;--awb-width-medium:60%;--awb-order-medium:0;--awb-spacing-right-medium:3.2%;--awb-spacing-left-medium:3.2%;--awb-width-small:100%;--awb-order-small:0;--awb-spacing-right-small:1.92%;--awb-spacing-left-small:1.92%;\"><div class=\"fusion-column-wrapper fusion-column-has-shadow fusion-flex-justify-content-flex-start fusion-content-layout-column\"><div class=\"fusion-text fusion-text-3\" style=\"--awb-font-size:18px;\"><p><strong>Transfert | Transferts vers et depuis l&rsquo;a\u00e9roport<\/strong><\/p>\n<div class=\"fusion-separator fusion-full-width-sep\" style=\"align-self: flex-start;margin-right:auto;width:100%;\"><div class=\"fusion-separator-border sep-single sep-solid\" style=\"--awb-height:20px;--awb-amount:20px;--awb-sep-color:#cca43d;border-color:#CCA43D;border-top-width:35px;\"><\/div><\/div>\n<p>i-rentacar propose un service fiable de location de voiture avec chauffeur et de transfert \u00e0 l&rsquo;a\u00e9roport \u00ab\u00a0Macedonia\u00a0\u00bb de Thessalonique. Choisissez-nous et laissez derri\u00e8re vous tous les probl\u00e8mes li\u00e9s au d\u00e9m\u00e9nagement vers votre h\u00f4tel ou toute autre destination. Laissez-nous nous occuper des d\u00e9tails et profitez simplement de votre voyage dans le calme et le confort.<\/p>\n<\/div><\/div><\/div><div class=\"fusion-layout-column fusion_builder_column fusion-builder-column-3 fusion_builder_column_2_5 2_5 fusion-flex-column\" style=\"--awb-bg-size:cover;--awb-width-large:40%;--awb-margin-top-large:0px;--awb-spacing-right-large:4.8%;--awb-margin-bottom-large:20px;--awb-spacing-left-large:4.8%;--awb-width-medium:40%;--awb-order-medium:0;--awb-spacing-right-medium:4.8%;--awb-spacing-left-medium:4.8%;--awb-width-small:100%;--awb-order-small:0;--awb-spacing-right-small:1.92%;--awb-spacing-left-small:1.92%;\"><div class=\"fusion-column-wrapper fusion-column-has-shadow fusion-flex-justify-content-flex-start fusion-content-layout-column\"><div class=\"fusion-image-element \" style=\"--awb-caption-title-font-family:var(--h2_typography-font-family);--awb-caption-title-font-weight:var(--h2_typography-font-weight);--awb-caption-title-font-style:var(--h2_typography-font-style);--awb-caption-title-size:var(--h2_typography-font-size);--awb-caption-title-transform:var(--h2_typography-text-transform);--awb-caption-title-line-height:var(--h2_typography-line-height);--awb-caption-title-letter-spacing:var(--h2_typography-letter-spacing);\"><span class=\" fusion-imageframe imageframe-none imageframe-2 hover-type-none\"><img decoding=\"async\" width=\"644\" height=\"425\" alt=\"Transferts | Transfert V.I.P.\" src=\"https:\/\/www.i-rentacar.com\/wp-content\/uploads\/2022\/02\/transfer-12.jpg\" data-orig-src=\"https:\/\/www.i-rentacar.com\/wp-content\/uploads\/2022\/02\/transfer-12.jpg\" class=\"lazyload img-responsive wp-image-4301\" srcset=\"data:image\/svg+xml,%3Csvg%20xmlns%3D%27http%3A%2F%2Fwww.w3.org%2F2000%2Fsvg%27%20width%3D%27644%27%20height%3D%27425%27%20viewBox%3D%270%200%20644%20425%27%3E%3Crect%20width%3D%27644%27%20height%3D%27425%27%20fill-opacity%3D%220%22%2F%3E%3C%2Fsvg%3E\" data-srcset=\"https:\/\/www.i-rentacar.com\/wp-content\/uploads\/2022\/02\/transfer-12-200x132.jpg 200w, https:\/\/www.i-rentacar.com\/wp-content\/uploads\/2022\/02\/transfer-12-400x264.jpg 400w, https:\/\/www.i-rentacar.com\/wp-content\/uploads\/2022\/02\/transfer-12-600x396.jpg 600w, https:\/\/www.i-rentacar.com\/wp-content\/uploads\/2022\/02\/transfer-12.jpg 644w\" data-sizes=\"auto\" data-orig-sizes=\"(max-width: 640px) 100vw, 600px\" \/><\/span><\/div><\/div><\/div><div class=\"fusion-layout-column fusion_builder_column fusion-builder-column-4 fusion_builder_column_3_5 3_5 fusion-flex-column\" style=\"--awb-bg-size:cover;--awb-width-large:60%;--awb-margin-top-large:0px;--awb-spacing-right-large:3.2%;--awb-margin-bottom-large:20px;--awb-spacing-left-large:3.2%;--awb-width-medium:60%;--awb-order-medium:0;--awb-spacing-right-medium:3.2%;--awb-spacing-left-medium:3.2%;--awb-width-small:100%;--awb-order-small:0;--awb-spacing-right-small:1.92%;--awb-spacing-left-small:1.92%;\"><div class=\"fusion-column-wrapper fusion-column-has-shadow fusion-flex-justify-content-flex-start fusion-content-layout-column\"><div class=\"fusion-text fusion-text-4\" style=\"--awb-font-size:18px;\"><p><strong>Transferts | Transferts V.I.P.<\/strong><\/p>\n<div class=\"fusion-separator fusion-full-width-sep\" style=\"align-self: flex-start;margin-right:auto;width:100%;\"><div class=\"fusion-separator-border sep-single sep-solid\" style=\"--awb-height:20px;--awb-amount:20px;--awb-sep-color:#cca43d;border-color:#CCA43D;border-top-width:35px;\"><\/div><\/div>\n<p>Choisissez notre soci\u00e9t\u00e9 pour la location de voitures \u00e0 Thessalonique. Choisissez le v\u00e9hicule de luxe que vous souhaitez avec un chauffeur professionnel. Le transfert de la personne VIP que vous souhaitez se fait dans un confort, une s\u00e9curit\u00e9 et une s\u00fbret\u00e9 absolus.<\/p>\n<\/div><\/div><\/div><div class=\"fusion-layout-column fusion_builder_column fusion-builder-column-5 fusion_builder_column_2_5 2_5 fusion-flex-column\" style=\"--awb-bg-size:cover;--awb-width-large:40%;--awb-margin-top-large:0px;--awb-spacing-right-large:4.8%;--awb-margin-bottom-large:20px;--awb-spacing-left-large:4.8%;--awb-width-medium:40%;--awb-order-medium:0;--awb-spacing-right-medium:4.8%;--awb-spacing-left-medium:4.8%;--awb-width-small:100%;--awb-order-small:0;--awb-spacing-right-small:1.92%;--awb-spacing-left-small:1.92%;\"><div class=\"fusion-column-wrapper fusion-column-has-shadow fusion-flex-justify-content-flex-start fusion-content-layout-column\"><div class=\"fusion-image-element \" style=\"--awb-caption-title-font-family:var(--h2_typography-font-family);--awb-caption-title-font-weight:var(--h2_typography-font-weight);--awb-caption-title-font-style:var(--h2_typography-font-style);--awb-caption-title-size:var(--h2_typography-font-size);--awb-caption-title-transform:var(--h2_typography-text-transform);--awb-caption-title-line-height:var(--h2_typography-line-height);--awb-caption-title-letter-spacing:var(--h2_typography-letter-spacing);\"><span class=\" fusion-imageframe imageframe-none imageframe-3 hover-type-none\"><img decoding=\"async\" width=\"644\" height=\"425\" alt=\"Transferts | Transferts vers et depuis le port\" src=\"https:\/\/www.i-rentacar.com\/wp-content\/uploads\/2022\/02\/transfer-13.jpg\" data-orig-src=\"https:\/\/www.i-rentacar.com\/wp-content\/uploads\/2022\/02\/transfer-13.jpg\" class=\"lazyload img-responsive wp-image-4296\" srcset=\"data:image\/svg+xml,%3Csvg%20xmlns%3D%27http%3A%2F%2Fwww.w3.org%2F2000%2Fsvg%27%20width%3D%27644%27%20height%3D%27425%27%20viewBox%3D%270%200%20644%20425%27%3E%3Crect%20width%3D%27644%27%20height%3D%27425%27%20fill-opacity%3D%220%22%2F%3E%3C%2Fsvg%3E\" data-srcset=\"https:\/\/www.i-rentacar.com\/wp-content\/uploads\/2022\/02\/transfer-13-200x132.jpg 200w, https:\/\/www.i-rentacar.com\/wp-content\/uploads\/2022\/02\/transfer-13-400x264.jpg 400w, https:\/\/www.i-rentacar.com\/wp-content\/uploads\/2022\/02\/transfer-13-600x396.jpg 600w, https:\/\/www.i-rentacar.com\/wp-content\/uploads\/2022\/02\/transfer-13.jpg 644w\" data-sizes=\"auto\" data-orig-sizes=\"(max-width: 640px) 100vw, 600px\" \/><\/span><\/div><\/div><\/div><div class=\"fusion-layout-column fusion_builder_column fusion-builder-column-6 fusion_builder_column_3_5 3_5 fusion-flex-column\" style=\"--awb-bg-size:cover;--awb-width-large:60%;--awb-margin-top-large:0px;--awb-spacing-right-large:3.2%;--awb-margin-bottom-large:20px;--awb-spacing-left-large:3.2%;--awb-width-medium:60%;--awb-order-medium:0;--awb-spacing-right-medium:3.2%;--awb-spacing-left-medium:3.2%;--awb-width-small:100%;--awb-order-small:0;--awb-spacing-right-small:1.92%;--awb-spacing-left-small:1.92%;\"><div class=\"fusion-column-wrapper fusion-column-has-shadow fusion-flex-justify-content-flex-start fusion-content-layout-column\"><div class=\"fusion-text fusion-text-5\" style=\"--awb-font-size:18px;\"><p><strong>Transferts | Transferts vers et depuis le port<\/strong><\/p>\n<div class=\"fusion-separator fusion-full-width-sep\" style=\"align-self: flex-start;margin-right:auto;width:100%;\"><div class=\"fusion-separator-border sep-single sep-solid\" style=\"--awb-height:20px;--awb-amount:20px;--awb-sep-color:#cca43d;border-color:#CCA43D;border-top-width:35px;\"><\/div><\/div>\n<p>Louez la voiture de votre choix dans le port de Thessalonique gr\u00e2ce \u00e0 i-rentacar. Choisissez le service de location de voiture avec un chauffeur professionnel et votre transfert du port \u00e0 votre destination devient plus relaxant que jamais.<\/p>\n<\/div><\/div><\/div><\/div><\/div>\n","protected":false},"excerpt":{"rendered":"","protected":false},"author":1,"featured_media":4176,"parent":0,"menu_order":0,"comment_status":"closed","ping_status":"closed","template":"100-width.php","meta":{"footnotes":""},"class_list":["post-6643","page","type-page","status-publish","has-post-thumbnail","hentry"],"yoast_head":"<!-- This site is optimized with the Yoast SEO plugin v27.0 - https:\/\/yoast.com\/product\/yoast-seo-wordpress\/ -->\n<title>Service de transfert et de location de voitures avec chauffeur<\/title>\n<meta name=\"description\" content=\"Service de transfert et de location de voitures avec chauffeur \u00e0 Thessalonique - Transfert en Gr\u00e8ce et dans toute l&#039;Europe. T\u00e9l. +30 231 700 3 400\" \/>\n<meta name=\"robots\" content=\"index, follow, max-snippet:-1, max-image-preview:large, max-video-preview:-1\" \/>\n<link rel=\"canonical\" href=\"https:\/\/www.i-rentacar.com\/fr\/service-de-location-de-voiture-avec-chauffeur-2\/\" \/>\n<meta property=\"og:locale\" content=\"fr_FR\" \/>\n<meta property=\"og:type\" content=\"article\" \/>\n<meta property=\"og:title\" content=\"Service de transfert et de location de voitures avec chauffeur\" \/>\n<meta property=\"og:description\" content=\"Service de transfert et de location de voitures avec chauffeur \u00e0 Thessalonique - Transfert en Gr\u00e8ce et dans toute l&#039;Europe. T\u00e9l. +30 231 700 3 400\" \/>\n<meta property=\"og:url\" content=\"https:\/\/www.i-rentacar.com\/fr\/service-de-location-de-voiture-avec-chauffeur-2\/\" \/>\n<meta property=\"og:site_name\" content=\"i-rentacar.com\" \/>\n<meta property=\"article:modified_time\" content=\"2023-11-04T17:18:03+00:00\" \/>\n<meta property=\"og:image\" content=\"https:\/\/www.i-rentacar.com\/wp-content\/uploads\/2022\/01\/thessaloniki-6.webp\" \/>\n\t<meta property=\"og:image:width\" content=\"1800\" \/>\n\t<meta property=\"og:image:height\" content=\"400\" \/>\n\t<meta property=\"og:image:type\" content=\"image\/webp\" \/>\n<meta name=\"twitter:card\" content=\"summary_large_image\" \/>\n<meta name=\"twitter:label1\" content=\"Dur\u00e9e de lecture estim\u00e9e\" \/>\n\t<meta name=\"twitter:data1\" content=\"11 minutes\" \/>\n<script type=\"application\/ld+json\" class=\"yoast-schema-graph\">{\"@context\":\"https:\/\/schema.org\",\"@graph\":[{\"@type\":\"WebPage\",\"@id\":\"https:\/\/www.i-rentacar.com\/fr\/service-de-location-de-voiture-avec-chauffeur-2\/\",\"url\":\"https:\/\/www.i-rentacar.com\/fr\/service-de-location-de-voiture-avec-chauffeur-2\/\",\"name\":\"Service de transfert et de location de voitures avec chauffeur\",\"isPartOf\":{\"@id\":\"https:\/\/www.i-rentacar.com\/fr\/#website\"},\"primaryImageOfPage\":{\"@id\":\"https:\/\/www.i-rentacar.com\/fr\/service-de-location-de-voiture-avec-chauffeur-2\/#primaryimage\"},\"image\":{\"@id\":\"https:\/\/www.i-rentacar.com\/fr\/service-de-location-de-voiture-avec-chauffeur-2\/#primaryimage\"},\"thumbnailUrl\":\"https:\/\/www.i-rentacar.com\/wp-content\/uploads\/2022\/01\/thessaloniki-6.webp\",\"datePublished\":\"2022-01-25T17:53:25+00:00\",\"dateModified\":\"2023-11-04T17:18:03+00:00\",\"description\":\"Service de transfert et de location de voitures avec chauffeur \u00e0 Thessalonique - Transfert en Gr\u00e8ce et dans toute l'Europe. T\u00e9l. +30 231 700 3 400\",\"breadcrumb\":{\"@id\":\"https:\/\/www.i-rentacar.com\/fr\/service-de-location-de-voiture-avec-chauffeur-2\/#breadcrumb\"},\"inLanguage\":\"fr-FR\",\"potentialAction\":[{\"@type\":\"ReadAction\",\"target\":[\"https:\/\/www.i-rentacar.com\/fr\/service-de-location-de-voiture-avec-chauffeur-2\/\"]}]},{\"@type\":\"ImageObject\",\"inLanguage\":\"fr-FR\",\"@id\":\"https:\/\/www.i-rentacar.com\/fr\/service-de-location-de-voiture-avec-chauffeur-2\/#primaryimage\",\"url\":\"https:\/\/www.i-rentacar.com\/wp-content\/uploads\/2022\/01\/thessaloniki-6.webp\",\"contentUrl\":\"https:\/\/www.i-rentacar.com\/wp-content\/uploads\/2022\/01\/thessaloniki-6.webp\",\"width\":1800,\"height\":400,\"caption\":\"\u03a5\u03c0\u03b7\u03c1\u03b5\u03c3\u03af\u03b1 \u0395\u03bd\u03bf\u03b9\u03ba\u03af\u03b1\u03c3\u03b7 \u0391\u03c5\u03c4\u03bf\u03ba\u03b9\u03bd\u03ae\u03c4\u03bf\u03c5 \u03bc\u03b5 \u039f\u03b4\u03b7\u03b3\u03cc | Transfer\"},{\"@type\":\"BreadcrumbList\",\"@id\":\"https:\/\/www.i-rentacar.com\/fr\/service-de-location-de-voiture-avec-chauffeur-2\/#breadcrumb\",\"itemListElement\":[{\"@type\":\"ListItem\",\"position\":1,\"name\":\"Home\",\"item\":\"https:\/\/www.i-rentacar.com\/fr\/\"},{\"@type\":\"ListItem\",\"position\":2,\"name\":\"Service de transfert et de location de voitures avec chauffeur \u00e0 Thessalonique\"}]},{\"@type\":\"WebSite\",\"@id\":\"https:\/\/www.i-rentacar.com\/fr\/#website\",\"url\":\"https:\/\/www.i-rentacar.com\/fr\/\",\"name\":\"i-rentacar.com\",\"description\":\"\u0395\u03bd\u03bf\u03b9\u03ba\u03b9\u03ac\u03c3\u03b5\u03b9\u03c2 \u0391\u03c5\u03c4\u03bf\u03ba\u03b9\u03bd\u03ae\u03c4\u03c9\u03bd \u0398\u03b5\u03c3\u03c3\u03b1\u03bb\u03bf\u03bd\u03af\u03ba\u03b7 minivan suv \u03b1\u03b5\u03c1\u03bf\u03b4\u03c1\u03cc\u03bc\u03b9\u03bf \u0398\u03b5\u03c3\u03c3\u03b1\u03bb\u03bf\u03bd\u03af\u03ba\u03b7, \u03b5\u03bd\u03bf\u03b9\u03ba\u03b9\u03ac\u03c3\u03b5\u03b9\u03c2 van \u0398\u03b5\u03c3\u03c3\u03b1\u03bb\u03bf\u03bd\u03af\u03ba\u03b7 \u03a7\u03b1\u03bb\u03ba\u03b9\u03b4\u03b9\u03ba\u03ae, rent a car Thessaloniki airport skg\",\"publisher\":{\"@id\":\"https:\/\/www.i-rentacar.com\/fr\/#organization\"},\"potentialAction\":[{\"@type\":\"SearchAction\",\"target\":{\"@type\":\"EntryPoint\",\"urlTemplate\":\"https:\/\/www.i-rentacar.com\/fr\/?s={search_term_string}\"},\"query-input\":{\"@type\":\"PropertyValueSpecification\",\"valueRequired\":true,\"valueName\":\"search_term_string\"}}],\"inLanguage\":\"fr-FR\"},{\"@type\":\"Organization\",\"@id\":\"https:\/\/www.i-rentacar.com\/fr\/#organization\",\"name\":\"i-rentacar.com\",\"url\":\"https:\/\/www.i-rentacar.com\/fr\/\",\"logo\":{\"@type\":\"ImageObject\",\"inLanguage\":\"fr-FR\",\"@id\":\"https:\/\/www.i-rentacar.com\/fr\/#\/schema\/logo\/image\/\",\"url\":\"https:\/\/www.i-rentacar.com\/wp-content\/uploads\/2021\/08\/logo-i-rentacar-com-3.png\",\"contentUrl\":\"https:\/\/www.i-rentacar.com\/wp-content\/uploads\/2021\/08\/logo-i-rentacar-com-3.png\",\"width\":383,\"height\":150,\"caption\":\"i-rentacar.com\"},\"image\":{\"@id\":\"https:\/\/www.i-rentacar.com\/fr\/#\/schema\/logo\/image\/\"}}]}<\/script>\n<!-- \/ Yoast SEO plugin. -->","yoast_head_json":{"title":"Service de transfert et de location de voitures avec chauffeur","description":"Service de transfert et de location de voitures avec chauffeur \u00e0 Thessalonique - Transfert en Gr\u00e8ce et dans toute l'Europe. T\u00e9l. +30 231 700 3 400","robots":{"index":"index","follow":"follow","max-snippet":"max-snippet:-1","max-image-preview":"max-image-preview:large","max-video-preview":"max-video-preview:-1"},"canonical":"https:\/\/www.i-rentacar.com\/fr\/service-de-location-de-voiture-avec-chauffeur-2\/","og_locale":"fr_FR","og_type":"article","og_title":"Service de transfert et de location de voitures avec chauffeur","og_description":"Service de transfert et de location de voitures avec chauffeur \u00e0 Thessalonique - Transfert en Gr\u00e8ce et dans toute l'Europe. T\u00e9l. +30 231 700 3 400","og_url":"https:\/\/www.i-rentacar.com\/fr\/service-de-location-de-voiture-avec-chauffeur-2\/","og_site_name":"i-rentacar.com","article_modified_time":"2023-11-04T17:18:03+00:00","og_image":[{"width":1800,"height":400,"url":"https:\/\/www.i-rentacar.com\/wp-content\/uploads\/2022\/01\/thessaloniki-6.webp","type":"image\/webp"}],"twitter_card":"summary_large_image","twitter_misc":{"Dur\u00e9e de lecture estim\u00e9e":"11 minutes"},"schema":{"@context":"https:\/\/schema.org","@graph":[{"@type":"WebPage","@id":"https:\/\/www.i-rentacar.com\/fr\/service-de-location-de-voiture-avec-chauffeur-2\/","url":"https:\/\/www.i-rentacar.com\/fr\/service-de-location-de-voiture-avec-chauffeur-2\/","name":"Service de transfert et de location de voitures avec chauffeur","isPartOf":{"@id":"https:\/\/www.i-rentacar.com\/fr\/#website"},"primaryImageOfPage":{"@id":"https:\/\/www.i-rentacar.com\/fr\/service-de-location-de-voiture-avec-chauffeur-2\/#primaryimage"},"image":{"@id":"https:\/\/www.i-rentacar.com\/fr\/service-de-location-de-voiture-avec-chauffeur-2\/#primaryimage"},"thumbnailUrl":"https:\/\/www.i-rentacar.com\/wp-content\/uploads\/2022\/01\/thessaloniki-6.webp","datePublished":"2022-01-25T17:53:25+00:00","dateModified":"2023-11-04T17:18:03+00:00","description":"Service de transfert et de location de voitures avec chauffeur \u00e0 Thessalonique - Transfert en Gr\u00e8ce et dans toute l'Europe. T\u00e9l. +30 231 700 3 400","breadcrumb":{"@id":"https:\/\/www.i-rentacar.com\/fr\/service-de-location-de-voiture-avec-chauffeur-2\/#breadcrumb"},"inLanguage":"fr-FR","potentialAction":[{"@type":"ReadAction","target":["https:\/\/www.i-rentacar.com\/fr\/service-de-location-de-voiture-avec-chauffeur-2\/"]}]},{"@type":"ImageObject","inLanguage":"fr-FR","@id":"https:\/\/www.i-rentacar.com\/fr\/service-de-location-de-voiture-avec-chauffeur-2\/#primaryimage","url":"https:\/\/www.i-rentacar.com\/wp-content\/uploads\/2022\/01\/thessaloniki-6.webp","contentUrl":"https:\/\/www.i-rentacar.com\/wp-content\/uploads\/2022\/01\/thessaloniki-6.webp","width":1800,"height":400,"caption":"\u03a5\u03c0\u03b7\u03c1\u03b5\u03c3\u03af\u03b1 \u0395\u03bd\u03bf\u03b9\u03ba\u03af\u03b1\u03c3\u03b7 \u0391\u03c5\u03c4\u03bf\u03ba\u03b9\u03bd\u03ae\u03c4\u03bf\u03c5 \u03bc\u03b5 \u039f\u03b4\u03b7\u03b3\u03cc | Transfer"},{"@type":"BreadcrumbList","@id":"https:\/\/www.i-rentacar.com\/fr\/service-de-location-de-voiture-avec-chauffeur-2\/#breadcrumb","itemListElement":[{"@type":"ListItem","position":1,"name":"Home","item":"https:\/\/www.i-rentacar.com\/fr\/"},{"@type":"ListItem","position":2,"name":"Service de transfert et de location de voitures avec chauffeur \u00e0 Thessalonique"}]},{"@type":"WebSite","@id":"https:\/\/www.i-rentacar.com\/fr\/#website","url":"https:\/\/www.i-rentacar.com\/fr\/","name":"i-rentacar.com","description":"\u0395\u03bd\u03bf\u03b9\u03ba\u03b9\u03ac\u03c3\u03b5\u03b9\u03c2 \u0391\u03c5\u03c4\u03bf\u03ba\u03b9\u03bd\u03ae\u03c4\u03c9\u03bd \u0398\u03b5\u03c3\u03c3\u03b1\u03bb\u03bf\u03bd\u03af\u03ba\u03b7 minivan suv \u03b1\u03b5\u03c1\u03bf\u03b4\u03c1\u03cc\u03bc\u03b9\u03bf \u0398\u03b5\u03c3\u03c3\u03b1\u03bb\u03bf\u03bd\u03af\u03ba\u03b7, \u03b5\u03bd\u03bf\u03b9\u03ba\u03b9\u03ac\u03c3\u03b5\u03b9\u03c2 van \u0398\u03b5\u03c3\u03c3\u03b1\u03bb\u03bf\u03bd\u03af\u03ba\u03b7 \u03a7\u03b1\u03bb\u03ba\u03b9\u03b4\u03b9\u03ba\u03ae, rent a car Thessaloniki airport skg","publisher":{"@id":"https:\/\/www.i-rentacar.com\/fr\/#organization"},"potentialAction":[{"@type":"SearchAction","target":{"@type":"EntryPoint","urlTemplate":"https:\/\/www.i-rentacar.com\/fr\/?s={search_term_string}"},"query-input":{"@type":"PropertyValueSpecification","valueRequired":true,"valueName":"search_term_string"}}],"inLanguage":"fr-FR"},{"@type":"Organization","@id":"https:\/\/www.i-rentacar.com\/fr\/#organization","name":"i-rentacar.com","url":"https:\/\/www.i-rentacar.com\/fr\/","logo":{"@type":"ImageObject","inLanguage":"fr-FR","@id":"https:\/\/www.i-rentacar.com\/fr\/#\/schema\/logo\/image\/","url":"https:\/\/www.i-rentacar.com\/wp-content\/uploads\/2021\/08\/logo-i-rentacar-com-3.png","contentUrl":"https:\/\/www.i-rentacar.com\/wp-content\/uploads\/2021\/08\/logo-i-rentacar-com-3.png","width":383,"height":150,"caption":"i-rentacar.com"},"image":{"@id":"https:\/\/www.i-rentacar.com\/fr\/#\/schema\/logo\/image\/"}}]}},"_links":{"self":[{"href":"https:\/\/www.i-rentacar.com\/fr\/wp-json\/wp\/v2\/pages\/6643","targetHints":{"allow":["GET"]}}],"collection":[{"href":"https:\/\/www.i-rentacar.com\/fr\/wp-json\/wp\/v2\/pages"}],"about":[{"href":"https:\/\/www.i-rentacar.com\/fr\/wp-json\/wp\/v2\/types\/page"}],"author":[{"embeddable":true,"href":"https:\/\/www.i-rentacar.com\/fr\/wp-json\/wp\/v2\/users\/1"}],"replies":[{"embeddable":true,"href":"https:\/\/www.i-rentacar.com\/fr\/wp-json\/wp\/v2\/comments?post=6643"}],"version-history":[{"count":27,"href":"https:\/\/www.i-rentacar.com\/fr\/wp-json\/wp\/v2\/pages\/6643\/revisions"}],"predecessor-version":[{"id":8218,"href":"https:\/\/www.i-rentacar.com\/fr\/wp-json\/wp\/v2\/pages\/6643\/revisions\/8218"}],"wp:featuredmedia":[{"embeddable":true,"href":"https:\/\/www.i-rentacar.com\/fr\/wp-json\/wp\/v2\/media\/4176"}],"wp:attachment":[{"href":"https:\/\/www.i-rentacar.com\/fr\/wp-json\/wp\/v2\/media?parent=6643"}],"curies":[{"name":"wp","href":"https:\/\/api.w.org\/{rel}","templated":true}]}}