{"id":6558,"date":"2021-08-08T00:06:13","date_gmt":"2021-08-07T21:06:13","guid":{"rendered":"https:\/\/www.i-rentacar.com\/location-de-mini-van-7-places-9-places-a-thessalonique\/"},"modified":"2022-12-16T19:55:25","modified_gmt":"2022-12-16T17:55:25","slug":"location-de-mini-van-7-places-9-places-a-thessalonique","status":"publish","type":"page","link":"https:\/\/www.i-rentacar.com\/fr\/location-de-mini-van-7-places-9-places-a-thessalonique\/","title":{"rendered":"Location de mini van 7 places 9 places \u00e0 Thessalonique"},"content":{"rendered":"<div class=\"fusion-fullwidth fullwidth-box fusion-builder-row-1 fusion-flex-container nonhundred-percent-fullwidth non-hundred-percent-height-scrolling\" style=\"--awb-border-radius-top-left:0px;--awb-border-radius-top-right:0px;--awb-border-radius-bottom-right:0px;--awb-border-radius-bottom-left:0px;--awb-flex-wrap:wrap;\" ><div class=\"fusion-builder-row fusion-row fusion-flex-align-items-flex-start fusion-flex-content-wrap\" style=\"max-width:1300px;margin-left: calc(-4% \/ 2 );margin-right: calc(-4% \/ 2 );\"><div class=\"fusion-layout-column fusion_builder_column fusion-builder-column-0 fusion_builder_column_1_1 1_1 fusion-flex-column\" style=\"--awb-bg-size:cover;--awb-width-large:100%;--awb-margin-top-large:0px;--awb-spacing-right-large:0%;--awb-margin-bottom-large:20px;--awb-spacing-left-large:0%;--awb-width-medium:100%;--awb-order-medium:0;--awb-spacing-right-medium:0%;--awb-spacing-left-medium:0%;--awb-width-small:100%;--awb-order-small:0;--awb-spacing-right-small:1.92%;--awb-spacing-left-small:1.92%;\"><div class=\"fusion-column-wrapper fusion-column-has-shadow fusion-flex-justify-content-flex-start fusion-content-layout-column\"><div class=\"fusion-text fusion-text-1\" style=\"--awb-font-size:18px;\"><h1>Location de voiture Minivan<\/h1>\n<h2>mini van 7 places 9 places<\/h2>\n<p>I-rentacar est le choix id\u00e9al pour <strong>louer un mini van<\/strong> \u00e0 l&rsquo;a\u00e9roport de Thessalonique.<\/p>\n<p>En choisissant notre soci\u00e9t\u00e9, vous pouvez louer le mini-van dont vous avez besoin pour vous d\u00e9placer confortablement et tout le n\u00e9cessaire dont vous aurez besoin avec vous.<\/p>\n<p>I-rentacar dispose de nouvelles voitures \u00e0 la pointe de la technologie.<\/p>\n<p>Vous pouvez choisir entre essence, diesel et hybride ainsi qu&rsquo;entre transmission manuelle ou automatique.<\/p>\n<p>Toutes les voitures sont \u00e9quip\u00e9es de climatisation, airbags, vitres \u00e9lectriques et console avec connexion usb, aux et bluetooth.<\/p>\n<\/div><div class=\"fusion-widget fusion-widget-element fusion-widget-area fusion-content-widget-area wpWidget-1 modvikrentcarcars_widget\" style=\"--awb-fusion-border-size:0px;--awb-fusion-border-style:solid;\"><\/div><\/div><\/div><div class=\"fusion-layout-column fusion_builder_column fusion-builder-column-1 fusion_builder_column_2_5 2_5 fusion-flex-column\" style=\"--awb-bg-size:cover;--awb-width-large:40%;--awb-margin-top-large:0px;--awb-spacing-right-large:4.8%;--awb-margin-bottom-large:20px;--awb-spacing-left-large:4.8%;--awb-width-medium:40%;--awb-order-medium:0;--awb-spacing-right-medium:4.8%;--awb-spacing-left-medium:4.8%;--awb-width-small:100%;--awb-order-small:0;--awb-spacing-right-small:1.92%;--awb-spacing-left-small:1.92%;\"><div class=\"fusion-column-wrapper fusion-column-has-shadow fusion-flex-justify-content-flex-start fusion-content-layout-column\"><div class=\"fusion-image-element in-legacy-container\" style=\"--awb-caption-title-font-family:var(--h2_typography-font-family);--awb-caption-title-font-weight:var(--h2_typography-font-weight);--awb-caption-title-font-style:var(--h2_typography-font-style);--awb-caption-title-size:var(--h2_typography-font-size);--awb-caption-title-transform:var(--h2_typography-text-transform);--awb-caption-title-line-height:var(--h2_typography-line-height);--awb-caption-title-letter-spacing:var(--h2_typography-letter-spacing);\"><span class=\" fusion-imageframe imageframe-none imageframe-1 hover-type-none\"><a class=\"fusion-no-lightbox\" href=\"https:\/\/www.i-rentacar.com\/fr\/flotte-rent-a-car\/?mid=18&amp;ch=793fd3f18511dbf435b9e72c36a4e686\" target=\"_self\" aria-label=\"rent a car thessaloniki 7seat cheap billig\"><img decoding=\"async\" width=\"644\" height=\"425\" alt=\"rent a car thessaloniki 7seat cheap billig\" src=\"https:\/\/www.i-rentacar.com\/wp-content\/uploads\/2022\/03\/rent-a-car-thessaloniki-7seat-cheap-billig.png\" data-orig-src=\"https:\/\/www.i-rentacar.com\/wp-content\/uploads\/2022\/03\/rent-a-car-thessaloniki-7seat-cheap-billig.png\" class=\"lazyload img-responsive wp-image-4541\" srcset=\"data:image\/svg+xml,%3Csvg%20xmlns%3D%27http%3A%2F%2Fwww.w3.org%2F2000%2Fsvg%27%20width%3D%27644%27%20height%3D%27425%27%20viewBox%3D%270%200%20644%20425%27%3E%3Crect%20width%3D%27644%27%20height%3D%27425%27%20fill-opacity%3D%220%22%2F%3E%3C%2Fsvg%3E\" data-srcset=\"https:\/\/www.i-rentacar.com\/wp-content\/uploads\/2022\/03\/rent-a-car-thessaloniki-7seat-cheap-billig-200x132.png 200w, https:\/\/www.i-rentacar.com\/wp-content\/uploads\/2022\/03\/rent-a-car-thessaloniki-7seat-cheap-billig-400x264.png 400w, https:\/\/www.i-rentacar.com\/wp-content\/uploads\/2022\/03\/rent-a-car-thessaloniki-7seat-cheap-billig-600x396.png 600w, https:\/\/www.i-rentacar.com\/wp-content\/uploads\/2022\/03\/rent-a-car-thessaloniki-7seat-cheap-billig.png 644w\" data-sizes=\"auto\" data-orig-sizes=\"(max-width: 640px) 100vw, 600px\" \/><\/a><\/span><\/div><\/div><\/div><div class=\"fusion-layout-column fusion_builder_column fusion-builder-column-2 fusion_builder_column_3_5 3_5 fusion-flex-column\" style=\"--awb-bg-size:cover;--awb-width-large:60%;--awb-margin-top-large:0px;--awb-spacing-right-large:3.2%;--awb-margin-bottom-large:20px;--awb-spacing-left-large:3.2%;--awb-width-medium:60%;--awb-order-medium:0;--awb-spacing-right-medium:3.2%;--awb-spacing-left-medium:3.2%;--awb-width-small:100%;--awb-order-small:0;--awb-spacing-right-small:1.92%;--awb-spacing-left-small:1.92%;\"><div class=\"fusion-column-wrapper fusion-column-has-shadow fusion-flex-justify-content-flex-start fusion-content-layout-column\"><div class=\"fusion-text fusion-text-2\" style=\"--awb-font-size:18px;\"><h3><a href=\"https:\/\/www.i-rentacar.com\/fr\/flotte-rent-a-car\/?mid=18&#038;ch=793fd3f18511dbf435b9e72c36a4e686\"><strong>Nissan Evalia 7 pax<\/strong><\/a><\/h3>\n<div class=\"fusion-separator fusion-full-width-sep\" style=\"align-self: flex-start;margin-right:auto;width:100%;\"><div class=\"fusion-separator-border sep-single sep-solid\" style=\"--awb-height:20px;--awb-amount:20px;--awb-sep-color:#cca43d;border-color:#CCA43D;border-top-width:35px;\"><\/div><\/div>\n<p>Un minivan de 7 pax pour les voyages de groupe. Il se distingue par son confort et sa s\u00e9curit\u00e9 pendant le voyage, tout en disposant de suffisamment d&rsquo;espace pour les bagages.<\/p>\n<p>Les espaces de rangement \u00e0 l&rsquo;int\u00e9rieur de l&rsquo;habitacle sont \u00e9galement extr\u00eamement satisfaisants.<\/p>\n<\/div><\/div><\/div><div class=\"fusion-layout-column fusion_builder_column fusion-builder-column-3 fusion_builder_column_2_5 2_5 fusion-flex-column\" style=\"--awb-bg-size:cover;--awb-width-large:40%;--awb-margin-top-large:0px;--awb-spacing-right-large:4.8%;--awb-margin-bottom-large:20px;--awb-spacing-left-large:4.8%;--awb-width-medium:40%;--awb-order-medium:0;--awb-spacing-right-medium:4.8%;--awb-spacing-left-medium:4.8%;--awb-width-small:100%;--awb-order-small:0;--awb-spacing-right-small:1.92%;--awb-spacing-left-small:1.92%;\"><div class=\"fusion-column-wrapper fusion-column-has-shadow fusion-flex-justify-content-flex-start fusion-content-layout-column\"><div class=\"fusion-image-element \" style=\"--awb-caption-title-font-family:var(--h2_typography-font-family);--awb-caption-title-font-weight:var(--h2_typography-font-weight);--awb-caption-title-font-style:var(--h2_typography-font-style);--awb-caption-title-size:var(--h2_typography-font-size);--awb-caption-title-transform:var(--h2_typography-text-transform);--awb-caption-title-line-height:var(--h2_typography-line-height);--awb-caption-title-letter-spacing:var(--h2_typography-letter-spacing);\"><span class=\" fusion-imageframe imageframe-none imageframe-2 hover-type-none\"><a class=\"fusion-no-lightbox\" href=\"https:\/\/www.i-rentacar.com\/fr\/flotte-rent-a-car\/?mid=14&amp;ch=793fd3f18511dbf435b9e72c36a4e686\" target=\"_self\"><img decoding=\"async\" width=\"644\" height=\"425\" alt=\"spacetourer-11\" src=\"https:\/\/www.i-rentacar.com\/wp-content\/uploads\/2022\/02\/spacetourer-11.webp\" data-orig-src=\"https:\/\/www.i-rentacar.com\/wp-content\/uploads\/2022\/02\/spacetourer-11.webp\" class=\"lazyload img-responsive wp-image-4261\" srcset=\"data:image\/svg+xml,%3Csvg%20xmlns%3D%27http%3A%2F%2Fwww.w3.org%2F2000%2Fsvg%27%20width%3D%27644%27%20height%3D%27425%27%20viewBox%3D%270%200%20644%20425%27%3E%3Crect%20width%3D%27644%27%20height%3D%27425%27%20fill-opacity%3D%220%22%2F%3E%3C%2Fsvg%3E\" data-srcset=\"https:\/\/www.i-rentacar.com\/wp-content\/uploads\/2022\/02\/spacetourer-11-200x132.webp 200w, https:\/\/www.i-rentacar.com\/wp-content\/uploads\/2022\/02\/spacetourer-11-400x264.webp 400w, https:\/\/www.i-rentacar.com\/wp-content\/uploads\/2022\/02\/spacetourer-11-600x396.webp 600w, https:\/\/www.i-rentacar.com\/wp-content\/uploads\/2022\/02\/spacetourer-11.webp 644w\" data-sizes=\"auto\" data-orig-sizes=\"(max-width: 640px) 100vw, 600px\" \/><\/a><\/span><\/div><\/div><\/div><div class=\"fusion-layout-column fusion_builder_column fusion-builder-column-4 fusion_builder_column_3_5 3_5 fusion-flex-column\" style=\"--awb-bg-size:cover;--awb-width-large:60%;--awb-margin-top-large:0px;--awb-spacing-right-large:3.2%;--awb-margin-bottom-large:20px;--awb-spacing-left-large:3.2%;--awb-width-medium:60%;--awb-order-medium:0;--awb-spacing-right-medium:3.2%;--awb-spacing-left-medium:3.2%;--awb-width-small:100%;--awb-order-small:0;--awb-spacing-right-small:1.92%;--awb-spacing-left-small:1.92%;\"><div class=\"fusion-column-wrapper fusion-column-has-shadow fusion-flex-justify-content-flex-start fusion-content-layout-column\"><div class=\"fusion-text fusion-text-3\" style=\"--awb-font-size:18px;\"><h3><span style=\"color: #000000;\"><a style=\"color: #000000;\" href=\"https:\/\/www.i-rentacar.com\/fr\/flotte-rent-a-car\/?mid=14&#038;ch=793fd3f18511dbf435b9e72c36a4e686\"><strong>Citroen Spacetourer XL 9 pax<\/strong><\/a><\/span><\/h3>\n<div class=\"fusion-separator fusion-full-width-sep\" style=\"align-self: flex-start;margin-right:auto;width:100%;\"><div class=\"fusion-separator-border sep-single sep-solid\" style=\"--awb-height:20px;--awb-amount:20px;--awb-sep-color:#cca43d;border-color:#CCA43D;border-top-width:35px;\"><\/div><\/div>\n<p>Le mini van fran\u00e7ais 9 places se distingue par la qualit\u00e9 et le confort pendant le voyage.<\/p>\n<p>C&rsquo;est l&rsquo;un des meilleurs mini van de sa cat\u00e9gorie.<\/p>\n<\/div><\/div><\/div><div class=\"fusion-layout-column fusion_builder_column fusion-builder-column-5 fusion_builder_column_2_5 2_5 fusion-flex-column\" style=\"--awb-bg-size:cover;--awb-width-large:40%;--awb-margin-top-large:0px;--awb-spacing-right-large:4.8%;--awb-margin-bottom-large:20px;--awb-spacing-left-large:4.8%;--awb-width-medium:40%;--awb-order-medium:0;--awb-spacing-right-medium:4.8%;--awb-spacing-left-medium:4.8%;--awb-width-small:100%;--awb-order-small:0;--awb-spacing-right-small:1.92%;--awb-spacing-left-small:1.92%;\"><div class=\"fusion-column-wrapper fusion-column-has-shadow fusion-flex-justify-content-flex-start fusion-content-layout-column\"><div class=\"fusion-image-element \" style=\"--awb-caption-title-font-family:var(--h2_typography-font-family);--awb-caption-title-font-weight:var(--h2_typography-font-weight);--awb-caption-title-font-style:var(--h2_typography-font-style);--awb-caption-title-size:var(--h2_typography-font-size);--awb-caption-title-transform:var(--h2_typography-text-transform);--awb-caption-title-line-height:var(--h2_typography-line-height);--awb-caption-title-letter-spacing:var(--h2_typography-letter-spacing);\"><span class=\" fusion-imageframe imageframe-none imageframe-3 hover-type-none\"><a class=\"fusion-no-lightbox\" href=\"https:\/\/www.i-rentacar.com\/fr\/flotte-rent-a-car\/?mid=13&amp;ch=793fd3f18511dbf435b9e72c36a4e686\" target=\"_self\"><img decoding=\"async\" width=\"644\" height=\"425\" alt=\"opel-11\" src=\"https:\/\/www.i-rentacar.com\/wp-content\/uploads\/2022\/02\/opel-11.webp\" data-orig-src=\"https:\/\/www.i-rentacar.com\/wp-content\/uploads\/2022\/02\/opel-11.webp\" class=\"lazyload img-responsive wp-image-4256\" srcset=\"data:image\/svg+xml,%3Csvg%20xmlns%3D%27http%3A%2F%2Fwww.w3.org%2F2000%2Fsvg%27%20width%3D%27644%27%20height%3D%27425%27%20viewBox%3D%270%200%20644%20425%27%3E%3Crect%20width%3D%27644%27%20height%3D%27425%27%20fill-opacity%3D%220%22%2F%3E%3C%2Fsvg%3E\" data-srcset=\"https:\/\/www.i-rentacar.com\/wp-content\/uploads\/2022\/02\/opel-11-200x132.webp 200w, https:\/\/www.i-rentacar.com\/wp-content\/uploads\/2022\/02\/opel-11-400x264.webp 400w, https:\/\/www.i-rentacar.com\/wp-content\/uploads\/2022\/02\/opel-11-600x396.webp 600w, https:\/\/www.i-rentacar.com\/wp-content\/uploads\/2022\/02\/opel-11.webp 644w\" data-sizes=\"auto\" data-orig-sizes=\"(max-width: 640px) 100vw, 600px\" \/><\/a><\/span><\/div><\/div><\/div><div class=\"fusion-layout-column fusion_builder_column fusion-builder-column-6 fusion_builder_column_3_5 3_5 fusion-flex-column\" style=\"--awb-bg-size:cover;--awb-width-large:60%;--awb-margin-top-large:0px;--awb-spacing-right-large:3.2%;--awb-margin-bottom-large:20px;--awb-spacing-left-large:3.2%;--awb-width-medium:60%;--awb-order-medium:0;--awb-spacing-right-medium:3.2%;--awb-spacing-left-medium:3.2%;--awb-width-small:100%;--awb-order-small:0;--awb-spacing-right-small:1.92%;--awb-spacing-left-small:1.92%;\"><div class=\"fusion-column-wrapper fusion-column-has-shadow fusion-flex-justify-content-flex-start fusion-content-layout-column\"><div class=\"fusion-text fusion-text-4\" style=\"--awb-font-size:18px;\"><h3><a href=\"https:\/\/www.i-rentacar.com\/fr\/flotte-rent-a-car\/?mid=13&#038;ch=793fd3f18511dbf435b9e72c36a4e686\"><strong>Opel Vivaro Long 9 pax<\/strong><\/a><\/h3>\n<div class=\"fusion-separator fusion-full-width-sep\" style=\"align-self: flex-start;margin-right:auto;width:100%;\"><div class=\"fusion-separator-border sep-single sep-solid\" style=\"--awb-height:20px;--awb-amount:20px;--awb-sep-color:#cca43d;border-color:#CCA43D;border-top-width:35px;\"><\/div><\/div>\n<p>Un autre top mini van 9 places, qui est l&rsquo;un des meilleurs choix de location de mini van.<\/p>\n<p>Le mini van allemand est un v\u00e9hicule spacieux et confortable, id\u00e9al pour les d\u00e9placements d&rsquo;un grand groupe ou d&rsquo;une famille.<\/p>\n<\/div><\/div><\/div><\/div><\/div>\n","protected":false},"excerpt":{"rendered":"","protected":false},"author":1,"featured_media":8664,"parent":0,"menu_order":0,"comment_status":"closed","ping_status":"closed","template":"","meta":{"footnotes":""},"class_list":["post-6558","page","type-page","status-publish","has-post-thumbnail","hentry"],"yoast_head":"<!-- This site is optimized with the Yoast SEO plugin v27.0 - https:\/\/yoast.com\/product\/yoast-seo-wordpress\/ -->\n<title>Location de voiture Minivan \u2013<\/title>\n<meta name=\"description\" content=\"Location de voiture | Minivan. I-rentacar est le choix id\u00e9al pour louer un mini van \u00e0 l&#039;a\u00e9roport de Thessalonique.\" \/>\n<meta name=\"robots\" content=\"index, follow, max-snippet:-1, max-image-preview:large, max-video-preview:-1\" \/>\n<link rel=\"canonical\" href=\"https:\/\/www.i-rentacar.com\/fr\/location-de-mini-van-7-places-9-places-a-thessalonique\/\" \/>\n<meta property=\"og:locale\" content=\"fr_FR\" \/>\n<meta property=\"og:type\" content=\"article\" \/>\n<meta property=\"og:title\" content=\"Location de voiture Minivan \u2013\" \/>\n<meta property=\"og:description\" content=\"Location de voiture | Minivan. I-rentacar est le choix id\u00e9al pour louer un mini van \u00e0 l&#039;a\u00e9roport de Thessalonique.\" \/>\n<meta property=\"og:url\" content=\"https:\/\/www.i-rentacar.com\/fr\/location-de-mini-van-7-places-9-places-a-thessalonique\/\" \/>\n<meta property=\"og:site_name\" content=\"i-rentacar.com\" \/>\n<meta property=\"article:modified_time\" content=\"2022-12-16T17:55:25+00:00\" \/>\n<meta property=\"og:image\" content=\"https:\/\/www.i-rentacar.com\/wp-content\/uploads\/2022\/03\/rent-a-car-thessaloniki-9-seat-cheap-billig.png\" \/>\n\t<meta property=\"og:image:width\" content=\"1800\" \/>\n\t<meta property=\"og:image:height\" content=\"400\" \/>\n\t<meta property=\"og:image:type\" content=\"image\/png\" \/>\n<meta name=\"twitter:card\" content=\"summary_large_image\" \/>\n<meta name=\"twitter:label1\" content=\"Dur\u00e9e de lecture estim\u00e9e\" \/>\n\t<meta name=\"twitter:data1\" content=\"16 minutes\" \/>\n<script type=\"application\/ld+json\" class=\"yoast-schema-graph\">{\"@context\":\"https:\/\/schema.org\",\"@graph\":[{\"@type\":\"WebPage\",\"@id\":\"https:\/\/www.i-rentacar.com\/fr\/location-de-mini-van-7-places-9-places-a-thessalonique\/\",\"url\":\"https:\/\/www.i-rentacar.com\/fr\/location-de-mini-van-7-places-9-places-a-thessalonique\/\",\"name\":\"Location de voiture Minivan \u2013\",\"isPartOf\":{\"@id\":\"https:\/\/www.i-rentacar.com\/fr\/#website\"},\"primaryImageOfPage\":{\"@id\":\"https:\/\/www.i-rentacar.com\/fr\/location-de-mini-van-7-places-9-places-a-thessalonique\/#primaryimage\"},\"image\":{\"@id\":\"https:\/\/www.i-rentacar.com\/fr\/location-de-mini-van-7-places-9-places-a-thessalonique\/#primaryimage\"},\"thumbnailUrl\":\"https:\/\/www.i-rentacar.com\/wp-content\/uploads\/2024\/12\/\u03c0\u03b5\u03b3\u03b8\u03b5\u03b3.jpg\",\"datePublished\":\"2021-08-07T21:06:13+00:00\",\"dateModified\":\"2022-12-16T17:55:25+00:00\",\"description\":\"Location de voiture | Minivan. I-rentacar est le choix id\u00e9al pour louer un mini van \u00e0 l'a\u00e9roport de Thessalonique.\",\"breadcrumb\":{\"@id\":\"https:\/\/www.i-rentacar.com\/fr\/location-de-mini-van-7-places-9-places-a-thessalonique\/#breadcrumb\"},\"inLanguage\":\"fr-FR\",\"potentialAction\":[{\"@type\":\"ReadAction\",\"target\":[\"https:\/\/www.i-rentacar.com\/fr\/location-de-mini-van-7-places-9-places-a-thessalonique\/\"]}]},{\"@type\":\"ImageObject\",\"inLanguage\":\"fr-FR\",\"@id\":\"https:\/\/www.i-rentacar.com\/fr\/location-de-mini-van-7-places-9-places-a-thessalonique\/#primaryimage\",\"url\":\"https:\/\/www.i-rentacar.com\/wp-content\/uploads\/2024\/12\/\u03c0\u03b5\u03b3\u03b8\u03b5\u03b3.jpg\",\"contentUrl\":\"https:\/\/www.i-rentacar.com\/wp-content\/uploads\/2024\/12\/\u03c0\u03b5\u03b3\u03b8\u03b5\u03b3.jpg\",\"width\":1800,\"height\":500,\"caption\":\"\u0395\u03bd\u03bf\u03b9\u03ba\u03af\u03b1\u03c3\u03b7 \u039c\u03b9\u03bd\u03b9\u03b2\u03b1\u03bd 7&9 \u0398\u03ad\u03c3\u03b5\u03c9\u03bd \u0398\u03b5\u03c3\u03c3\u03b1\u03bb\u03bf\u03bd\u03af\u03ba\u03b7 i-rentacar\"},{\"@type\":\"BreadcrumbList\",\"@id\":\"https:\/\/www.i-rentacar.com\/fr\/location-de-mini-van-7-places-9-places-a-thessalonique\/#breadcrumb\",\"itemListElement\":[{\"@type\":\"ListItem\",\"position\":1,\"name\":\"Home\",\"item\":\"https:\/\/www.i-rentacar.com\/fr\/\"},{\"@type\":\"ListItem\",\"position\":2,\"name\":\"Location de mini van 7 places 9 places \u00e0 Thessalonique\"}]},{\"@type\":\"WebSite\",\"@id\":\"https:\/\/www.i-rentacar.com\/fr\/#website\",\"url\":\"https:\/\/www.i-rentacar.com\/fr\/\",\"name\":\"i-rentacar.com\",\"description\":\"\u0395\u03bd\u03bf\u03b9\u03ba\u03b9\u03ac\u03c3\u03b5\u03b9\u03c2 \u0391\u03c5\u03c4\u03bf\u03ba\u03b9\u03bd\u03ae\u03c4\u03c9\u03bd \u0398\u03b5\u03c3\u03c3\u03b1\u03bb\u03bf\u03bd\u03af\u03ba\u03b7 minivan suv \u03b1\u03b5\u03c1\u03bf\u03b4\u03c1\u03cc\u03bc\u03b9\u03bf \u0398\u03b5\u03c3\u03c3\u03b1\u03bb\u03bf\u03bd\u03af\u03ba\u03b7, \u03b5\u03bd\u03bf\u03b9\u03ba\u03b9\u03ac\u03c3\u03b5\u03b9\u03c2 van \u0398\u03b5\u03c3\u03c3\u03b1\u03bb\u03bf\u03bd\u03af\u03ba\u03b7 \u03a7\u03b1\u03bb\u03ba\u03b9\u03b4\u03b9\u03ba\u03ae, rent a car Thessaloniki airport skg\",\"publisher\":{\"@id\":\"https:\/\/www.i-rentacar.com\/fr\/#organization\"},\"potentialAction\":[{\"@type\":\"SearchAction\",\"target\":{\"@type\":\"EntryPoint\",\"urlTemplate\":\"https:\/\/www.i-rentacar.com\/fr\/?s={search_term_string}\"},\"query-input\":{\"@type\":\"PropertyValueSpecification\",\"valueRequired\":true,\"valueName\":\"search_term_string\"}}],\"inLanguage\":\"fr-FR\"},{\"@type\":\"Organization\",\"@id\":\"https:\/\/www.i-rentacar.com\/fr\/#organization\",\"name\":\"i-rentacar.com\",\"url\":\"https:\/\/www.i-rentacar.com\/fr\/\",\"logo\":{\"@type\":\"ImageObject\",\"inLanguage\":\"fr-FR\",\"@id\":\"https:\/\/www.i-rentacar.com\/fr\/#\/schema\/logo\/image\/\",\"url\":\"https:\/\/www.i-rentacar.com\/wp-content\/uploads\/2021\/08\/logo-i-rentacar-com-3.png\",\"contentUrl\":\"https:\/\/www.i-rentacar.com\/wp-content\/uploads\/2021\/08\/logo-i-rentacar-com-3.png\",\"width\":383,\"height\":150,\"caption\":\"i-rentacar.com\"},\"image\":{\"@id\":\"https:\/\/www.i-rentacar.com\/fr\/#\/schema\/logo\/image\/\"}}]}<\/script>\n<!-- \/ Yoast SEO plugin. -->","yoast_head_json":{"title":"Location de voiture Minivan \u2013","description":"Location de voiture | Minivan. I-rentacar est le choix id\u00e9al pour louer un mini van \u00e0 l'a\u00e9roport de Thessalonique.","robots":{"index":"index","follow":"follow","max-snippet":"max-snippet:-1","max-image-preview":"max-image-preview:large","max-video-preview":"max-video-preview:-1"},"canonical":"https:\/\/www.i-rentacar.com\/fr\/location-de-mini-van-7-places-9-places-a-thessalonique\/","og_locale":"fr_FR","og_type":"article","og_title":"Location de voiture Minivan \u2013","og_description":"Location de voiture | Minivan. I-rentacar est le choix id\u00e9al pour louer un mini van \u00e0 l'a\u00e9roport de Thessalonique.","og_url":"https:\/\/www.i-rentacar.com\/fr\/location-de-mini-van-7-places-9-places-a-thessalonique\/","og_site_name":"i-rentacar.com","article_modified_time":"2022-12-16T17:55:25+00:00","og_image":[{"width":1800,"height":400,"url":"https:\/\/www.i-rentacar.com\/wp-content\/uploads\/2022\/03\/rent-a-car-thessaloniki-9-seat-cheap-billig.png","type":"image\/png"}],"twitter_card":"summary_large_image","twitter_misc":{"Dur\u00e9e de lecture estim\u00e9e":"16 minutes"},"schema":{"@context":"https:\/\/schema.org","@graph":[{"@type":"WebPage","@id":"https:\/\/www.i-rentacar.com\/fr\/location-de-mini-van-7-places-9-places-a-thessalonique\/","url":"https:\/\/www.i-rentacar.com\/fr\/location-de-mini-van-7-places-9-places-a-thessalonique\/","name":"Location de voiture Minivan \u2013","isPartOf":{"@id":"https:\/\/www.i-rentacar.com\/fr\/#website"},"primaryImageOfPage":{"@id":"https:\/\/www.i-rentacar.com\/fr\/location-de-mini-van-7-places-9-places-a-thessalonique\/#primaryimage"},"image":{"@id":"https:\/\/www.i-rentacar.com\/fr\/location-de-mini-van-7-places-9-places-a-thessalonique\/#primaryimage"},"thumbnailUrl":"https:\/\/www.i-rentacar.com\/wp-content\/uploads\/2024\/12\/\u03c0\u03b5\u03b3\u03b8\u03b5\u03b3.jpg","datePublished":"2021-08-07T21:06:13+00:00","dateModified":"2022-12-16T17:55:25+00:00","description":"Location de voiture | Minivan. I-rentacar est le choix id\u00e9al pour louer un mini van \u00e0 l'a\u00e9roport de Thessalonique.","breadcrumb":{"@id":"https:\/\/www.i-rentacar.com\/fr\/location-de-mini-van-7-places-9-places-a-thessalonique\/#breadcrumb"},"inLanguage":"fr-FR","potentialAction":[{"@type":"ReadAction","target":["https:\/\/www.i-rentacar.com\/fr\/location-de-mini-van-7-places-9-places-a-thessalonique\/"]}]},{"@type":"ImageObject","inLanguage":"fr-FR","@id":"https:\/\/www.i-rentacar.com\/fr\/location-de-mini-van-7-places-9-places-a-thessalonique\/#primaryimage","url":"https:\/\/www.i-rentacar.com\/wp-content\/uploads\/2024\/12\/\u03c0\u03b5\u03b3\u03b8\u03b5\u03b3.jpg","contentUrl":"https:\/\/www.i-rentacar.com\/wp-content\/uploads\/2024\/12\/\u03c0\u03b5\u03b3\u03b8\u03b5\u03b3.jpg","width":1800,"height":500,"caption":"\u0395\u03bd\u03bf\u03b9\u03ba\u03af\u03b1\u03c3\u03b7 \u039c\u03b9\u03bd\u03b9\u03b2\u03b1\u03bd 7&9 \u0398\u03ad\u03c3\u03b5\u03c9\u03bd \u0398\u03b5\u03c3\u03c3\u03b1\u03bb\u03bf\u03bd\u03af\u03ba\u03b7 i-rentacar"},{"@type":"BreadcrumbList","@id":"https:\/\/www.i-rentacar.com\/fr\/location-de-mini-van-7-places-9-places-a-thessalonique\/#breadcrumb","itemListElement":[{"@type":"ListItem","position":1,"name":"Home","item":"https:\/\/www.i-rentacar.com\/fr\/"},{"@type":"ListItem","position":2,"name":"Location de mini van 7 places 9 places \u00e0 Thessalonique"}]},{"@type":"WebSite","@id":"https:\/\/www.i-rentacar.com\/fr\/#website","url":"https:\/\/www.i-rentacar.com\/fr\/","name":"i-rentacar.com","description":"\u0395\u03bd\u03bf\u03b9\u03ba\u03b9\u03ac\u03c3\u03b5\u03b9\u03c2 \u0391\u03c5\u03c4\u03bf\u03ba\u03b9\u03bd\u03ae\u03c4\u03c9\u03bd \u0398\u03b5\u03c3\u03c3\u03b1\u03bb\u03bf\u03bd\u03af\u03ba\u03b7 minivan suv \u03b1\u03b5\u03c1\u03bf\u03b4\u03c1\u03cc\u03bc\u03b9\u03bf \u0398\u03b5\u03c3\u03c3\u03b1\u03bb\u03bf\u03bd\u03af\u03ba\u03b7, \u03b5\u03bd\u03bf\u03b9\u03ba\u03b9\u03ac\u03c3\u03b5\u03b9\u03c2 van \u0398\u03b5\u03c3\u03c3\u03b1\u03bb\u03bf\u03bd\u03af\u03ba\u03b7 \u03a7\u03b1\u03bb\u03ba\u03b9\u03b4\u03b9\u03ba\u03ae, rent a car Thessaloniki airport skg","publisher":{"@id":"https:\/\/www.i-rentacar.com\/fr\/#organization"},"potentialAction":[{"@type":"SearchAction","target":{"@type":"EntryPoint","urlTemplate":"https:\/\/www.i-rentacar.com\/fr\/?s={search_term_string}"},"query-input":{"@type":"PropertyValueSpecification","valueRequired":true,"valueName":"search_term_string"}}],"inLanguage":"fr-FR"},{"@type":"Organization","@id":"https:\/\/www.i-rentacar.com\/fr\/#organization","name":"i-rentacar.com","url":"https:\/\/www.i-rentacar.com\/fr\/","logo":{"@type":"ImageObject","inLanguage":"fr-FR","@id":"https:\/\/www.i-rentacar.com\/fr\/#\/schema\/logo\/image\/","url":"https:\/\/www.i-rentacar.com\/wp-content\/uploads\/2021\/08\/logo-i-rentacar-com-3.png","contentUrl":"https:\/\/www.i-rentacar.com\/wp-content\/uploads\/2021\/08\/logo-i-rentacar-com-3.png","width":383,"height":150,"caption":"i-rentacar.com"},"image":{"@id":"https:\/\/www.i-rentacar.com\/fr\/#\/schema\/logo\/image\/"}}]}},"_links":{"self":[{"href":"https:\/\/www.i-rentacar.com\/fr\/wp-json\/wp\/v2\/pages\/6558","targetHints":{"allow":["GET"]}}],"collection":[{"href":"https:\/\/www.i-rentacar.com\/fr\/wp-json\/wp\/v2\/pages"}],"about":[{"href":"https:\/\/www.i-rentacar.com\/fr\/wp-json\/wp\/v2\/types\/page"}],"author":[{"embeddable":true,"href":"https:\/\/www.i-rentacar.com\/fr\/wp-json\/wp\/v2\/users\/1"}],"replies":[{"embeddable":true,"href":"https:\/\/www.i-rentacar.com\/fr\/wp-json\/wp\/v2\/comments?post=6558"}],"version-history":[{"count":6,"href":"https:\/\/www.i-rentacar.com\/fr\/wp-json\/wp\/v2\/pages\/6558\/revisions"}],"predecessor-version":[{"id":7207,"href":"https:\/\/www.i-rentacar.com\/fr\/wp-json\/wp\/v2\/pages\/6558\/revisions\/7207"}],"wp:featuredmedia":[{"embeddable":true,"href":"https:\/\/www.i-rentacar.com\/fr\/wp-json\/wp\/v2\/media\/8664"}],"wp:attachment":[{"href":"https:\/\/www.i-rentacar.com\/fr\/wp-json\/wp\/v2\/media?parent=6558"}],"curies":[{"name":"wp","href":"https:\/\/api.w.org\/{rel}","templated":true}]}}