{"id":6525,"date":"2021-09-03T20:15:22","date_gmt":"2021-09-03T17:15:22","guid":{"rendered":"https:\/\/www.i-rentacar.com\/location-de-voiture-faq\/"},"modified":"2022-06-11T11:21:42","modified_gmt":"2022-06-11T08:21:42","slug":"location-de-voiture-faq","status":"publish","type":"page","link":"https:\/\/www.i-rentacar.com\/fr\/location-de-voiture-faq\/","title":{"rendered":"LOCATION DE VOITURE (FAQ)"},"content":{"rendered":"<div class=\"fusion-fullwidth fullwidth-box fusion-builder-row-1 fusion-flex-container nonhundred-percent-fullwidth non-hundred-percent-height-scrolling\" style=\"--awb-border-radius-top-left:0px;--awb-border-radius-top-right:0px;--awb-border-radius-bottom-right:0px;--awb-border-radius-bottom-left:0px;--awb-flex-wrap:wrap;\" ><div class=\"fusion-builder-row fusion-row fusion-flex-align-items-flex-start fusion-flex-content-wrap\" style=\"max-width:1300px;margin-left: calc(-4% \/ 2 );margin-right: calc(-4% \/ 2 );\"><div class=\"fusion-layout-column fusion_builder_column fusion-builder-column-0 fusion_builder_column_1_1 1_1 fusion-flex-column\" style=\"--awb-bg-size:cover;--awb-width-large:100%;--awb-margin-top-large:0px;--awb-spacing-right-large:1.92%;--awb-margin-bottom-large:20px;--awb-spacing-left-large:1.92%;--awb-width-medium:100%;--awb-order-medium:0;--awb-spacing-right-medium:1.92%;--awb-spacing-left-medium:1.92%;--awb-width-small:100%;--awb-order-small:0;--awb-spacing-right-small:1.92%;--awb-spacing-left-small:1.92%;\"><div class=\"fusion-column-wrapper fusion-column-has-shadow fusion-flex-justify-content-flex-start fusion-content-layout-column\"><div class=\"accordian fusion-accordian\" style=\"--awb-border-size:1px;--awb-icon-size:16px;--awb-content-font-size:var(--awb-typography4-font-size);--awb-icon-alignment:left;--awb-hover-color:#f9f9fb;--awb-border-color:#e2e2e2;--awb-background-color:#ffffff;--awb-divider-color:var(--awb-color3);--awb-divider-hover-color:var(--awb-color3);--awb-icon-color:#ffffff;--awb-title-color:var(--awb-color8);--awb-content-color:var(--awb-color8);--awb-icon-box-color:#212934;--awb-toggle-hover-accent-color:#e10707;--awb-title-font-family:var(--awb-typography1-font-family);--awb-title-font-weight:var(--awb-typography1-font-weight);--awb-title-font-style:var(--awb-typography1-font-style);--awb-title-font-size:24px;--awb-title-line-height:1.36;--awb-content-font-family:var(--awb-typography4-font-family);--awb-content-font-weight:var(--awb-typography4-font-weight);--awb-content-font-style:var(--awb-typography4-font-style);\"><div class=\"panel-group fusion-toggle-icon-boxed\" id=\"accordion-6525-1\"><div class=\"fusion-panel panel-default panel-41788a98046198079 fusion-toggle-no-divider fusion-toggle-boxed-mode\" style=\"--awb-title-color:var(--awb-color8);--awb-content-color:var(--awb-color8);\"><div class=\"panel-heading\"><h4 class=\"panel-title toggle\" id=\"toggle_41788a98046198079\"><a aria-expanded=\"false\" aria-controls=\"41788a98046198079\" role=\"button\" data-toggle=\"collapse\" data-parent=\"#accordion-6525-1\" data-target=\"#41788a98046198079\" href=\"#41788a98046198079\"><span class=\"fusion-toggle-icon-wrapper\" aria-hidden=\"true\"><i class=\"fa-fusion-box active-icon awb-icon-minus\" aria-hidden=\"true\"><\/i><i class=\"fa-fusion-box inactive-icon awb-icon-plus\" aria-hidden=\"true\"><\/i><\/span><span class=\"fusion-toggle-heading\">Dipl\u00f4me requis <\/span><\/a><\/h4><\/div><div id=\"41788a98046198079\" class=\"panel-collapse collapse \" aria-labelledby=\"toggle_41788a98046198079\"><div class=\"panel-body toggle-content fusion-clearfix\">\n<p>Les conducteurs des pays continentaux suivants peuvent avoir un dipl\u00f4me national :<\/p>\n<ul>\n<li>Union europ\u00e9enne<\/li>\n<li>Angleterre<\/li>\n<li>USA<\/li>\n<li>Australie<\/li>\n<li>Norv\u00e8ge<\/li>\n<li>Islande<\/li>\n<li>Liechtenstein<\/li>\n<li>Chine<\/li>\n<li>Gibraltar<\/li>\n<\/ul>\n<p>Pour tous les autres pays, un dipl\u00f4me international et un dipl\u00f4me national sont exig\u00e9s.<\/p>\n<\/div><\/div><\/div><div class=\"fusion-panel panel-default panel-833664d7ecd13f7a0 fusion-toggle-no-divider fusion-toggle-boxed-mode\"><div class=\"panel-heading\"><h4 class=\"panel-title toggle\" id=\"toggle_833664d7ecd13f7a0\"><a aria-expanded=\"false\" aria-controls=\"833664d7ecd13f7a0\" role=\"button\" data-toggle=\"collapse\" data-parent=\"#accordion-6525-1\" data-target=\"#833664d7ecd13f7a0\" href=\"#833664d7ecd13f7a0\"><span class=\"fusion-toggle-icon-wrapper\" aria-hidden=\"true\"><i class=\"fa-fusion-box active-icon awb-icon-minus\" aria-hidden=\"true\"><\/i><i class=\"fa-fusion-box inactive-icon awb-icon-plus\" aria-hidden=\"true\"><\/i><\/span><span class=\"fusion-toggle-heading\">Puis-je louer une voiture chez i-rentacar?<\/span><\/a><\/h4><\/div><div id=\"833664d7ecd13f7a0\" class=\"panel-collapse collapse \" aria-labelledby=\"toggle_833664d7ecd13f7a0\"><div class=\"panel-body toggle-content fusion-clearfix\">\n<p>Vous pouvez louer une voiture chez i-rentacar si vous avez entre 23 et 73 ans et avez un permis de conduire depuis au moins 1 an. Le permis de conduire doit \u00eatre grec, europ\u00e9en et international (INT\/DL)<\/p>\n<\/div><\/div><\/div><div class=\"fusion-panel panel-default panel-d2599edec2602fa12 fusion-toggle-no-divider fusion-toggle-boxed-mode\"><div class=\"panel-heading\"><h4 class=\"panel-title toggle\" id=\"toggle_d2599edec2602fa12\"><a aria-expanded=\"false\" aria-controls=\"d2599edec2602fa12\" role=\"button\" data-toggle=\"collapse\" data-parent=\"#accordion-6525-1\" data-target=\"#d2599edec2602fa12\" href=\"#d2599edec2602fa12\"><span class=\"fusion-toggle-icon-wrapper\" aria-hidden=\"true\"><i class=\"fa-fusion-box active-icon awb-icon-minus\" aria-hidden=\"true\"><\/i><i class=\"fa-fusion-box inactive-icon awb-icon-plus\" aria-hidden=\"true\"><\/i><\/span><span class=\"fusion-toggle-heading\">Comment puis-je r\u00e9server une voiture \u00e0 i-rentacar?<\/span><\/a><\/h4><\/div><div id=\"d2599edec2602fa12\" class=\"panel-collapse collapse \" aria-labelledby=\"toggle_d2599edec2602fa12\"><div class=\"panel-body toggle-content fusion-clearfix\">\n<p>Les r\u00e9servations se font par t\u00e9l\u00e9phone au +30 231 700 3 400 ou par e-mail contact@i-rentacar.com ou en cliquant <a href=\"https:\/\/www.i-rentacar.com\/fr\/location-de-voiture\/\">ICI<\/a><\/p>\n<\/div><\/div><\/div><div class=\"fusion-panel panel-default panel-280c9ca02950eec1c fusion-toggle-no-divider fusion-toggle-boxed-mode\"><div class=\"panel-heading\"><h4 class=\"panel-title toggle\" id=\"toggle_280c9ca02950eec1c\"><a aria-expanded=\"false\" aria-controls=\"280c9ca02950eec1c\" role=\"button\" data-toggle=\"collapse\" data-parent=\"#accordion-6525-1\" data-target=\"#280c9ca02950eec1c\" href=\"#280c9ca02950eec1c\"><span class=\"fusion-toggle-icon-wrapper\" aria-hidden=\"true\"><i class=\"fa-fusion-box active-icon awb-icon-minus\" aria-hidden=\"true\"><\/i><i class=\"fa-fusion-box inactive-icon awb-icon-plus\" aria-hidden=\"true\"><\/i><\/span><span class=\"fusion-toggle-heading\">Ai-je besoin d'un d\u00e9p\u00f4t pour faire une r\u00e9servation?<\/span><\/a><\/h4><\/div><div id=\"280c9ca02950eec1c\" class=\"panel-collapse collapse \" aria-labelledby=\"toggle_280c9ca02950eec1c\"><div class=\"panel-body toggle-content fusion-clearfix\">\n<p>Nous ne demandons une caution que lorsqu&rsquo;il y a peu de disponibilit\u00e9 de v\u00e9hicules \u00e0 louer<\/p>\n<\/div><\/div><\/div><div class=\"fusion-panel panel-default panel-5e5c41c4600a4f6f8 fusion-toggle-no-divider fusion-toggle-boxed-mode\"><div class=\"panel-heading\"><h4 class=\"panel-title toggle\" id=\"toggle_5e5c41c4600a4f6f8\"><a aria-expanded=\"false\" aria-controls=\"5e5c41c4600a4f6f8\" role=\"button\" data-toggle=\"collapse\" data-parent=\"#accordion-6525-1\" data-target=\"#5e5c41c4600a4f6f8\" href=\"#5e5c41c4600a4f6f8\"><span class=\"fusion-toggle-icon-wrapper\" aria-hidden=\"true\"><i class=\"fa-fusion-box active-icon awb-icon-minus\" aria-hidden=\"true\"><\/i><i class=\"fa-fusion-box inactive-icon awb-icon-plus\" aria-hidden=\"true\"><\/i><\/span><span class=\"fusion-toggle-heading\">Modes de paiement du loyer<\/span><\/a><\/h4><\/div><div id=\"5e5c41c4600a4f6f8\" class=\"panel-collapse collapse \" aria-labelledby=\"toggle_5e5c41c4600a4f6f8\"><div class=\"panel-body toggle-content fusion-clearfix\">\n<p>Le paiement s&rsquo;effectue en d\u00e9posant de l&rsquo;argent sur le compte GR 590 1722 0200 0520 2070 849 852 ou par carte de d\u00e9bit\/cr\u00e9dit. Votre nom et votre num\u00e9ro de t\u00e9l\u00e9phone doivent \u00eatre \u00e9crits sur le d\u00e9p\u00f4t.<\/p>\n<\/div><\/div><\/div><div class=\"fusion-panel panel-default panel-acb35058a22a40d72 fusion-toggle-no-divider fusion-toggle-boxed-mode\"><div class=\"panel-heading\"><h4 class=\"panel-title toggle\" id=\"toggle_acb35058a22a40d72\"><a aria-expanded=\"false\" aria-controls=\"acb35058a22a40d72\" role=\"button\" data-toggle=\"collapse\" data-parent=\"#accordion-6525-1\" data-target=\"#acb35058a22a40d72\" href=\"#acb35058a22a40d72\"><span class=\"fusion-toggle-icon-wrapper\" aria-hidden=\"true\"><i class=\"fa-fusion-box active-icon awb-icon-minus\" aria-hidden=\"true\"><\/i><i class=\"fa-fusion-box inactive-icon awb-icon-plus\" aria-hidden=\"true\"><\/i><\/span><span class=\"fusion-toggle-heading\">Puis-je louer sans carte de cr\u00e9dit?<\/span><\/a><\/h4><\/div><div id=\"acb35058a22a40d72\" class=\"panel-collapse collapse \" aria-labelledby=\"toggle_acb35058a22a40d72\"><div class=\"panel-body toggle-content fusion-clearfix\">\n<p>Vous devez avoir une carte de cr\u00e9dit VISA\/Mastercard au nom du conducteur pour payer la garantie. Si vous n&rsquo;avez pas de carte de cr\u00e9dit, contactez-nous<\/p>\n<\/div><\/div><\/div><div class=\"fusion-panel panel-default panel-2e52be4b28c138a82 fusion-toggle-no-divider fusion-toggle-boxed-mode\"><div class=\"panel-heading\"><h4 class=\"panel-title toggle\" id=\"toggle_2e52be4b28c138a82\"><a aria-expanded=\"false\" aria-controls=\"2e52be4b28c138a82\" role=\"button\" data-toggle=\"collapse\" data-parent=\"#accordion-6525-1\" data-target=\"#2e52be4b28c138a82\" href=\"#2e52be4b28c138a82\"><span class=\"fusion-toggle-icon-wrapper\" aria-hidden=\"true\"><i class=\"fa-fusion-box active-icon awb-icon-minus\" aria-hidden=\"true\"><\/i><i class=\"fa-fusion-box inactive-icon awb-icon-plus\" aria-hidden=\"true\"><\/i><\/span><span class=\"fusion-toggle-heading\">Puis-je faire autant de kilom\u00e8tres que je veux?<\/span><\/a><\/h4><\/div><div id=\"2e52be4b28c138a82\" class=\"panel-collapse collapse \" aria-labelledby=\"toggle_2e52be4b28c138a82\"><div class=\"panel-body toggle-content fusion-clearfix\">\n<p>Pour la location de voiture pour une dur\u00e9e de 1 \u00e0 3 jours 100km\/jour. A louer pour plus de 3 jours utilisation correcte des kilom\u00e8tres, et par mois vous pouvez faire 2.500 kilom\u00e8tres<\/p>\n<\/div><\/div><\/div><div class=\"fusion-panel panel-default panel-50bd5ed392fd90c82 fusion-toggle-no-divider fusion-toggle-boxed-mode\"><div class=\"panel-heading\"><h4 class=\"panel-title toggle\" id=\"toggle_50bd5ed392fd90c82\"><a aria-expanded=\"false\" aria-controls=\"50bd5ed392fd90c82\" role=\"button\" data-toggle=\"collapse\" data-parent=\"#accordion-6525-1\" data-target=\"#50bd5ed392fd90c82\" href=\"#50bd5ed392fd90c82\"><span class=\"fusion-toggle-icon-wrapper\" aria-hidden=\"true\"><i class=\"fa-fusion-box active-icon awb-icon-minus\" aria-hidden=\"true\"><\/i><i class=\"fa-fusion-box inactive-icon awb-icon-plus\" aria-hidden=\"true\"><\/i><\/span><span class=\"fusion-toggle-heading\">Qu'en est-il du carburant automobile?<\/span><\/a><\/h4><\/div><div id=\"50bd5ed392fd90c82\" class=\"panel-collapse collapse \" aria-labelledby=\"toggle_50bd5ed392fd90c82\"><div class=\"panel-body toggle-content fusion-clearfix\">\n<p>Vous r\u00e9cup\u00e9rez la voiture chez i-rentacar avec un r\u00e9servoir plein et vous la restituez avec un r\u00e9servoir plein.<\/p>\n<\/div><\/div><\/div><div class=\"fusion-panel panel-default panel-151af903286829aa0 fusion-toggle-no-divider fusion-toggle-boxed-mode\"><div class=\"panel-heading\"><h4 class=\"panel-title toggle\" id=\"toggle_151af903286829aa0\"><a aria-expanded=\"false\" aria-controls=\"151af903286829aa0\" role=\"button\" data-toggle=\"collapse\" data-parent=\"#accordion-6525-1\" data-target=\"#151af903286829aa0\" href=\"#151af903286829aa0\"><span class=\"fusion-toggle-icon-wrapper\" aria-hidden=\"true\"><i class=\"fa-fusion-box active-icon awb-icon-minus\" aria-hidden=\"true\"><\/i><i class=\"fa-fusion-box inactive-icon awb-icon-plus\" aria-hidden=\"true\"><\/i><\/span><span class=\"fusion-toggle-heading\">Que dois-je faire si j'ai un probl\u00e8me technique avec la voiture?<\/span><\/a><\/h4><\/div><div id=\"151af903286829aa0\" class=\"panel-collapse collapse \" aria-labelledby=\"toggle_151af903286829aa0\"><div class=\"panel-body toggle-content fusion-clearfix\">\n<p>En cas de probl\u00e8me technique avec la voiture que vous avez lou\u00e9e, contactez imm\u00e9diatement notre partenaire au +30 231 700 3 400 et l&rsquo;assistance routi\u00e8re Hellas Service au 1057 ou 2310 462402. Dans votre communication avec l&rsquo;assistance routi\u00e8re, vous devez mentionner la marque du v\u00e9hicule et son num\u00e9ro d&rsquo;immatriculation.<\/p>\n<\/div><\/div><\/div><div class=\"fusion-panel panel-default panel-290f95557acc3de36 fusion-toggle-no-divider fusion-toggle-boxed-mode\"><div class=\"panel-heading\"><h4 class=\"panel-title toggle\" id=\"toggle_290f95557acc3de36\"><a aria-expanded=\"false\" aria-controls=\"290f95557acc3de36\" role=\"button\" data-toggle=\"collapse\" data-parent=\"#accordion-6525-1\" data-target=\"#290f95557acc3de36\" href=\"#290f95557acc3de36\"><span class=\"fusion-toggle-icon-wrapper\" aria-hidden=\"true\"><i class=\"fa-fusion-box active-icon awb-icon-minus\" aria-hidden=\"true\"><\/i><i class=\"fa-fusion-box inactive-icon awb-icon-plus\" aria-hidden=\"true\"><\/i><\/span><span class=\"fusion-toggle-heading\">Si j'ai un accident, que dois-je faire?<\/span><\/a><\/h4><\/div><div id=\"290f95557acc3de36\" class=\"panel-collapse collapse \" aria-labelledby=\"toggle_290f95557acc3de36\"><div class=\"panel-body toggle-content fusion-clearfix\">\n<p>Contactez la police hell\u00e9nique (t\u00e9l\u00e9phone <strong>100<\/strong>) et les bureaux i-rentacar au +30 231 700 3 400 pour vous envoyer les soins en cas d&rsquo;accident<\/p>\n<\/div><\/div><\/div><div class=\"fusion-panel panel-default panel-9e75b8c67711dccd3 fusion-toggle-no-divider fusion-toggle-boxed-mode\"><div class=\"panel-heading\"><h4 class=\"panel-title toggle\" id=\"toggle_9e75b8c67711dccd3\"><a aria-expanded=\"false\" aria-controls=\"9e75b8c67711dccd3\" role=\"button\" data-toggle=\"collapse\" data-parent=\"#accordion-6525-1\" data-target=\"#9e75b8c67711dccd3\" href=\"#9e75b8c67711dccd3\"><span class=\"fusion-toggle-icon-wrapper\" aria-hidden=\"true\"><i class=\"fa-fusion-box active-icon awb-icon-minus\" aria-hidden=\"true\"><\/i><i class=\"fa-fusion-box inactive-icon awb-icon-plus\" aria-hidden=\"true\"><\/i><\/span><span class=\"fusion-toggle-heading\">Comment retardez-vous la restauration de la voiture de location?<\/span><\/a><\/h4><\/div><div id=\"9e75b8c67711dccd3\" class=\"panel-collapse collapse \" aria-labelledby=\"toggle_9e75b8c67711dccd3\"><div class=\"panel-body toggle-content fusion-clearfix\">\n<p>Apr\u00e8s un retard de 30 minutes, vous serez factur\u00e9 pour toute la journ\u00e9e<\/p>\n<\/div><\/div><\/div><div class=\"fusion-panel panel-default panel-b2f3ea6d6a0885a82 fusion-toggle-no-divider fusion-toggle-boxed-mode\"><div class=\"panel-heading\"><h4 class=\"panel-title toggle\" id=\"toggle_b2f3ea6d6a0885a82\"><a aria-expanded=\"false\" aria-controls=\"b2f3ea6d6a0885a82\" role=\"button\" data-toggle=\"collapse\" data-parent=\"#accordion-6525-1\" data-target=\"#b2f3ea6d6a0885a82\" href=\"#b2f3ea6d6a0885a82\"><span class=\"fusion-toggle-icon-wrapper\" aria-hidden=\"true\"><i class=\"fa-fusion-box active-icon awb-icon-minus\" aria-hidden=\"true\"><\/i><i class=\"fa-fusion-box inactive-icon awb-icon-plus\" aria-hidden=\"true\"><\/i><\/span><span class=\"fusion-toggle-heading\">Que se passe-t-il si je restitue la voiture que j'ai lou\u00e9e plus t\u00f4t ?<\/span><\/a><\/h4><\/div><div id=\"b2f3ea6d6a0885a82\" class=\"panel-collapse collapse \" aria-labelledby=\"toggle_b2f3ea6d6a0885a82\"><div class=\"panel-body toggle-content fusion-clearfix\">\n<p>Dans ce cas, aucune somme n&rsquo;est rembours\u00e9e. S&rsquo;il s&rsquo;agit d&rsquo;une location au mois, vous perdez la garantie.<\/p>\n<\/div><\/div><\/div><div class=\"fusion-panel panel-default panel-f191e46bdc5392842 fusion-toggle-no-divider fusion-toggle-boxed-mode\"><div class=\"panel-heading\"><h4 class=\"panel-title toggle\" id=\"toggle_f191e46bdc5392842\"><a aria-expanded=\"false\" aria-controls=\"f191e46bdc5392842\" role=\"button\" data-toggle=\"collapse\" data-parent=\"#accordion-6525-1\" data-target=\"#f191e46bdc5392842\" href=\"#f191e46bdc5392842\"><span class=\"fusion-toggle-icon-wrapper\" aria-hidden=\"true\"><i class=\"fa-fusion-box active-icon awb-icon-minus\" aria-hidden=\"true\"><\/i><i class=\"fa-fusion-box inactive-icon awb-icon-plus\" aria-hidden=\"true\"><\/i><\/span><span class=\"fusion-toggle-heading\">Puis-je rendre la voiture o\u00f9 je veux et non l\u00e0 o\u00f9 il a \u00e9t\u00e9 convenu?<\/span><\/a><\/h4><\/div><div id=\"f191e46bdc5392842\" class=\"panel-collapse collapse \" aria-labelledby=\"toggle_f191e46bdc5392842\"><div class=\"panel-body toggle-content fusion-clearfix\">\n<p>Le retour dans un lieu autre que celui convenu doit \u00eatre relev\u00e9 par i-rentacar et entra\u00eene des frais suppl\u00e9mentaires.<\/p>\n<\/div><\/div><\/div><\/div><\/div><\/div><\/div><\/div><\/div>\n","protected":false},"excerpt":{"rendered":"","protected":false},"author":2,"featured_media":0,"parent":0,"menu_order":0,"comment_status":"closed","ping_status":"closed","template":"","meta":{"footnotes":""},"class_list":["post-6525","page","type-page","status-publish","hentry"],"yoast_head":"<!-- This site is optimized with the Yoast SEO plugin v27.0 - https:\/\/yoast.com\/product\/yoast-seo-wordpress\/ -->\n<title>LOCATION DE VOITURE (FAQ) | i-rentacar.com<\/title>\n<meta name=\"robots\" content=\"index, follow, max-snippet:-1, max-image-preview:large, max-video-preview:-1\" \/>\n<link rel=\"canonical\" href=\"https:\/\/www.i-rentacar.com\/fr\/location-de-voiture-faq\/\" \/>\n<meta property=\"og:locale\" content=\"fr_FR\" \/>\n<meta property=\"og:type\" content=\"article\" \/>\n<meta property=\"og:title\" content=\"LOCATION DE VOITURE (FAQ) | i-rentacar.com\" \/>\n<meta property=\"og:url\" content=\"https:\/\/www.i-rentacar.com\/fr\/location-de-voiture-faq\/\" \/>\n<meta property=\"og:site_name\" content=\"i-rentacar.com\" \/>\n<meta property=\"article:modified_time\" content=\"2022-06-11T08:21:42+00:00\" \/>\n<meta name=\"twitter:card\" content=\"summary_large_image\" \/>\n<meta name=\"twitter:label1\" content=\"Dur\u00e9e de lecture estim\u00e9e\" \/>\n\t<meta name=\"twitter:data1\" content=\"6 minutes\" \/>\n<script type=\"application\/ld+json\" class=\"yoast-schema-graph\">{\"@context\":\"https:\/\/schema.org\",\"@graph\":[{\"@type\":\"WebPage\",\"@id\":\"https:\/\/www.i-rentacar.com\/fr\/location-de-voiture-faq\/\",\"url\":\"https:\/\/www.i-rentacar.com\/fr\/location-de-voiture-faq\/\",\"name\":\"LOCATION DE VOITURE (FAQ) | i-rentacar.com\",\"isPartOf\":{\"@id\":\"https:\/\/www.i-rentacar.com\/fr\/#website\"},\"datePublished\":\"2021-09-03T17:15:22+00:00\",\"dateModified\":\"2022-06-11T08:21:42+00:00\",\"breadcrumb\":{\"@id\":\"https:\/\/www.i-rentacar.com\/fr\/location-de-voiture-faq\/#breadcrumb\"},\"inLanguage\":\"fr-FR\",\"potentialAction\":[{\"@type\":\"ReadAction\",\"target\":[\"https:\/\/www.i-rentacar.com\/fr\/location-de-voiture-faq\/\"]}]},{\"@type\":\"BreadcrumbList\",\"@id\":\"https:\/\/www.i-rentacar.com\/fr\/location-de-voiture-faq\/#breadcrumb\",\"itemListElement\":[{\"@type\":\"ListItem\",\"position\":1,\"name\":\"Home\",\"item\":\"https:\/\/www.i-rentacar.com\/fr\/\"},{\"@type\":\"ListItem\",\"position\":2,\"name\":\"LOCATION DE VOITURE (FAQ)\"}]},{\"@type\":\"WebSite\",\"@id\":\"https:\/\/www.i-rentacar.com\/fr\/#website\",\"url\":\"https:\/\/www.i-rentacar.com\/fr\/\",\"name\":\"i-rentacar.com\",\"description\":\"\u0395\u03bd\u03bf\u03b9\u03ba\u03b9\u03ac\u03c3\u03b5\u03b9\u03c2 \u0391\u03c5\u03c4\u03bf\u03ba\u03b9\u03bd\u03ae\u03c4\u03c9\u03bd \u0398\u03b5\u03c3\u03c3\u03b1\u03bb\u03bf\u03bd\u03af\u03ba\u03b7 minivan suv \u03b1\u03b5\u03c1\u03bf\u03b4\u03c1\u03cc\u03bc\u03b9\u03bf \u0398\u03b5\u03c3\u03c3\u03b1\u03bb\u03bf\u03bd\u03af\u03ba\u03b7, \u03b5\u03bd\u03bf\u03b9\u03ba\u03b9\u03ac\u03c3\u03b5\u03b9\u03c2 van \u0398\u03b5\u03c3\u03c3\u03b1\u03bb\u03bf\u03bd\u03af\u03ba\u03b7 \u03a7\u03b1\u03bb\u03ba\u03b9\u03b4\u03b9\u03ba\u03ae, rent a car Thessaloniki airport skg\",\"publisher\":{\"@id\":\"https:\/\/www.i-rentacar.com\/fr\/#organization\"},\"potentialAction\":[{\"@type\":\"SearchAction\",\"target\":{\"@type\":\"EntryPoint\",\"urlTemplate\":\"https:\/\/www.i-rentacar.com\/fr\/?s={search_term_string}\"},\"query-input\":{\"@type\":\"PropertyValueSpecification\",\"valueRequired\":true,\"valueName\":\"search_term_string\"}}],\"inLanguage\":\"fr-FR\"},{\"@type\":\"Organization\",\"@id\":\"https:\/\/www.i-rentacar.com\/fr\/#organization\",\"name\":\"i-rentacar.com\",\"url\":\"https:\/\/www.i-rentacar.com\/fr\/\",\"logo\":{\"@type\":\"ImageObject\",\"inLanguage\":\"fr-FR\",\"@id\":\"https:\/\/www.i-rentacar.com\/fr\/#\/schema\/logo\/image\/\",\"url\":\"https:\/\/www.i-rentacar.com\/wp-content\/uploads\/2021\/08\/logo-i-rentacar-com-3.png\",\"contentUrl\":\"https:\/\/www.i-rentacar.com\/wp-content\/uploads\/2021\/08\/logo-i-rentacar-com-3.png\",\"width\":383,\"height\":150,\"caption\":\"i-rentacar.com\"},\"image\":{\"@id\":\"https:\/\/www.i-rentacar.com\/fr\/#\/schema\/logo\/image\/\"}}]}<\/script>\n<!-- \/ Yoast SEO plugin. -->","yoast_head_json":{"title":"LOCATION DE VOITURE (FAQ) | i-rentacar.com","robots":{"index":"index","follow":"follow","max-snippet":"max-snippet:-1","max-image-preview":"max-image-preview:large","max-video-preview":"max-video-preview:-1"},"canonical":"https:\/\/www.i-rentacar.com\/fr\/location-de-voiture-faq\/","og_locale":"fr_FR","og_type":"article","og_title":"LOCATION DE VOITURE (FAQ) | i-rentacar.com","og_url":"https:\/\/www.i-rentacar.com\/fr\/location-de-voiture-faq\/","og_site_name":"i-rentacar.com","article_modified_time":"2022-06-11T08:21:42+00:00","twitter_card":"summary_large_image","twitter_misc":{"Dur\u00e9e de lecture estim\u00e9e":"6 minutes"},"schema":{"@context":"https:\/\/schema.org","@graph":[{"@type":"WebPage","@id":"https:\/\/www.i-rentacar.com\/fr\/location-de-voiture-faq\/","url":"https:\/\/www.i-rentacar.com\/fr\/location-de-voiture-faq\/","name":"LOCATION DE VOITURE (FAQ) | i-rentacar.com","isPartOf":{"@id":"https:\/\/www.i-rentacar.com\/fr\/#website"},"datePublished":"2021-09-03T17:15:22+00:00","dateModified":"2022-06-11T08:21:42+00:00","breadcrumb":{"@id":"https:\/\/www.i-rentacar.com\/fr\/location-de-voiture-faq\/#breadcrumb"},"inLanguage":"fr-FR","potentialAction":[{"@type":"ReadAction","target":["https:\/\/www.i-rentacar.com\/fr\/location-de-voiture-faq\/"]}]},{"@type":"BreadcrumbList","@id":"https:\/\/www.i-rentacar.com\/fr\/location-de-voiture-faq\/#breadcrumb","itemListElement":[{"@type":"ListItem","position":1,"name":"Home","item":"https:\/\/www.i-rentacar.com\/fr\/"},{"@type":"ListItem","position":2,"name":"LOCATION DE VOITURE (FAQ)"}]},{"@type":"WebSite","@id":"https:\/\/www.i-rentacar.com\/fr\/#website","url":"https:\/\/www.i-rentacar.com\/fr\/","name":"i-rentacar.com","description":"\u0395\u03bd\u03bf\u03b9\u03ba\u03b9\u03ac\u03c3\u03b5\u03b9\u03c2 \u0391\u03c5\u03c4\u03bf\u03ba\u03b9\u03bd\u03ae\u03c4\u03c9\u03bd \u0398\u03b5\u03c3\u03c3\u03b1\u03bb\u03bf\u03bd\u03af\u03ba\u03b7 minivan suv \u03b1\u03b5\u03c1\u03bf\u03b4\u03c1\u03cc\u03bc\u03b9\u03bf \u0398\u03b5\u03c3\u03c3\u03b1\u03bb\u03bf\u03bd\u03af\u03ba\u03b7, \u03b5\u03bd\u03bf\u03b9\u03ba\u03b9\u03ac\u03c3\u03b5\u03b9\u03c2 van \u0398\u03b5\u03c3\u03c3\u03b1\u03bb\u03bf\u03bd\u03af\u03ba\u03b7 \u03a7\u03b1\u03bb\u03ba\u03b9\u03b4\u03b9\u03ba\u03ae, rent a car Thessaloniki airport skg","publisher":{"@id":"https:\/\/www.i-rentacar.com\/fr\/#organization"},"potentialAction":[{"@type":"SearchAction","target":{"@type":"EntryPoint","urlTemplate":"https:\/\/www.i-rentacar.com\/fr\/?s={search_term_string}"},"query-input":{"@type":"PropertyValueSpecification","valueRequired":true,"valueName":"search_term_string"}}],"inLanguage":"fr-FR"},{"@type":"Organization","@id":"https:\/\/www.i-rentacar.com\/fr\/#organization","name":"i-rentacar.com","url":"https:\/\/www.i-rentacar.com\/fr\/","logo":{"@type":"ImageObject","inLanguage":"fr-FR","@id":"https:\/\/www.i-rentacar.com\/fr\/#\/schema\/logo\/image\/","url":"https:\/\/www.i-rentacar.com\/wp-content\/uploads\/2021\/08\/logo-i-rentacar-com-3.png","contentUrl":"https:\/\/www.i-rentacar.com\/wp-content\/uploads\/2021\/08\/logo-i-rentacar-com-3.png","width":383,"height":150,"caption":"i-rentacar.com"},"image":{"@id":"https:\/\/www.i-rentacar.com\/fr\/#\/schema\/logo\/image\/"}}]}},"_links":{"self":[{"href":"https:\/\/www.i-rentacar.com\/fr\/wp-json\/wp\/v2\/pages\/6525","targetHints":{"allow":["GET"]}}],"collection":[{"href":"https:\/\/www.i-rentacar.com\/fr\/wp-json\/wp\/v2\/pages"}],"about":[{"href":"https:\/\/www.i-rentacar.com\/fr\/wp-json\/wp\/v2\/types\/page"}],"author":[{"embeddable":true,"href":"https:\/\/www.i-rentacar.com\/fr\/wp-json\/wp\/v2\/users\/2"}],"replies":[{"embeddable":true,"href":"https:\/\/www.i-rentacar.com\/fr\/wp-json\/wp\/v2\/comments?post=6525"}],"version-history":[{"count":4,"href":"https:\/\/www.i-rentacar.com\/fr\/wp-json\/wp\/v2\/pages\/6525\/revisions"}],"predecessor-version":[{"id":7051,"href":"https:\/\/www.i-rentacar.com\/fr\/wp-json\/wp\/v2\/pages\/6525\/revisions\/7051"}],"wp:attachment":[{"href":"https:\/\/www.i-rentacar.com\/fr\/wp-json\/wp\/v2\/media?parent=6525"}],"curies":[{"name":"wp","href":"https:\/\/api.w.org\/{rel}","templated":true}]}}