{"id":10044,"date":"2025-05-31T19:02:28","date_gmt":"2025-05-31T16:02:28","guid":{"rendered":"https:\/\/www.i-rentacar.com\/?page_id=10044"},"modified":"2025-06-01T12:51:07","modified_gmt":"2025-06-01T09:51:07","slug":"location-de-voiture-pour-kavala","status":"publish","type":"page","link":"https:\/\/www.i-rentacar.com\/fr\/location-de-voiture-pour-kavala\/","title":{"rendered":"Location de voiture pour Kavala"},"content":{"rendered":"<div class=\"fusion-fullwidth fullwidth-box fusion-builder-row-1 fusion-flex-container has-pattern-background has-mask-background nonhundred-percent-fullwidth non-hundred-percent-height-scrolling\" style=\"--awb-border-radius-top-left:0px;--awb-border-radius-top-right:0px;--awb-border-radius-bottom-right:0px;--awb-border-radius-bottom-left:0px;--awb-flex-wrap:wrap;\" ><div class=\"fusion-builder-row fusion-row fusion-flex-align-items-flex-start fusion-flex-content-wrap\" style=\"max-width:1300px;margin-left: calc(-4% \/ 2 );margin-right: calc(-4% \/ 2 );\"><div class=\"fusion-layout-column fusion_builder_column fusion-builder-column-0 fusion_builder_column_1_1 1_1 fusion-flex-column\" style=\"--awb-bg-size:cover;--awb-width-large:100%;--awb-margin-top-large:0px;--awb-spacing-right-large:1.92%;--awb-margin-bottom-large:20px;--awb-spacing-left-large:1.92%;--awb-width-medium:100%;--awb-order-medium:0;--awb-spacing-right-medium:1.92%;--awb-spacing-left-medium:1.92%;--awb-width-small:100%;--awb-order-small:0;--awb-spacing-right-small:1.92%;--awb-spacing-left-small:1.92%;\"><div class=\"fusion-column-wrapper fusion-column-has-shadow fusion-flex-justify-content-flex-start fusion-content-layout-column\"><div class=\"fusion-image-element \" style=\"text-align:center;--awb-caption-title-font-family:var(--h2_typography-font-family);--awb-caption-title-font-weight:var(--h2_typography-font-weight);--awb-caption-title-font-style:var(--h2_typography-font-style);--awb-caption-title-size:var(--h2_typography-font-size);--awb-caption-title-transform:var(--h2_typography-text-transform);--awb-caption-title-line-height:var(--h2_typography-line-height);--awb-caption-title-letter-spacing:var(--h2_typography-letter-spacing);\"><span class=\" fusion-imageframe imageframe-none imageframe-1 hover-type-none\"><img decoding=\"async\" width=\"1200\" height=\"600\" title=\"\u03c4\u03c5\u03be\u03c4\u03c5\u03c434\" src=\"https:\/\/www.i-rentacar.com\/wp-content\/uploads\/2025\/05\/\u03c4\u03c5\u03be\u03c4\u03c5\u03c434.jpg\" data-orig-src=\"https:\/\/www.i-rentacar.com\/wp-content\/uploads\/2025\/05\/\u03c4\u03c5\u03be\u03c4\u03c5\u03c434.jpg\" alt class=\"lazyload img-responsive wp-image-9960\" srcset=\"data:image\/svg+xml,%3Csvg%20xmlns%3D%27http%3A%2F%2Fwww.w3.org%2F2000%2Fsvg%27%20width%3D%271200%27%20height%3D%27600%27%20viewBox%3D%270%200%201200%20600%27%3E%3Crect%20width%3D%271200%27%20height%3D%27600%27%20fill-opacity%3D%220%22%2F%3E%3C%2Fsvg%3E\" data-srcset=\"https:\/\/www.i-rentacar.com\/wp-content\/uploads\/2025\/05\/\u03c4\u03c5\u03be\u03c4\u03c5\u03c434-200x100.jpg 200w, https:\/\/www.i-rentacar.com\/wp-content\/uploads\/2025\/05\/\u03c4\u03c5\u03be\u03c4\u03c5\u03c434-400x200.jpg 400w, https:\/\/www.i-rentacar.com\/wp-content\/uploads\/2025\/05\/\u03c4\u03c5\u03be\u03c4\u03c5\u03c434-600x300.jpg 600w, https:\/\/www.i-rentacar.com\/wp-content\/uploads\/2025\/05\/\u03c4\u03c5\u03be\u03c4\u03c5\u03c434-800x400.jpg 800w, https:\/\/www.i-rentacar.com\/wp-content\/uploads\/2025\/05\/\u03c4\u03c5\u03be\u03c4\u03c5\u03c434.jpg 1200w\" data-sizes=\"auto\" data-orig-sizes=\"(max-width: 640px) 100vw, 1200px\" \/><\/span><\/div><div class=\"fusion-text fusion-text-1\"><h3 style=\"text-align: center;\" data-start=\"310\" data-end=\"409\">Kavala \u2013 Le joyau de la Mac\u00e9doine orientale t\u2019attend pour \u00eatre d\u00e9couvert avec i-rentacar<\/h3>\n<p data-start=\"411\" data-end=\"679\">Kavala est l\u2019une des villes les plus impressionnantes du nord de la Gr\u00e8ce, o\u00f9 l\u2019histoire, la mer, la tradition et la vie moderne coexistent harmonieusement. Construite en amphith\u00e9\u00e2tre au-dessus de la mer, elle offre une vue magique, des ruelles pittoresques et un sens unique de l\u2019hospitalit\u00e9.<\/p>\n<p data-start=\"681\" data-end=\"889\">Avec une voiture de <strong data-start=\"707\" data-end=\"721\">i-rentacar<\/strong>, tu as la libert\u00e9 d\u2019explorer chaque recoin de Kavala ainsi que les tr\u00e9sors environnants, en profitant du confort, de la rapidit\u00e9 et de la flexibilit\u00e9 lors de ton voyage.<\/p>\n<h3 style=\"text-align: center;\" data-start=\"896\" data-end=\"951\">\u00c9t\u00e9 \u00e0 Kavala \u2013 Soleil, plages et histoire<\/h3>\n<p data-start=\"953\" data-end=\"1181\">La ville elle-m\u00eame est pleine d\u2019int\u00e9r\u00eat. Du <strong data-start=\"999\" data-end=\"1027\">vieux aqueduc Kamares<\/strong> et de la <strong data-start=\"1035\" data-end=\"1058\">forteresse de Kavala<\/strong>, jusqu\u2019\u00e0 la <strong data-start=\"1070\" data-end=\"1109\">vieille ville avec ses maisons traditionnelles<\/strong> et la <strong data-start=\"1117\" data-end=\"1141\">maison de Mehmet Ali<\/strong>, Kavala te transporte \u00e0 travers diff\u00e9rentes \u00e9poques.<\/p>\n<p data-start=\"1183\" data-end=\"1361\">Mais en \u00e9t\u00e9, le protagoniste principal est la <strong data-start=\"1233\" data-end=\"1244\">mer<\/strong>. Les plages de la r\u00e9gion sont parmi les meilleures du nord de la Gr\u00e8ce. Facilement accessibles avec ta propre voiture :<\/p>\n<ul data-start=\"1363\" data-end=\"1738\">\n<li data-start=\"1363\" data-end=\"1461\">\n<p data-start=\"1365\" data-end=\"1461\"><strong data-start=\"1365\" data-end=\"1375\">Batis<\/strong> : \u00c0 quelques minutes du centre, plage enti\u00e8rement \u00e9quip\u00e9e avec beach bars et tavernes.<\/p>\n<\/li>\n<li data-start=\"1462\" data-end=\"1551\">\n<p data-start=\"1464\" data-end=\"1551\"><strong data-start=\"1464\" data-end=\"1488\">Ammoglossa de Keramoti<\/strong> : Plage de sable dor\u00e9 et eaux peu profondes, id\u00e9ale pour les familles.<\/p>\n<\/li>\n<li data-start=\"1552\" data-end=\"1636\">\n<p data-start=\"1554\" data-end=\"1636\"><strong data-start=\"1554\" data-end=\"1589\">Almyropotamos et Nea Iraklitsa<\/strong> : Plages belles et calmes aux eaux cristallines.<\/p>\n<\/li>\n<li data-start=\"1637\" data-end=\"1738\">\n<p data-start=\"1639\" data-end=\"1738\"><strong data-start=\"1639\" data-end=\"1666\">Nea Peramos &amp; Ammolofos<\/strong> : R\u00e9put\u00e9es pour leurs beach bars, leurs plages de sable blond et leur public jeune.<\/p>\n<\/li>\n<\/ul>\n<p data-start=\"1740\" data-end=\"1835\">Avec <strong data-start=\"1747\" data-end=\"1761\">i-rentacar<\/strong>, tu peux changer de plage chaque jour, sans restrictions.<\/p>\n<h3 style=\"text-align: center;\" data-start=\"1842\" data-end=\"1892\">Voyages historiques et culturels en voiture<\/h3>\n<p data-start=\"1894\" data-end=\"1977\">Kavala n\u2019est pas seulement une destination baln\u00e9aire. \u00c0 courte distance, tu peux visiter :<\/p>\n<ul data-start=\"1979\" data-end=\"2392\">\n<li data-start=\"1979\" data-end=\"2107\">\n<p data-start=\"1981\" data-end=\"2107\">Les <strong data-start=\"1984\" data-end=\"1996\">Philippes<\/strong>, l\u2019un des sites arch\u00e9ologiques les plus importants de Gr\u00e8ce, avec un th\u00e9\u00e2tre romain et les ruines d\u2019une ancienne ville.<\/p>\n<\/li>\n<li data-start=\"2108\" data-end=\"2217\">\n<p data-start=\"2110\" data-end=\"2217\">Le <strong data-start=\"2113\" data-end=\"2131\">Mus\u00e9e du tabac<\/strong>, qui raconte le r\u00f4le \u00e9conomique et culturel de Kavala en tant que \u00ab Mecque \u00bb du tabac.<\/p>\n<\/li>\n<li data-start=\"2218\" data-end=\"2315\">\n<p data-start=\"2220\" data-end=\"2315\">Le <strong data-start=\"2223\" data-end=\"2243\">delta du Nestos<\/strong>, pour les amoureux de la nature, id\u00e9al pour l\u2019observation des oiseaux, le cano\u00eb et la randonn\u00e9e.<\/p>\n<\/li>\n<li data-start=\"2316\" data-end=\"2392\">\n<p data-start=\"2318\" data-end=\"2392\">Le <strong data-start=\"2321\" data-end=\"2337\">mont Pagga\u00efon<\/strong>, pour ceux qui aiment la nature et les excursions en montagne.<\/p>\n<\/li>\n<\/ul>\n<p data-start=\"2394\" data-end=\"2510\">Tout cela est possible uniquement avec <strong data-start=\"2430\" data-end=\"2453\">tes propres d\u00e9placements<\/strong>, et ici <strong data-start=\"2465\" data-end=\"2479\">i-rentacar<\/strong> vient te faciliter la vie.<\/p>\n<\/div><div class=\"fusion-image-element \" style=\"text-align:center;--awb-caption-title-font-family:var(--h2_typography-font-family);--awb-caption-title-font-weight:var(--h2_typography-font-weight);--awb-caption-title-font-style:var(--h2_typography-font-style);--awb-caption-title-size:var(--h2_typography-font-size);--awb-caption-title-transform:var(--h2_typography-text-transform);--awb-caption-title-line-height:var(--h2_typography-line-height);--awb-caption-title-letter-spacing:var(--h2_typography-letter-spacing);\"><span class=\" fusion-imageframe imageframe-none imageframe-2 hover-type-none\"><img decoding=\"async\" width=\"1200\" height=\"600\" alt=\"\u039a\u03b1\u03b2\u03ac\u03bb\u03b1\" title=\"\u03c9\u03ba\u03be\u03ba\u03c9\u03ba\u03c9\" src=\"https:\/\/www.i-rentacar.com\/wp-content\/uploads\/2025\/05\/\u03c9\u03ba\u03be\u03ba\u03c9\u03ba\u03c9.jpg\" data-orig-src=\"https:\/\/www.i-rentacar.com\/wp-content\/uploads\/2025\/05\/\u03c9\u03ba\u03be\u03ba\u03c9\u03ba\u03c9.jpg\" class=\"lazyload img-responsive wp-image-9955\" srcset=\"data:image\/svg+xml,%3Csvg%20xmlns%3D%27http%3A%2F%2Fwww.w3.org%2F2000%2Fsvg%27%20width%3D%271200%27%20height%3D%27600%27%20viewBox%3D%270%200%201200%20600%27%3E%3Crect%20width%3D%271200%27%20height%3D%27600%27%20fill-opacity%3D%220%22%2F%3E%3C%2Fsvg%3E\" data-srcset=\"https:\/\/www.i-rentacar.com\/wp-content\/uploads\/2025\/05\/\u03c9\u03ba\u03be\u03ba\u03c9\u03ba\u03c9-200x100.jpg 200w, https:\/\/www.i-rentacar.com\/wp-content\/uploads\/2025\/05\/\u03c9\u03ba\u03be\u03ba\u03c9\u03ba\u03c9-400x200.jpg 400w, https:\/\/www.i-rentacar.com\/wp-content\/uploads\/2025\/05\/\u03c9\u03ba\u03be\u03ba\u03c9\u03ba\u03c9-600x300.jpg 600w, https:\/\/www.i-rentacar.com\/wp-content\/uploads\/2025\/05\/\u03c9\u03ba\u03be\u03ba\u03c9\u03ba\u03c9-800x400.jpg 800w, https:\/\/www.i-rentacar.com\/wp-content\/uploads\/2025\/05\/\u03c9\u03ba\u03be\u03ba\u03c9\u03ba\u03c9.jpg 1200w\" data-sizes=\"auto\" data-orig-sizes=\"(max-width: 640px) 100vw, 1200px\" \/><\/span><\/div><div class=\"fusion-text fusion-text-2\"><h3 style=\"text-align: center;\" data-start=\"2517\" data-end=\"2552\">Confort et facilit\u00e9 avec i-rentacar<\/h3>\n<p data-start=\"2554\" data-end=\"2792\">L\u2019exp\u00e9rience de location de voiture avec <strong data-start=\"2595\" data-end=\"2609\">i-rentacar<\/strong> est simple, claire et sans tracas. Tu choisis le mod\u00e8le dont tu as besoin \u2013 des petites voitures de ville aux familiales et SUV \u2013 et nous nous occupons du reste de l\u2019exp\u00e9rience :<\/p>\n<ul data-start=\"2794\" data-end=\"3094\">\n<li data-start=\"2794\" data-end=\"2906\">\n<p data-start=\"2796\" data-end=\"2906\">Livraison et prise en charge <strong data-start=\"2818\" data-end=\"2905\">au port, \u00e0 l\u2019h\u00f4tel, voire \u00e0 l\u2019a\u00e9roport de Kavala (M\u00e9galos Alexandros)<\/strong>.<\/p>\n<\/li>\n<li data-start=\"2907\" data-end=\"2951\">\n<p data-start=\"2909\" data-end=\"2951\"><strong data-start=\"2909\" data-end=\"2928\">Tarifs transparents<\/strong> sans frais cach\u00e9s.<\/p>\n<\/li>\n<li data-start=\"2952\" data-end=\"3046\">\n<p data-start=\"2954\" data-end=\"3046\">Services optionnels comme <strong data-start=\"2982\" data-end=\"3045\">GPS, si\u00e8ges enfants, assurance compl\u00e8te et conducteur suppl\u00e9mentaire<\/strong>.<\/p>\n<\/li>\n<li data-start=\"3047\" data-end=\"3094\">\n<p data-start=\"3049\" data-end=\"3094\">Assistance 24\/7 <strong data-start=\"3054\" data-end=\"3068\">pour toute question ou besoin<\/strong>.<\/p>\n<\/li>\n<\/ul>\n<p data-start=\"3096\" data-end=\"3273\">Que tu viennes pour quelques jours ou que tu planifies <strong data-start=\"3141\" data-end=\"3164\">des vacances prolong\u00e9es<\/strong>, ta voiture t\u2019offre <strong data-start=\"3190\" data-end=\"3212\">la libert\u00e9 de mouvement<\/strong> et te permet de d\u00e9couvrir Kavala comme tu le m\u00e9rites.<\/p>\n<h3 style=\"text-align: center;\" data-start=\"3280\" data-end=\"3326\">Un \u00e9t\u00e9 plein d\u2019images et d\u2019exp\u00e9riences<\/h3>\n<p data-start=\"3328\" data-end=\"3636\">Kavala offre un m\u00e9lange id\u00e9al de mer, histoire, culture et hospitalit\u00e9 authentique. Ses plages sont magnifiques, la vieille ville charmante, et les environs pleins de surprises. Et le meilleur ? Avec une voiture de <strong data-start=\"3564\" data-end=\"3578\">i-rentacar<\/strong>, chaque jour devient une nouvelle occasion d\u2019explorer.<\/p>\n<h3 style=\"text-align: center;\" data-start=\"3643\" data-end=\"3678\">R\u00e9serve ta voiture aujourd\u2019hui<\/h3>\n<p data-start=\"3680\" data-end=\"3897\">Rends-toi maintenant sur <a class=\"\" href=\"https:\/\/www.i-rentacar.com\" target=\"_new\" rel=\"noopener\" data-start=\"3694\" data-end=\"3742\">www.i-rentacar.com<\/a>, r\u00e9serve ta voiture et vis ton <strong data-start=\"3777\" data-end=\"3806\">\u00e9t\u00e9 \u00e0 Kavala<\/strong> avec confort, confiance et style. Nous t\u2019attendons avec un sourire et les cl\u00e9s en main.<\/p>\n<p data-start=\"3899\" data-end=\"3956\"><strong data-start=\"3899\" data-end=\"3956\">i-rentacar \u2013 La libert\u00e9 du voyage commence ici.<\/strong><\/p>\n<\/div><div class=\"fusion-image-element \" style=\"text-align:center;--awb-caption-title-font-family:var(--h2_typography-font-family);--awb-caption-title-font-weight:var(--h2_typography-font-weight);--awb-caption-title-font-style:var(--h2_typography-font-style);--awb-caption-title-size:var(--h2_typography-font-size);--awb-caption-title-transform:var(--h2_typography-text-transform);--awb-caption-title-line-height:var(--h2_typography-line-height);--awb-caption-title-letter-spacing:var(--h2_typography-letter-spacing);\"><span class=\" fusion-imageframe imageframe-none imageframe-3 hover-type-none\"><img decoding=\"async\" width=\"1200\" height=\"600\" title=\"\u03b2\u03b5\u03b2\u03b52\" src=\"https:\/\/www.i-rentacar.com\/wp-content\/uploads\/2025\/05\/\u03b2\u03b5\u03b2\u03b52.jpg\" data-orig-src=\"https:\/\/www.i-rentacar.com\/wp-content\/uploads\/2025\/05\/\u03b2\u03b5\u03b2\u03b52.jpg\" alt class=\"lazyload img-responsive wp-image-9965\" srcset=\"data:image\/svg+xml,%3Csvg%20xmlns%3D%27http%3A%2F%2Fwww.w3.org%2F2000%2Fsvg%27%20width%3D%271200%27%20height%3D%27600%27%20viewBox%3D%270%200%201200%20600%27%3E%3Crect%20width%3D%271200%27%20height%3D%27600%27%20fill-opacity%3D%220%22%2F%3E%3C%2Fsvg%3E\" data-srcset=\"https:\/\/www.i-rentacar.com\/wp-content\/uploads\/2025\/05\/\u03b2\u03b5\u03b2\u03b52-200x100.jpg 200w, https:\/\/www.i-rentacar.com\/wp-content\/uploads\/2025\/05\/\u03b2\u03b5\u03b2\u03b52-400x200.jpg 400w, https:\/\/www.i-rentacar.com\/wp-content\/uploads\/2025\/05\/\u03b2\u03b5\u03b2\u03b52-600x300.jpg 600w, https:\/\/www.i-rentacar.com\/wp-content\/uploads\/2025\/05\/\u03b2\u03b5\u03b2\u03b52-800x400.jpg 800w, https:\/\/www.i-rentacar.com\/wp-content\/uploads\/2025\/05\/\u03b2\u03b5\u03b2\u03b52.jpg 1200w\" data-sizes=\"auto\" data-orig-sizes=\"(max-width: 640px) 100vw, 1200px\" \/><\/span><\/div><\/div><\/div><\/div><\/div>\n","protected":false},"excerpt":{"rendered":"","protected":false},"author":1,"featured_media":0,"parent":0,"menu_order":0,"comment_status":"closed","ping_status":"closed","template":"100-width.php","meta":{"footnotes":""},"class_list":["post-10044","page","type-page","status-publish","hentry"],"yoast_head":"<!-- This site is optimized with the Yoast SEO plugin v27.0 - https:\/\/yoast.com\/product\/yoast-seo-wordpress\/ -->\n<title>Location de voiture pour Kavala | i-rentacar.com<\/title>\n<meta name=\"robots\" content=\"index, follow, max-snippet:-1, max-image-preview:large, max-video-preview:-1\" \/>\n<link rel=\"canonical\" href=\"https:\/\/www.i-rentacar.com\/fr\/location-de-voiture-pour-kavala\/\" \/>\n<meta property=\"og:locale\" content=\"fr_FR\" \/>\n<meta property=\"og:type\" content=\"article\" \/>\n<meta property=\"og:title\" content=\"Location de voiture pour Kavala | i-rentacar.com\" \/>\n<meta property=\"og:url\" content=\"https:\/\/www.i-rentacar.com\/fr\/location-de-voiture-pour-kavala\/\" \/>\n<meta property=\"og:site_name\" content=\"i-rentacar.com\" \/>\n<meta property=\"article:modified_time\" content=\"2025-06-01T09:51:07+00:00\" \/>\n<meta name=\"twitter:card\" content=\"summary_large_image\" \/>\n<meta name=\"twitter:label1\" content=\"Dur\u00e9e de lecture estim\u00e9e\" \/>\n\t<meta name=\"twitter:data1\" content=\"13 minutes\" \/>\n<script type=\"application\/ld+json\" class=\"yoast-schema-graph\">{\"@context\":\"https:\/\/schema.org\",\"@graph\":[{\"@type\":\"WebPage\",\"@id\":\"https:\/\/www.i-rentacar.com\/fr\/location-de-voiture-pour-kavala\/\",\"url\":\"https:\/\/www.i-rentacar.com\/fr\/location-de-voiture-pour-kavala\/\",\"name\":\"Location de voiture pour Kavala | i-rentacar.com\",\"isPartOf\":{\"@id\":\"https:\/\/www.i-rentacar.com\/fr\/#website\"},\"datePublished\":\"2025-05-31T16:02:28+00:00\",\"dateModified\":\"2025-06-01T09:51:07+00:00\",\"breadcrumb\":{\"@id\":\"https:\/\/www.i-rentacar.com\/fr\/location-de-voiture-pour-kavala\/#breadcrumb\"},\"inLanguage\":\"fr-FR\",\"potentialAction\":[{\"@type\":\"ReadAction\",\"target\":[\"https:\/\/www.i-rentacar.com\/fr\/location-de-voiture-pour-kavala\/\"]}]},{\"@type\":\"BreadcrumbList\",\"@id\":\"https:\/\/www.i-rentacar.com\/fr\/location-de-voiture-pour-kavala\/#breadcrumb\",\"itemListElement\":[{\"@type\":\"ListItem\",\"position\":1,\"name\":\"Home\",\"item\":\"https:\/\/www.i-rentacar.com\/fr\/\"},{\"@type\":\"ListItem\",\"position\":2,\"name\":\"Location de voiture pour Kavala\"}]},{\"@type\":\"WebSite\",\"@id\":\"https:\/\/www.i-rentacar.com\/fr\/#website\",\"url\":\"https:\/\/www.i-rentacar.com\/fr\/\",\"name\":\"i-rentacar.com\",\"description\":\"\u0395\u03bd\u03bf\u03b9\u03ba\u03b9\u03ac\u03c3\u03b5\u03b9\u03c2 \u0391\u03c5\u03c4\u03bf\u03ba\u03b9\u03bd\u03ae\u03c4\u03c9\u03bd \u0398\u03b5\u03c3\u03c3\u03b1\u03bb\u03bf\u03bd\u03af\u03ba\u03b7 minivan suv \u03b1\u03b5\u03c1\u03bf\u03b4\u03c1\u03cc\u03bc\u03b9\u03bf \u0398\u03b5\u03c3\u03c3\u03b1\u03bb\u03bf\u03bd\u03af\u03ba\u03b7, \u03b5\u03bd\u03bf\u03b9\u03ba\u03b9\u03ac\u03c3\u03b5\u03b9\u03c2 van \u0398\u03b5\u03c3\u03c3\u03b1\u03bb\u03bf\u03bd\u03af\u03ba\u03b7 \u03a7\u03b1\u03bb\u03ba\u03b9\u03b4\u03b9\u03ba\u03ae, rent a car Thessaloniki airport skg\",\"publisher\":{\"@id\":\"https:\/\/www.i-rentacar.com\/fr\/#organization\"},\"potentialAction\":[{\"@type\":\"SearchAction\",\"target\":{\"@type\":\"EntryPoint\",\"urlTemplate\":\"https:\/\/www.i-rentacar.com\/fr\/?s={search_term_string}\"},\"query-input\":{\"@type\":\"PropertyValueSpecification\",\"valueRequired\":true,\"valueName\":\"search_term_string\"}}],\"inLanguage\":\"fr-FR\"},{\"@type\":\"Organization\",\"@id\":\"https:\/\/www.i-rentacar.com\/fr\/#organization\",\"name\":\"i-rentacar.com\",\"url\":\"https:\/\/www.i-rentacar.com\/fr\/\",\"logo\":{\"@type\":\"ImageObject\",\"inLanguage\":\"fr-FR\",\"@id\":\"https:\/\/www.i-rentacar.com\/fr\/#\/schema\/logo\/image\/\",\"url\":\"https:\/\/www.i-rentacar.com\/wp-content\/uploads\/2021\/08\/logo-i-rentacar-com-3.png\",\"contentUrl\":\"https:\/\/www.i-rentacar.com\/wp-content\/uploads\/2021\/08\/logo-i-rentacar-com-3.png\",\"width\":383,\"height\":150,\"caption\":\"i-rentacar.com\"},\"image\":{\"@id\":\"https:\/\/www.i-rentacar.com\/fr\/#\/schema\/logo\/image\/\"}}]}<\/script>\n<!-- \/ Yoast SEO plugin. -->","yoast_head_json":{"title":"Location de voiture pour Kavala | i-rentacar.com","robots":{"index":"index","follow":"follow","max-snippet":"max-snippet:-1","max-image-preview":"max-image-preview:large","max-video-preview":"max-video-preview:-1"},"canonical":"https:\/\/www.i-rentacar.com\/fr\/location-de-voiture-pour-kavala\/","og_locale":"fr_FR","og_type":"article","og_title":"Location de voiture pour Kavala | i-rentacar.com","og_url":"https:\/\/www.i-rentacar.com\/fr\/location-de-voiture-pour-kavala\/","og_site_name":"i-rentacar.com","article_modified_time":"2025-06-01T09:51:07+00:00","twitter_card":"summary_large_image","twitter_misc":{"Dur\u00e9e de lecture estim\u00e9e":"13 minutes"},"schema":{"@context":"https:\/\/schema.org","@graph":[{"@type":"WebPage","@id":"https:\/\/www.i-rentacar.com\/fr\/location-de-voiture-pour-kavala\/","url":"https:\/\/www.i-rentacar.com\/fr\/location-de-voiture-pour-kavala\/","name":"Location de voiture pour Kavala | i-rentacar.com","isPartOf":{"@id":"https:\/\/www.i-rentacar.com\/fr\/#website"},"datePublished":"2025-05-31T16:02:28+00:00","dateModified":"2025-06-01T09:51:07+00:00","breadcrumb":{"@id":"https:\/\/www.i-rentacar.com\/fr\/location-de-voiture-pour-kavala\/#breadcrumb"},"inLanguage":"fr-FR","potentialAction":[{"@type":"ReadAction","target":["https:\/\/www.i-rentacar.com\/fr\/location-de-voiture-pour-kavala\/"]}]},{"@type":"BreadcrumbList","@id":"https:\/\/www.i-rentacar.com\/fr\/location-de-voiture-pour-kavala\/#breadcrumb","itemListElement":[{"@type":"ListItem","position":1,"name":"Home","item":"https:\/\/www.i-rentacar.com\/fr\/"},{"@type":"ListItem","position":2,"name":"Location de voiture pour Kavala"}]},{"@type":"WebSite","@id":"https:\/\/www.i-rentacar.com\/fr\/#website","url":"https:\/\/www.i-rentacar.com\/fr\/","name":"i-rentacar.com","description":"\u0395\u03bd\u03bf\u03b9\u03ba\u03b9\u03ac\u03c3\u03b5\u03b9\u03c2 \u0391\u03c5\u03c4\u03bf\u03ba\u03b9\u03bd\u03ae\u03c4\u03c9\u03bd \u0398\u03b5\u03c3\u03c3\u03b1\u03bb\u03bf\u03bd\u03af\u03ba\u03b7 minivan suv \u03b1\u03b5\u03c1\u03bf\u03b4\u03c1\u03cc\u03bc\u03b9\u03bf \u0398\u03b5\u03c3\u03c3\u03b1\u03bb\u03bf\u03bd\u03af\u03ba\u03b7, \u03b5\u03bd\u03bf\u03b9\u03ba\u03b9\u03ac\u03c3\u03b5\u03b9\u03c2 van \u0398\u03b5\u03c3\u03c3\u03b1\u03bb\u03bf\u03bd\u03af\u03ba\u03b7 \u03a7\u03b1\u03bb\u03ba\u03b9\u03b4\u03b9\u03ba\u03ae, rent a car Thessaloniki airport skg","publisher":{"@id":"https:\/\/www.i-rentacar.com\/fr\/#organization"},"potentialAction":[{"@type":"SearchAction","target":{"@type":"EntryPoint","urlTemplate":"https:\/\/www.i-rentacar.com\/fr\/?s={search_term_string}"},"query-input":{"@type":"PropertyValueSpecification","valueRequired":true,"valueName":"search_term_string"}}],"inLanguage":"fr-FR"},{"@type":"Organization","@id":"https:\/\/www.i-rentacar.com\/fr\/#organization","name":"i-rentacar.com","url":"https:\/\/www.i-rentacar.com\/fr\/","logo":{"@type":"ImageObject","inLanguage":"fr-FR","@id":"https:\/\/www.i-rentacar.com\/fr\/#\/schema\/logo\/image\/","url":"https:\/\/www.i-rentacar.com\/wp-content\/uploads\/2021\/08\/logo-i-rentacar-com-3.png","contentUrl":"https:\/\/www.i-rentacar.com\/wp-content\/uploads\/2021\/08\/logo-i-rentacar-com-3.png","width":383,"height":150,"caption":"i-rentacar.com"},"image":{"@id":"https:\/\/www.i-rentacar.com\/fr\/#\/schema\/logo\/image\/"}}]}},"_links":{"self":[{"href":"https:\/\/www.i-rentacar.com\/fr\/wp-json\/wp\/v2\/pages\/10044","targetHints":{"allow":["GET"]}}],"collection":[{"href":"https:\/\/www.i-rentacar.com\/fr\/wp-json\/wp\/v2\/pages"}],"about":[{"href":"https:\/\/www.i-rentacar.com\/fr\/wp-json\/wp\/v2\/types\/page"}],"author":[{"embeddable":true,"href":"https:\/\/www.i-rentacar.com\/fr\/wp-json\/wp\/v2\/users\/1"}],"replies":[{"embeddable":true,"href":"https:\/\/www.i-rentacar.com\/fr\/wp-json\/wp\/v2\/comments?post=10044"}],"version-history":[{"count":2,"href":"https:\/\/www.i-rentacar.com\/fr\/wp-json\/wp\/v2\/pages\/10044\/revisions"}],"predecessor-version":[{"id":10046,"href":"https:\/\/www.i-rentacar.com\/fr\/wp-json\/wp\/v2\/pages\/10044\/revisions\/10046"}],"wp:attachment":[{"href":"https:\/\/www.i-rentacar.com\/fr\/wp-json\/wp\/v2\/media?parent=10044"}],"curies":[{"name":"wp","href":"https:\/\/api.w.org\/{rel}","templated":true}]}}