{"id":9491,"date":"2025-01-18T17:31:27","date_gmt":"2025-01-18T15:31:27","guid":{"rendered":"https:\/\/www.i-rentacar.com\/?page_id=9491"},"modified":"2025-02-01T15:00:04","modified_gmt":"2025-02-01T13:00:04","slug":"autovermietung-ioannina","status":"publish","type":"page","link":"https:\/\/www.i-rentacar.com\/de\/autovermietung-ioannina\/","title":{"rendered":"Autovermietung Ioannina"},"content":{"rendered":"<div class=\"fusion-fullwidth fullwidth-box fusion-builder-row-1 fusion-flex-container has-pattern-background has-mask-background nonhundred-percent-fullwidth non-hundred-percent-height-scrolling\" style=\"--awb-border-radius-top-left:0px;--awb-border-radius-top-right:0px;--awb-border-radius-bottom-right:0px;--awb-border-radius-bottom-left:0px;--awb-flex-wrap:wrap;\" ><div class=\"fusion-builder-row fusion-row fusion-flex-align-items-flex-start fusion-flex-content-wrap\" style=\"max-width:1300px;margin-left: calc(-4% \/ 2 );margin-right: calc(-4% \/ 2 );\"><div class=\"fusion-layout-column fusion_builder_column fusion-builder-column-0 fusion_builder_column_1_1 1_1 fusion-flex-column\" style=\"--awb-bg-size:cover;--awb-width-large:100%;--awb-margin-top-large:0px;--awb-spacing-right-large:1.92%;--awb-margin-bottom-large:20px;--awb-spacing-left-large:1.92%;--awb-width-medium:100%;--awb-order-medium:0;--awb-spacing-right-medium:1.92%;--awb-spacing-left-medium:1.92%;--awb-width-small:100%;--awb-order-small:0;--awb-spacing-right-small:1.92%;--awb-spacing-left-small:1.92%;\"><div class=\"fusion-column-wrapper fusion-column-has-shadow fusion-flex-justify-content-flex-start fusion-content-layout-column\"><div class=\"fusion-image-element \" style=\"text-align:center;--awb-caption-title-font-family:var(--h2_typography-font-family);--awb-caption-title-font-weight:var(--h2_typography-font-weight);--awb-caption-title-font-style:var(--h2_typography-font-style);--awb-caption-title-size:var(--h2_typography-font-size);--awb-caption-title-transform:var(--h2_typography-text-transform);--awb-caption-title-line-height:var(--h2_typography-line-height);--awb-caption-title-letter-spacing:var(--h2_typography-letter-spacing);\"><span class=\" fusion-imageframe imageframe-none imageframe-1 hover-type-none\"><img decoding=\"async\" width=\"1200\" height=\"600\" alt=\"\u0395\u03bd\u03bf\u03b9\u03ba\u03af\u03b1\u03c3\u03b7 \u03b1\u03c5\u03c4\u03bf\u03ba\u03b9\u03bd\u03ae\u03c4\u03bf\u03c5 \u0399\u03c9\u03ac\u03bd\u03bd\u03b9\u03bd\u03b1 \" title=\"\u0399\u03c9\u03ac\u03bd\u03bd\u03b9\u03bd\u03b1\" src=\"https:\/\/www.i-rentacar.com\/wp-content\/uploads\/2025\/01\/\u0399\u03c9\u03ac\u03bd\u03bd\u03b9\u03bd\u03b1.jpg\" data-orig-src=\"https:\/\/www.i-rentacar.com\/wp-content\/uploads\/2025\/01\/\u0399\u03c9\u03ac\u03bd\u03bd\u03b9\u03bd\u03b1.jpg\" class=\"lazyload img-responsive wp-image-9334\" srcset=\"data:image\/svg+xml,%3Csvg%20xmlns%3D%27http%3A%2F%2Fwww.w3.org%2F2000%2Fsvg%27%20width%3D%271200%27%20height%3D%27600%27%20viewBox%3D%270%200%201200%20600%27%3E%3Crect%20width%3D%271200%27%20height%3D%27600%27%20fill-opacity%3D%220%22%2F%3E%3C%2Fsvg%3E\" data-srcset=\"https:\/\/www.i-rentacar.com\/wp-content\/uploads\/2025\/01\/\u0399\u03c9\u03ac\u03bd\u03bd\u03b9\u03bd\u03b1-200x100.jpg 200w, https:\/\/www.i-rentacar.com\/wp-content\/uploads\/2025\/01\/\u0399\u03c9\u03ac\u03bd\u03bd\u03b9\u03bd\u03b1-400x200.jpg 400w, https:\/\/www.i-rentacar.com\/wp-content\/uploads\/2025\/01\/\u0399\u03c9\u03ac\u03bd\u03bd\u03b9\u03bd\u03b1-600x300.jpg 600w, https:\/\/www.i-rentacar.com\/wp-content\/uploads\/2025\/01\/\u0399\u03c9\u03ac\u03bd\u03bd\u03b9\u03bd\u03b1-800x400.jpg 800w, https:\/\/www.i-rentacar.com\/wp-content\/uploads\/2025\/01\/\u0399\u03c9\u03ac\u03bd\u03bd\u03b9\u03bd\u03b1.jpg 1200w\" data-sizes=\"auto\" data-orig-sizes=\"(max-width: 640px) 100vw, 1200px\" \/><\/span><\/div><div class=\"fusion-text fusion-text-1\"><h1 style=\"text-align: center;\"><strong>Autovermietung und Besuch in Ioannina<\/strong><\/h1>\n<p><strong>Ioannina<\/strong>, eine Stadt voller Geschichte und nat\u00fcrlicher Sch\u00f6nheit, ist ein ideales Ziel f\u00fcr diejenigen, die Tradition und kulturelles Erbe in Kombination mit der gro\u00dfartigen Natur von Epirus suchen. Die <strong>Autovermietung Ioannina<\/strong> von <strong>i-rentacar<\/strong> ist die perfekte Wahl, um die Stadt und die umliegenden Sehensw\u00fcrdigkeiten komfortabel und frei zu erkunden.<\/p>\n<h3 style=\"text-align: center;\"><strong>Route nach Ioannina<\/strong><\/h3>\n<p>Ioannina liegt etwa <strong>450 Kilometer von Athen<\/strong> und <strong>150 Kilometer von Thessaloniki<\/strong> entfernt, mit einer Fahrzeit von ca. 5-6 Stunden von Athen und 2,5 Stunden von Thessaloniki. Mit der <strong>Autovermietung von i-rentacar<\/strong> haben Sie die Freiheit, an beeindruckenden Landschaften und malerischen D\u00f6rfern wie <strong>Metsovo<\/strong> oder <strong>Zagori<\/strong> anzuhalten.<\/p>\n<h3 style=\"text-align: center;\"><strong>Warum Sie sich f\u00fcr eine Autovermietung in Ioannina entscheiden sollten<\/strong><\/h3>\n<ol start=\"1\" data-spread=\"false\">\n<li><strong>Komfort und Freiheit<\/strong>: Entdecken Sie Ioannina und die umliegenden Gebiete in Ihrem eigenen Tempo und ohne Einschr\u00e4nkungen.<\/li>\n<li><strong>Erkunden Sie Gebirgige Gebiete<\/strong>: Besuchen Sie einzigartige D\u00f6rfer und Landschaften wie die traditionellen D\u00f6rfer von <strong>Zagori<\/strong> oder den <strong>Lake Pamvotis<\/strong>.<\/li>\n<li><strong>Perfekt f\u00fcr Gruppen und Familien<\/strong>: Die Autovermietung erm\u00f6glicht es Ihnen, komfortabel mit Ihrer Familie oder Freunden zu reisen.<\/li>\n<li><strong>Entdecken Sie historische Monumente<\/strong>: Besuchen Sie wichtige Sehensw\u00fcrdigkeiten wie das <strong>Ioannina Castle<\/strong> und das <strong>Ali Pasha Museum<\/strong>.<\/li>\n<\/ol>\n<h3 style=\"text-align: center;\"><strong>Was man in Ioannina sehen sollte<\/strong><\/h3>\n<p>Ioannina ist voller interessanter Sehensw\u00fcrdigkeiten und einzigartiger Orte:<\/p>\n<ul data-spread=\"false\">\n<li><strong>Lake Pamvotis<\/strong>: Der See, der die Stadt umgibt, ideal f\u00fcr Spazierg\u00e4nge und Bootsfahrten.<\/li>\n<li><strong>Ioannina Castle<\/strong>: Erkunden Sie die historische Festungsstadt und das Ali Pasha Museum.<\/li>\n<li><strong>Insel von Ioannina<\/strong>: Die einzigartige Insel mitten im See, Heimat von Kl\u00f6stern und historischen Monumenten.<\/li>\n<li><strong>Ali Pasha Museum<\/strong>: Erfahren Sie mehr \u00fcber die Geschichte der Region und den ber\u00fchmten osmanischen F\u00fchrer.<\/li>\n<li><strong>Traditionelle D\u00f6rfer von Zagori<\/strong>: Besuchen Sie die einzigartigen D\u00f6rfer mit traditioneller Steinarchitektur wie <strong>Monodendri<\/strong> und <strong>Vitsa<\/strong>.<\/li>\n<\/ul>\n<\/div><div class=\"fusion-image-element \" style=\"text-align:center;--awb-caption-title-font-family:var(--h2_typography-font-family);--awb-caption-title-font-weight:var(--h2_typography-font-weight);--awb-caption-title-font-style:var(--h2_typography-font-style);--awb-caption-title-size:var(--h2_typography-font-size);--awb-caption-title-transform:var(--h2_typography-text-transform);--awb-caption-title-line-height:var(--h2_typography-line-height);--awb-caption-title-letter-spacing:var(--h2_typography-letter-spacing);\"><span class=\" fusion-imageframe imageframe-none imageframe-2 hover-type-none\"><img decoding=\"async\" width=\"1200\" height=\"600\" alt=\"\u0395\u03bd\u03bf\u03b9\u03ba\u03af\u03b1\u03c3\u03b7 \u03b1\u03c5\u03c4\u03bf\u03ba\u03b9\u03bd\u03ae\u03c4\u03bf\u03c5 \u0399\u03c9\u03ac\u03bd\u03bd\u03b9\u03bd\u03b1 \" title=\"\u039b\u03c6\u03b5\u03c2\" src=\"https:\/\/www.i-rentacar.com\/wp-content\/uploads\/2025\/01\/\u039b\u03c6\u03b5\u03c2.jpg\" data-orig-src=\"https:\/\/www.i-rentacar.com\/wp-content\/uploads\/2025\/01\/\u039b\u03c6\u03b5\u03c2.jpg\" class=\"lazyload img-responsive wp-image-9346\" srcset=\"data:image\/svg+xml,%3Csvg%20xmlns%3D%27http%3A%2F%2Fwww.w3.org%2F2000%2Fsvg%27%20width%3D%271200%27%20height%3D%27600%27%20viewBox%3D%270%200%201200%20600%27%3E%3Crect%20width%3D%271200%27%20height%3D%27600%27%20fill-opacity%3D%220%22%2F%3E%3C%2Fsvg%3E\" data-srcset=\"https:\/\/www.i-rentacar.com\/wp-content\/uploads\/2025\/01\/\u039b\u03c6\u03b5\u03c2-200x100.jpg 200w, https:\/\/www.i-rentacar.com\/wp-content\/uploads\/2025\/01\/\u039b\u03c6\u03b5\u03c2-400x200.jpg 400w, https:\/\/www.i-rentacar.com\/wp-content\/uploads\/2025\/01\/\u039b\u03c6\u03b5\u03c2-600x300.jpg 600w, https:\/\/www.i-rentacar.com\/wp-content\/uploads\/2025\/01\/\u039b\u03c6\u03b5\u03c2-800x400.jpg 800w, https:\/\/www.i-rentacar.com\/wp-content\/uploads\/2025\/01\/\u039b\u03c6\u03b5\u03c2.jpg 1200w\" data-sizes=\"auto\" data-orig-sizes=\"(max-width: 640px) 100vw, 1200px\" \/><\/span><\/div><div class=\"fusion-text fusion-text-2\"><h3 style=\"text-align: center;\"><strong>Empfehlungen f\u00fcr Lebensmittel und lokale Aromen<\/strong><\/h3>\n<p>In Ioannina finden Sie ausgezeichnete Tavernen und Restaurants, in denen Sie lokale Delikatessen wie <strong>Bougiourdi, gekochtes Fleisch, K\u00e4se und Geb\u00e4ck<\/strong> probieren k\u00f6nnen. Verpassen Sie nicht, die ber\u00fchmte <strong>gew\u00fcrzte Bougatsa<\/strong> oder die <strong>Zwiebelpastete<\/strong> zu probieren sowie lokale Weine und Tsipouro.<\/p>\n<h3 style=\"text-align: center;\"><strong>Tipps f\u00fcr die Autovermietung<\/strong><\/h3>\n<ul data-spread=\"false\">\n<li><strong>Buchen Sie fr\u00fchzeitig<\/strong>: Die Region ist das ganze Jahr \u00fcber besonders beliebt, daher wird empfohlen, Ihr Auto fr\u00fchzeitig zu buchen.<\/li>\n<li><strong>W\u00e4hlen Sie das richtige Fahrzeug<\/strong>: Wenn Sie gebirgige Gebiete oder die D\u00f6rfer von Zagori erkunden m\u00f6chten, ist ein SUV oder 4&#215;4 die beste Wahl.<\/li>\n<li><strong>\u00dcberpr\u00fcfen Sie die Tankregelung<\/strong>: Die meisten Unternehmen liefern das Auto mit einem vollen Tank.<\/li>\n<\/ul>\n<h3 style=\"text-align: center;\"><strong>Fazit<\/strong><\/h3>\n<p>Die <strong>Autovermietung in Ioannina<\/strong> von <strong>i-rentacar<\/strong> erm\u00f6glicht es Ihnen, die sch\u00f6nen Landschaften und historischen Monumente der Region mit Komfort und Freiheit zu entdecken. Bereiten Sie Ihre Reise vor, w\u00e4hlen Sie das ideale Fahrzeug und erkunden Sie Ioannina und die umliegenden Gebiete auf die bestm\u00f6gliche Weise!<\/p>\n<\/div><\/div><\/div><\/div><\/div>\n","protected":false},"excerpt":{"rendered":"","protected":false},"author":1,"featured_media":0,"parent":0,"menu_order":0,"comment_status":"closed","ping_status":"closed","template":"100-width.php","meta":{"footnotes":""},"class_list":["post-9491","page","type-page","status-publish","hentry"],"yoast_head":"<!-- This site is optimized with the Yoast SEO plugin v27.0 - https:\/\/yoast.com\/product\/yoast-seo-wordpress\/ -->\n<title>Autovermietung Ioannina | i-rentacar.com<\/title>\n<meta name=\"description\" content=\"Autovermietung Ioannina\" \/>\n<meta name=\"robots\" content=\"index, follow, max-snippet:-1, max-image-preview:large, max-video-preview:-1\" \/>\n<link rel=\"canonical\" href=\"https:\/\/www.i-rentacar.com\/de\/autovermietung-ioannina\/\" \/>\n<meta property=\"og:locale\" content=\"de_DE\" \/>\n<meta property=\"og:type\" content=\"article\" \/>\n<meta property=\"og:title\" content=\"Autovermietung Ioannina | i-rentacar.com\" \/>\n<meta property=\"og:description\" content=\"Autovermietung Ioannina\" \/>\n<meta property=\"og:url\" content=\"https:\/\/www.i-rentacar.com\/de\/autovermietung-ioannina\/\" \/>\n<meta property=\"og:site_name\" content=\"i-rentacar.com\" \/>\n<meta property=\"article:modified_time\" content=\"2025-02-01T13:00:04+00:00\" \/>\n<meta name=\"twitter:card\" content=\"summary_large_image\" \/>\n<meta name=\"twitter:label1\" content=\"Gesch\u00e4tzte Lesezeit\" \/>\n\t<meta name=\"twitter:data1\" content=\"11\u00a0Minuten\" \/>\n<script type=\"application\/ld+json\" class=\"yoast-schema-graph\">{\"@context\":\"https:\/\/schema.org\",\"@graph\":[{\"@type\":\"WebPage\",\"@id\":\"https:\/\/www.i-rentacar.com\/de\/autovermietung-ioannina\/\",\"url\":\"https:\/\/www.i-rentacar.com\/de\/autovermietung-ioannina\/\",\"name\":\"Autovermietung Ioannina | i-rentacar.com\",\"isPartOf\":{\"@id\":\"https:\/\/www.i-rentacar.com\/de\/#website\"},\"datePublished\":\"2025-01-18T15:31:27+00:00\",\"dateModified\":\"2025-02-01T13:00:04+00:00\",\"description\":\"Autovermietung Ioannina\",\"breadcrumb\":{\"@id\":\"https:\/\/www.i-rentacar.com\/de\/autovermietung-ioannina\/#breadcrumb\"},\"inLanguage\":\"de\",\"potentialAction\":[{\"@type\":\"ReadAction\",\"target\":[\"https:\/\/www.i-rentacar.com\/de\/autovermietung-ioannina\/\"]}]},{\"@type\":\"BreadcrumbList\",\"@id\":\"https:\/\/www.i-rentacar.com\/de\/autovermietung-ioannina\/#breadcrumb\",\"itemListElement\":[{\"@type\":\"ListItem\",\"position\":1,\"name\":\"Home\",\"item\":\"https:\/\/www.i-rentacar.com\/de\/\"},{\"@type\":\"ListItem\",\"position\":2,\"name\":\"Autovermietung Ioannina\"}]},{\"@type\":\"WebSite\",\"@id\":\"https:\/\/www.i-rentacar.com\/de\/#website\",\"url\":\"https:\/\/www.i-rentacar.com\/de\/\",\"name\":\"i-rentacar.com\",\"description\":\"Autovermietung Thessaloniki, Minibus, Gel\u00e4ndewagen, Flughafen Thessaloniki, Mietwagen Thessaloniki Halkidiki, Mietwagen Thessaloniki Flughafen skg\",\"publisher\":{\"@id\":\"https:\/\/www.i-rentacar.com\/de\/#organization\"},\"potentialAction\":[{\"@type\":\"SearchAction\",\"target\":{\"@type\":\"EntryPoint\",\"urlTemplate\":\"https:\/\/www.i-rentacar.com\/de\/?s={search_term_string}\"},\"query-input\":{\"@type\":\"PropertyValueSpecification\",\"valueRequired\":true,\"valueName\":\"search_term_string\"}}],\"inLanguage\":\"de\"},{\"@type\":\"Organization\",\"@id\":\"https:\/\/www.i-rentacar.com\/de\/#organization\",\"name\":\"i-rentacar.com\",\"url\":\"https:\/\/www.i-rentacar.com\/de\/\",\"logo\":{\"@type\":\"ImageObject\",\"inLanguage\":\"de\",\"@id\":\"https:\/\/www.i-rentacar.com\/de\/#\/schema\/logo\/image\/\",\"url\":\"https:\/\/www.i-rentacar.com\/wp-content\/uploads\/2021\/08\/logo-i-rentacar-com-3.png\",\"contentUrl\":\"https:\/\/www.i-rentacar.com\/wp-content\/uploads\/2021\/08\/logo-i-rentacar-com-3.png\",\"width\":383,\"height\":150,\"caption\":\"i-rentacar.com\"},\"image\":{\"@id\":\"https:\/\/www.i-rentacar.com\/de\/#\/schema\/logo\/image\/\"}}]}<\/script>\n<!-- \/ Yoast SEO plugin. -->","yoast_head_json":{"title":"Autovermietung Ioannina | i-rentacar.com","description":"Autovermietung Ioannina","robots":{"index":"index","follow":"follow","max-snippet":"max-snippet:-1","max-image-preview":"max-image-preview:large","max-video-preview":"max-video-preview:-1"},"canonical":"https:\/\/www.i-rentacar.com\/de\/autovermietung-ioannina\/","og_locale":"de_DE","og_type":"article","og_title":"Autovermietung Ioannina | i-rentacar.com","og_description":"Autovermietung Ioannina","og_url":"https:\/\/www.i-rentacar.com\/de\/autovermietung-ioannina\/","og_site_name":"i-rentacar.com","article_modified_time":"2025-02-01T13:00:04+00:00","twitter_card":"summary_large_image","twitter_misc":{"Gesch\u00e4tzte Lesezeit":"11\u00a0Minuten"},"schema":{"@context":"https:\/\/schema.org","@graph":[{"@type":"WebPage","@id":"https:\/\/www.i-rentacar.com\/de\/autovermietung-ioannina\/","url":"https:\/\/www.i-rentacar.com\/de\/autovermietung-ioannina\/","name":"Autovermietung Ioannina | i-rentacar.com","isPartOf":{"@id":"https:\/\/www.i-rentacar.com\/de\/#website"},"datePublished":"2025-01-18T15:31:27+00:00","dateModified":"2025-02-01T13:00:04+00:00","description":"Autovermietung Ioannina","breadcrumb":{"@id":"https:\/\/www.i-rentacar.com\/de\/autovermietung-ioannina\/#breadcrumb"},"inLanguage":"de","potentialAction":[{"@type":"ReadAction","target":["https:\/\/www.i-rentacar.com\/de\/autovermietung-ioannina\/"]}]},{"@type":"BreadcrumbList","@id":"https:\/\/www.i-rentacar.com\/de\/autovermietung-ioannina\/#breadcrumb","itemListElement":[{"@type":"ListItem","position":1,"name":"Home","item":"https:\/\/www.i-rentacar.com\/de\/"},{"@type":"ListItem","position":2,"name":"Autovermietung Ioannina"}]},{"@type":"WebSite","@id":"https:\/\/www.i-rentacar.com\/de\/#website","url":"https:\/\/www.i-rentacar.com\/de\/","name":"i-rentacar.com","description":"Autovermietung Thessaloniki, Minibus, Gel\u00e4ndewagen, Flughafen Thessaloniki, Mietwagen Thessaloniki Halkidiki, Mietwagen Thessaloniki Flughafen skg","publisher":{"@id":"https:\/\/www.i-rentacar.com\/de\/#organization"},"potentialAction":[{"@type":"SearchAction","target":{"@type":"EntryPoint","urlTemplate":"https:\/\/www.i-rentacar.com\/de\/?s={search_term_string}"},"query-input":{"@type":"PropertyValueSpecification","valueRequired":true,"valueName":"search_term_string"}}],"inLanguage":"de"},{"@type":"Organization","@id":"https:\/\/www.i-rentacar.com\/de\/#organization","name":"i-rentacar.com","url":"https:\/\/www.i-rentacar.com\/de\/","logo":{"@type":"ImageObject","inLanguage":"de","@id":"https:\/\/www.i-rentacar.com\/de\/#\/schema\/logo\/image\/","url":"https:\/\/www.i-rentacar.com\/wp-content\/uploads\/2021\/08\/logo-i-rentacar-com-3.png","contentUrl":"https:\/\/www.i-rentacar.com\/wp-content\/uploads\/2021\/08\/logo-i-rentacar-com-3.png","width":383,"height":150,"caption":"i-rentacar.com"},"image":{"@id":"https:\/\/www.i-rentacar.com\/de\/#\/schema\/logo\/image\/"}}]}},"_links":{"self":[{"href":"https:\/\/www.i-rentacar.com\/de\/wp-json\/wp\/v2\/pages\/9491","targetHints":{"allow":["GET"]}}],"collection":[{"href":"https:\/\/www.i-rentacar.com\/de\/wp-json\/wp\/v2\/pages"}],"about":[{"href":"https:\/\/www.i-rentacar.com\/de\/wp-json\/wp\/v2\/types\/page"}],"author":[{"embeddable":true,"href":"https:\/\/www.i-rentacar.com\/de\/wp-json\/wp\/v2\/users\/1"}],"replies":[{"embeddable":true,"href":"https:\/\/www.i-rentacar.com\/de\/wp-json\/wp\/v2\/comments?post=9491"}],"version-history":[{"count":2,"href":"https:\/\/www.i-rentacar.com\/de\/wp-json\/wp\/v2\/pages\/9491\/revisions"}],"predecessor-version":[{"id":9493,"href":"https:\/\/www.i-rentacar.com\/de\/wp-json\/wp\/v2\/pages\/9491\/revisions\/9493"}],"wp:attachment":[{"href":"https:\/\/www.i-rentacar.com\/de\/wp-json\/wp\/v2\/media?parent=9491"}],"curies":[{"name":"wp","href":"https:\/\/api.w.org\/{rel}","templated":true}]}}