{"id":9485,"date":"2025-01-18T16:04:19","date_gmt":"2025-01-18T14:04:19","guid":{"rendered":"https:\/\/www.i-rentacar.com\/?page_id=9485"},"modified":"2025-02-01T14:55:03","modified_gmt":"2025-02-01T12:55:03","slug":"autovermietung-litochoron","status":"publish","type":"page","link":"https:\/\/www.i-rentacar.com\/de\/autovermietung-litochoron\/","title":{"rendered":"Autovermietung Litochoron"},"content":{"rendered":"<div class=\"fusion-fullwidth fullwidth-box fusion-builder-row-1 fusion-flex-container has-pattern-background has-mask-background nonhundred-percent-fullwidth non-hundred-percent-height-scrolling\" style=\"--awb-border-radius-top-left:0px;--awb-border-radius-top-right:0px;--awb-border-radius-bottom-right:0px;--awb-border-radius-bottom-left:0px;--awb-flex-wrap:wrap;\" ><div class=\"fusion-builder-row fusion-row fusion-flex-align-items-flex-start fusion-flex-content-wrap\" style=\"max-width:1300px;margin-left: calc(-4% \/ 2 );margin-right: calc(-4% \/ 2 );\"><div class=\"fusion-layout-column fusion_builder_column fusion-builder-column-0 fusion_builder_column_1_1 1_1 fusion-flex-column\" style=\"--awb-bg-size:cover;--awb-width-large:100%;--awb-margin-top-large:0px;--awb-spacing-right-large:1.92%;--awb-margin-bottom-large:20px;--awb-spacing-left-large:1.92%;--awb-width-medium:100%;--awb-order-medium:0;--awb-spacing-right-medium:1.92%;--awb-spacing-left-medium:1.92%;--awb-width-small:100%;--awb-order-small:0;--awb-spacing-right-small:1.92%;--awb-spacing-left-small:1.92%;\"><div class=\"fusion-column-wrapper fusion-column-has-shadow fusion-flex-justify-content-flex-start fusion-content-layout-column\"><div class=\"fusion-image-element \" style=\"text-align:center;--awb-caption-title-font-family:var(--h2_typography-font-family);--awb-caption-title-font-weight:var(--h2_typography-font-weight);--awb-caption-title-font-style:var(--h2_typography-font-style);--awb-caption-title-size:var(--h2_typography-font-size);--awb-caption-title-transform:var(--h2_typography-text-transform);--awb-caption-title-line-height:var(--h2_typography-line-height);--awb-caption-title-letter-spacing:var(--h2_typography-letter-spacing);\"><span class=\" fusion-imageframe imageframe-none imageframe-1 hover-type-none\"><img decoding=\"async\" width=\"1200\" height=\"600\" alt=\"\u0395\u03bd\u03bf\u03b9\u03ba\u03af\u03b1\u03c3\u03b7 \u03b1\u03c5\u03c4\u03bf\u03ba\u03b9\u03bd\u03ae\u03c4\u03bf\u03c5 \u039b\u03b9\u03c4\u03cc\u03c7\u03c9\u03c1\u03bf \" title=\"\u039b\u03b9\u03c4\u03cc\u03c7\u03c9\u03c1\u03bf-2\" src=\"https:\/\/www.i-rentacar.com\/wp-content\/uploads\/2025\/01\/\u039b\u03b9\u03c4\u03cc\u03c7\u03c9\u03c1\u03bf-2.jpg\" data-orig-src=\"https:\/\/www.i-rentacar.com\/wp-content\/uploads\/2025\/01\/\u039b\u03b9\u03c4\u03cc\u03c7\u03c9\u03c1\u03bf-2.jpg\" class=\"lazyload img-responsive wp-image-9253\" srcset=\"data:image\/svg+xml,%3Csvg%20xmlns%3D%27http%3A%2F%2Fwww.w3.org%2F2000%2Fsvg%27%20width%3D%271200%27%20height%3D%27600%27%20viewBox%3D%270%200%201200%20600%27%3E%3Crect%20width%3D%271200%27%20height%3D%27600%27%20fill-opacity%3D%220%22%2F%3E%3C%2Fsvg%3E\" data-srcset=\"https:\/\/www.i-rentacar.com\/wp-content\/uploads\/2025\/01\/\u039b\u03b9\u03c4\u03cc\u03c7\u03c9\u03c1\u03bf-2-200x100.jpg 200w, https:\/\/www.i-rentacar.com\/wp-content\/uploads\/2025\/01\/\u039b\u03b9\u03c4\u03cc\u03c7\u03c9\u03c1\u03bf-2-400x200.jpg 400w, https:\/\/www.i-rentacar.com\/wp-content\/uploads\/2025\/01\/\u039b\u03b9\u03c4\u03cc\u03c7\u03c9\u03c1\u03bf-2-600x300.jpg 600w, https:\/\/www.i-rentacar.com\/wp-content\/uploads\/2025\/01\/\u039b\u03b9\u03c4\u03cc\u03c7\u03c9\u03c1\u03bf-2-800x400.jpg 800w, https:\/\/www.i-rentacar.com\/wp-content\/uploads\/2025\/01\/\u039b\u03b9\u03c4\u03cc\u03c7\u03c9\u03c1\u03bf-2.jpg 1200w\" data-sizes=\"auto\" data-orig-sizes=\"(max-width: 640px) 100vw, 1200px\" \/><\/span><\/div><div class=\"fusion-text fusion-text-1\"><h1 style=\"text-align: center;\" data-pm-slice=\"1 1 &#091;&#093;\"><strong>Autovermietung und Besuch in Litohoro<\/strong><\/h1>\n<p style=\"text-align: left;\">Litohoro, das Tor zum Olymp, ist eines der bezauberndsten Reiseziele Griechenlands, ideal f\u00fcr Naturliebhaber, Wanderer und diejenigen, die Ruhe in der Natur suchen. Die Lage zwischen dem mythischen Olymp und den Ufern des Thermaischen Golfs macht es zu einer perfekten Wahl f\u00fcr Ausfl\u00fcge das ganze Jahr \u00fcber. <strong>Autovermietung Litohoro<\/strong> von <strong>i-rentacar<\/strong> ist die beste Wahl, um die Region mit Komfort und Flexibilit\u00e4t zu erkunden.<\/p>\n<h3 style=\"text-align: center;\"><strong>Route nach Litohoro<\/strong><\/h3>\n<p>Litohoro liegt etwa <strong>90 Kilometer von Thessaloniki<\/strong> entfernt, eine Strecke, die mit dem Auto etwa <strong>1 Stunde<\/strong> dauert. Die Route ist einfach und bietet wundersch\u00f6ne Ausblicke auf die griechische Natur. Mit <strong>Autovermietung von i-rentacar<\/strong> haben Sie die Freiheit, an interessanten Orten entlang des Weges anzuhalten und Ihre Route nach Belieben anzupassen.<\/p>\n<h3 style=\"text-align: center;\"><strong>Warum Autovermietung in Litohoro w\u00e4hlen<\/strong><\/h3>\n<ol start=\"1\" data-spread=\"false\">\n<li><strong>Komfort und Bequemlichkeit<\/strong>: Vermeiden Sie den Aufwand von \u00f6ffentlichen Verkehrsmitteln und bewegen Sie sich in Ihrem eigenen Tempo.<\/li>\n<li><strong>Die Gegend erkunden<\/strong>: Besuchen Sie wichtige Sehensw\u00fcrdigkeiten wie die Schluchten des Olymp, Dion und die Str\u00e4nde von Pieria.<\/li>\n<li><strong>Ideal f\u00fcr Familien und Gruppen<\/strong>: Wenn Sie mit einer Gruppe reisen, bietet die Autovermietung eine wirtschaftliche und flexible L\u00f6sung.<\/li>\n<li><strong>Zugang zu abgelegenen Orten<\/strong>: Erreichen Sie problemlos atemberaubende Gegenden wie die <strong>Enipea-Schlucht<\/strong> und das <strong>alte Litohoro<\/strong>.<\/li>\n<\/ol>\n<h3 style=\"text-align: center;\"><strong>Was man in Litohoro sehen sollte<\/strong><\/h3>\n<p>Litohoro ist ein ideales Ziel f\u00fcr Entspannung und Entdeckungen:<\/p>\n<ul data-spread=\"false\">\n<li><strong>Enipea-Schlucht<\/strong>: Eine der sch\u00f6nsten Schluchten des Olymp, ideal zum Wandern.<\/li>\n<li><strong>Dion<\/strong>: Die arch\u00e4ologische St\u00e4tte, die Zeus gewidmet ist, mit einem antiken Theater und Museum.<\/li>\n<li><strong>Kloster des Heiligen Dionysius<\/strong>: Ein historisches Kloster in der Natur des Olymp.<\/li>\n<li><strong>Plaka- und Leptokarya-Str\u00e4nde<\/strong>: Kristallklares Wasser nur wenige Minuten von Litohoro entfernt.<\/li>\n<\/ul>\n<\/div><div class=\"fusion-image-element \" style=\"text-align:center;--awb-caption-title-font-family:var(--h2_typography-font-family);--awb-caption-title-font-weight:var(--h2_typography-font-weight);--awb-caption-title-font-style:var(--h2_typography-font-style);--awb-caption-title-size:var(--h2_typography-font-size);--awb-caption-title-transform:var(--h2_typography-text-transform);--awb-caption-title-line-height:var(--h2_typography-line-height);--awb-caption-title-letter-spacing:var(--h2_typography-letter-spacing);\"><span class=\" fusion-imageframe imageframe-none imageframe-2 hover-type-none\"><img decoding=\"async\" width=\"1200\" height=\"600\" alt=\"\u0395\u03bd\u03bf\u03b9\u03ba\u03af\u03b1\u03c3\u03b7 \u03b1\u03c5\u03c4\u03bf\u03ba\u03b9\u03bd\u03ae\u03c4\u03bf\u03c5 \u039b\u03b9\u03c4\u03bf\u03c7\u03ce\u03c1\u03bf\" title=\"\u039b\u03b9\u03c4\u03bf\u03c72\" src=\"https:\/\/www.i-rentacar.com\/wp-content\/uploads\/2025\/01\/\u039b\u03b9\u03c4\u03bf\u03c72.jpg\" data-orig-src=\"https:\/\/www.i-rentacar.com\/wp-content\/uploads\/2025\/01\/\u039b\u03b9\u03c4\u03bf\u03c72.jpg\" class=\"lazyload img-responsive wp-image-9258\" srcset=\"data:image\/svg+xml,%3Csvg%20xmlns%3D%27http%3A%2F%2Fwww.w3.org%2F2000%2Fsvg%27%20width%3D%271200%27%20height%3D%27600%27%20viewBox%3D%270%200%201200%20600%27%3E%3Crect%20width%3D%271200%27%20height%3D%27600%27%20fill-opacity%3D%220%22%2F%3E%3C%2Fsvg%3E\" data-srcset=\"https:\/\/www.i-rentacar.com\/wp-content\/uploads\/2025\/01\/\u039b\u03b9\u03c4\u03bf\u03c72-200x100.jpg 200w, https:\/\/www.i-rentacar.com\/wp-content\/uploads\/2025\/01\/\u039b\u03b9\u03c4\u03bf\u03c72-400x200.jpg 400w, https:\/\/www.i-rentacar.com\/wp-content\/uploads\/2025\/01\/\u039b\u03b9\u03c4\u03bf\u03c72-600x300.jpg 600w, https:\/\/www.i-rentacar.com\/wp-content\/uploads\/2025\/01\/\u039b\u03b9\u03c4\u03bf\u03c72-800x400.jpg 800w, https:\/\/www.i-rentacar.com\/wp-content\/uploads\/2025\/01\/\u039b\u03b9\u03c4\u03bf\u03c72.jpg 1200w\" data-sizes=\"auto\" data-orig-sizes=\"(max-width: 640px) 100vw, 1200px\" \/><\/span><\/div><div class=\"fusion-text fusion-text-2\"><h3 style=\"text-align: center;\" data-pm-slice=\"1 1 &#091;&#093;\"><strong>Empfehlungen f\u00fcr Essen und Freizeit<\/strong><\/h3>\n<p>In Litohoro finden Sie ausgezeichnete Tavernen und Restaurants, in denen Sie <strong>traditionelle gegrillte Gerichte, Pies, frischen Fisch und lokale Weine<\/strong> genie\u00dfen k\u00f6nnen. In den traditionellen Caf\u00e9s sollten Sie unbedingt die lokalen S\u00fc\u00dfigkeiten und Getr\u00e4nke probieren.<\/p>\n<h3 style=\"text-align: center;\"><strong>Tipps f\u00fcr die Autovermietung<\/strong><\/h3>\n<ul data-spread=\"false\">\n<li><strong>Fr\u00fch buchen<\/strong>: Besonders wenn Sie in den Sommermonaten oder im Herbst reisen.<\/li>\n<li><strong>W\u00e4hlen Sie das richtige Fahrzeug<\/strong>: F\u00fcr Bergstrecken bietet ein SUV mehr Sicherheit und Komfort.<\/li>\n<li><strong>\u00dcberpr\u00fcfen Sie die Tankregelung<\/strong>: Die meisten Unternehmen liefern das Fahrzeug mit vollem Tank.<\/li>\n<\/ul>\n<h3 style=\"text-align: center;\"><strong>Fazit<\/strong><\/h3>\n<p><strong>Autovermietung Litohoro<\/strong> von <strong>i-rentacar<\/strong> ist die beste Wahl, um die nat\u00fcrliche Sch\u00f6nheit und Geschichte der Region ohne Einschr\u00e4nkungen zu genie\u00dfen. Planen Sie Ihre Reise, w\u00e4hlen Sie das richtige Fahrzeug und erkunden Sie Litohoro mit Komfort und Flexibilit\u00e4t!<\/p>\n<\/div><\/div><\/div><\/div><\/div>\n","protected":false},"excerpt":{"rendered":"","protected":false},"author":1,"featured_media":0,"parent":0,"menu_order":0,"comment_status":"closed","ping_status":"closed","template":"100-width.php","meta":{"footnotes":""},"class_list":["post-9485","page","type-page","status-publish","hentry"],"yoast_head":"<!-- This site is optimized with the Yoast SEO plugin v27.0 - https:\/\/yoast.com\/product\/yoast-seo-wordpress\/ -->\n<title>Autovermietung Litochoron | i-rentacar.com<\/title>\n<meta name=\"description\" content=\"Autovermietung Litochoron\" \/>\n<meta name=\"robots\" content=\"index, follow, max-snippet:-1, max-image-preview:large, max-video-preview:-1\" \/>\n<link rel=\"canonical\" href=\"https:\/\/www.i-rentacar.com\/de\/autovermietung-litochoron\/\" \/>\n<meta property=\"og:locale\" content=\"de_DE\" \/>\n<meta property=\"og:type\" content=\"article\" \/>\n<meta property=\"og:title\" content=\"Autovermietung Litochoron | i-rentacar.com\" \/>\n<meta property=\"og:description\" content=\"Autovermietung Litochoron\" \/>\n<meta property=\"og:url\" content=\"https:\/\/www.i-rentacar.com\/de\/autovermietung-litochoron\/\" \/>\n<meta property=\"og:site_name\" content=\"i-rentacar.com\" \/>\n<meta property=\"article:modified_time\" content=\"2025-02-01T12:55:03+00:00\" \/>\n<meta name=\"twitter:card\" content=\"summary_large_image\" \/>\n<meta name=\"twitter:label1\" content=\"Gesch\u00e4tzte Lesezeit\" \/>\n\t<meta name=\"twitter:data1\" content=\"11\u00a0Minuten\" \/>\n<script type=\"application\/ld+json\" class=\"yoast-schema-graph\">{\"@context\":\"https:\/\/schema.org\",\"@graph\":[{\"@type\":\"WebPage\",\"@id\":\"https:\/\/www.i-rentacar.com\/de\/autovermietung-litochoron\/\",\"url\":\"https:\/\/www.i-rentacar.com\/de\/autovermietung-litochoron\/\",\"name\":\"Autovermietung Litochoron | i-rentacar.com\",\"isPartOf\":{\"@id\":\"https:\/\/www.i-rentacar.com\/de\/#website\"},\"datePublished\":\"2025-01-18T14:04:19+00:00\",\"dateModified\":\"2025-02-01T12:55:03+00:00\",\"description\":\"Autovermietung Litochoron\",\"breadcrumb\":{\"@id\":\"https:\/\/www.i-rentacar.com\/de\/autovermietung-litochoron\/#breadcrumb\"},\"inLanguage\":\"de\",\"potentialAction\":[{\"@type\":\"ReadAction\",\"target\":[\"https:\/\/www.i-rentacar.com\/de\/autovermietung-litochoron\/\"]}]},{\"@type\":\"BreadcrumbList\",\"@id\":\"https:\/\/www.i-rentacar.com\/de\/autovermietung-litochoron\/#breadcrumb\",\"itemListElement\":[{\"@type\":\"ListItem\",\"position\":1,\"name\":\"Home\",\"item\":\"https:\/\/www.i-rentacar.com\/de\/\"},{\"@type\":\"ListItem\",\"position\":2,\"name\":\"Autovermietung Litochoron\"}]},{\"@type\":\"WebSite\",\"@id\":\"https:\/\/www.i-rentacar.com\/de\/#website\",\"url\":\"https:\/\/www.i-rentacar.com\/de\/\",\"name\":\"i-rentacar.com\",\"description\":\"Autovermietung Thessaloniki, Minibus, Gel\u00e4ndewagen, Flughafen Thessaloniki, Mietwagen Thessaloniki Halkidiki, Mietwagen Thessaloniki Flughafen skg\",\"publisher\":{\"@id\":\"https:\/\/www.i-rentacar.com\/de\/#organization\"},\"potentialAction\":[{\"@type\":\"SearchAction\",\"target\":{\"@type\":\"EntryPoint\",\"urlTemplate\":\"https:\/\/www.i-rentacar.com\/de\/?s={search_term_string}\"},\"query-input\":{\"@type\":\"PropertyValueSpecification\",\"valueRequired\":true,\"valueName\":\"search_term_string\"}}],\"inLanguage\":\"de\"},{\"@type\":\"Organization\",\"@id\":\"https:\/\/www.i-rentacar.com\/de\/#organization\",\"name\":\"i-rentacar.com\",\"url\":\"https:\/\/www.i-rentacar.com\/de\/\",\"logo\":{\"@type\":\"ImageObject\",\"inLanguage\":\"de\",\"@id\":\"https:\/\/www.i-rentacar.com\/de\/#\/schema\/logo\/image\/\",\"url\":\"https:\/\/www.i-rentacar.com\/wp-content\/uploads\/2021\/08\/logo-i-rentacar-com-3.png\",\"contentUrl\":\"https:\/\/www.i-rentacar.com\/wp-content\/uploads\/2021\/08\/logo-i-rentacar-com-3.png\",\"width\":383,\"height\":150,\"caption\":\"i-rentacar.com\"},\"image\":{\"@id\":\"https:\/\/www.i-rentacar.com\/de\/#\/schema\/logo\/image\/\"}}]}<\/script>\n<!-- \/ Yoast SEO plugin. -->","yoast_head_json":{"title":"Autovermietung Litochoron | i-rentacar.com","description":"Autovermietung Litochoron","robots":{"index":"index","follow":"follow","max-snippet":"max-snippet:-1","max-image-preview":"max-image-preview:large","max-video-preview":"max-video-preview:-1"},"canonical":"https:\/\/www.i-rentacar.com\/de\/autovermietung-litochoron\/","og_locale":"de_DE","og_type":"article","og_title":"Autovermietung Litochoron | i-rentacar.com","og_description":"Autovermietung Litochoron","og_url":"https:\/\/www.i-rentacar.com\/de\/autovermietung-litochoron\/","og_site_name":"i-rentacar.com","article_modified_time":"2025-02-01T12:55:03+00:00","twitter_card":"summary_large_image","twitter_misc":{"Gesch\u00e4tzte Lesezeit":"11\u00a0Minuten"},"schema":{"@context":"https:\/\/schema.org","@graph":[{"@type":"WebPage","@id":"https:\/\/www.i-rentacar.com\/de\/autovermietung-litochoron\/","url":"https:\/\/www.i-rentacar.com\/de\/autovermietung-litochoron\/","name":"Autovermietung Litochoron | i-rentacar.com","isPartOf":{"@id":"https:\/\/www.i-rentacar.com\/de\/#website"},"datePublished":"2025-01-18T14:04:19+00:00","dateModified":"2025-02-01T12:55:03+00:00","description":"Autovermietung Litochoron","breadcrumb":{"@id":"https:\/\/www.i-rentacar.com\/de\/autovermietung-litochoron\/#breadcrumb"},"inLanguage":"de","potentialAction":[{"@type":"ReadAction","target":["https:\/\/www.i-rentacar.com\/de\/autovermietung-litochoron\/"]}]},{"@type":"BreadcrumbList","@id":"https:\/\/www.i-rentacar.com\/de\/autovermietung-litochoron\/#breadcrumb","itemListElement":[{"@type":"ListItem","position":1,"name":"Home","item":"https:\/\/www.i-rentacar.com\/de\/"},{"@type":"ListItem","position":2,"name":"Autovermietung Litochoron"}]},{"@type":"WebSite","@id":"https:\/\/www.i-rentacar.com\/de\/#website","url":"https:\/\/www.i-rentacar.com\/de\/","name":"i-rentacar.com","description":"Autovermietung Thessaloniki, Minibus, Gel\u00e4ndewagen, Flughafen Thessaloniki, Mietwagen Thessaloniki Halkidiki, Mietwagen Thessaloniki Flughafen skg","publisher":{"@id":"https:\/\/www.i-rentacar.com\/de\/#organization"},"potentialAction":[{"@type":"SearchAction","target":{"@type":"EntryPoint","urlTemplate":"https:\/\/www.i-rentacar.com\/de\/?s={search_term_string}"},"query-input":{"@type":"PropertyValueSpecification","valueRequired":true,"valueName":"search_term_string"}}],"inLanguage":"de"},{"@type":"Organization","@id":"https:\/\/www.i-rentacar.com\/de\/#organization","name":"i-rentacar.com","url":"https:\/\/www.i-rentacar.com\/de\/","logo":{"@type":"ImageObject","inLanguage":"de","@id":"https:\/\/www.i-rentacar.com\/de\/#\/schema\/logo\/image\/","url":"https:\/\/www.i-rentacar.com\/wp-content\/uploads\/2021\/08\/logo-i-rentacar-com-3.png","contentUrl":"https:\/\/www.i-rentacar.com\/wp-content\/uploads\/2021\/08\/logo-i-rentacar-com-3.png","width":383,"height":150,"caption":"i-rentacar.com"},"image":{"@id":"https:\/\/www.i-rentacar.com\/de\/#\/schema\/logo\/image\/"}}]}},"_links":{"self":[{"href":"https:\/\/www.i-rentacar.com\/de\/wp-json\/wp\/v2\/pages\/9485","targetHints":{"allow":["GET"]}}],"collection":[{"href":"https:\/\/www.i-rentacar.com\/de\/wp-json\/wp\/v2\/pages"}],"about":[{"href":"https:\/\/www.i-rentacar.com\/de\/wp-json\/wp\/v2\/types\/page"}],"author":[{"embeddable":true,"href":"https:\/\/www.i-rentacar.com\/de\/wp-json\/wp\/v2\/users\/1"}],"replies":[{"embeddable":true,"href":"https:\/\/www.i-rentacar.com\/de\/wp-json\/wp\/v2\/comments?post=9485"}],"version-history":[{"count":2,"href":"https:\/\/www.i-rentacar.com\/de\/wp-json\/wp\/v2\/pages\/9485\/revisions"}],"predecessor-version":[{"id":9487,"href":"https:\/\/www.i-rentacar.com\/de\/wp-json\/wp\/v2\/pages\/9485\/revisions\/9487"}],"wp:attachment":[{"href":"https:\/\/www.i-rentacar.com\/de\/wp-json\/wp\/v2\/media?parent=9485"}],"curies":[{"name":"wp","href":"https:\/\/api.w.org\/{rel}","templated":true}]}}