{"id":9482,"date":"2025-01-18T16:32:59","date_gmt":"2025-01-18T14:32:59","guid":{"rendered":"https:\/\/www.i-rentacar.com\/?page_id=9482"},"modified":"2025-02-01T14:51:34","modified_gmt":"2025-02-01T12:51:34","slug":"autovermietung-metsovo","status":"publish","type":"page","link":"https:\/\/www.i-rentacar.com\/de\/autovermietung-metsovo\/","title":{"rendered":"Autovermietung Metsovo"},"content":{"rendered":"<div class=\"fusion-fullwidth fullwidth-box fusion-builder-row-1 fusion-flex-container has-pattern-background has-mask-background nonhundred-percent-fullwidth non-hundred-percent-height-scrolling\" style=\"--awb-border-radius-top-left:0px;--awb-border-radius-top-right:0px;--awb-border-radius-bottom-right:0px;--awb-border-radius-bottom-left:0px;--awb-flex-wrap:wrap;\" ><div class=\"fusion-builder-row fusion-row fusion-flex-align-items-flex-start fusion-flex-content-wrap\" style=\"max-width:1300px;margin-left: calc(-4% \/ 2 );margin-right: calc(-4% \/ 2 );\"><div class=\"fusion-layout-column fusion_builder_column fusion-builder-column-0 fusion_builder_column_1_1 1_1 fusion-flex-column\" style=\"--awb-bg-size:cover;--awb-width-large:100%;--awb-margin-top-large:0px;--awb-spacing-right-large:1.92%;--awb-margin-bottom-large:20px;--awb-spacing-left-large:1.92%;--awb-width-medium:100%;--awb-order-medium:0;--awb-spacing-right-medium:1.92%;--awb-spacing-left-medium:1.92%;--awb-width-small:100%;--awb-order-small:0;--awb-spacing-right-small:1.92%;--awb-spacing-left-small:1.92%;\"><div class=\"fusion-column-wrapper fusion-column-has-shadow fusion-flex-justify-content-flex-start fusion-content-layout-column\"><div class=\"fusion-image-element \" style=\"text-align:center;--awb-caption-title-font-family:var(--h2_typography-font-family);--awb-caption-title-font-weight:var(--h2_typography-font-weight);--awb-caption-title-font-style:var(--h2_typography-font-style);--awb-caption-title-size:var(--h2_typography-font-size);--awb-caption-title-transform:var(--h2_typography-text-transform);--awb-caption-title-line-height:var(--h2_typography-line-height);--awb-caption-title-letter-spacing:var(--h2_typography-letter-spacing);\"><span class=\" fusion-imageframe imageframe-none imageframe-1 hover-type-none\"><img decoding=\"async\" width=\"1200\" height=\"600\" alt=\"\u039c\u03ad\u03c4\u03c3\u03bf\u03b2\u03bf \" title=\"\u039c\u0395\u03a612\" src=\"https:\/\/www.i-rentacar.com\/wp-content\/uploads\/2025\/01\/\u039c\u0395\u03a612.jpg\" data-orig-src=\"https:\/\/www.i-rentacar.com\/wp-content\/uploads\/2025\/01\/\u039c\u0395\u03a612.jpg\" class=\"lazyload img-responsive wp-image-9300\" srcset=\"data:image\/svg+xml,%3Csvg%20xmlns%3D%27http%3A%2F%2Fwww.w3.org%2F2000%2Fsvg%27%20width%3D%271200%27%20height%3D%27600%27%20viewBox%3D%270%200%201200%20600%27%3E%3Crect%20width%3D%271200%27%20height%3D%27600%27%20fill-opacity%3D%220%22%2F%3E%3C%2Fsvg%3E\" data-srcset=\"https:\/\/www.i-rentacar.com\/wp-content\/uploads\/2025\/01\/\u039c\u0395\u03a612-200x100.jpg 200w, https:\/\/www.i-rentacar.com\/wp-content\/uploads\/2025\/01\/\u039c\u0395\u03a612-400x200.jpg 400w, https:\/\/www.i-rentacar.com\/wp-content\/uploads\/2025\/01\/\u039c\u0395\u03a612-600x300.jpg 600w, https:\/\/www.i-rentacar.com\/wp-content\/uploads\/2025\/01\/\u039c\u0395\u03a612-800x400.jpg 800w, https:\/\/www.i-rentacar.com\/wp-content\/uploads\/2025\/01\/\u039c\u0395\u03a612.jpg 1200w\" data-sizes=\"auto\" data-orig-sizes=\"(max-width: 640px) 100vw, 1200px\" \/><\/span><\/div><div class=\"fusion-text fusion-text-1\"><h1 style=\"text-align: center;\" data-pm-slice=\"1 1 &#091;&#093;\"><strong>Autovermietung und Besuch in Metsovo<\/strong><\/h1>\n<p><strong>Metsovo<\/strong>, eines der malerischsten und beliebtesten Bergziele Griechenlands, bietet einzigartige Erlebnisse zu jeder Jahreszeit. Mit einer reichen Tradition, authentischer Architektur und atemberaubenden Naturlandschaften ist Metsovo perfekt f\u00fcr Entspannung, gastronomische Gen\u00fcsse und Naturausfl\u00fcge. Die <strong>Autovermietung in Metsovo<\/strong> von <strong>i-rentacar<\/strong> ist die beste Wahl, um die Gegend und nahegelegene Routen bequem und flexibel zu erkunden.<\/p>\n<h3 style=\"text-align: center;\"><strong>Route nach Metsovo<\/strong><\/h3>\n<p>Metsovo liegt <strong>etwa 50 Kilometer von Ioannina<\/strong> entfernt, und die Fahrt \u00fcber die <strong>Egnatia Odos<\/strong> dauert etwa <strong>40 Minuten<\/strong>. Von <strong>Thessaloniki<\/strong> aus betr\u00e4gt die Entfernung <strong>etwa 215 Kilometer<\/strong>, mit einer Fahrtzeit von ca. <strong>2,5 Stunden<\/strong>. Mit der <strong>Autovermietung von i-rentacar<\/strong> k\u00f6nnen Sie eine komfortable Reise genie\u00dfen und unterwegs an interessanten Sehensw\u00fcrdigkeiten anhalten.<\/p>\n<h3 style=\"text-align: center;\"><strong>Warum Autovermietung in Metsovo w\u00e4hlen<\/strong><\/h3>\n<ol start=\"1\" data-spread=\"false\">\n<li><strong>Komfort und Bequemlichkeit<\/strong>: Erkunden Sie Metsovo und nahegelegene Sehensw\u00fcrdigkeiten in Ihrem eigenen Tempo.<\/li>\n<li><strong>Flexibilit\u00e4t beim Reisen<\/strong>: Besuchen Sie nahegelegene Orte wie <strong>Der See der Aoos-Quellen<\/strong>, <strong>Metsovo Ski-Zentrum<\/strong> und <strong>Monodendri<\/strong>.<\/li>\n<li><strong>Ideal f\u00fcr Gruppen und Familien<\/strong>: Das Auto bietet Komfort und Bequemlichkeit f\u00fcr gr\u00f6\u00dfere Gruppen.<\/li>\n<li><strong>Einfacher Zugang zu traditionellen D\u00f6rfern<\/strong>: Entdecken Sie nahegelegene D\u00f6rfer wie <strong>Anilio<\/strong>, <strong>Pertouli<\/strong> und <strong>Syrrako<\/strong>.<\/li>\n<\/ol>\n<\/div><div class=\"fusion-image-element \" style=\"text-align:center;--awb-caption-title-font-family:var(--h2_typography-font-family);--awb-caption-title-font-weight:var(--h2_typography-font-weight);--awb-caption-title-font-style:var(--h2_typography-font-style);--awb-caption-title-size:var(--h2_typography-font-size);--awb-caption-title-transform:var(--h2_typography-text-transform);--awb-caption-title-line-height:var(--h2_typography-line-height);--awb-caption-title-letter-spacing:var(--h2_typography-letter-spacing);\"><span class=\" fusion-imageframe imageframe-none imageframe-2 hover-type-none\"><img decoding=\"async\" width=\"1200\" height=\"600\" alt=\"\u0395\u03bd\u03bf\u03b9\u03ba\u03af\u03b1\u03c3\u03b7 \u03b1\u03c5\u03c4\u03bf\u03ba\u03b9\u03bd\u03ae\u03c4\u03bf\u03c5 \u039c\u03ad\u03c4\u03c3\u03bf\u03b2\u03bf\" title=\"NWORNW\" src=\"https:\/\/www.i-rentacar.com\/wp-content\/uploads\/2025\/01\/NWORNW.jpg\" data-orig-src=\"https:\/\/www.i-rentacar.com\/wp-content\/uploads\/2025\/01\/NWORNW.jpg\" class=\"lazyload img-responsive wp-image-9305\" srcset=\"data:image\/svg+xml,%3Csvg%20xmlns%3D%27http%3A%2F%2Fwww.w3.org%2F2000%2Fsvg%27%20width%3D%271200%27%20height%3D%27600%27%20viewBox%3D%270%200%201200%20600%27%3E%3Crect%20width%3D%271200%27%20height%3D%27600%27%20fill-opacity%3D%220%22%2F%3E%3C%2Fsvg%3E\" data-srcset=\"https:\/\/www.i-rentacar.com\/wp-content\/uploads\/2025\/01\/NWORNW-200x100.jpg 200w, https:\/\/www.i-rentacar.com\/wp-content\/uploads\/2025\/01\/NWORNW-400x200.jpg 400w, https:\/\/www.i-rentacar.com\/wp-content\/uploads\/2025\/01\/NWORNW-600x300.jpg 600w, https:\/\/www.i-rentacar.com\/wp-content\/uploads\/2025\/01\/NWORNW-800x400.jpg 800w, https:\/\/www.i-rentacar.com\/wp-content\/uploads\/2025\/01\/NWORNW.jpg 1200w\" data-sizes=\"auto\" data-orig-sizes=\"(max-width: 640px) 100vw, 1200px\" \/><\/span><\/div><div class=\"fusion-text fusion-text-2\"><h3 style=\"text-align: center;\"><strong>Was man in Metsovo sehen sollte<\/strong><\/h3>\n<p>Metsovo ist ein Ort mit einzigartiger nat\u00fcrlicher Sch\u00f6nheit und Geschichte:<\/p>\n<ul data-spread=\"false\">\n<li><strong>Metsovo Folklore Museum<\/strong>: Entdecken Sie die Tradition und Kultur der Region.<\/li>\n<li><strong>Kloster des Heiligen Nikolaus<\/strong>: Ein historisches Kloster aus dem 14. Jahrhundert.<\/li>\n<li><strong>Katogi Averoff Weinkellerei<\/strong>: Probieren Sie exquisite Weine und erfahren Sie mehr \u00fcber den Produktionsprozess.<\/li>\n<li><strong>Metsovo Ski-Zentrum<\/strong>: Ideal f\u00fcr Winteraktivit\u00e4ten und Skifahren.<\/li>\n<li><strong>Steinbr\u00fccken und Wanderwege<\/strong>: Entdecken Sie traditionelle Steinbr\u00fccken und genie\u00dfen Sie Wanderungen in der Natur.<\/li>\n<\/ul>\n<h3 style=\"text-align: center;\"><strong>Empfehlungen f\u00fcr Essen und lokale Delikatessen<\/strong><\/h3>\n<p>In Metsovo finden Sie <strong>traditionelle Tavernen und Restaurants<\/strong>, in denen Sie ber\u00fchmte lokale Produkte wie <strong>Metsovone-K\u00e4se, Metsovo-Gruyere, Kontosouvli, Wildschwein und Kuchen<\/strong> kosten k\u00f6nnen. Weinliebhaber sollten den Besuch der lokalen Weinkellereien nicht verpassen.<\/p>\n<h3 style=\"text-align: center;\"><strong>Tipps zur Autovermietung<\/strong><\/h3>\n<ul data-spread=\"false\">\n<li><strong>Buchen Sie fr\u00fchzeitig<\/strong>: Metsovo ist ein besonders beliebtes Ziel, besonders im Winter.<\/li>\n<li><strong>W\u00e4hlen Sie das richtige Fahrzeug<\/strong>: F\u00fcr Bergstrecken und winterliche Bedingungen bevorzugen Sie ein SUV oder ein 4&#215;4-Fahrzeug.<\/li>\n<li><strong>\u00dcberpr\u00fcfen Sie die Tankrichtlinie<\/strong>: Die meisten Unternehmen liefern das Auto mit vollem Tank.<\/li>\n<\/ul>\n<h3 style=\"text-align: center;\"><strong>Fazit<\/strong><\/h3>\n<p><strong>Autovermietung in Metsovo<\/strong> von <strong>i-rentacar<\/strong> ist die ideale Wahl, um den authentischen Charme der Region zu erleben, die Natur zu genie\u00dfen und die traditionellen Sch\u00f6nheiten von Epirus mit Komfort und Sicherheit zu erkunden. Planen Sie Ihre Reise, w\u00e4hlen Sie das perfekte Fahrzeug und entdecken Sie Metsovo auf die bestm\u00f6gliche Weise!<\/p>\n<\/div><\/div><\/div><\/div><\/div>\n","protected":false},"excerpt":{"rendered":"","protected":false},"author":1,"featured_media":0,"parent":0,"menu_order":0,"comment_status":"closed","ping_status":"closed","template":"100-width.php","meta":{"footnotes":""},"class_list":["post-9482","page","type-page","status-publish","hentry"],"yoast_head":"<!-- This site is optimized with the Yoast SEO plugin v27.0 - https:\/\/yoast.com\/product\/yoast-seo-wordpress\/ -->\n<title>Autovermietung Metsovo | i-rentacar.com<\/title>\n<meta name=\"description\" content=\"Autovermietung Metsovo\" \/>\n<meta name=\"robots\" content=\"index, follow, max-snippet:-1, max-image-preview:large, max-video-preview:-1\" \/>\n<link rel=\"canonical\" href=\"https:\/\/www.i-rentacar.com\/de\/autovermietung-metsovo\/\" \/>\n<meta property=\"og:locale\" content=\"de_DE\" \/>\n<meta property=\"og:type\" content=\"article\" \/>\n<meta property=\"og:title\" content=\"Autovermietung Metsovo | i-rentacar.com\" \/>\n<meta property=\"og:description\" content=\"Autovermietung Metsovo\" \/>\n<meta property=\"og:url\" content=\"https:\/\/www.i-rentacar.com\/de\/autovermietung-metsovo\/\" \/>\n<meta property=\"og:site_name\" content=\"i-rentacar.com\" \/>\n<meta property=\"article:modified_time\" content=\"2025-02-01T12:51:34+00:00\" \/>\n<meta name=\"twitter:card\" content=\"summary_large_image\" \/>\n<meta name=\"twitter:label1\" content=\"Gesch\u00e4tzte Lesezeit\" \/>\n\t<meta name=\"twitter:data1\" content=\"11\u00a0Minuten\" \/>\n<script type=\"application\/ld+json\" class=\"yoast-schema-graph\">{\"@context\":\"https:\/\/schema.org\",\"@graph\":[{\"@type\":\"WebPage\",\"@id\":\"https:\/\/www.i-rentacar.com\/de\/autovermietung-metsovo\/\",\"url\":\"https:\/\/www.i-rentacar.com\/de\/autovermietung-metsovo\/\",\"name\":\"Autovermietung Metsovo | i-rentacar.com\",\"isPartOf\":{\"@id\":\"https:\/\/www.i-rentacar.com\/de\/#website\"},\"datePublished\":\"2025-01-18T14:32:59+00:00\",\"dateModified\":\"2025-02-01T12:51:34+00:00\",\"description\":\"Autovermietung Metsovo\",\"breadcrumb\":{\"@id\":\"https:\/\/www.i-rentacar.com\/de\/autovermietung-metsovo\/#breadcrumb\"},\"inLanguage\":\"de\",\"potentialAction\":[{\"@type\":\"ReadAction\",\"target\":[\"https:\/\/www.i-rentacar.com\/de\/autovermietung-metsovo\/\"]}]},{\"@type\":\"BreadcrumbList\",\"@id\":\"https:\/\/www.i-rentacar.com\/de\/autovermietung-metsovo\/#breadcrumb\",\"itemListElement\":[{\"@type\":\"ListItem\",\"position\":1,\"name\":\"Home\",\"item\":\"https:\/\/www.i-rentacar.com\/de\/\"},{\"@type\":\"ListItem\",\"position\":2,\"name\":\"Autovermietung Metsovo\"}]},{\"@type\":\"WebSite\",\"@id\":\"https:\/\/www.i-rentacar.com\/de\/#website\",\"url\":\"https:\/\/www.i-rentacar.com\/de\/\",\"name\":\"i-rentacar.com\",\"description\":\"Autovermietung Thessaloniki, Minibus, Gel\u00e4ndewagen, Flughafen Thessaloniki, Mietwagen Thessaloniki Halkidiki, Mietwagen Thessaloniki Flughafen skg\",\"publisher\":{\"@id\":\"https:\/\/www.i-rentacar.com\/de\/#organization\"},\"potentialAction\":[{\"@type\":\"SearchAction\",\"target\":{\"@type\":\"EntryPoint\",\"urlTemplate\":\"https:\/\/www.i-rentacar.com\/de\/?s={search_term_string}\"},\"query-input\":{\"@type\":\"PropertyValueSpecification\",\"valueRequired\":true,\"valueName\":\"search_term_string\"}}],\"inLanguage\":\"de\"},{\"@type\":\"Organization\",\"@id\":\"https:\/\/www.i-rentacar.com\/de\/#organization\",\"name\":\"i-rentacar.com\",\"url\":\"https:\/\/www.i-rentacar.com\/de\/\",\"logo\":{\"@type\":\"ImageObject\",\"inLanguage\":\"de\",\"@id\":\"https:\/\/www.i-rentacar.com\/de\/#\/schema\/logo\/image\/\",\"url\":\"https:\/\/www.i-rentacar.com\/wp-content\/uploads\/2021\/08\/logo-i-rentacar-com-3.png\",\"contentUrl\":\"https:\/\/www.i-rentacar.com\/wp-content\/uploads\/2021\/08\/logo-i-rentacar-com-3.png\",\"width\":383,\"height\":150,\"caption\":\"i-rentacar.com\"},\"image\":{\"@id\":\"https:\/\/www.i-rentacar.com\/de\/#\/schema\/logo\/image\/\"}}]}<\/script>\n<!-- \/ Yoast SEO plugin. -->","yoast_head_json":{"title":"Autovermietung Metsovo | i-rentacar.com","description":"Autovermietung Metsovo","robots":{"index":"index","follow":"follow","max-snippet":"max-snippet:-1","max-image-preview":"max-image-preview:large","max-video-preview":"max-video-preview:-1"},"canonical":"https:\/\/www.i-rentacar.com\/de\/autovermietung-metsovo\/","og_locale":"de_DE","og_type":"article","og_title":"Autovermietung Metsovo | i-rentacar.com","og_description":"Autovermietung Metsovo","og_url":"https:\/\/www.i-rentacar.com\/de\/autovermietung-metsovo\/","og_site_name":"i-rentacar.com","article_modified_time":"2025-02-01T12:51:34+00:00","twitter_card":"summary_large_image","twitter_misc":{"Gesch\u00e4tzte Lesezeit":"11\u00a0Minuten"},"schema":{"@context":"https:\/\/schema.org","@graph":[{"@type":"WebPage","@id":"https:\/\/www.i-rentacar.com\/de\/autovermietung-metsovo\/","url":"https:\/\/www.i-rentacar.com\/de\/autovermietung-metsovo\/","name":"Autovermietung Metsovo | i-rentacar.com","isPartOf":{"@id":"https:\/\/www.i-rentacar.com\/de\/#website"},"datePublished":"2025-01-18T14:32:59+00:00","dateModified":"2025-02-01T12:51:34+00:00","description":"Autovermietung Metsovo","breadcrumb":{"@id":"https:\/\/www.i-rentacar.com\/de\/autovermietung-metsovo\/#breadcrumb"},"inLanguage":"de","potentialAction":[{"@type":"ReadAction","target":["https:\/\/www.i-rentacar.com\/de\/autovermietung-metsovo\/"]}]},{"@type":"BreadcrumbList","@id":"https:\/\/www.i-rentacar.com\/de\/autovermietung-metsovo\/#breadcrumb","itemListElement":[{"@type":"ListItem","position":1,"name":"Home","item":"https:\/\/www.i-rentacar.com\/de\/"},{"@type":"ListItem","position":2,"name":"Autovermietung Metsovo"}]},{"@type":"WebSite","@id":"https:\/\/www.i-rentacar.com\/de\/#website","url":"https:\/\/www.i-rentacar.com\/de\/","name":"i-rentacar.com","description":"Autovermietung Thessaloniki, Minibus, Gel\u00e4ndewagen, Flughafen Thessaloniki, Mietwagen Thessaloniki Halkidiki, Mietwagen Thessaloniki Flughafen skg","publisher":{"@id":"https:\/\/www.i-rentacar.com\/de\/#organization"},"potentialAction":[{"@type":"SearchAction","target":{"@type":"EntryPoint","urlTemplate":"https:\/\/www.i-rentacar.com\/de\/?s={search_term_string}"},"query-input":{"@type":"PropertyValueSpecification","valueRequired":true,"valueName":"search_term_string"}}],"inLanguage":"de"},{"@type":"Organization","@id":"https:\/\/www.i-rentacar.com\/de\/#organization","name":"i-rentacar.com","url":"https:\/\/www.i-rentacar.com\/de\/","logo":{"@type":"ImageObject","inLanguage":"de","@id":"https:\/\/www.i-rentacar.com\/de\/#\/schema\/logo\/image\/","url":"https:\/\/www.i-rentacar.com\/wp-content\/uploads\/2021\/08\/logo-i-rentacar-com-3.png","contentUrl":"https:\/\/www.i-rentacar.com\/wp-content\/uploads\/2021\/08\/logo-i-rentacar-com-3.png","width":383,"height":150,"caption":"i-rentacar.com"},"image":{"@id":"https:\/\/www.i-rentacar.com\/de\/#\/schema\/logo\/image\/"}}]}},"_links":{"self":[{"href":"https:\/\/www.i-rentacar.com\/de\/wp-json\/wp\/v2\/pages\/9482","targetHints":{"allow":["GET"]}}],"collection":[{"href":"https:\/\/www.i-rentacar.com\/de\/wp-json\/wp\/v2\/pages"}],"about":[{"href":"https:\/\/www.i-rentacar.com\/de\/wp-json\/wp\/v2\/types\/page"}],"author":[{"embeddable":true,"href":"https:\/\/www.i-rentacar.com\/de\/wp-json\/wp\/v2\/users\/1"}],"replies":[{"embeddable":true,"href":"https:\/\/www.i-rentacar.com\/de\/wp-json\/wp\/v2\/comments?post=9482"}],"version-history":[{"count":2,"href":"https:\/\/www.i-rentacar.com\/de\/wp-json\/wp\/v2\/pages\/9482\/revisions"}],"predecessor-version":[{"id":9484,"href":"https:\/\/www.i-rentacar.com\/de\/wp-json\/wp\/v2\/pages\/9482\/revisions\/9484"}],"wp:attachment":[{"href":"https:\/\/www.i-rentacar.com\/de\/wp-json\/wp\/v2\/media?parent=9482"}],"curies":[{"name":"wp","href":"https:\/\/api.w.org\/{rel}","templated":true}]}}