{"id":9476,"date":"2025-01-18T15:55:02","date_gmt":"2025-01-18T13:55:02","guid":{"rendered":"https:\/\/www.i-rentacar.com\/?page_id=9476"},"modified":"2025-02-01T14:20:25","modified_gmt":"2025-02-01T12:20:25","slug":"autovermietung-am-kastoria-see","status":"publish","type":"page","link":"https:\/\/www.i-rentacar.com\/de\/autovermietung-am-kastoria-see\/","title":{"rendered":"Autovermietung am Kastoria-See"},"content":{"rendered":"<div class=\"fusion-fullwidth fullwidth-box fusion-builder-row-1 fusion-flex-container has-pattern-background has-mask-background nonhundred-percent-fullwidth non-hundred-percent-height-scrolling\" style=\"--awb-border-radius-top-left:0px;--awb-border-radius-top-right:0px;--awb-border-radius-bottom-right:0px;--awb-border-radius-bottom-left:0px;--awb-flex-wrap:wrap;\" ><div class=\"fusion-builder-row fusion-row fusion-flex-align-items-flex-start fusion-flex-content-wrap\" style=\"max-width:1300px;margin-left: calc(-4% \/ 2 );margin-right: calc(-4% \/ 2 );\"><div class=\"fusion-layout-column fusion_builder_column fusion-builder-column-0 fusion_builder_column_1_1 1_1 fusion-flex-column\" style=\"--awb-bg-size:cover;--awb-width-large:100%;--awb-margin-top-large:0px;--awb-spacing-right-large:1.92%;--awb-margin-bottom-large:20px;--awb-spacing-left-large:1.92%;--awb-width-medium:100%;--awb-order-medium:0;--awb-spacing-right-medium:1.92%;--awb-spacing-left-medium:1.92%;--awb-width-small:100%;--awb-order-small:0;--awb-spacing-right-small:1.92%;--awb-spacing-left-small:1.92%;\"><div class=\"fusion-column-wrapper fusion-column-has-shadow fusion-flex-justify-content-flex-start fusion-content-layout-column\"><div class=\"fusion-image-element \" style=\"text-align:center;--awb-caption-title-font-family:var(--h2_typography-font-family);--awb-caption-title-font-weight:var(--h2_typography-font-weight);--awb-caption-title-font-style:var(--h2_typography-font-style);--awb-caption-title-size:var(--h2_typography-font-size);--awb-caption-title-transform:var(--h2_typography-text-transform);--awb-caption-title-line-height:var(--h2_typography-line-height);--awb-caption-title-letter-spacing:var(--h2_typography-letter-spacing);\"><span class=\" fusion-imageframe imageframe-none imageframe-1 hover-type-none\"><img decoding=\"async\" width=\"1200\" height=\"600\" alt=\"\u039b\u03af\u03bc\u03bd\u03b7-\u039a\u03b1\u03c3\u03c4\u03bf\u03c1\u03b9\u03ac\u03c2\" title=\"\u039b\u03af\u03bc\u03bd\u03b7-\u039a\u03b1\u03c3\u03c4\u03bf\u03c1\u03b9\u03ac\u03c2\" src=\"https:\/\/www.i-rentacar.com\/wp-content\/uploads\/2025\/01\/\u039b\u03af\u03bc\u03bd\u03b7-\u039a\u03b1\u03c3\u03c4\u03bf\u03c1\u03b9\u03ac\u03c2.jpg\" data-orig-src=\"https:\/\/www.i-rentacar.com\/wp-content\/uploads\/2025\/01\/\u039b\u03af\u03bc\u03bd\u03b7-\u039a\u03b1\u03c3\u03c4\u03bf\u03c1\u03b9\u03ac\u03c2.jpg\" class=\"lazyload img-responsive wp-image-9246\" srcset=\"data:image\/svg+xml,%3Csvg%20xmlns%3D%27http%3A%2F%2Fwww.w3.org%2F2000%2Fsvg%27%20width%3D%271200%27%20height%3D%27600%27%20viewBox%3D%270%200%201200%20600%27%3E%3Crect%20width%3D%271200%27%20height%3D%27600%27%20fill-opacity%3D%220%22%2F%3E%3C%2Fsvg%3E\" data-srcset=\"https:\/\/www.i-rentacar.com\/wp-content\/uploads\/2025\/01\/\u039b\u03af\u03bc\u03bd\u03b7-\u039a\u03b1\u03c3\u03c4\u03bf\u03c1\u03b9\u03ac\u03c2-200x100.jpg 200w, https:\/\/www.i-rentacar.com\/wp-content\/uploads\/2025\/01\/\u039b\u03af\u03bc\u03bd\u03b7-\u039a\u03b1\u03c3\u03c4\u03bf\u03c1\u03b9\u03ac\u03c2-400x200.jpg 400w, https:\/\/www.i-rentacar.com\/wp-content\/uploads\/2025\/01\/\u039b\u03af\u03bc\u03bd\u03b7-\u039a\u03b1\u03c3\u03c4\u03bf\u03c1\u03b9\u03ac\u03c2-600x300.jpg 600w, https:\/\/www.i-rentacar.com\/wp-content\/uploads\/2025\/01\/\u039b\u03af\u03bc\u03bd\u03b7-\u039a\u03b1\u03c3\u03c4\u03bf\u03c1\u03b9\u03ac\u03c2-800x400.jpg 800w, https:\/\/www.i-rentacar.com\/wp-content\/uploads\/2025\/01\/\u039b\u03af\u03bc\u03bd\u03b7-\u039a\u03b1\u03c3\u03c4\u03bf\u03c1\u03b9\u03ac\u03c2.jpg 1200w\" data-sizes=\"auto\" data-orig-sizes=\"(max-width: 640px) 100vw, 1200px\" \/><\/span><\/div><div class=\"fusion-text fusion-text-1\"><h1 style=\"text-align: center;\" data-pm-slice=\"1 1 &#091;&#093;\"><strong>Autovermietung und Besuch des Kastoria-Sees<\/strong><\/h1>\n<p>Der <strong>Kastoria-See<\/strong>, auch bekannt als <strong>Orestiada<\/strong>, ist einer der sch\u00f6nsten Seen Griechenlands und ein Ziel, das nat\u00fcrliche Sch\u00f6nheit, Kultur und Gastronomie vereint. Die Stadt Kastoria, die den See umarmt, bietet jedem Besucher ein faszinierendes Erlebnis. Die <strong>Autovermietung am Kastoria-See<\/strong> von <strong>i-rentacar<\/strong> ist die beste Wahl, um die Gegend mit Komfort und Flexibilit\u00e4t zu erkunden.<\/p>\n<h3 style=\"text-align: center;\"><strong>Route zum Kastoria-See<\/strong><\/h3>\n<p>Kastoria liegt ungef\u00e4hr <strong>190 Kilometer von Thessaloniki<\/strong> entfernt, und die Fahrt dauert etwa <strong>2,5 Stunden<\/strong> mit dem Auto. Mit der <strong>Autovermietung von i-rentacar<\/strong> k\u00f6nnen Sie Ihre Reise genie\u00dfen, in malerischen D\u00f6rfern anhalten und Ihre Route nach Ihren Vorlieben anpassen.<\/p>\n<h3 style=\"text-align: center;\"><strong>Warum die Autovermietung am Kastoria-See w\u00e4hlen<\/strong><\/h3>\n<ol start=\"1\" data-spread=\"false\">\n<li><strong>Komfort und Freiheit<\/strong>: Vermeiden Sie den Stress \u00f6ffentlicher Verkehrsmittel und reisen Sie in Ihrem eigenen Tempo.<\/li>\n<li><strong>Erkunden Sie die Region<\/strong>: Besuchen Sie die wichtigsten Sehensw\u00fcrdigkeiten von Kastoria und der Umgebung, wie die <strong>Dragon&#8217;s Cave<\/strong>, <strong>Dispilio<\/strong> und die <strong>traditionellen Herrenh\u00e4user<\/strong> der Stadt.<\/li>\n<li><strong>Ideal f\u00fcr Familien und Gruppen<\/strong>: Wenn Sie mit Familie oder Freunden reisen, ist die Autovermietung die praktischste und wirtschaftlichste Wahl.<\/li>\n<li><strong>Einfache Fortbewegung<\/strong>: Mit Ihrem eigenen Fahrzeug k\u00f6nnen Sie problemlos abgelegene Orte wie <strong>Nymfaio<\/strong> und das <strong>Vigla-Pisoderi Ski Center<\/strong> erreichen.<\/li>\n<\/ol>\n<\/div><div class=\"fusion-image-element \" style=\"text-align:center;--awb-caption-title-font-family:var(--h2_typography-font-family);--awb-caption-title-font-weight:var(--h2_typography-font-weight);--awb-caption-title-font-style:var(--h2_typography-font-style);--awb-caption-title-size:var(--h2_typography-font-size);--awb-caption-title-transform:var(--h2_typography-text-transform);--awb-caption-title-line-height:var(--h2_typography-line-height);--awb-caption-title-letter-spacing:var(--h2_typography-letter-spacing);\"><span class=\" fusion-imageframe imageframe-none imageframe-2 hover-type-none\"><img decoding=\"async\" width=\"1200\" height=\"600\" alt=\"\u0395\u03bd\u03bf\u03b9\u03ba\u03af\u03b1\u03c3\u03b7 \u03b1\u03c5\u03c4\u03bf\u03ba\u03b9\u03bd\u03ae\u03c4\u03bf\u03c5 \u039b\u03af\u03bc\u03bd\u03b7 \u039a\u03b5\u03c1\u03ba\u03af\u03bd\u03b7 \" title=\"\u039b\u03b9\u03bc\u03bd\u03b7-\u03ba\u03b5\u03c1\u03ba2\" src=\"https:\/\/www.i-rentacar.com\/wp-content\/uploads\/2025\/01\/\u039b\u03b9\u03bc\u03bd\u03b7-\u03ba\u03b5\u03c1\u03ba2.jpg\" data-orig-src=\"https:\/\/www.i-rentacar.com\/wp-content\/uploads\/2025\/01\/\u039b\u03b9\u03bc\u03bd\u03b7-\u03ba\u03b5\u03c1\u03ba2.jpg\" class=\"lazyload img-responsive wp-image-9241\" srcset=\"data:image\/svg+xml,%3Csvg%20xmlns%3D%27http%3A%2F%2Fwww.w3.org%2F2000%2Fsvg%27%20width%3D%271200%27%20height%3D%27600%27%20viewBox%3D%270%200%201200%20600%27%3E%3Crect%20width%3D%271200%27%20height%3D%27600%27%20fill-opacity%3D%220%22%2F%3E%3C%2Fsvg%3E\" data-srcset=\"https:\/\/www.i-rentacar.com\/wp-content\/uploads\/2025\/01\/\u039b\u03b9\u03bc\u03bd\u03b7-\u03ba\u03b5\u03c1\u03ba2-200x100.jpg 200w, https:\/\/www.i-rentacar.com\/wp-content\/uploads\/2025\/01\/\u039b\u03b9\u03bc\u03bd\u03b7-\u03ba\u03b5\u03c1\u03ba2-400x200.jpg 400w, https:\/\/www.i-rentacar.com\/wp-content\/uploads\/2025\/01\/\u039b\u03b9\u03bc\u03bd\u03b7-\u03ba\u03b5\u03c1\u03ba2-600x300.jpg 600w, https:\/\/www.i-rentacar.com\/wp-content\/uploads\/2025\/01\/\u039b\u03b9\u03bc\u03bd\u03b7-\u03ba\u03b5\u03c1\u03ba2-800x400.jpg 800w, https:\/\/www.i-rentacar.com\/wp-content\/uploads\/2025\/01\/\u039b\u03b9\u03bc\u03bd\u03b7-\u03ba\u03b5\u03c1\u03ba2.jpg 1200w\" data-sizes=\"auto\" data-orig-sizes=\"(max-width: 640px) 100vw, 1200px\" \/><\/span><\/div><div class=\"fusion-text fusion-text-2\"><h3 style=\"text-align: center;\"><strong>Was man am Kastoria-See sehen sollte<\/strong><\/h3>\n<p>Kastoria bietet viele M\u00f6glichkeiten zur Erkundung und Entspannung:<\/p>\n<ul data-spread=\"false\">\n<li><strong>See-Tour<\/strong>: Ein einzigartiges Erlebnis f\u00fcr diejenigen, die den Blick auf den See und die nat\u00fcrliche Sch\u00f6nheit der Gegend genie\u00dfen m\u00f6chten.<\/li>\n<li><strong>Dragon&#8217;s Cave<\/strong>: Eine beeindruckende H\u00f6hle mit Stalaktiten und Stalagmiten, voller Geheimnisse und Geschichte.<\/li>\n<li><strong>Kastoria Folklore Museum<\/strong>: Entdecken Sie die Geschichte und Tradition der Stadt durch eine einzigartige Sammlung.<\/li>\n<li><strong>Dispilio<\/strong>: Die pr\u00e4historische Siedlung am See, die die Geschichte der Region aus alten Zeiten erz\u00e4hlt.<\/li>\n<li><strong>Kastoria Herrenh\u00e4user<\/strong>: Erkunden Sie die wundersch\u00f6n erhaltenen Herrenh\u00e4user, die die aristokratische Geschichte der Stadt widerspiegeln.<\/li>\n<\/ul>\n<h3 style=\"text-align: center;\"><strong>Empfehlungen f\u00fcr Essen und Freizeit<\/strong><\/h3>\n<p>Kastoria ist ber\u00fchmt f\u00fcr seine lokale K\u00fcche. In den Tavernen und Restaurants der Region k\u00f6nnen Sie <strong>traditionelle Bohnensuppe, Forelle aus dem See, Kebab und lokale S\u00fc\u00dfigkeiten wie Saragli<\/strong> probieren.<\/p>\n<h3><strong>Tipps zur Autovermietung<\/strong><\/h3>\n<ul data-spread=\"false\">\n<li><strong>Buchen Sie fr\u00fchzeitig<\/strong>: Besonders wenn Sie w\u00e4hrend der Hochsaison reisen, wie im Winter oder zu Ostern.<\/li>\n<li><strong>W\u00e4hlen Sie das richtige Fahrzeug<\/strong>: Wenn Sie in bergige Gebiete reisen m\u00f6chten, denken Sie daran, ein SUV f\u00fcr mehr Sicherheit und Komfort zu mieten.<\/li>\n<li><strong>\u00dcberpr\u00fcfen Sie die Tankregelung<\/strong>: Die meisten Unternehmen liefern das Fahrzeug mit einem vollen Tank.<\/li>\n<\/ul>\n<h3 style=\"text-align: center;\"><strong>Fazit<\/strong><\/h3>\n<p><strong>Die Autovermietung am Kastoria-See<\/strong> von <strong>i-rentacar<\/strong> ist die beste Wahl, um die Sch\u00f6nheiten der Region ohne Einschr\u00e4nkungen zu entdecken. Planen Sie Ihre Reise, w\u00e4hlen Sie das ideale Fahrzeug und genie\u00dfen Sie Kastoria mit absolutem Komfort und Flexibilit\u00e4t!<\/p>\n<\/div><\/div><\/div><\/div><\/div>\n","protected":false},"excerpt":{"rendered":"","protected":false},"author":1,"featured_media":0,"parent":0,"menu_order":0,"comment_status":"closed","ping_status":"closed","template":"100-width.php","meta":{"footnotes":""},"class_list":["post-9476","page","type-page","status-publish","hentry"],"yoast_head":"<!-- This site is optimized with the Yoast SEO plugin v27.0 - https:\/\/yoast.com\/product\/yoast-seo-wordpress\/ -->\n<title>Autovermietung am Kastoria-See | i-rentacar.com<\/title>\n<meta name=\"description\" content=\"Autovermietung am Kastoria-See\" \/>\n<meta name=\"robots\" content=\"index, follow, max-snippet:-1, max-image-preview:large, max-video-preview:-1\" \/>\n<link rel=\"canonical\" href=\"https:\/\/www.i-rentacar.com\/de\/autovermietung-am-kastoria-see\/\" \/>\n<meta property=\"og:locale\" content=\"de_DE\" \/>\n<meta property=\"og:type\" content=\"article\" \/>\n<meta property=\"og:title\" content=\"Autovermietung am Kastoria-See | i-rentacar.com\" \/>\n<meta property=\"og:description\" content=\"Autovermietung am Kastoria-See\" \/>\n<meta property=\"og:url\" content=\"https:\/\/www.i-rentacar.com\/de\/autovermietung-am-kastoria-see\/\" \/>\n<meta property=\"og:site_name\" content=\"i-rentacar.com\" \/>\n<meta property=\"article:modified_time\" content=\"2025-02-01T12:20:25+00:00\" \/>\n<meta name=\"twitter:card\" content=\"summary_large_image\" \/>\n<meta name=\"twitter:label1\" content=\"Gesch\u00e4tzte Lesezeit\" \/>\n\t<meta name=\"twitter:data1\" content=\"11\u00a0Minuten\" \/>\n<script type=\"application\/ld+json\" class=\"yoast-schema-graph\">{\"@context\":\"https:\/\/schema.org\",\"@graph\":[{\"@type\":\"WebPage\",\"@id\":\"https:\/\/www.i-rentacar.com\/de\/autovermietung-am-kastoria-see\/\",\"url\":\"https:\/\/www.i-rentacar.com\/de\/autovermietung-am-kastoria-see\/\",\"name\":\"Autovermietung am Kastoria-See | i-rentacar.com\",\"isPartOf\":{\"@id\":\"https:\/\/www.i-rentacar.com\/de\/#website\"},\"datePublished\":\"2025-01-18T13:55:02+00:00\",\"dateModified\":\"2025-02-01T12:20:25+00:00\",\"description\":\"Autovermietung am Kastoria-See\",\"breadcrumb\":{\"@id\":\"https:\/\/www.i-rentacar.com\/de\/autovermietung-am-kastoria-see\/#breadcrumb\"},\"inLanguage\":\"de\",\"potentialAction\":[{\"@type\":\"ReadAction\",\"target\":[\"https:\/\/www.i-rentacar.com\/de\/autovermietung-am-kastoria-see\/\"]}]},{\"@type\":\"BreadcrumbList\",\"@id\":\"https:\/\/www.i-rentacar.com\/de\/autovermietung-am-kastoria-see\/#breadcrumb\",\"itemListElement\":[{\"@type\":\"ListItem\",\"position\":1,\"name\":\"Home\",\"item\":\"https:\/\/www.i-rentacar.com\/de\/\"},{\"@type\":\"ListItem\",\"position\":2,\"name\":\"Autovermietung am Kastoria-See\"}]},{\"@type\":\"WebSite\",\"@id\":\"https:\/\/www.i-rentacar.com\/de\/#website\",\"url\":\"https:\/\/www.i-rentacar.com\/de\/\",\"name\":\"i-rentacar.com\",\"description\":\"Autovermietung Thessaloniki, Minibus, Gel\u00e4ndewagen, Flughafen Thessaloniki, Mietwagen Thessaloniki Halkidiki, Mietwagen Thessaloniki Flughafen skg\",\"publisher\":{\"@id\":\"https:\/\/www.i-rentacar.com\/de\/#organization\"},\"potentialAction\":[{\"@type\":\"SearchAction\",\"target\":{\"@type\":\"EntryPoint\",\"urlTemplate\":\"https:\/\/www.i-rentacar.com\/de\/?s={search_term_string}\"},\"query-input\":{\"@type\":\"PropertyValueSpecification\",\"valueRequired\":true,\"valueName\":\"search_term_string\"}}],\"inLanguage\":\"de\"},{\"@type\":\"Organization\",\"@id\":\"https:\/\/www.i-rentacar.com\/de\/#organization\",\"name\":\"i-rentacar.com\",\"url\":\"https:\/\/www.i-rentacar.com\/de\/\",\"logo\":{\"@type\":\"ImageObject\",\"inLanguage\":\"de\",\"@id\":\"https:\/\/www.i-rentacar.com\/de\/#\/schema\/logo\/image\/\",\"url\":\"https:\/\/www.i-rentacar.com\/wp-content\/uploads\/2021\/08\/logo-i-rentacar-com-3.png\",\"contentUrl\":\"https:\/\/www.i-rentacar.com\/wp-content\/uploads\/2021\/08\/logo-i-rentacar-com-3.png\",\"width\":383,\"height\":150,\"caption\":\"i-rentacar.com\"},\"image\":{\"@id\":\"https:\/\/www.i-rentacar.com\/de\/#\/schema\/logo\/image\/\"}}]}<\/script>\n<!-- \/ Yoast SEO plugin. -->","yoast_head_json":{"title":"Autovermietung am Kastoria-See | i-rentacar.com","description":"Autovermietung am Kastoria-See","robots":{"index":"index","follow":"follow","max-snippet":"max-snippet:-1","max-image-preview":"max-image-preview:large","max-video-preview":"max-video-preview:-1"},"canonical":"https:\/\/www.i-rentacar.com\/de\/autovermietung-am-kastoria-see\/","og_locale":"de_DE","og_type":"article","og_title":"Autovermietung am Kastoria-See | i-rentacar.com","og_description":"Autovermietung am Kastoria-See","og_url":"https:\/\/www.i-rentacar.com\/de\/autovermietung-am-kastoria-see\/","og_site_name":"i-rentacar.com","article_modified_time":"2025-02-01T12:20:25+00:00","twitter_card":"summary_large_image","twitter_misc":{"Gesch\u00e4tzte Lesezeit":"11\u00a0Minuten"},"schema":{"@context":"https:\/\/schema.org","@graph":[{"@type":"WebPage","@id":"https:\/\/www.i-rentacar.com\/de\/autovermietung-am-kastoria-see\/","url":"https:\/\/www.i-rentacar.com\/de\/autovermietung-am-kastoria-see\/","name":"Autovermietung am Kastoria-See | i-rentacar.com","isPartOf":{"@id":"https:\/\/www.i-rentacar.com\/de\/#website"},"datePublished":"2025-01-18T13:55:02+00:00","dateModified":"2025-02-01T12:20:25+00:00","description":"Autovermietung am Kastoria-See","breadcrumb":{"@id":"https:\/\/www.i-rentacar.com\/de\/autovermietung-am-kastoria-see\/#breadcrumb"},"inLanguage":"de","potentialAction":[{"@type":"ReadAction","target":["https:\/\/www.i-rentacar.com\/de\/autovermietung-am-kastoria-see\/"]}]},{"@type":"BreadcrumbList","@id":"https:\/\/www.i-rentacar.com\/de\/autovermietung-am-kastoria-see\/#breadcrumb","itemListElement":[{"@type":"ListItem","position":1,"name":"Home","item":"https:\/\/www.i-rentacar.com\/de\/"},{"@type":"ListItem","position":2,"name":"Autovermietung am Kastoria-See"}]},{"@type":"WebSite","@id":"https:\/\/www.i-rentacar.com\/de\/#website","url":"https:\/\/www.i-rentacar.com\/de\/","name":"i-rentacar.com","description":"Autovermietung Thessaloniki, Minibus, Gel\u00e4ndewagen, Flughafen Thessaloniki, Mietwagen Thessaloniki Halkidiki, Mietwagen Thessaloniki Flughafen skg","publisher":{"@id":"https:\/\/www.i-rentacar.com\/de\/#organization"},"potentialAction":[{"@type":"SearchAction","target":{"@type":"EntryPoint","urlTemplate":"https:\/\/www.i-rentacar.com\/de\/?s={search_term_string}"},"query-input":{"@type":"PropertyValueSpecification","valueRequired":true,"valueName":"search_term_string"}}],"inLanguage":"de"},{"@type":"Organization","@id":"https:\/\/www.i-rentacar.com\/de\/#organization","name":"i-rentacar.com","url":"https:\/\/www.i-rentacar.com\/de\/","logo":{"@type":"ImageObject","inLanguage":"de","@id":"https:\/\/www.i-rentacar.com\/de\/#\/schema\/logo\/image\/","url":"https:\/\/www.i-rentacar.com\/wp-content\/uploads\/2021\/08\/logo-i-rentacar-com-3.png","contentUrl":"https:\/\/www.i-rentacar.com\/wp-content\/uploads\/2021\/08\/logo-i-rentacar-com-3.png","width":383,"height":150,"caption":"i-rentacar.com"},"image":{"@id":"https:\/\/www.i-rentacar.com\/de\/#\/schema\/logo\/image\/"}}]}},"_links":{"self":[{"href":"https:\/\/www.i-rentacar.com\/de\/wp-json\/wp\/v2\/pages\/9476","targetHints":{"allow":["GET"]}}],"collection":[{"href":"https:\/\/www.i-rentacar.com\/de\/wp-json\/wp\/v2\/pages"}],"about":[{"href":"https:\/\/www.i-rentacar.com\/de\/wp-json\/wp\/v2\/types\/page"}],"author":[{"embeddable":true,"href":"https:\/\/www.i-rentacar.com\/de\/wp-json\/wp\/v2\/users\/1"}],"replies":[{"embeddable":true,"href":"https:\/\/www.i-rentacar.com\/de\/wp-json\/wp\/v2\/comments?post=9476"}],"version-history":[{"count":2,"href":"https:\/\/www.i-rentacar.com\/de\/wp-json\/wp\/v2\/pages\/9476\/revisions"}],"predecessor-version":[{"id":9478,"href":"https:\/\/www.i-rentacar.com\/de\/wp-json\/wp\/v2\/pages\/9476\/revisions\/9478"}],"wp:attachment":[{"href":"https:\/\/www.i-rentacar.com\/de\/wp-json\/wp\/v2\/media?parent=9476"}],"curies":[{"name":"wp","href":"https:\/\/api.w.org\/{rel}","templated":true}]}}