{"id":9467,"date":"2025-01-18T15:16:28","date_gmt":"2025-01-18T13:16:28","guid":{"rendered":"https:\/\/www.i-rentacar.com\/?page_id=9467"},"modified":"2025-02-01T14:12:59","modified_gmt":"2025-02-01T12:12:59","slug":"autovermietung-edessa-falls","status":"publish","type":"page","link":"https:\/\/www.i-rentacar.com\/de\/autovermietung-edessa-falls\/","title":{"rendered":"Autovermietung Edessa Falls"},"content":{"rendered":"<div class=\"fusion-fullwidth fullwidth-box fusion-builder-row-1 fusion-flex-container has-pattern-background has-mask-background nonhundred-percent-fullwidth non-hundred-percent-height-scrolling\" style=\"--awb-border-radius-top-left:0px;--awb-border-radius-top-right:0px;--awb-border-radius-bottom-right:0px;--awb-border-radius-bottom-left:0px;--awb-flex-wrap:wrap;\" ><div class=\"fusion-builder-row fusion-row fusion-flex-align-items-flex-start fusion-flex-content-wrap\" style=\"max-width:1300px;margin-left: calc(-4% \/ 2 );margin-right: calc(-4% \/ 2 );\"><div class=\"fusion-layout-column fusion_builder_column fusion-builder-column-0 fusion_builder_column_1_1 1_1 fusion-flex-column\" style=\"--awb-bg-size:cover;--awb-width-large:100%;--awb-margin-top-large:0px;--awb-spacing-right-large:1.92%;--awb-margin-bottom-large:20px;--awb-spacing-left-large:1.92%;--awb-width-medium:100%;--awb-order-medium:0;--awb-spacing-right-medium:1.92%;--awb-spacing-left-medium:1.92%;--awb-width-small:100%;--awb-order-small:0;--awb-spacing-right-small:1.92%;--awb-spacing-left-small:1.92%;\"><div class=\"fusion-column-wrapper fusion-column-has-shadow fusion-flex-justify-content-flex-start fusion-content-layout-column\"><div class=\"fusion-image-element \" style=\"text-align:center;--awb-caption-title-font-family:var(--h2_typography-font-family);--awb-caption-title-font-weight:var(--h2_typography-font-weight);--awb-caption-title-font-style:var(--h2_typography-font-style);--awb-caption-title-size:var(--h2_typography-font-size);--awb-caption-title-transform:var(--h2_typography-text-transform);--awb-caption-title-line-height:var(--h2_typography-line-height);--awb-caption-title-letter-spacing:var(--h2_typography-letter-spacing);\"><span class=\" fusion-imageframe imageframe-none imageframe-1 hover-type-none\"><img decoding=\"async\" width=\"1200\" height=\"600\" alt=\"\u0395\u03bd\u03bf\u03b9\u03ba\u03af\u03b1\u03c3\u03b7 \u03b1\u03c5\u03c4\u03bf\u03ba\u03b9\u03bd\u03ae\u03c4\u03bf\u03c5 \u039a\u03b1\u03c4\u03b1\u03c1\u03c1\u03ac\u03ba\u03c4\u03b5\u03c2 \u0388\u03b4\u03b5\u03c3\u03c3\u03b1\u03c2\" title=\"\u039a\u03b1\u03c4\u03b1\u03c1\u03c1\u03ba\u03b1\" src=\"https:\/\/www.i-rentacar.com\/wp-content\/uploads\/2025\/01\/\u039a\u03b1\u03c4\u03b1\u03c1\u03c1\u03ba\u03b1.jpg\" data-orig-src=\"https:\/\/www.i-rentacar.com\/wp-content\/uploads\/2025\/01\/\u039a\u03b1\u03c4\u03b1\u03c1\u03c1\u03ba\u03b1.jpg\" class=\"lazyload img-responsive wp-image-9195\" srcset=\"data:image\/svg+xml,%3Csvg%20xmlns%3D%27http%3A%2F%2Fwww.w3.org%2F2000%2Fsvg%27%20width%3D%271200%27%20height%3D%27600%27%20viewBox%3D%270%200%201200%20600%27%3E%3Crect%20width%3D%271200%27%20height%3D%27600%27%20fill-opacity%3D%220%22%2F%3E%3C%2Fsvg%3E\" data-srcset=\"https:\/\/www.i-rentacar.com\/wp-content\/uploads\/2025\/01\/\u039a\u03b1\u03c4\u03b1\u03c1\u03c1\u03ba\u03b1-200x100.jpg 200w, https:\/\/www.i-rentacar.com\/wp-content\/uploads\/2025\/01\/\u039a\u03b1\u03c4\u03b1\u03c1\u03c1\u03ba\u03b1-400x200.jpg 400w, https:\/\/www.i-rentacar.com\/wp-content\/uploads\/2025\/01\/\u039a\u03b1\u03c4\u03b1\u03c1\u03c1\u03ba\u03b1-600x300.jpg 600w, https:\/\/www.i-rentacar.com\/wp-content\/uploads\/2025\/01\/\u039a\u03b1\u03c4\u03b1\u03c1\u03c1\u03ba\u03b1-800x400.jpg 800w, https:\/\/www.i-rentacar.com\/wp-content\/uploads\/2025\/01\/\u039a\u03b1\u03c4\u03b1\u03c1\u03c1\u03ba\u03b1.jpg 1200w\" data-sizes=\"auto\" data-orig-sizes=\"(max-width: 640px) 100vw, 1200px\" \/><\/span><\/div><div class=\"fusion-text fusion-text-1\"><h1 style=\"text-align: center;\" data-pm-slice=\"1 1 &#091;&#093;\"><strong>Autovermietung und Besuch der Edessa-Wasserf\u00e4lle<\/strong><\/h1>\n<p><strong>Edessa<\/strong> ist eine der sch\u00f6nsten St\u00e4dte in Makedonien, bekannt f\u00fcr ihre atemberaubenden Wasserf\u00e4lle. Die <strong>Edessa-Wasserf\u00e4lle<\/strong> geh\u00f6ren zu den beliebtesten nat\u00fcrlichen Sehensw\u00fcrdigkeiten Griechenlands und ziehen Besucher aus dem ganzen Land und dem Ausland an. Um das Beste aus Ihrem Ausflug herauszuholen, ist <strong>die Autovermietung f\u00fcr die Edessa-Wasserf\u00e4lle<\/strong> die beste Wahl, da sie Ihnen Bewegungsfreiheit und komfortable Transportm\u00f6glichkeiten bietet.<\/p>\n<h3 style=\"text-align: center;\"><strong>Route nach Edessa und zu den Wasserf\u00e4llen<\/strong><\/h3>\n<p>Edessa liegt etwa <strong>90 Kilometer von Thessaloniki<\/strong> entfernt und ist somit ein ideales Ziel f\u00fcr einen Tagesausflug oder ein Wochenende. Die Fahrt dauert etwa <strong>1,5 Stunden<\/strong> und bietet wundersch\u00f6ne Ausblicke auf die makedonische Landschaft. Mit der <strong>Autovermietung von i-rentacar<\/strong> k\u00f6nnen Sie Ihre eigene Route w\u00e4hlen, an interessanten Stellen anhalten und die nat\u00fcrliche Sch\u00f6nheit der Region genie\u00dfen.<\/p>\n<\/div><div class=\"fusion-image-element \" style=\"text-align:center;--awb-caption-title-font-family:var(--h2_typography-font-family);--awb-caption-title-font-weight:var(--h2_typography-font-weight);--awb-caption-title-font-style:var(--h2_typography-font-style);--awb-caption-title-size:var(--h2_typography-font-size);--awb-caption-title-transform:var(--h2_typography-text-transform);--awb-caption-title-line-height:var(--h2_typography-line-height);--awb-caption-title-letter-spacing:var(--h2_typography-letter-spacing);\"><span class=\" fusion-imageframe imageframe-none imageframe-2 hover-type-none\"><img decoding=\"async\" width=\"1200\" height=\"600\" alt=\"\u0395\u03bd\u03bf\u03b9\u03ba\u03af\u03b1\u03c3\u03b7 \u03b1\u03c5\u03c4\u03bf\u03ba\u03b9\u03bd\u03ae\u03c4\u03bf\u03c5 \u039a\u03b1\u03c4\u03b1\u03c1\u03c1\u03ac\u03ba\u03c4\u03b5\u03c2 \u0388\u03b4\u03b5\u03c3\u03c3\u03b1\u03c2\" title=\"\u039a\u03b1\u03c4\u03b1\u03c1\u03c1\u03ac\u03ba\u03c4\u03b5\u03c2-\u0388\u03b4\u03b5\u03c3\u03c3\u03b1\u03c2\" src=\"https:\/\/www.i-rentacar.com\/wp-content\/uploads\/2025\/01\/\u039a\u03b1\u03c4\u03b1\u03c1\u03c1\u03ac\u03ba\u03c4\u03b5\u03c2-\u0388\u03b4\u03b5\u03c3\u03c3\u03b1\u03c2.jpg\" data-orig-src=\"https:\/\/www.i-rentacar.com\/wp-content\/uploads\/2025\/01\/\u039a\u03b1\u03c4\u03b1\u03c1\u03c1\u03ac\u03ba\u03c4\u03b5\u03c2-\u0388\u03b4\u03b5\u03c3\u03c3\u03b1\u03c2.jpg\" class=\"lazyload img-responsive wp-image-9200\" srcset=\"data:image\/svg+xml,%3Csvg%20xmlns%3D%27http%3A%2F%2Fwww.w3.org%2F2000%2Fsvg%27%20width%3D%271200%27%20height%3D%27600%27%20viewBox%3D%270%200%201200%20600%27%3E%3Crect%20width%3D%271200%27%20height%3D%27600%27%20fill-opacity%3D%220%22%2F%3E%3C%2Fsvg%3E\" data-srcset=\"https:\/\/www.i-rentacar.com\/wp-content\/uploads\/2025\/01\/\u039a\u03b1\u03c4\u03b1\u03c1\u03c1\u03ac\u03ba\u03c4\u03b5\u03c2-\u0388\u03b4\u03b5\u03c3\u03c3\u03b1\u03c2-200x100.jpg 200w, https:\/\/www.i-rentacar.com\/wp-content\/uploads\/2025\/01\/\u039a\u03b1\u03c4\u03b1\u03c1\u03c1\u03ac\u03ba\u03c4\u03b5\u03c2-\u0388\u03b4\u03b5\u03c3\u03c3\u03b1\u03c2-400x200.jpg 400w, https:\/\/www.i-rentacar.com\/wp-content\/uploads\/2025\/01\/\u039a\u03b1\u03c4\u03b1\u03c1\u03c1\u03ac\u03ba\u03c4\u03b5\u03c2-\u0388\u03b4\u03b5\u03c3\u03c3\u03b1\u03c2-600x300.jpg 600w, https:\/\/www.i-rentacar.com\/wp-content\/uploads\/2025\/01\/\u039a\u03b1\u03c4\u03b1\u03c1\u03c1\u03ac\u03ba\u03c4\u03b5\u03c2-\u0388\u03b4\u03b5\u03c3\u03c3\u03b1\u03c2-800x400.jpg 800w, https:\/\/www.i-rentacar.com\/wp-content\/uploads\/2025\/01\/\u039a\u03b1\u03c4\u03b1\u03c1\u03c1\u03ac\u03ba\u03c4\u03b5\u03c2-\u0388\u03b4\u03b5\u03c3\u03c3\u03b1\u03c2.jpg 1200w\" data-sizes=\"auto\" data-orig-sizes=\"(max-width: 640px) 100vw, 1200px\" \/><\/span><\/div><div class=\"fusion-text fusion-text-2\"><h3 style=\"text-align: center;\"><strong>Warum Sie sich f\u00fcr die Autovermietung bei i-rentacar f\u00fcr die Edessa-Wasserf\u00e4lle entscheiden sollten<\/strong><\/h3>\n<ol start=\"1\" data-spread=\"false\">\n<li><strong>Komfort und Bequemlichkeit<\/strong>: Mit einem Mietwagen k\u00f6nnen Sie die Wasserf\u00e4lle erreichen, ohne sich an Fahrpl\u00e4ne \u00f6ffentlicher Verkehrsmittel halten zu m\u00fcssen.<\/li>\n<li><strong>Freiheit zum Entdecken<\/strong>: Sie haben die M\u00f6glichkeit, andere nahegelegene Sehensw\u00fcrdigkeiten wie den <strong>Agra-See<\/strong>, die <strong>Drachenh\u00f6hle<\/strong> und <strong>Loutra Pozar<\/strong> zu besuchen.<\/li>\n<li><strong>Kosteng\u00fcnstige L\u00f6sung<\/strong>: Ein Mietwagen ist eine budgetfreundliche Option, besonders wenn Sie mit Freunden oder der Familie reisen.<\/li>\n<li><strong>Einfacher Zugang<\/strong>: Obwohl die Wasserf\u00e4lle im Stadtzentrum liegen, macht ein Auto den Transport viel bequemer.<\/li>\n<\/ol>\n<h3 style=\"text-align: center;\"><strong>Was Sie bei den Edessa-Wasserf\u00e4llen sehen k\u00f6nnen<\/strong><\/h3>\n<p>Die <strong>Edessa-Wasserf\u00e4lle<\/strong> sind das Wahrzeichen der Stadt und bieten einen atemberaubenden Anblick. Der gr\u00f6\u00dfte Wasserfall, der <strong>Karanos-Wasserfall<\/strong>, ist <strong>70 Meter<\/strong> hoch und damit der h\u00f6chste in Griechenland. Ein spezieller Pfad erm\u00f6glicht es Ihnen, hinter dem beeindruckenden Wasserfluss zu gehen und die atemberaubende Landschaft zu bewundern.<\/p>\n<p>Zus\u00e4tzlich sollten Sie das <strong>Freiluft-Wassermuseum<\/strong>, <strong>Varosi<\/strong> (die Altstadt von Edessa) mit ihren traditionellen makedonischen H\u00e4usern sowie die kleineren Teiche und B\u00e4che besuchen, die eine traumhafte Kulisse schaffen.<\/p>\n<h3 style=\"text-align: center;\"><strong>Empfehlungen f\u00fcr Essen und Freizeit<\/strong><\/h3>\n<p>Nach dem Besuch der Wasserf\u00e4lle k\u00f6nnen Sie die lokalen Aromen in den traditionellen Tavernen der Umgebung genie\u00dfen. Probieren Sie Gerichte wie <strong>langsam gegartes Lamm, hausgemachte Pasteten und lokale K\u00e4sesorten<\/strong>, die mit ausgezeichneten makedonischen Weinen serviert werden.<\/p>\n<\/div><div class=\"fusion-image-element \" style=\"--awb-caption-title-font-family:var(--h2_typography-font-family);--awb-caption-title-font-weight:var(--h2_typography-font-weight);--awb-caption-title-font-style:var(--h2_typography-font-style);--awb-caption-title-size:var(--h2_typography-font-size);--awb-caption-title-transform:var(--h2_typography-text-transform);--awb-caption-title-line-height:var(--h2_typography-line-height);--awb-caption-title-letter-spacing:var(--h2_typography-letter-spacing);\"><span class=\" fusion-imageframe imageframe-none imageframe-3 hover-type-none\"><img decoding=\"async\" width=\"1200\" height=\"600\" alt=\"\u039a\u03b1\u03c4\u03b1\u03c1\u03c1\u03ac\u03ba\u03c4\u03b5\u03c2 \u0388\u03b4\u03b5\u03c3\u03c3\u03b1\u03c2\" title=\"Ede\" src=\"https:\/\/www.i-rentacar.com\/wp-content\/uploads\/2025\/01\/Ede.jpg\" data-orig-src=\"https:\/\/www.i-rentacar.com\/wp-content\/uploads\/2025\/01\/Ede.jpg\" class=\"lazyload img-responsive wp-image-9205\" srcset=\"data:image\/svg+xml,%3Csvg%20xmlns%3D%27http%3A%2F%2Fwww.w3.org%2F2000%2Fsvg%27%20width%3D%271200%27%20height%3D%27600%27%20viewBox%3D%270%200%201200%20600%27%3E%3Crect%20width%3D%271200%27%20height%3D%27600%27%20fill-opacity%3D%220%22%2F%3E%3C%2Fsvg%3E\" data-srcset=\"https:\/\/www.i-rentacar.com\/wp-content\/uploads\/2025\/01\/Ede-200x100.jpg 200w, https:\/\/www.i-rentacar.com\/wp-content\/uploads\/2025\/01\/Ede-400x200.jpg 400w, https:\/\/www.i-rentacar.com\/wp-content\/uploads\/2025\/01\/Ede-600x300.jpg 600w, https:\/\/www.i-rentacar.com\/wp-content\/uploads\/2025\/01\/Ede-800x400.jpg 800w, https:\/\/www.i-rentacar.com\/wp-content\/uploads\/2025\/01\/Ede.jpg 1200w\" data-sizes=\"auto\" data-orig-sizes=\"(max-width: 640px) 100vw, 1200px\" \/><\/span><\/div><div class=\"fusion-text fusion-text-3\"><h3 style=\"text-align: center;\"><strong>Tipps zur Autovermietung<\/strong><\/h3>\n<ul data-spread=\"false\">\n<li><strong>Fr\u00fch buchen<\/strong>: Besonders w\u00e4hrend der Ferien und Feiertage ist die Nachfrage hoch.<\/li>\n<li><strong>W\u00e4hlen Sie ein Fahrzeug basierend auf Ihren Bed\u00fcrfnissen<\/strong>: Wenn Sie mit der Familie reisen, entscheiden Sie sich f\u00fcr ein ger\u00e4umiges Fahrzeug.<\/li>\n<li><strong>\u00dcberpr\u00fcfen Sie die Kraftstoffpolitik<\/strong>: Einige Mietwagenfirmen stellen Autos mit vollem Tank zur Verf\u00fcgung. Es ist wichtig, die R\u00fcckgabebedingungen zu verstehen.<\/li>\n<\/ul>\n<h3 style=\"text-align: center;\"><strong>Fazit<\/strong><\/h3>\n<p><strong>Die Autovermietung f\u00fcr die Edessa-Wasserf\u00e4lle<\/strong> von i-rentacar ist die ideale L\u00f6sung f\u00fcr eine komfortable und angenehme Reise in diese wundersch\u00f6ne Stadt. Mit der Freiheit, sich zu bewegen, die Gegend zu erkunden und die nat\u00fcrliche Sch\u00f6nheit zu bewundern, wird Ihre Erfahrung unvergesslich. Planen Sie Ihre Reise, w\u00e4hlen Sie das richtige Fahrzeug und entdecken Sie Edessa und seine einzigartigen Wasserf\u00e4lle mit vollem Komfort!<\/p>\n<\/div><\/div><\/div><\/div><\/div>\n","protected":false},"excerpt":{"rendered":"","protected":false},"author":1,"featured_media":0,"parent":0,"menu_order":0,"comment_status":"closed","ping_status":"closed","template":"100-width.php","meta":{"footnotes":""},"class_list":["post-9467","page","type-page","status-publish","hentry"],"yoast_head":"<!-- This site is optimized with the Yoast SEO plugin v27.0 - https:\/\/yoast.com\/product\/yoast-seo-wordpress\/ -->\n<title>Autovermietung Edessa Falls | i-rentacar.com<\/title>\n<meta name=\"description\" content=\"Autovermietung Edessa Falls\" \/>\n<meta name=\"robots\" content=\"index, follow, max-snippet:-1, max-image-preview:large, max-video-preview:-1\" \/>\n<link rel=\"canonical\" href=\"https:\/\/www.i-rentacar.com\/de\/autovermietung-edessa-falls\/\" \/>\n<meta property=\"og:locale\" content=\"de_DE\" \/>\n<meta property=\"og:type\" content=\"article\" \/>\n<meta property=\"og:title\" content=\"Autovermietung Edessa Falls | i-rentacar.com\" \/>\n<meta property=\"og:description\" content=\"Autovermietung Edessa Falls\" \/>\n<meta property=\"og:url\" content=\"https:\/\/www.i-rentacar.com\/de\/autovermietung-edessa-falls\/\" \/>\n<meta property=\"og:site_name\" content=\"i-rentacar.com\" \/>\n<meta property=\"article:modified_time\" content=\"2025-02-01T12:12:59+00:00\" \/>\n<meta name=\"twitter:card\" content=\"summary_large_image\" \/>\n<meta name=\"twitter:label1\" content=\"Gesch\u00e4tzte Lesezeit\" \/>\n\t<meta name=\"twitter:data1\" content=\"13\u00a0Minuten\" \/>\n<script type=\"application\/ld+json\" class=\"yoast-schema-graph\">{\"@context\":\"https:\/\/schema.org\",\"@graph\":[{\"@type\":\"WebPage\",\"@id\":\"https:\/\/www.i-rentacar.com\/de\/autovermietung-edessa-falls\/\",\"url\":\"https:\/\/www.i-rentacar.com\/de\/autovermietung-edessa-falls\/\",\"name\":\"Autovermietung Edessa Falls | i-rentacar.com\",\"isPartOf\":{\"@id\":\"https:\/\/www.i-rentacar.com\/de\/#website\"},\"datePublished\":\"2025-01-18T13:16:28+00:00\",\"dateModified\":\"2025-02-01T12:12:59+00:00\",\"description\":\"Autovermietung Edessa Falls\",\"breadcrumb\":{\"@id\":\"https:\/\/www.i-rentacar.com\/de\/autovermietung-edessa-falls\/#breadcrumb\"},\"inLanguage\":\"de\",\"potentialAction\":[{\"@type\":\"ReadAction\",\"target\":[\"https:\/\/www.i-rentacar.com\/de\/autovermietung-edessa-falls\/\"]}]},{\"@type\":\"BreadcrumbList\",\"@id\":\"https:\/\/www.i-rentacar.com\/de\/autovermietung-edessa-falls\/#breadcrumb\",\"itemListElement\":[{\"@type\":\"ListItem\",\"position\":1,\"name\":\"Home\",\"item\":\"https:\/\/www.i-rentacar.com\/de\/\"},{\"@type\":\"ListItem\",\"position\":2,\"name\":\"Autovermietung Edessa Falls\"}]},{\"@type\":\"WebSite\",\"@id\":\"https:\/\/www.i-rentacar.com\/de\/#website\",\"url\":\"https:\/\/www.i-rentacar.com\/de\/\",\"name\":\"i-rentacar.com\",\"description\":\"Autovermietung Thessaloniki, Minibus, Gel\u00e4ndewagen, Flughafen Thessaloniki, Mietwagen Thessaloniki Halkidiki, Mietwagen Thessaloniki Flughafen skg\",\"publisher\":{\"@id\":\"https:\/\/www.i-rentacar.com\/de\/#organization\"},\"potentialAction\":[{\"@type\":\"SearchAction\",\"target\":{\"@type\":\"EntryPoint\",\"urlTemplate\":\"https:\/\/www.i-rentacar.com\/de\/?s={search_term_string}\"},\"query-input\":{\"@type\":\"PropertyValueSpecification\",\"valueRequired\":true,\"valueName\":\"search_term_string\"}}],\"inLanguage\":\"de\"},{\"@type\":\"Organization\",\"@id\":\"https:\/\/www.i-rentacar.com\/de\/#organization\",\"name\":\"i-rentacar.com\",\"url\":\"https:\/\/www.i-rentacar.com\/de\/\",\"logo\":{\"@type\":\"ImageObject\",\"inLanguage\":\"de\",\"@id\":\"https:\/\/www.i-rentacar.com\/de\/#\/schema\/logo\/image\/\",\"url\":\"https:\/\/www.i-rentacar.com\/wp-content\/uploads\/2021\/08\/logo-i-rentacar-com-3.png\",\"contentUrl\":\"https:\/\/www.i-rentacar.com\/wp-content\/uploads\/2021\/08\/logo-i-rentacar-com-3.png\",\"width\":383,\"height\":150,\"caption\":\"i-rentacar.com\"},\"image\":{\"@id\":\"https:\/\/www.i-rentacar.com\/de\/#\/schema\/logo\/image\/\"}}]}<\/script>\n<!-- \/ Yoast SEO plugin. -->","yoast_head_json":{"title":"Autovermietung Edessa Falls | i-rentacar.com","description":"Autovermietung Edessa Falls","robots":{"index":"index","follow":"follow","max-snippet":"max-snippet:-1","max-image-preview":"max-image-preview:large","max-video-preview":"max-video-preview:-1"},"canonical":"https:\/\/www.i-rentacar.com\/de\/autovermietung-edessa-falls\/","og_locale":"de_DE","og_type":"article","og_title":"Autovermietung Edessa Falls | i-rentacar.com","og_description":"Autovermietung Edessa Falls","og_url":"https:\/\/www.i-rentacar.com\/de\/autovermietung-edessa-falls\/","og_site_name":"i-rentacar.com","article_modified_time":"2025-02-01T12:12:59+00:00","twitter_card":"summary_large_image","twitter_misc":{"Gesch\u00e4tzte Lesezeit":"13\u00a0Minuten"},"schema":{"@context":"https:\/\/schema.org","@graph":[{"@type":"WebPage","@id":"https:\/\/www.i-rentacar.com\/de\/autovermietung-edessa-falls\/","url":"https:\/\/www.i-rentacar.com\/de\/autovermietung-edessa-falls\/","name":"Autovermietung Edessa Falls | i-rentacar.com","isPartOf":{"@id":"https:\/\/www.i-rentacar.com\/de\/#website"},"datePublished":"2025-01-18T13:16:28+00:00","dateModified":"2025-02-01T12:12:59+00:00","description":"Autovermietung Edessa Falls","breadcrumb":{"@id":"https:\/\/www.i-rentacar.com\/de\/autovermietung-edessa-falls\/#breadcrumb"},"inLanguage":"de","potentialAction":[{"@type":"ReadAction","target":["https:\/\/www.i-rentacar.com\/de\/autovermietung-edessa-falls\/"]}]},{"@type":"BreadcrumbList","@id":"https:\/\/www.i-rentacar.com\/de\/autovermietung-edessa-falls\/#breadcrumb","itemListElement":[{"@type":"ListItem","position":1,"name":"Home","item":"https:\/\/www.i-rentacar.com\/de\/"},{"@type":"ListItem","position":2,"name":"Autovermietung Edessa Falls"}]},{"@type":"WebSite","@id":"https:\/\/www.i-rentacar.com\/de\/#website","url":"https:\/\/www.i-rentacar.com\/de\/","name":"i-rentacar.com","description":"Autovermietung Thessaloniki, Minibus, Gel\u00e4ndewagen, Flughafen Thessaloniki, Mietwagen Thessaloniki Halkidiki, Mietwagen Thessaloniki Flughafen skg","publisher":{"@id":"https:\/\/www.i-rentacar.com\/de\/#organization"},"potentialAction":[{"@type":"SearchAction","target":{"@type":"EntryPoint","urlTemplate":"https:\/\/www.i-rentacar.com\/de\/?s={search_term_string}"},"query-input":{"@type":"PropertyValueSpecification","valueRequired":true,"valueName":"search_term_string"}}],"inLanguage":"de"},{"@type":"Organization","@id":"https:\/\/www.i-rentacar.com\/de\/#organization","name":"i-rentacar.com","url":"https:\/\/www.i-rentacar.com\/de\/","logo":{"@type":"ImageObject","inLanguage":"de","@id":"https:\/\/www.i-rentacar.com\/de\/#\/schema\/logo\/image\/","url":"https:\/\/www.i-rentacar.com\/wp-content\/uploads\/2021\/08\/logo-i-rentacar-com-3.png","contentUrl":"https:\/\/www.i-rentacar.com\/wp-content\/uploads\/2021\/08\/logo-i-rentacar-com-3.png","width":383,"height":150,"caption":"i-rentacar.com"},"image":{"@id":"https:\/\/www.i-rentacar.com\/de\/#\/schema\/logo\/image\/"}}]}},"_links":{"self":[{"href":"https:\/\/www.i-rentacar.com\/de\/wp-json\/wp\/v2\/pages\/9467","targetHints":{"allow":["GET"]}}],"collection":[{"href":"https:\/\/www.i-rentacar.com\/de\/wp-json\/wp\/v2\/pages"}],"about":[{"href":"https:\/\/www.i-rentacar.com\/de\/wp-json\/wp\/v2\/types\/page"}],"author":[{"embeddable":true,"href":"https:\/\/www.i-rentacar.com\/de\/wp-json\/wp\/v2\/users\/1"}],"replies":[{"embeddable":true,"href":"https:\/\/www.i-rentacar.com\/de\/wp-json\/wp\/v2\/comments?post=9467"}],"version-history":[{"count":2,"href":"https:\/\/www.i-rentacar.com\/de\/wp-json\/wp\/v2\/pages\/9467\/revisions"}],"predecessor-version":[{"id":9469,"href":"https:\/\/www.i-rentacar.com\/de\/wp-json\/wp\/v2\/pages\/9467\/revisions\/9469"}],"wp:attachment":[{"href":"https:\/\/www.i-rentacar.com\/de\/wp-json\/wp\/v2\/media?parent=9467"}],"curies":[{"name":"wp","href":"https:\/\/api.w.org\/{rel}","templated":true}]}}