{"id":9007,"date":"2024-12-29T13:58:27","date_gmt":"2024-12-29T11:58:27","guid":{"rendered":"https:\/\/www.i-rentacar.com\/?page_id=9007"},"modified":"2024-12-29T18:46:01","modified_gmt":"2024-12-29T16:46:01","slug":"autovermietung-im-hafen-von-thessaloniki","status":"publish","type":"page","link":"https:\/\/www.i-rentacar.com\/de\/autovermietung-im-hafen-von-thessaloniki\/","title":{"rendered":"Autovermietung im Hafen von Thessaloniki"},"content":{"rendered":"<div class=\"fusion-fullwidth fullwidth-box fusion-builder-row-1 fusion-flex-container has-pattern-background has-mask-background nonhundred-percent-fullwidth non-hundred-percent-height-scrolling\" style=\"--awb-border-radius-top-left:0px;--awb-border-radius-top-right:0px;--awb-border-radius-bottom-right:0px;--awb-border-radius-bottom-left:0px;--awb-flex-wrap:wrap;\" ><div class=\"fusion-builder-row fusion-row fusion-flex-align-items-flex-start fusion-flex-content-wrap\" style=\"max-width:1300px;margin-left: calc(-4% \/ 2 );margin-right: calc(-4% \/ 2 );\"><div class=\"fusion-layout-column fusion_builder_column fusion-builder-column-0 fusion_builder_column_1_1 1_1 fusion-flex-column\" style=\"--awb-bg-size:cover;--awb-width-large:100%;--awb-margin-top-large:0px;--awb-spacing-right-large:1.92%;--awb-margin-bottom-large:20px;--awb-spacing-left-large:1.92%;--awb-width-medium:100%;--awb-order-medium:0;--awb-spacing-right-medium:1.92%;--awb-spacing-left-medium:1.92%;--awb-width-small:100%;--awb-order-small:0;--awb-spacing-right-small:1.92%;--awb-spacing-left-small:1.92%;\"><div class=\"fusion-column-wrapper fusion-column-has-shadow fusion-flex-justify-content-flex-start fusion-content-layout-column\"><div class=\"fusion-text fusion-text-1\"><h2 style=\"text-align: center;\"><strong>Autovermietung im Hafen von Thessaloniki von i-rentacar<\/strong><\/h2>\n<p><strong>i-rentacar<\/strong> bietet Ihnen hochwertige Autovermietungsdienste an einem der zentralsten Orte der Stadt, in der N\u00e4he des <strong>Hafens von Thessaloniki<\/strong>. Ob Sie aus Freizeit-, gesch\u00e4ftlichen Gr\u00fcnden reisen oder mit der F\u00e4hre ankommen, um Nordgriechenland zu erkunden, <strong>i-rentacar<\/strong> ist der ideale Partner, um Ihre Reise mit Komfort und Leichtigkeit zu beginnen.<\/p>\n<h3 style=\"text-align: center;\"><strong>Der ideale Standort<\/strong><\/h3>\n<p>Der Hafen von Thessaloniki ist eines der verkehrsreichsten Toren zur Stadt und bedient Reisende aus Griechenland und dem Ausland. Unsere Lage in der N\u00e4he des Hafens erm\u00f6glicht es Ihnen, Ihr Fahrzeug sofort abzuholen, ohne Verz\u00f6gerungen, und Ihre Reise problemlos fortzusetzen, egal ob Ihr Ziel das Stadtzentrum oder ein Ziel au\u00dferhalb der Stadt ist.<\/p>\n<\/div><div class=\"fusion-image-element \" style=\"text-align:center;--awb-caption-title-font-family:var(--h2_typography-font-family);--awb-caption-title-font-weight:var(--h2_typography-font-weight);--awb-caption-title-font-style:var(--h2_typography-font-style);--awb-caption-title-size:var(--h2_typography-font-size);--awb-caption-title-transform:var(--h2_typography-text-transform);--awb-caption-title-line-height:var(--h2_typography-line-height);--awb-caption-title-letter-spacing:var(--h2_typography-letter-spacing);\"><span class=\" fusion-imageframe imageframe-none imageframe-1 hover-type-none\"><img decoding=\"async\" width=\"600\" height=\"300\" alt=\"\u0395\u03bd\u03bf\u03b9\u03ba\u03af\u03b1\u03c3\u03b7 \u03b1\u03c5\u03c4\u03bf\u03ba\u03b9\u03bd\u03ae\u03c4\u03bf\u03c5 \u039b\u03b9\u03bc\u03ac\u03bd\u03b9 \u0398\u03b5\u03c3\u03c3\u03b1\u03bb\u03bf\u03bd\u03af\u03ba\u03b7\u03c2\" title=\"\u039b\u0399\u039c\u0391\u039d\u0399-\u0398\u0395\" src=\"https:\/\/www.i-rentacar.com\/wp-content\/uploads\/2024\/12\/\u039b\u0399\u039c\u0391\u039d\u0399-\u0398\u0395.jpg\" data-orig-src=\"https:\/\/www.i-rentacar.com\/wp-content\/uploads\/2024\/12\/\u039b\u0399\u039c\u0391\u039d\u0399-\u0398\u0395.jpg\" class=\"lazyload img-responsive wp-image-8880\" srcset=\"data:image\/svg+xml,%3Csvg%20xmlns%3D%27http%3A%2F%2Fwww.w3.org%2F2000%2Fsvg%27%20width%3D%27600%27%20height%3D%27300%27%20viewBox%3D%270%200%20600%20300%27%3E%3Crect%20width%3D%27600%27%20height%3D%27300%27%20fill-opacity%3D%220%22%2F%3E%3C%2Fsvg%3E\" data-srcset=\"https:\/\/www.i-rentacar.com\/wp-content\/uploads\/2024\/12\/\u039b\u0399\u039c\u0391\u039d\u0399-\u0398\u0395-200x100.jpg 200w, https:\/\/www.i-rentacar.com\/wp-content\/uploads\/2024\/12\/\u039b\u0399\u039c\u0391\u039d\u0399-\u0398\u0395-400x200.jpg 400w, https:\/\/www.i-rentacar.com\/wp-content\/uploads\/2024\/12\/\u039b\u0399\u039c\u0391\u039d\u0399-\u0398\u0395.jpg 600w\" data-sizes=\"auto\" data-orig-sizes=\"(max-width: 640px) 100vw, 600px\" \/><\/span><\/div><div class=\"fusion-text fusion-text-2\"><h3 style=\"text-align: center;\"><strong>Gro\u00dfe Fahrzeugauswahl<\/strong><\/h3>\n<p>Bei <strong>i-rentacar<\/strong> haben wir eine Fahrzeugflotte zusammengestellt, die die Bed\u00fcrfnisse jedes Reisenden abdeckt:<\/p>\n<ul>\n<li><strong>Kleine Stadtautos<\/strong>: Ideal f\u00fcr die einfache Fortbewegung in den Stra\u00dfen von Thessaloniki.<\/li>\n<li><strong>Familienfahrzeuge<\/strong>: Mit ger\u00e4umigen Innenr\u00e4umen f\u00fcr Passagiere und Gep\u00e4ck, perfekt f\u00fcr Familienreisen.<\/li>\n<li><strong>SUVs und Crossovers<\/strong>: F\u00fcr Reisen au\u00dferhalb der Stadt oder auf anspruchsvolleren Strecken.<\/li>\n<li><strong>Minivans<\/strong>: F\u00fcr gro\u00dfe Gruppen oder Teams, die mehr Platz ben\u00f6tigen.<\/li>\n<li><strong>Luxusautos<\/strong>: F\u00fcr diejenigen, die stilvoll und komfortabel reisen m\u00f6chten.<\/li>\n<\/ul>\n<p>Alle Fahrzeuge sind modern, gut gewartet und mit den fortschrittlichsten Sicherheitssystemen ausgestattet, um Ihnen ein sicheres und angenehmes Fahrerlebnis zu bieten.<\/p>\n<h3 style=\"text-align: center;\"><strong>Flexible Mietpakete<\/strong><\/h3>\n<p>Bei <strong>i-rentacar<\/strong> verstehen wir, dass jeder Reisende unterschiedliche Bed\u00fcrfnisse hat. Daher bieten wir flexible Mietoptionen an:<\/p>\n<ul>\n<li><strong>Kurzzeitmiete<\/strong>: F\u00fcr diejenigen, die ein Auto f\u00fcr ein paar Stunden oder Tage ben\u00f6tigen.<\/li>\n<li><strong>Langzeitmiete<\/strong>: F\u00fcr l\u00e4ngere Bed\u00fcrfnisse, ideal f\u00fcr berufliche Verpflichtungen oder ausgedehnte Urlaubsreisen.<\/li>\n<li><strong>Pakete f\u00fcr Touristen<\/strong>: Um Thessaloniki und die umliegenden Gebiete ohne Einschr\u00e4nkungen zu erkunden.<\/li>\n<\/ul>\n<\/div><div class=\"fusion-image-element \" style=\"text-align:center;--awb-caption-title-font-family:var(--h2_typography-font-family);--awb-caption-title-font-weight:var(--h2_typography-font-weight);--awb-caption-title-font-style:var(--h2_typography-font-style);--awb-caption-title-size:var(--h2_typography-font-size);--awb-caption-title-transform:var(--h2_typography-text-transform);--awb-caption-title-line-height:var(--h2_typography-line-height);--awb-caption-title-letter-spacing:var(--h2_typography-letter-spacing);\"><span class=\" fusion-imageframe imageframe-none imageframe-2 hover-type-none\"><img decoding=\"async\" width=\"600\" height=\"300\" alt=\"\u0395\u03bd\u03bf\u03b9\u03ba\u03af\u03b1\u03c3\u03b7 \u03b1\u03c5\u03c4\u03bf\u03ba\u03b9\u03bd\u03ae\u03c4\u03bf\u03c5 \u039b\u03b9\u03bc\u03ac\u03bd\u03b9 \u0398\u03b5\u03c3\u03c3\u03b1\u03bb\u03bf\u03bd\u03af\u03ba\u03b7\u03c2\" title=\"Lim;a\" src=\"https:\/\/www.i-rentacar.com\/wp-content\/uploads\/2024\/12\/Lima.jpg\" data-orig-src=\"https:\/\/www.i-rentacar.com\/wp-content\/uploads\/2024\/12\/Lima.jpg\" class=\"lazyload img-responsive wp-image-8885\" srcset=\"data:image\/svg+xml,%3Csvg%20xmlns%3D%27http%3A%2F%2Fwww.w3.org%2F2000%2Fsvg%27%20width%3D%27600%27%20height%3D%27300%27%20viewBox%3D%270%200%20600%20300%27%3E%3Crect%20width%3D%27600%27%20height%3D%27300%27%20fill-opacity%3D%220%22%2F%3E%3C%2Fsvg%3E\" data-srcset=\"https:\/\/www.i-rentacar.com\/wp-content\/uploads\/2024\/12\/Lima-200x100.jpg 200w, https:\/\/www.i-rentacar.com\/wp-content\/uploads\/2024\/12\/Lima-400x200.jpg 400w, https:\/\/www.i-rentacar.com\/wp-content\/uploads\/2024\/12\/Lima.jpg 600w\" data-sizes=\"auto\" data-orig-sizes=\"(max-width: 640px) 100vw, 600px\" \/><\/span><\/div><div class=\"fusion-text fusion-text-3\"><h3 style=\"text-align: center;\"><strong>Vorteile von i-rentacar<\/strong><\/h3>\n<p><strong>i-rentacar<\/strong> bietet nicht nur hochwertige Fahrzeuge, sondern auch zus\u00e4tzliche Dienstleistungen, die Ihren Aufenthalt erleichtern:<\/p>\n<ul>\n<li><strong>Abholung und R\u00fcckgabe am Hafen<\/strong>: Ideal f\u00fcr Reisende, die vom Hafen ankommen oder abfahren.<\/li>\n<li><strong>GPS-Navigation<\/strong>: F\u00fcr einfache Fortbewegung in der Stadt und zu entlegeneren Zielen.<\/li>\n<li><strong>Kindersitze<\/strong>: F\u00fcr die Sicherheit Ihrer kleinen Passagiere.<\/li>\n<li><strong>24\/7 Kundendienst<\/strong>: F\u00fcr alle Bed\u00fcrfnisse oder Fragen w\u00e4hrend der Mietdauer.<\/li>\n<li><strong>Pannendienst<\/strong>: Damit Sie ruhig und sicher unterwegs sind.<\/li>\n<\/ul>\n<h3 style=\"text-align: center;\"><strong>Entdecken Sie Thessaloniki und mehr<\/strong><\/h3>\n<p>Mit einem Auto von <strong>i-rentacar<\/strong> k\u00f6nnen Sie die Magie von Thessaloniki und den umliegenden Regionen in Ihrem eigenen Tempo entdecken:<\/p>\n<ul>\n<li><strong>Das Stadtzentrum von Thessaloniki<\/strong>: Mit historischen Denkm\u00e4lern, Museen und den malerischen Gassen der Oberstadt.<\/li>\n<li><strong>Die Str\u00e4nde der Chalkidiki<\/strong>: Nur eine Stunde von der Stadt entfernt, ideal f\u00fcr Tagesausfl\u00fcge.<\/li>\n<li><strong>Der Kerkini-See<\/strong>: F\u00fcr Naturliebhaber und Wildtierbeobachter.<\/li>\n<li><strong>Arch\u00e4ologische St\u00e4tten<\/strong>: Wie Pella, Vergina und Dion.<\/li>\n<\/ul>\n<p>Die Anmietung eines Autos gibt Ihnen die Flexibilit\u00e4t, Ihren eigenen Zeitplan zu erstellen und alles zu sehen, was die Region zu bieten hat, ohne auf die Fahrpl\u00e4ne \u00f6ffentlicher Verkehrsmittel angewiesen zu sein.<\/p>\n<h3 style=\"text-align: center;\"><strong>Warum i-rentacar w\u00e4hlen?<\/strong><\/h3>\n<ul>\n<li><strong>Zentrale Lage<\/strong>: Nur wenige Schritte vom Hafen von Thessaloniki entfernt.<\/li>\n<li><strong>Wettbewerbsf\u00e4hige Preise<\/strong>: Erschwingliche L\u00f6sungen f\u00fcr jedes Budget.<\/li>\n<li><strong>Breites Fahrzeugangebot<\/strong>: Finden Sie das Auto, das Ihren Bed\u00fcrfnissen entspricht.<\/li>\n<li><strong>Service auf h\u00f6chstem Niveau<\/strong>: Unser Team ist stets bereit, Ihnen zu helfen.<\/li>\n<li><strong>Qualit\u00e4ts- und Sicherheitsgarantie<\/strong>: Alle Fahrzeuge werden regelm\u00e4\u00dfig \u00fcberpr\u00fcft, um Ihre Sicherheit und Ihren Komfort zu gew\u00e4hrleisten.<\/li>\n<\/ul>\n<\/div><div class=\"fusion-image-element \" style=\"text-align:center;--awb-caption-title-font-family:var(--h2_typography-font-family);--awb-caption-title-font-weight:var(--h2_typography-font-weight);--awb-caption-title-font-style:var(--h2_typography-font-style);--awb-caption-title-size:var(--h2_typography-font-size);--awb-caption-title-transform:var(--h2_typography-text-transform);--awb-caption-title-line-height:var(--h2_typography-line-height);--awb-caption-title-letter-spacing:var(--h2_typography-letter-spacing);\"><span class=\" fusion-imageframe imageframe-none imageframe-3 hover-type-none\"><img decoding=\"async\" width=\"600\" height=\"300\" alt=\"\u0395\u03bd\u03bf\u03b9\u03ba\u03af\u03b1\u03c3\u03b7 \u03b1\u03c5\u03c4\u03bf\u03ba\u03b9\u03bd\u03ae\u03c4\u03bf\u03c5 \u03bb\u03b9\u03bc\u03ac\u03bd\u03b9 \u0398\u03b5\u03c3\u03c3\u03b1\u03bb\u03bf\u03bd\u03af\u03ba\u03b7\u03c2\" title=\"limani\" src=\"https:\/\/www.i-rentacar.com\/wp-content\/uploads\/2024\/12\/limani.jpg\" data-orig-src=\"https:\/\/www.i-rentacar.com\/wp-content\/uploads\/2024\/12\/limani.jpg\" class=\"lazyload img-responsive wp-image-8890\" srcset=\"data:image\/svg+xml,%3Csvg%20xmlns%3D%27http%3A%2F%2Fwww.w3.org%2F2000%2Fsvg%27%20width%3D%27600%27%20height%3D%27300%27%20viewBox%3D%270%200%20600%20300%27%3E%3Crect%20width%3D%27600%27%20height%3D%27300%27%20fill-opacity%3D%220%22%2F%3E%3C%2Fsvg%3E\" data-srcset=\"https:\/\/www.i-rentacar.com\/wp-content\/uploads\/2024\/12\/limani-200x100.jpg 200w, https:\/\/www.i-rentacar.com\/wp-content\/uploads\/2024\/12\/limani-400x200.jpg 400w, https:\/\/www.i-rentacar.com\/wp-content\/uploads\/2024\/12\/limani.jpg 600w\" data-sizes=\"auto\" data-orig-sizes=\"(max-width: 640px) 100vw, 600px\" \/><\/span><\/div><div class=\"fusion-text fusion-text-4\"><h3 style=\"text-align: center;\"><strong>Buchen Sie jetzt Ihr Auto<\/strong><\/h3>\n<p>Lassen Sie nichts dem Zufall \u00fcberlassen, wenn es um Ihren Komfort und Ihre Flexibilit\u00e4t geht! Buchen Sie Ihr Auto bei <strong>i-rentacar<\/strong> und genie\u00dfen Sie Thessaloniki und die umliegenden Ziele auf die beste Weise.<\/p>\n<p>Mit <strong>i-rentacar<\/strong> beginnt Ihre Reise, sobald Sie im Hafen von Thessaloniki ankommen. Genie\u00dfen Sie das Fahrerlebnis und entdecken Sie Nordgriechenland mit Komfort, Sicherheit und Stil!<\/p>\n<\/div><div class=\"fusion-text fusion-text-5\" style=\"--awb-width:1250px;\"><p><iframe style=\"border: 0;\" src=\"https:\/\/www.google.com\/maps\/embed?pb=!1m18!1m12!1m3!1d12111.098246893189!2d22.912744461282944!3d40.63485339248159!2m3!1f0!2f0!3f0!3m2!1i1024!2i768!4f13.1!3m3!1m2!1s0x14a8390b30348339%3A0xcc9bc9976b0cada1!2zzpvOuc68zqzOvc65IM6YzrXPg8-DzrHOu86_zr3Or866zrfPgg!5e0!3m2!1sel!2sgr!4v1735478355104!5m2!1sel!2sgr\" width=\"1250\" height=\"450\" allowfullscreen=\"allowfullscreen\" data-mce-fragment=\"1\"><span data-mce-type=\"bookmark\" style=\"display: inline-block; width: 0px; overflow: hidden; line-height: 0;\" class=\"mce_SELRES_start\">\ufeff<\/span><span data-mce-type=\"bookmark\" style=\"display: inline-block; width: 0px; overflow: hidden; line-height: 0;\" class=\"mce_SELRES_start\">\ufeff<\/span><span data-mce-type=\"bookmark\" style=\"display: inline-block; width: 0px; overflow: hidden; line-height: 0;\" class=\"mce_SELRES_start\">\ufeff<\/span><span data-mce-type=\"bookmark\" style=\"display: inline-block; width: 0px; overflow: hidden; line-height: 0;\" class=\"mce_SELRES_start\">\ufeff<\/span><\/iframe><\/p>\n<\/div><\/div><\/div><\/div><\/div>\n","protected":false},"excerpt":{"rendered":"","protected":false},"author":1,"featured_media":0,"parent":0,"menu_order":0,"comment_status":"closed","ping_status":"closed","template":"100-width.php","meta":{"footnotes":""},"class_list":["post-9007","page","type-page","status-publish","hentry"],"yoast_head":"<!-- This site is optimized with the Yoast SEO plugin v27.0 - https:\/\/yoast.com\/product\/yoast-seo-wordpress\/ -->\n<title>Autovermietung im Hafen von Thessaloniki | i-rentacar.com<\/title>\n<meta name=\"robots\" content=\"index, follow, max-snippet:-1, max-image-preview:large, max-video-preview:-1\" \/>\n<link rel=\"canonical\" href=\"https:\/\/www.i-rentacar.com\/de\/autovermietung-im-hafen-von-thessaloniki\/\" \/>\n<meta property=\"og:locale\" content=\"de_DE\" \/>\n<meta property=\"og:type\" content=\"article\" \/>\n<meta property=\"og:title\" content=\"Autovermietung im Hafen von Thessaloniki | i-rentacar.com\" \/>\n<meta property=\"og:url\" content=\"https:\/\/www.i-rentacar.com\/de\/autovermietung-im-hafen-von-thessaloniki\/\" \/>\n<meta property=\"og:site_name\" content=\"i-rentacar.com\" \/>\n<meta property=\"article:modified_time\" content=\"2024-12-29T16:46:01+00:00\" \/>\n<meta name=\"twitter:card\" content=\"summary_large_image\" \/>\n<meta name=\"twitter:label1\" content=\"Gesch\u00e4tzte Lesezeit\" \/>\n\t<meta name=\"twitter:data1\" content=\"15\u00a0Minuten\" \/>\n<script type=\"application\/ld+json\" class=\"yoast-schema-graph\">{\"@context\":\"https:\/\/schema.org\",\"@graph\":[{\"@type\":\"WebPage\",\"@id\":\"https:\/\/www.i-rentacar.com\/de\/autovermietung-im-hafen-von-thessaloniki\/\",\"url\":\"https:\/\/www.i-rentacar.com\/de\/autovermietung-im-hafen-von-thessaloniki\/\",\"name\":\"Autovermietung im Hafen von Thessaloniki | i-rentacar.com\",\"isPartOf\":{\"@id\":\"https:\/\/www.i-rentacar.com\/de\/#website\"},\"datePublished\":\"2024-12-29T11:58:27+00:00\",\"dateModified\":\"2024-12-29T16:46:01+00:00\",\"breadcrumb\":{\"@id\":\"https:\/\/www.i-rentacar.com\/de\/autovermietung-im-hafen-von-thessaloniki\/#breadcrumb\"},\"inLanguage\":\"de\",\"potentialAction\":[{\"@type\":\"ReadAction\",\"target\":[\"https:\/\/www.i-rentacar.com\/de\/autovermietung-im-hafen-von-thessaloniki\/\"]}]},{\"@type\":\"BreadcrumbList\",\"@id\":\"https:\/\/www.i-rentacar.com\/de\/autovermietung-im-hafen-von-thessaloniki\/#breadcrumb\",\"itemListElement\":[{\"@type\":\"ListItem\",\"position\":1,\"name\":\"Home\",\"item\":\"https:\/\/www.i-rentacar.com\/de\/\"},{\"@type\":\"ListItem\",\"position\":2,\"name\":\"Autovermietung im Hafen von Thessaloniki\"}]},{\"@type\":\"WebSite\",\"@id\":\"https:\/\/www.i-rentacar.com\/de\/#website\",\"url\":\"https:\/\/www.i-rentacar.com\/de\/\",\"name\":\"i-rentacar.com\",\"description\":\"Autovermietung Thessaloniki, Minibus, Gel\u00e4ndewagen, Flughafen Thessaloniki, Mietwagen Thessaloniki Halkidiki, Mietwagen Thessaloniki Flughafen skg\",\"publisher\":{\"@id\":\"https:\/\/www.i-rentacar.com\/de\/#organization\"},\"potentialAction\":[{\"@type\":\"SearchAction\",\"target\":{\"@type\":\"EntryPoint\",\"urlTemplate\":\"https:\/\/www.i-rentacar.com\/de\/?s={search_term_string}\"},\"query-input\":{\"@type\":\"PropertyValueSpecification\",\"valueRequired\":true,\"valueName\":\"search_term_string\"}}],\"inLanguage\":\"de\"},{\"@type\":\"Organization\",\"@id\":\"https:\/\/www.i-rentacar.com\/de\/#organization\",\"name\":\"i-rentacar.com\",\"url\":\"https:\/\/www.i-rentacar.com\/de\/\",\"logo\":{\"@type\":\"ImageObject\",\"inLanguage\":\"de\",\"@id\":\"https:\/\/www.i-rentacar.com\/de\/#\/schema\/logo\/image\/\",\"url\":\"https:\/\/www.i-rentacar.com\/wp-content\/uploads\/2021\/08\/logo-i-rentacar-com-3.png\",\"contentUrl\":\"https:\/\/www.i-rentacar.com\/wp-content\/uploads\/2021\/08\/logo-i-rentacar-com-3.png\",\"width\":383,\"height\":150,\"caption\":\"i-rentacar.com\"},\"image\":{\"@id\":\"https:\/\/www.i-rentacar.com\/de\/#\/schema\/logo\/image\/\"}}]}<\/script>\n<!-- \/ Yoast SEO plugin. -->","yoast_head_json":{"title":"Autovermietung im Hafen von Thessaloniki | i-rentacar.com","robots":{"index":"index","follow":"follow","max-snippet":"max-snippet:-1","max-image-preview":"max-image-preview:large","max-video-preview":"max-video-preview:-1"},"canonical":"https:\/\/www.i-rentacar.com\/de\/autovermietung-im-hafen-von-thessaloniki\/","og_locale":"de_DE","og_type":"article","og_title":"Autovermietung im Hafen von Thessaloniki | i-rentacar.com","og_url":"https:\/\/www.i-rentacar.com\/de\/autovermietung-im-hafen-von-thessaloniki\/","og_site_name":"i-rentacar.com","article_modified_time":"2024-12-29T16:46:01+00:00","twitter_card":"summary_large_image","twitter_misc":{"Gesch\u00e4tzte Lesezeit":"15\u00a0Minuten"},"schema":{"@context":"https:\/\/schema.org","@graph":[{"@type":"WebPage","@id":"https:\/\/www.i-rentacar.com\/de\/autovermietung-im-hafen-von-thessaloniki\/","url":"https:\/\/www.i-rentacar.com\/de\/autovermietung-im-hafen-von-thessaloniki\/","name":"Autovermietung im Hafen von Thessaloniki | i-rentacar.com","isPartOf":{"@id":"https:\/\/www.i-rentacar.com\/de\/#website"},"datePublished":"2024-12-29T11:58:27+00:00","dateModified":"2024-12-29T16:46:01+00:00","breadcrumb":{"@id":"https:\/\/www.i-rentacar.com\/de\/autovermietung-im-hafen-von-thessaloniki\/#breadcrumb"},"inLanguage":"de","potentialAction":[{"@type":"ReadAction","target":["https:\/\/www.i-rentacar.com\/de\/autovermietung-im-hafen-von-thessaloniki\/"]}]},{"@type":"BreadcrumbList","@id":"https:\/\/www.i-rentacar.com\/de\/autovermietung-im-hafen-von-thessaloniki\/#breadcrumb","itemListElement":[{"@type":"ListItem","position":1,"name":"Home","item":"https:\/\/www.i-rentacar.com\/de\/"},{"@type":"ListItem","position":2,"name":"Autovermietung im Hafen von Thessaloniki"}]},{"@type":"WebSite","@id":"https:\/\/www.i-rentacar.com\/de\/#website","url":"https:\/\/www.i-rentacar.com\/de\/","name":"i-rentacar.com","description":"Autovermietung Thessaloniki, Minibus, Gel\u00e4ndewagen, Flughafen Thessaloniki, Mietwagen Thessaloniki Halkidiki, Mietwagen Thessaloniki Flughafen skg","publisher":{"@id":"https:\/\/www.i-rentacar.com\/de\/#organization"},"potentialAction":[{"@type":"SearchAction","target":{"@type":"EntryPoint","urlTemplate":"https:\/\/www.i-rentacar.com\/de\/?s={search_term_string}"},"query-input":{"@type":"PropertyValueSpecification","valueRequired":true,"valueName":"search_term_string"}}],"inLanguage":"de"},{"@type":"Organization","@id":"https:\/\/www.i-rentacar.com\/de\/#organization","name":"i-rentacar.com","url":"https:\/\/www.i-rentacar.com\/de\/","logo":{"@type":"ImageObject","inLanguage":"de","@id":"https:\/\/www.i-rentacar.com\/de\/#\/schema\/logo\/image\/","url":"https:\/\/www.i-rentacar.com\/wp-content\/uploads\/2021\/08\/logo-i-rentacar-com-3.png","contentUrl":"https:\/\/www.i-rentacar.com\/wp-content\/uploads\/2021\/08\/logo-i-rentacar-com-3.png","width":383,"height":150,"caption":"i-rentacar.com"},"image":{"@id":"https:\/\/www.i-rentacar.com\/de\/#\/schema\/logo\/image\/"}}]}},"_links":{"self":[{"href":"https:\/\/www.i-rentacar.com\/de\/wp-json\/wp\/v2\/pages\/9007","targetHints":{"allow":["GET"]}}],"collection":[{"href":"https:\/\/www.i-rentacar.com\/de\/wp-json\/wp\/v2\/pages"}],"about":[{"href":"https:\/\/www.i-rentacar.com\/de\/wp-json\/wp\/v2\/types\/page"}],"author":[{"embeddable":true,"href":"https:\/\/www.i-rentacar.com\/de\/wp-json\/wp\/v2\/users\/1"}],"replies":[{"embeddable":true,"href":"https:\/\/www.i-rentacar.com\/de\/wp-json\/wp\/v2\/comments?post=9007"}],"version-history":[{"count":2,"href":"https:\/\/www.i-rentacar.com\/de\/wp-json\/wp\/v2\/pages\/9007\/revisions"}],"predecessor-version":[{"id":9009,"href":"https:\/\/www.i-rentacar.com\/de\/wp-json\/wp\/v2\/pages\/9007\/revisions\/9009"}],"wp:attachment":[{"href":"https:\/\/www.i-rentacar.com\/de\/wp-json\/wp\/v2\/media?parent=9007"}],"curies":[{"name":"wp","href":"https:\/\/api.w.org\/{rel}","templated":true}]}}