{"id":6005,"date":"2022-01-25T19:53:25","date_gmt":"2022-01-25T17:53:25","guid":{"rendered":"https:\/\/www.i-rentacar.com\/autovermietung-mit-chauffeur\/"},"modified":"2023-11-04T19:34:55","modified_gmt":"2023-11-04T17:34:55","slug":"autovermietung-mit-chauffeur","status":"publish","type":"page","link":"https:\/\/www.i-rentacar.com\/de\/autovermietung-mit-chauffeur\/","title":{"rendered":"Transferservice und Autovermietung mit Fahrer in Thessaloniki"},"content":{"rendered":"<div class=\"fusion-fullwidth fullwidth-box fusion-builder-row-1 fusion-flex-container nonhundred-percent-fullwidth non-hundred-percent-height-scrolling\" style=\"--awb-border-radius-top-left:0px;--awb-border-radius-top-right:0px;--awb-border-radius-bottom-right:0px;--awb-border-radius-bottom-left:0px;--awb-flex-wrap:wrap;\" ><div class=\"fusion-builder-row fusion-row fusion-flex-align-items-flex-start fusion-flex-content-wrap\" style=\"max-width:1300px;margin-left: calc(-4% \/ 2 );margin-right: calc(-4% \/ 2 );\"><div class=\"fusion-layout-column fusion_builder_column fusion-builder-column-0 fusion_builder_column_1_1 1_1 fusion-flex-column\" style=\"--awb-bg-size:cover;--awb-width-large:100%;--awb-margin-top-large:0px;--awb-spacing-right-large:1.92%;--awb-margin-bottom-large:20px;--awb-spacing-left-large:1.92%;--awb-width-medium:100%;--awb-order-medium:0;--awb-spacing-right-medium:1.92%;--awb-spacing-left-medium:1.92%;--awb-width-small:100%;--awb-order-small:0;--awb-spacing-right-small:1.92%;--awb-spacing-left-small:1.92%;\"><div class=\"fusion-column-wrapper fusion-column-has-shadow fusion-flex-justify-content-flex-start fusion-content-layout-column\"><div class=\"fusion-text fusion-text-1\" style=\"--awb-font-size:18px;\"><p><strong>Autovermietung mit Fahrer in Thessaloniki &#8211; ein zuverl\u00e4ssiger und flexibler Transportdienst<\/strong><\/p>\n<p>Sind Sie auf der Suche nach einem zuverl\u00e4ssigen Transferdienst in Thessaloniki? Unser Team von professionellen Fahrern hilft Ihnen, Ihr Ziel schnell und bequem zu erreichen. Ob Sie vom Flughafen, Hafen oder Busbahnhof kommen oder einen Transfer von Ihrem Standort in Thessaloniki suchen, wir decken alle Ihre Bed\u00fcrfnisse f\u00fcr einen komfortablen Transfer ab.<\/p>\n<p>Unsere moderne Flotte bietet alle Annehmlichkeiten, die Sie brauchen, einschlie\u00dflich Klimaanlage, Wi-Fi und viel Beinfreiheit, um eine komfortable Reise zu gew\u00e4hrleisten. Unsere sachkundigen Stadtf\u00fchrer sind bereit, Ihnen die besten Sehensw\u00fcrdigkeiten und Aktivit\u00e4ten w\u00e4hrend Ihres Aufenthalts in Thessaloniki zu empfehlen.<\/p>\n<p>Au\u00dferdem bieten wir flexible Abhol- und Lieferzeiten, die Ihrem Zeitplan entsprechen. Wir f\u00fchren auch Transfers zu Zielen au\u00dferhalb von Thessaloniki durch, die ganz Griechenland und Europa abdecken.<\/p>\n<p>Verschwenden Sie nicht Ihre kostbare Zeit und Energie mit der Suche nach \u00f6ffentlichen Verkehrsmitteln. W\u00e4hlen Sie unseren Service f\u00fcr einen zuverl\u00e4ssigen und komfortablen Transport zu jedem Ziel, das Sie besuchen m\u00f6chten. Kontaktieren Sie uns noch heute, um Ihren Transfer zu buchen und eine komfortable Reise in Thessaloniki zu erleben.<\/p>\n<\/div><div class=\"fusion-text fusion-text-2\"><h4>Autovermietung mit Fahrer | Chauffeur | Transfer in Thessaloniki<\/h4>\n<\/div><\/div><\/div><div class=\"fusion-layout-column fusion_builder_column fusion-builder-column-1 fusion_builder_column_2_5 2_5 fusion-flex-column\" style=\"--awb-bg-size:cover;--awb-width-large:40%;--awb-margin-top-large:0px;--awb-spacing-right-large:4.8%;--awb-margin-bottom-large:20px;--awb-spacing-left-large:4.8%;--awb-width-medium:40%;--awb-order-medium:0;--awb-spacing-right-medium:4.8%;--awb-spacing-left-medium:4.8%;--awb-width-small:100%;--awb-order-small:0;--awb-spacing-right-small:1.92%;--awb-spacing-left-small:1.92%;\"><div class=\"fusion-column-wrapper fusion-column-has-shadow fusion-flex-justify-content-flex-start fusion-content-layout-column\"><div class=\"fusion-image-element \" style=\"--awb-caption-title-font-family:var(--h2_typography-font-family);--awb-caption-title-font-weight:var(--h2_typography-font-weight);--awb-caption-title-font-style:var(--h2_typography-font-style);--awb-caption-title-size:var(--h2_typography-font-size);--awb-caption-title-transform:var(--h2_typography-text-transform);--awb-caption-title-line-height:var(--h2_typography-line-height);--awb-caption-title-letter-spacing:var(--h2_typography-letter-spacing);\"><span class=\" fusion-imageframe imageframe-none imageframe-1 hover-type-none\"><img decoding=\"async\" width=\"644\" height=\"425\" alt=\"Autovermietung mit Chauffeur\" src=\"https:\/\/www.i-rentacar.com\/wp-content\/uploads\/2022\/02\/transfer-11.jpg\" data-orig-src=\"https:\/\/www.i-rentacar.com\/wp-content\/uploads\/2022\/02\/transfer-11.jpg\" class=\"lazyload img-responsive wp-image-4292\" srcset=\"data:image\/svg+xml,%3Csvg%20xmlns%3D%27http%3A%2F%2Fwww.w3.org%2F2000%2Fsvg%27%20width%3D%27644%27%20height%3D%27425%27%20viewBox%3D%270%200%20644%20425%27%3E%3Crect%20width%3D%27644%27%20height%3D%27425%27%20fill-opacity%3D%220%22%2F%3E%3C%2Fsvg%3E\" data-srcset=\"https:\/\/www.i-rentacar.com\/wp-content\/uploads\/2022\/02\/transfer-11-200x132.jpg 200w, https:\/\/www.i-rentacar.com\/wp-content\/uploads\/2022\/02\/transfer-11-400x264.jpg 400w, https:\/\/www.i-rentacar.com\/wp-content\/uploads\/2022\/02\/transfer-11-600x396.jpg 600w, https:\/\/www.i-rentacar.com\/wp-content\/uploads\/2022\/02\/transfer-11.jpg 644w\" data-sizes=\"auto\" data-orig-sizes=\"(max-width: 640px) 100vw, 600px\" \/><\/span><\/div><\/div><\/div><div class=\"fusion-layout-column fusion_builder_column fusion-builder-column-2 fusion_builder_column_3_5 3_5 fusion-flex-column\" style=\"--awb-bg-size:cover;--awb-width-large:60%;--awb-margin-top-large:0px;--awb-spacing-right-large:3.2%;--awb-margin-bottom-large:20px;--awb-spacing-left-large:3.2%;--awb-width-medium:60%;--awb-order-medium:0;--awb-spacing-right-medium:3.2%;--awb-spacing-left-medium:3.2%;--awb-width-small:100%;--awb-order-small:0;--awb-spacing-right-small:1.92%;--awb-spacing-left-small:1.92%;\"><div class=\"fusion-column-wrapper fusion-column-has-shadow fusion-flex-justify-content-flex-start fusion-content-layout-column\"><div class=\"fusion-text fusion-text-3\" style=\"--awb-font-size:18px;\"><p><strong>Transfer | Transfers zum und vom Flughafen<\/strong><\/p>\n<div class=\"fusion-separator fusion-full-width-sep\" style=\"align-self: flex-start;margin-right:auto;width:100%;\"><div class=\"fusion-separator-border sep-single sep-solid\" style=\"--awb-height:20px;--awb-amount:20px;--awb-sep-color:#cca43d;border-color:#CCA43D;border-top-width:35px;\"><\/div><\/div>\n<p>i-rentacar bietet eine zuverl\u00e4ssige Autovermietung mit Fahrer und Transferservice am Flughafen &#8222;Macedonia&#8220; von Thessaloniki. Entscheiden Sie sich f\u00fcr uns und lassen Sie alle Probleme des Umzugs zu Ihrem Hotel oder einem anderen Zielort hinter sich. \u00dcberlassen Sie es uns, sich um die Details zu k\u00fcmmern, und genie\u00dfen Sie einfach Ihre Reise in Ruhe und Komfort.<\/p>\n<\/div><\/div><\/div><div class=\"fusion-layout-column fusion_builder_column fusion-builder-column-3 fusion_builder_column_2_5 2_5 fusion-flex-column\" style=\"--awb-bg-size:cover;--awb-width-large:40%;--awb-margin-top-large:0px;--awb-spacing-right-large:4.8%;--awb-margin-bottom-large:20px;--awb-spacing-left-large:4.8%;--awb-width-medium:40%;--awb-order-medium:0;--awb-spacing-right-medium:4.8%;--awb-spacing-left-medium:4.8%;--awb-width-small:100%;--awb-order-small:0;--awb-spacing-right-small:1.92%;--awb-spacing-left-small:1.92%;\"><div class=\"fusion-column-wrapper fusion-column-has-shadow fusion-flex-justify-content-flex-start fusion-content-layout-column\"><div class=\"fusion-image-element \" style=\"--awb-caption-title-font-family:var(--h2_typography-font-family);--awb-caption-title-font-weight:var(--h2_typography-font-weight);--awb-caption-title-font-style:var(--h2_typography-font-style);--awb-caption-title-size:var(--h2_typography-font-size);--awb-caption-title-transform:var(--h2_typography-text-transform);--awb-caption-title-line-height:var(--h2_typography-line-height);--awb-caption-title-letter-spacing:var(--h2_typography-letter-spacing);\"><span class=\" fusion-imageframe imageframe-none imageframe-2 hover-type-none\"><img decoding=\"async\" width=\"644\" height=\"425\" alt=\"Transport | Transporte V.I.P.\" src=\"https:\/\/www.i-rentacar.com\/wp-content\/uploads\/2022\/02\/transfer-12.jpg\" data-orig-src=\"https:\/\/www.i-rentacar.com\/wp-content\/uploads\/2022\/02\/transfer-12.jpg\" class=\"lazyload img-responsive wp-image-4302\" srcset=\"data:image\/svg+xml,%3Csvg%20xmlns%3D%27http%3A%2F%2Fwww.w3.org%2F2000%2Fsvg%27%20width%3D%27644%27%20height%3D%27425%27%20viewBox%3D%270%200%20644%20425%27%3E%3Crect%20width%3D%27644%27%20height%3D%27425%27%20fill-opacity%3D%220%22%2F%3E%3C%2Fsvg%3E\" data-srcset=\"https:\/\/www.i-rentacar.com\/wp-content\/uploads\/2022\/02\/transfer-12-200x132.jpg 200w, https:\/\/www.i-rentacar.com\/wp-content\/uploads\/2022\/02\/transfer-12-400x264.jpg 400w, https:\/\/www.i-rentacar.com\/wp-content\/uploads\/2022\/02\/transfer-12-600x396.jpg 600w, https:\/\/www.i-rentacar.com\/wp-content\/uploads\/2022\/02\/transfer-12.jpg 644w\" data-sizes=\"auto\" data-orig-sizes=\"(max-width: 640px) 100vw, 600px\" \/><\/span><\/div><\/div><\/div><div class=\"fusion-layout-column fusion_builder_column fusion-builder-column-4 fusion_builder_column_3_5 3_5 fusion-flex-column\" style=\"--awb-bg-size:cover;--awb-width-large:60%;--awb-margin-top-large:0px;--awb-spacing-right-large:3.2%;--awb-margin-bottom-large:20px;--awb-spacing-left-large:3.2%;--awb-width-medium:60%;--awb-order-medium:0;--awb-spacing-right-medium:3.2%;--awb-spacing-left-medium:3.2%;--awb-width-small:100%;--awb-order-small:0;--awb-spacing-right-small:1.92%;--awb-spacing-left-small:1.92%;\"><div class=\"fusion-column-wrapper fusion-column-has-shadow fusion-flex-justify-content-flex-start fusion-content-layout-column\"><div class=\"fusion-text fusion-text-4\" style=\"--awb-font-size:18px;\"><p><strong>Transfer | Transfers V.I.P.<\/strong><\/p>\n<div class=\"fusion-separator fusion-full-width-sep\" style=\"align-self: flex-start;margin-right:auto;width:100%;\"><div class=\"fusion-separator-border sep-single sep-solid\" style=\"--awb-height:20px;--awb-amount:20px;--awb-sep-color:#cca43d;border-color:#CCA43D;border-top-width:35px;\"><\/div><\/div>\n<p>W\u00e4hlen Sie unser Unternehmen f\u00fcr die Autovermietung in Thessaloniki. W\u00e4hlen Sie das von Ihnen gew\u00fcnschte Luxusfahrzeug mit einem professionellen Fahrer. Der Transfer der von Ihnen gew\u00fcnschten VIP-Personen erfolgt mit absolutem Komfort, Sicherheit und Schutz.<\/p>\n<\/div><\/div><\/div><div class=\"fusion-layout-column fusion_builder_column fusion-builder-column-5 fusion_builder_column_2_5 2_5 fusion-flex-column\" style=\"--awb-bg-size:cover;--awb-width-large:40%;--awb-margin-top-large:0px;--awb-spacing-right-large:4.8%;--awb-margin-bottom-large:20px;--awb-spacing-left-large:4.8%;--awb-width-medium:40%;--awb-order-medium:0;--awb-spacing-right-medium:4.8%;--awb-spacing-left-medium:4.8%;--awb-width-small:100%;--awb-order-small:0;--awb-spacing-right-small:1.92%;--awb-spacing-left-small:1.92%;\"><div class=\"fusion-column-wrapper fusion-column-has-shadow fusion-flex-justify-content-flex-start fusion-content-layout-column\"><div class=\"fusion-image-element \" style=\"--awb-caption-title-font-family:var(--h2_typography-font-family);--awb-caption-title-font-weight:var(--h2_typography-font-weight);--awb-caption-title-font-style:var(--h2_typography-font-style);--awb-caption-title-size:var(--h2_typography-font-size);--awb-caption-title-transform:var(--h2_typography-text-transform);--awb-caption-title-line-height:var(--h2_typography-line-height);--awb-caption-title-letter-spacing:var(--h2_typography-letter-spacing);\"><span class=\" fusion-imageframe imageframe-none imageframe-3 hover-type-none\"><img decoding=\"async\" width=\"644\" height=\"425\" alt=\"Transfers | Transfers zum und vom Hafen\" src=\"https:\/\/www.i-rentacar.com\/wp-content\/uploads\/2022\/02\/transfer-13.jpg\" data-orig-src=\"https:\/\/www.i-rentacar.com\/wp-content\/uploads\/2022\/02\/transfer-13.jpg\" class=\"lazyload img-responsive wp-image-4297\" srcset=\"data:image\/svg+xml,%3Csvg%20xmlns%3D%27http%3A%2F%2Fwww.w3.org%2F2000%2Fsvg%27%20width%3D%27644%27%20height%3D%27425%27%20viewBox%3D%270%200%20644%20425%27%3E%3Crect%20width%3D%27644%27%20height%3D%27425%27%20fill-opacity%3D%220%22%2F%3E%3C%2Fsvg%3E\" data-srcset=\"https:\/\/www.i-rentacar.com\/wp-content\/uploads\/2022\/02\/transfer-13-200x132.jpg 200w, https:\/\/www.i-rentacar.com\/wp-content\/uploads\/2022\/02\/transfer-13-400x264.jpg 400w, https:\/\/www.i-rentacar.com\/wp-content\/uploads\/2022\/02\/transfer-13-600x396.jpg 600w, https:\/\/www.i-rentacar.com\/wp-content\/uploads\/2022\/02\/transfer-13.jpg 644w\" data-sizes=\"auto\" data-orig-sizes=\"(max-width: 640px) 100vw, 600px\" \/><\/span><\/div><\/div><\/div><div class=\"fusion-layout-column fusion_builder_column fusion-builder-column-6 fusion_builder_column_3_5 3_5 fusion-flex-column\" style=\"--awb-bg-size:cover;--awb-width-large:60%;--awb-margin-top-large:0px;--awb-spacing-right-large:3.2%;--awb-margin-bottom-large:20px;--awb-spacing-left-large:3.2%;--awb-width-medium:60%;--awb-order-medium:0;--awb-spacing-right-medium:3.2%;--awb-spacing-left-medium:3.2%;--awb-width-small:100%;--awb-order-small:0;--awb-spacing-right-small:1.92%;--awb-spacing-left-small:1.92%;\"><div class=\"fusion-column-wrapper fusion-column-has-shadow fusion-flex-justify-content-flex-start fusion-content-layout-column\"><div class=\"fusion-text fusion-text-5\" style=\"--awb-font-size:18px;\"><p><strong>Transfers | Transfers zum und vom Hafen<\/strong><\/p>\n<div class=\"fusion-separator fusion-full-width-sep\" style=\"align-self: flex-start;margin-right:auto;width:100%;\"><div class=\"fusion-separator-border sep-single sep-solid\" style=\"--awb-height:20px;--awb-amount:20px;--awb-sep-color:#cca43d;border-color:#CCA43D;border-top-width:35px;\"><\/div><\/div>\n<p>Mieten Sie das Auto Ihrer Wahl am Hafen von Thessaloniki \u00fcber i-rentacar. Entscheiden Sie sich f\u00fcr eine Autovermietung mit einem professionellen Fahrer und Ihr Transfer vom Hafen zu Ihrem Ziel wird entspannter denn je.<\/p>\n<\/div><\/div><\/div><\/div><\/div>\n","protected":false},"excerpt":{"rendered":"","protected":false},"author":1,"featured_media":4177,"parent":0,"menu_order":0,"comment_status":"closed","ping_status":"closed","template":"100-width.php","meta":{"footnotes":""},"class_list":["post-6005","page","type-page","status-publish","has-post-thumbnail","hentry"],"yoast_head":"<!-- This site is optimized with the Yoast SEO plugin v27.0 - https:\/\/yoast.com\/product\/yoast-seo-wordpress\/ -->\n<title>Autotransfer und Autovermietung mit Fahrer<\/title>\n<meta name=\"description\" content=\"Transfer- und Autovermietungsservice mit Fahrer in Thessaloniki | Transfer in Griechenland und ganz Europa. Tel. +30 231 700 3 400\" \/>\n<meta name=\"robots\" content=\"index, follow, max-snippet:-1, max-image-preview:large, max-video-preview:-1\" \/>\n<link rel=\"canonical\" href=\"https:\/\/www.i-rentacar.com\/de\/autovermietung-mit-chauffeur\/\" \/>\n<meta property=\"og:locale\" content=\"de_DE\" \/>\n<meta property=\"og:type\" content=\"article\" \/>\n<meta property=\"og:title\" content=\"Autotransfer und Autovermietung mit Fahrer\" \/>\n<meta property=\"og:description\" content=\"Transfer- und Autovermietungsservice mit Fahrer in Thessaloniki | Transfer in Griechenland und ganz Europa. Tel. +30 231 700 3 400\" \/>\n<meta property=\"og:url\" content=\"https:\/\/www.i-rentacar.com\/de\/autovermietung-mit-chauffeur\/\" \/>\n<meta property=\"og:site_name\" content=\"i-rentacar.com\" \/>\n<meta property=\"article:modified_time\" content=\"2023-11-04T17:34:55+00:00\" \/>\n<meta property=\"og:image\" content=\"https:\/\/www.i-rentacar.com\/wp-content\/uploads\/2022\/01\/thessaloniki-6.webp\" \/>\n\t<meta property=\"og:image:width\" content=\"1800\" \/>\n\t<meta property=\"og:image:height\" content=\"400\" \/>\n\t<meta property=\"og:image:type\" content=\"image\/webp\" \/>\n<meta name=\"twitter:card\" content=\"summary_large_image\" \/>\n<meta name=\"twitter:label1\" content=\"Gesch\u00e4tzte Lesezeit\" \/>\n\t<meta name=\"twitter:data1\" content=\"11\u00a0Minuten\" \/>\n<script type=\"application\/ld+json\" class=\"yoast-schema-graph\">{\"@context\":\"https:\/\/schema.org\",\"@graph\":[{\"@type\":\"WebPage\",\"@id\":\"https:\/\/www.i-rentacar.com\/de\/autovermietung-mit-chauffeur\/\",\"url\":\"https:\/\/www.i-rentacar.com\/de\/autovermietung-mit-chauffeur\/\",\"name\":\"Autotransfer und Autovermietung mit Fahrer\",\"isPartOf\":{\"@id\":\"https:\/\/www.i-rentacar.com\/de\/#website\"},\"primaryImageOfPage\":{\"@id\":\"https:\/\/www.i-rentacar.com\/de\/autovermietung-mit-chauffeur\/#primaryimage\"},\"image\":{\"@id\":\"https:\/\/www.i-rentacar.com\/de\/autovermietung-mit-chauffeur\/#primaryimage\"},\"thumbnailUrl\":\"https:\/\/www.i-rentacar.com\/wp-content\/uploads\/2022\/01\/thessaloniki-6.webp\",\"datePublished\":\"2022-01-25T17:53:25+00:00\",\"dateModified\":\"2023-11-04T17:34:55+00:00\",\"description\":\"Transfer- und Autovermietungsservice mit Fahrer in Thessaloniki | Transfer in Griechenland und ganz Europa. Tel. +30 231 700 3 400\",\"breadcrumb\":{\"@id\":\"https:\/\/www.i-rentacar.com\/de\/autovermietung-mit-chauffeur\/#breadcrumb\"},\"inLanguage\":\"de\",\"potentialAction\":[{\"@type\":\"ReadAction\",\"target\":[\"https:\/\/www.i-rentacar.com\/de\/autovermietung-mit-chauffeur\/\"]}]},{\"@type\":\"ImageObject\",\"inLanguage\":\"de\",\"@id\":\"https:\/\/www.i-rentacar.com\/de\/autovermietung-mit-chauffeur\/#primaryimage\",\"url\":\"https:\/\/www.i-rentacar.com\/wp-content\/uploads\/2022\/01\/thessaloniki-6.webp\",\"contentUrl\":\"https:\/\/www.i-rentacar.com\/wp-content\/uploads\/2022\/01\/thessaloniki-6.webp\",\"width\":1800,\"height\":400,\"caption\":\"\u03a5\u03c0\u03b7\u03c1\u03b5\u03c3\u03af\u03b1 \u0395\u03bd\u03bf\u03b9\u03ba\u03af\u03b1\u03c3\u03b7 \u0391\u03c5\u03c4\u03bf\u03ba\u03b9\u03bd\u03ae\u03c4\u03bf\u03c5 \u03bc\u03b5 \u039f\u03b4\u03b7\u03b3\u03cc | Transfer\"},{\"@type\":\"BreadcrumbList\",\"@id\":\"https:\/\/www.i-rentacar.com\/de\/autovermietung-mit-chauffeur\/#breadcrumb\",\"itemListElement\":[{\"@type\":\"ListItem\",\"position\":1,\"name\":\"Home\",\"item\":\"https:\/\/www.i-rentacar.com\/de\/\"},{\"@type\":\"ListItem\",\"position\":2,\"name\":\"Transferservice und Autovermietung mit Fahrer in Thessaloniki\"}]},{\"@type\":\"WebSite\",\"@id\":\"https:\/\/www.i-rentacar.com\/de\/#website\",\"url\":\"https:\/\/www.i-rentacar.com\/de\/\",\"name\":\"i-rentacar.com\",\"description\":\"Autovermietung Thessaloniki, Minibus, Gel\u00e4ndewagen, Flughafen Thessaloniki, Mietwagen Thessaloniki Halkidiki, Mietwagen Thessaloniki Flughafen skg\",\"publisher\":{\"@id\":\"https:\/\/www.i-rentacar.com\/de\/#organization\"},\"potentialAction\":[{\"@type\":\"SearchAction\",\"target\":{\"@type\":\"EntryPoint\",\"urlTemplate\":\"https:\/\/www.i-rentacar.com\/de\/?s={search_term_string}\"},\"query-input\":{\"@type\":\"PropertyValueSpecification\",\"valueRequired\":true,\"valueName\":\"search_term_string\"}}],\"inLanguage\":\"de\"},{\"@type\":\"Organization\",\"@id\":\"https:\/\/www.i-rentacar.com\/de\/#organization\",\"name\":\"i-rentacar.com\",\"url\":\"https:\/\/www.i-rentacar.com\/de\/\",\"logo\":{\"@type\":\"ImageObject\",\"inLanguage\":\"de\",\"@id\":\"https:\/\/www.i-rentacar.com\/de\/#\/schema\/logo\/image\/\",\"url\":\"https:\/\/www.i-rentacar.com\/wp-content\/uploads\/2021\/08\/logo-i-rentacar-com-3.png\",\"contentUrl\":\"https:\/\/www.i-rentacar.com\/wp-content\/uploads\/2021\/08\/logo-i-rentacar-com-3.png\",\"width\":383,\"height\":150,\"caption\":\"i-rentacar.com\"},\"image\":{\"@id\":\"https:\/\/www.i-rentacar.com\/de\/#\/schema\/logo\/image\/\"}}]}<\/script>\n<!-- \/ Yoast SEO plugin. -->","yoast_head_json":{"title":"Autotransfer und Autovermietung mit Fahrer","description":"Transfer- und Autovermietungsservice mit Fahrer in Thessaloniki | Transfer in Griechenland und ganz Europa. Tel. +30 231 700 3 400","robots":{"index":"index","follow":"follow","max-snippet":"max-snippet:-1","max-image-preview":"max-image-preview:large","max-video-preview":"max-video-preview:-1"},"canonical":"https:\/\/www.i-rentacar.com\/de\/autovermietung-mit-chauffeur\/","og_locale":"de_DE","og_type":"article","og_title":"Autotransfer und Autovermietung mit Fahrer","og_description":"Transfer- und Autovermietungsservice mit Fahrer in Thessaloniki | Transfer in Griechenland und ganz Europa. Tel. +30 231 700 3 400","og_url":"https:\/\/www.i-rentacar.com\/de\/autovermietung-mit-chauffeur\/","og_site_name":"i-rentacar.com","article_modified_time":"2023-11-04T17:34:55+00:00","og_image":[{"width":1800,"height":400,"url":"https:\/\/www.i-rentacar.com\/wp-content\/uploads\/2022\/01\/thessaloniki-6.webp","type":"image\/webp"}],"twitter_card":"summary_large_image","twitter_misc":{"Gesch\u00e4tzte Lesezeit":"11\u00a0Minuten"},"schema":{"@context":"https:\/\/schema.org","@graph":[{"@type":"WebPage","@id":"https:\/\/www.i-rentacar.com\/de\/autovermietung-mit-chauffeur\/","url":"https:\/\/www.i-rentacar.com\/de\/autovermietung-mit-chauffeur\/","name":"Autotransfer und Autovermietung mit Fahrer","isPartOf":{"@id":"https:\/\/www.i-rentacar.com\/de\/#website"},"primaryImageOfPage":{"@id":"https:\/\/www.i-rentacar.com\/de\/autovermietung-mit-chauffeur\/#primaryimage"},"image":{"@id":"https:\/\/www.i-rentacar.com\/de\/autovermietung-mit-chauffeur\/#primaryimage"},"thumbnailUrl":"https:\/\/www.i-rentacar.com\/wp-content\/uploads\/2022\/01\/thessaloniki-6.webp","datePublished":"2022-01-25T17:53:25+00:00","dateModified":"2023-11-04T17:34:55+00:00","description":"Transfer- und Autovermietungsservice mit Fahrer in Thessaloniki | Transfer in Griechenland und ganz Europa. Tel. +30 231 700 3 400","breadcrumb":{"@id":"https:\/\/www.i-rentacar.com\/de\/autovermietung-mit-chauffeur\/#breadcrumb"},"inLanguage":"de","potentialAction":[{"@type":"ReadAction","target":["https:\/\/www.i-rentacar.com\/de\/autovermietung-mit-chauffeur\/"]}]},{"@type":"ImageObject","inLanguage":"de","@id":"https:\/\/www.i-rentacar.com\/de\/autovermietung-mit-chauffeur\/#primaryimage","url":"https:\/\/www.i-rentacar.com\/wp-content\/uploads\/2022\/01\/thessaloniki-6.webp","contentUrl":"https:\/\/www.i-rentacar.com\/wp-content\/uploads\/2022\/01\/thessaloniki-6.webp","width":1800,"height":400,"caption":"\u03a5\u03c0\u03b7\u03c1\u03b5\u03c3\u03af\u03b1 \u0395\u03bd\u03bf\u03b9\u03ba\u03af\u03b1\u03c3\u03b7 \u0391\u03c5\u03c4\u03bf\u03ba\u03b9\u03bd\u03ae\u03c4\u03bf\u03c5 \u03bc\u03b5 \u039f\u03b4\u03b7\u03b3\u03cc | Transfer"},{"@type":"BreadcrumbList","@id":"https:\/\/www.i-rentacar.com\/de\/autovermietung-mit-chauffeur\/#breadcrumb","itemListElement":[{"@type":"ListItem","position":1,"name":"Home","item":"https:\/\/www.i-rentacar.com\/de\/"},{"@type":"ListItem","position":2,"name":"Transferservice und Autovermietung mit Fahrer in Thessaloniki"}]},{"@type":"WebSite","@id":"https:\/\/www.i-rentacar.com\/de\/#website","url":"https:\/\/www.i-rentacar.com\/de\/","name":"i-rentacar.com","description":"Autovermietung Thessaloniki, Minibus, Gel\u00e4ndewagen, Flughafen Thessaloniki, Mietwagen Thessaloniki Halkidiki, Mietwagen Thessaloniki Flughafen skg","publisher":{"@id":"https:\/\/www.i-rentacar.com\/de\/#organization"},"potentialAction":[{"@type":"SearchAction","target":{"@type":"EntryPoint","urlTemplate":"https:\/\/www.i-rentacar.com\/de\/?s={search_term_string}"},"query-input":{"@type":"PropertyValueSpecification","valueRequired":true,"valueName":"search_term_string"}}],"inLanguage":"de"},{"@type":"Organization","@id":"https:\/\/www.i-rentacar.com\/de\/#organization","name":"i-rentacar.com","url":"https:\/\/www.i-rentacar.com\/de\/","logo":{"@type":"ImageObject","inLanguage":"de","@id":"https:\/\/www.i-rentacar.com\/de\/#\/schema\/logo\/image\/","url":"https:\/\/www.i-rentacar.com\/wp-content\/uploads\/2021\/08\/logo-i-rentacar-com-3.png","contentUrl":"https:\/\/www.i-rentacar.com\/wp-content\/uploads\/2021\/08\/logo-i-rentacar-com-3.png","width":383,"height":150,"caption":"i-rentacar.com"},"image":{"@id":"https:\/\/www.i-rentacar.com\/de\/#\/schema\/logo\/image\/"}}]}},"_links":{"self":[{"href":"https:\/\/www.i-rentacar.com\/de\/wp-json\/wp\/v2\/pages\/6005","targetHints":{"allow":["GET"]}}],"collection":[{"href":"https:\/\/www.i-rentacar.com\/de\/wp-json\/wp\/v2\/pages"}],"about":[{"href":"https:\/\/www.i-rentacar.com\/de\/wp-json\/wp\/v2\/types\/page"}],"author":[{"embeddable":true,"href":"https:\/\/www.i-rentacar.com\/de\/wp-json\/wp\/v2\/users\/1"}],"replies":[{"embeddable":true,"href":"https:\/\/www.i-rentacar.com\/de\/wp-json\/wp\/v2\/comments?post=6005"}],"version-history":[{"count":25,"href":"https:\/\/www.i-rentacar.com\/de\/wp-json\/wp\/v2\/pages\/6005\/revisions"}],"predecessor-version":[{"id":8226,"href":"https:\/\/www.i-rentacar.com\/de\/wp-json\/wp\/v2\/pages\/6005\/revisions\/8226"}],"wp:featuredmedia":[{"embeddable":true,"href":"https:\/\/www.i-rentacar.com\/de\/wp-json\/wp\/v2\/media\/4177"}],"wp:attachment":[{"href":"https:\/\/www.i-rentacar.com\/de\/wp-json\/wp\/v2\/media?parent=6005"}],"curies":[{"name":"wp","href":"https:\/\/api.w.org\/{rel}","templated":true}]}}