{"id":5662,"date":"2022-02-11T09:11:38","date_gmt":"2022-02-11T07:11:38","guid":{"rendered":"https:\/\/www.i-rentacar.com\/mietwagen-fuer-hochzeiten\/"},"modified":"2022-03-19T21:02:06","modified_gmt":"2022-03-19T19:02:06","slug":"mietwagen-fuer-hochzeiten","status":"publish","type":"page","link":"https:\/\/www.i-rentacar.com\/de\/mietwagen-fuer-hochzeiten\/","title":{"rendered":"Mietwagen f\u00fcr Hochzeiten"},"content":{"rendered":"<div class=\"fusion-fullwidth fullwidth-box fusion-builder-row-1 fusion-flex-container nonhundred-percent-fullwidth non-hundred-percent-height-scrolling\" style=\"--awb-border-radius-top-left:0px;--awb-border-radius-top-right:0px;--awb-border-radius-bottom-right:0px;--awb-border-radius-bottom-left:0px;--awb-flex-wrap:wrap;\" ><div class=\"fusion-builder-row fusion-row fusion-flex-align-items-flex-start fusion-flex-content-wrap\" style=\"max-width:1300px;margin-left: calc(-4% \/ 2 );margin-right: calc(-4% \/ 2 );\"><div class=\"fusion-layout-column fusion_builder_column fusion-builder-column-0 fusion_builder_column_1_1 1_1 fusion-flex-column\" style=\"--awb-bg-size:cover;--awb-width-large:100%;--awb-margin-top-large:0px;--awb-spacing-right-large:1.92%;--awb-margin-bottom-large:20px;--awb-spacing-left-large:1.92%;--awb-width-medium:100%;--awb-order-medium:0;--awb-spacing-right-medium:1.92%;--awb-spacing-left-medium:1.92%;--awb-width-small:100%;--awb-order-small:0;--awb-spacing-right-small:1.92%;--awb-spacing-left-small:1.92%;\"><div class=\"fusion-column-wrapper fusion-column-has-shadow fusion-flex-justify-content-flex-start fusion-content-layout-column\"><div class=\"fusion-text fusion-text-1\" style=\"--awb-font-size:24px;\"><h2>Luxus-Autovermietung f\u00fcr Hochzeiten in Thessaloniki<\/h2>\n<p>Ihr Hochzeitstag ist etwas Besonderes und erfordert Luxus in jeder Form.<br \/>\nWir sorgen daf\u00fcr, dass Sie einen traumhaften und besonderen Tag erleben und bieten Ihnen verschiedene Dienstleistungen an.<br \/>\n<a href=\"https:\/\/www.i-rentacar.com\/de\/luxus-autovermietung\/\">Luxusautos mit oder ohne Fahrer, die Sie zu dem Ort f\u00fcr das Foto Ihres Lebens, zur Kirche oder zu Ihrer Hochzeitsfeier bringen.<\/a><br \/>\nAston Martin, Range Rover, Mercedes Benz, Audi und BMW sind nur einige der Luxuswagen in Thessaloniki, die wir f\u00fcr Ihre Hochzeit anbieten.<\/p>\n<p><a href=\"https:\/\/www.i-rentacar.com\/de\/kontakt\/\">Kontaktieren<\/a> Sie uns, damit wir Ihnen helfen k\u00f6nnen, den sch\u00f6nsten Tag Ihres Lebens zu organisieren.<\/p>\n<\/div><\/div><\/div><div class=\"fusion-layout-column fusion_builder_column fusion-builder-column-1 fusion_builder_column_2_5 2_5 fusion-flex-column\" style=\"--awb-bg-size:cover;--awb-width-large:40%;--awb-margin-top-large:0px;--awb-spacing-right-large:4.8%;--awb-margin-bottom-large:20px;--awb-spacing-left-large:4.8%;--awb-width-medium:40%;--awb-order-medium:0;--awb-spacing-right-medium:4.8%;--awb-spacing-left-medium:4.8%;--awb-width-small:100%;--awb-order-small:0;--awb-spacing-right-small:1.92%;--awb-spacing-left-small:1.92%;\"><div class=\"fusion-column-wrapper fusion-column-has-shadow fusion-flex-justify-content-flex-start fusion-content-layout-column\"><div class=\"fusion-image-element \" style=\"--awb-caption-title-font-family:var(--h2_typography-font-family);--awb-caption-title-font-weight:var(--h2_typography-font-weight);--awb-caption-title-font-style:var(--h2_typography-font-style);--awb-caption-title-size:var(--h2_typography-font-size);--awb-caption-title-transform:var(--h2_typography-text-transform);--awb-caption-title-line-height:var(--h2_typography-line-height);--awb-caption-title-letter-spacing:var(--h2_typography-letter-spacing);\"><span class=\" fusion-imageframe imageframe-none imageframe-1 hover-type-none\"><img decoding=\"async\" width=\"644\" height=\"425\" alt=\"Hochzeit-Mietwagen-2\" src=\"https:\/\/www.i-rentacar.com\/wp-content\/uploads\/2022\/02\/wedding-rent-a-car-2.webp\" data-orig-src=\"https:\/\/www.i-rentacar.com\/wp-content\/uploads\/2022\/02\/wedding-rent-a-car-2.webp\" class=\"lazyload img-responsive wp-image-4412\" srcset=\"data:image\/svg+xml,%3Csvg%20xmlns%3D%27http%3A%2F%2Fwww.w3.org%2F2000%2Fsvg%27%20width%3D%27644%27%20height%3D%27425%27%20viewBox%3D%270%200%20644%20425%27%3E%3Crect%20width%3D%27644%27%20height%3D%27425%27%20fill-opacity%3D%220%22%2F%3E%3C%2Fsvg%3E\" data-srcset=\"https:\/\/www.i-rentacar.com\/wp-content\/uploads\/2022\/02\/wedding-rent-a-car-2-200x132.webp 200w, https:\/\/www.i-rentacar.com\/wp-content\/uploads\/2022\/02\/wedding-rent-a-car-2-400x264.webp 400w, https:\/\/www.i-rentacar.com\/wp-content\/uploads\/2022\/02\/wedding-rent-a-car-2-600x396.webp 600w, https:\/\/www.i-rentacar.com\/wp-content\/uploads\/2022\/02\/wedding-rent-a-car-2.webp 644w\" data-sizes=\"auto\" data-orig-sizes=\"(max-width: 640px) 100vw, 600px\" \/><\/span><\/div><\/div><\/div><div class=\"fusion-layout-column fusion_builder_column fusion-builder-column-2 fusion_builder_column_3_5 3_5 fusion-flex-column\" style=\"--awb-bg-size:cover;--awb-width-large:60%;--awb-margin-top-large:0px;--awb-spacing-right-large:3.2%;--awb-margin-bottom-large:20px;--awb-spacing-left-large:3.2%;--awb-width-medium:60%;--awb-order-medium:0;--awb-spacing-right-medium:3.2%;--awb-spacing-left-medium:3.2%;--awb-width-small:100%;--awb-order-small:0;--awb-spacing-right-small:1.92%;--awb-spacing-left-small:1.92%;\"><div class=\"fusion-column-wrapper fusion-column-has-shadow fusion-flex-justify-content-flex-start fusion-content-layout-column\"><div class=\"fusion-text fusion-text-2\" style=\"--awb-font-size:22px;\"><p><strong>Hochzeitspaare<\/strong><\/p>\n<div class=\"fusion-separator fusion-full-width-sep\" style=\"align-self: flex-start;margin-right:auto;width:100%;\"><div class=\"fusion-separator-border sep-single sep-solid\" style=\"--awb-height:20px;--awb-amount:20px;--awb-sep-color:#cca43d;border-color:#CCA43D;border-top-width:35px;\"><\/div><\/div>\n<p>Wir Bieten Ihnen eine Vielzahl von Vorschl\u00e4gen an. Sie finden hier alles an Fahrzeugen um Ihre Hochzeit zu organisieren. Autos f\u00fcr Hochzeiten in gro\u00dfer Vielfalt.<\/p>\n<\/div><\/div><\/div><div class=\"fusion-layout-column fusion_builder_column fusion-builder-column-3 fusion_builder_column_2_5 2_5 fusion-flex-column\" style=\"--awb-bg-size:cover;--awb-width-large:40%;--awb-margin-top-large:0px;--awb-spacing-right-large:4.8%;--awb-margin-bottom-large:20px;--awb-spacing-left-large:4.8%;--awb-width-medium:40%;--awb-order-medium:0;--awb-spacing-right-medium:4.8%;--awb-spacing-left-medium:4.8%;--awb-width-small:100%;--awb-order-small:0;--awb-spacing-right-small:1.92%;--awb-spacing-left-small:1.92%;\"><div class=\"fusion-column-wrapper fusion-column-has-shadow fusion-flex-justify-content-flex-start fusion-content-layout-column\"><div class=\"fusion-image-element \" style=\"--awb-caption-title-font-family:var(--h2_typography-font-family);--awb-caption-title-font-weight:var(--h2_typography-font-weight);--awb-caption-title-font-style:var(--h2_typography-font-style);--awb-caption-title-size:var(--h2_typography-font-size);--awb-caption-title-transform:var(--h2_typography-text-transform);--awb-caption-title-line-height:var(--h2_typography-line-height);--awb-caption-title-letter-spacing:var(--h2_typography-letter-spacing);\"><span class=\" fusion-imageframe imageframe-none imageframe-2 hover-type-none\"><img decoding=\"async\" width=\"644\" height=\"425\" alt=\"Hochzeit-Mietauto-3\" src=\"https:\/\/www.i-rentacar.com\/wp-content\/uploads\/2022\/02\/wedding-rent-a-car-3.webp\" data-orig-src=\"https:\/\/www.i-rentacar.com\/wp-content\/uploads\/2022\/02\/wedding-rent-a-car-3.webp\" class=\"lazyload img-responsive wp-image-4417\" srcset=\"data:image\/svg+xml,%3Csvg%20xmlns%3D%27http%3A%2F%2Fwww.w3.org%2F2000%2Fsvg%27%20width%3D%27644%27%20height%3D%27425%27%20viewBox%3D%270%200%20644%20425%27%3E%3Crect%20width%3D%27644%27%20height%3D%27425%27%20fill-opacity%3D%220%22%2F%3E%3C%2Fsvg%3E\" data-srcset=\"https:\/\/www.i-rentacar.com\/wp-content\/uploads\/2022\/02\/wedding-rent-a-car-3-200x132.webp 200w, https:\/\/www.i-rentacar.com\/wp-content\/uploads\/2022\/02\/wedding-rent-a-car-3-400x264.webp 400w, https:\/\/www.i-rentacar.com\/wp-content\/uploads\/2022\/02\/wedding-rent-a-car-3-600x396.webp 600w, https:\/\/www.i-rentacar.com\/wp-content\/uploads\/2022\/02\/wedding-rent-a-car-3.webp 644w\" data-sizes=\"auto\" data-orig-sizes=\"(max-width: 640px) 100vw, 600px\" \/><\/span><\/div><\/div><\/div><div class=\"fusion-layout-column fusion_builder_column fusion-builder-column-4 fusion_builder_column_3_5 3_5 fusion-flex-column\" style=\"--awb-bg-size:cover;--awb-width-large:60%;--awb-margin-top-large:0px;--awb-spacing-right-large:3.2%;--awb-margin-bottom-large:20px;--awb-spacing-left-large:3.2%;--awb-width-medium:60%;--awb-order-medium:0;--awb-spacing-right-medium:3.2%;--awb-spacing-left-medium:3.2%;--awb-width-small:100%;--awb-order-small:0;--awb-spacing-right-small:1.92%;--awb-spacing-left-small:1.92%;\"><div class=\"fusion-column-wrapper fusion-column-has-shadow fusion-flex-justify-content-flex-start fusion-content-layout-column\"><div class=\"fusion-text fusion-text-3\" style=\"--awb-font-size:22px;\"><p><strong>I RentaCar<\/strong><\/p>\n<div class=\"fusion-separator fusion-full-width-sep\" style=\"align-self: flex-start;margin-right:auto;width:100%;\"><div class=\"fusion-separator-border sep-single sep-solid\" style=\"--awb-height:20px;--awb-amount:20px;--awb-sep-color:#cca43d;border-color:#CCA43D;border-top-width:35px;\"><\/div><\/div>\n<p>M\u00f6chten Sie sich an Ihrem Hochzeitstag sicher, bequem und stilvoll bewegen? Sie k\u00f6nnen sich den passenden Luxuswagen aussuchen, so wie Sie es sich immer ertr\u00e4umt haben.<\/p>\n<\/div><\/div><\/div><div class=\"fusion-layout-column fusion_builder_column fusion-builder-column-5 fusion_builder_column_2_5 2_5 fusion-flex-column\" style=\"--awb-bg-size:cover;--awb-width-large:40%;--awb-margin-top-large:0px;--awb-spacing-right-large:4.8%;--awb-margin-bottom-large:20px;--awb-spacing-left-large:4.8%;--awb-width-medium:40%;--awb-order-medium:0;--awb-spacing-right-medium:4.8%;--awb-spacing-left-medium:4.8%;--awb-width-small:100%;--awb-order-small:0;--awb-spacing-right-small:1.92%;--awb-spacing-left-small:1.92%;\"><div class=\"fusion-column-wrapper fusion-column-has-shadow fusion-flex-justify-content-flex-start fusion-content-layout-column\"><div class=\"fusion-image-element \" style=\"--awb-caption-title-font-family:var(--h2_typography-font-family);--awb-caption-title-font-weight:var(--h2_typography-font-weight);--awb-caption-title-font-style:var(--h2_typography-font-style);--awb-caption-title-size:var(--h2_typography-font-size);--awb-caption-title-transform:var(--h2_typography-text-transform);--awb-caption-title-line-height:var(--h2_typography-line-height);--awb-caption-title-letter-spacing:var(--h2_typography-letter-spacing);\"><span class=\" fusion-imageframe imageframe-none imageframe-3 hover-type-none\"><img decoding=\"async\" width=\"644\" height=\"425\" alt=\"Luxusautovermietung in Thessaloniki f\u00fcr Hochzeiten | Range Rover Evoque\" title=\"Luxusautovermietung in Thessaloniki f\u00fcr Hochzeiten | Range Rover Evoque\" src=\"https:\/\/www.i-rentacar.com\/wp-content\/uploads\/2022\/02\/\u03b5\u03bd\u03bf\u03b9\u03ba\u03b9\u03b1\u03c3\u03b5\u03b9\u03c2-\u03c0\u03bf\u03bb\u03c5\u03c4\u03b5\u03bb\u03c9\u03bd-\u03b1\u03c5\u03c4\u03bf\u03ba\u03b9\u03bd\u03b7\u03c4\u03c9\u03bd-\u03b8\u03b5\u03c3\u03c3\u03b1\u03bb\u03bf\u03bd\u03b9\u03ba\u03b7-\u03b3\u03b9\u03b1-\u03b3\u03b9\u03b1\u03bc\u03bf\u03c5\u03c2-range-rover.png\" data-orig-src=\"https:\/\/www.i-rentacar.com\/wp-content\/uploads\/2022\/02\/\u03b5\u03bd\u03bf\u03b9\u03ba\u03b9\u03b1\u03c3\u03b5\u03b9\u03c2-\u03c0\u03bf\u03bb\u03c5\u03c4\u03b5\u03bb\u03c9\u03bd-\u03b1\u03c5\u03c4\u03bf\u03ba\u03b9\u03bd\u03b7\u03c4\u03c9\u03bd-\u03b8\u03b5\u03c3\u03c3\u03b1\u03bb\u03bf\u03bd\u03b9\u03ba\u03b7-\u03b3\u03b9\u03b1-\u03b3\u03b9\u03b1\u03bc\u03bf\u03c5\u03c2-range-rover.png\" class=\"lazyload img-responsive wp-image-4527\" srcset=\"data:image\/svg+xml,%3Csvg%20xmlns%3D%27http%3A%2F%2Fwww.w3.org%2F2000%2Fsvg%27%20width%3D%27644%27%20height%3D%27425%27%20viewBox%3D%270%200%20644%20425%27%3E%3Crect%20width%3D%27644%27%20height%3D%27425%27%20fill-opacity%3D%220%22%2F%3E%3C%2Fsvg%3E\" data-srcset=\"https:\/\/www.i-rentacar.com\/wp-content\/uploads\/2022\/02\/\u03b5\u03bd\u03bf\u03b9\u03ba\u03b9\u03b1\u03c3\u03b5\u03b9\u03c2-\u03c0\u03bf\u03bb\u03c5\u03c4\u03b5\u03bb\u03c9\u03bd-\u03b1\u03c5\u03c4\u03bf\u03ba\u03b9\u03bd\u03b7\u03c4\u03c9\u03bd-\u03b8\u03b5\u03c3\u03c3\u03b1\u03bb\u03bf\u03bd\u03b9\u03ba\u03b7-\u03b3\u03b9\u03b1-\u03b3\u03b9\u03b1\u03bc\u03bf\u03c5\u03c2-range-rover-200x132.png 200w, https:\/\/www.i-rentacar.com\/wp-content\/uploads\/2022\/02\/\u03b5\u03bd\u03bf\u03b9\u03ba\u03b9\u03b1\u03c3\u03b5\u03b9\u03c2-\u03c0\u03bf\u03bb\u03c5\u03c4\u03b5\u03bb\u03c9\u03bd-\u03b1\u03c5\u03c4\u03bf\u03ba\u03b9\u03bd\u03b7\u03c4\u03c9\u03bd-\u03b8\u03b5\u03c3\u03c3\u03b1\u03bb\u03bf\u03bd\u03b9\u03ba\u03b7-\u03b3\u03b9\u03b1-\u03b3\u03b9\u03b1\u03bc\u03bf\u03c5\u03c2-range-rover-400x264.png 400w, https:\/\/www.i-rentacar.com\/wp-content\/uploads\/2022\/02\/\u03b5\u03bd\u03bf\u03b9\u03ba\u03b9\u03b1\u03c3\u03b5\u03b9\u03c2-\u03c0\u03bf\u03bb\u03c5\u03c4\u03b5\u03bb\u03c9\u03bd-\u03b1\u03c5\u03c4\u03bf\u03ba\u03b9\u03bd\u03b7\u03c4\u03c9\u03bd-\u03b8\u03b5\u03c3\u03c3\u03b1\u03bb\u03bf\u03bd\u03b9\u03ba\u03b7-\u03b3\u03b9\u03b1-\u03b3\u03b9\u03b1\u03bc\u03bf\u03c5\u03c2-range-rover-600x396.png 600w, https:\/\/www.i-rentacar.com\/wp-content\/uploads\/2022\/02\/\u03b5\u03bd\u03bf\u03b9\u03ba\u03b9\u03b1\u03c3\u03b5\u03b9\u03c2-\u03c0\u03bf\u03bb\u03c5\u03c4\u03b5\u03bb\u03c9\u03bd-\u03b1\u03c5\u03c4\u03bf\u03ba\u03b9\u03bd\u03b7\u03c4\u03c9\u03bd-\u03b8\u03b5\u03c3\u03c3\u03b1\u03bb\u03bf\u03bd\u03b9\u03ba\u03b7-\u03b3\u03b9\u03b1-\u03b3\u03b9\u03b1\u03bc\u03bf\u03c5\u03c2-range-rover.png 644w\" data-sizes=\"auto\" data-orig-sizes=\"(max-width: 640px) 100vw, 600px\" \/><\/span><\/div><\/div><\/div><div class=\"fusion-layout-column fusion_builder_column fusion-builder-column-6 fusion_builder_column_3_5 3_5 fusion-flex-column\" style=\"--awb-bg-size:cover;--awb-width-large:60%;--awb-margin-top-large:0px;--awb-spacing-right-large:3.2%;--awb-margin-bottom-large:20px;--awb-spacing-left-large:3.2%;--awb-width-medium:60%;--awb-order-medium:0;--awb-spacing-right-medium:3.2%;--awb-spacing-left-medium:3.2%;--awb-width-small:100%;--awb-order-small:0;--awb-spacing-right-small:1.92%;--awb-spacing-left-small:1.92%;\"><div class=\"fusion-column-wrapper fusion-column-has-shadow fusion-flex-justify-content-flex-start fusion-content-layout-column\"><div class=\"fusion-text fusion-text-4\" style=\"--awb-font-size:22px;\"><p><strong>Der Hochzeitstag<\/strong><\/p>\n<div class=\"fusion-separator fusion-full-width-sep\" style=\"align-self: flex-start;margin-right:auto;width:100%;\"><div class=\"fusion-separator-border sep-single sep-solid\" style=\"--awb-height:20px;--awb-amount:20px;--awb-sep-color:#cca43d;border-color:#CCA43D;border-top-width:35px;\"><\/div><\/div>\n<p>Luxusautovermietung mit oder ohne Fahrer f\u00fcr Hochzeiten und andere offizielle Veranstaltungen. Wir stehen Ihnen jederzeit zur Verf\u00fcgung<\/p>\n<\/div><\/div><\/div><\/div><\/div>\n","protected":false},"excerpt":{"rendered":"","protected":false},"author":1,"featured_media":4422,"parent":0,"menu_order":0,"comment_status":"closed","ping_status":"closed","template":"","meta":{"footnotes":""},"class_list":["post-5662","page","type-page","status-publish","has-post-thumbnail","hentry"],"yoast_head":"<!-- This site is optimized with the Yoast SEO plugin v27.0 - https:\/\/yoast.com\/product\/yoast-seo-wordpress\/ -->\n<title>Autovermietung f\u00fcr Hochzeiten Thessaloniki | Luxusautos<\/title>\n<meta name=\"description\" content=\"Autovermietung f\u00fcr Hochzeiten in Thessaloniki. Luxuswagen. Limousinen | Cabrio | SUV | Super Cars | 4x4 | Tel. 2317003400\" \/>\n<meta name=\"robots\" content=\"index, follow, max-snippet:-1, max-image-preview:large, max-video-preview:-1\" \/>\n<link rel=\"canonical\" href=\"https:\/\/www.i-rentacar.com\/de\/mietwagen-fuer-hochzeiten\/\" \/>\n<meta property=\"og:locale\" content=\"de_DE\" \/>\n<meta property=\"og:type\" content=\"article\" \/>\n<meta property=\"og:title\" content=\"Autovermietung f\u00fcr Hochzeiten Thessaloniki | Luxusautos\" \/>\n<meta property=\"og:description\" content=\"Autovermietung f\u00fcr Hochzeiten in Thessaloniki. Luxuswagen. Limousinen | Cabrio | SUV | Super Cars | 4x4 | Tel. 2317003400\" \/>\n<meta property=\"og:url\" content=\"https:\/\/www.i-rentacar.com\/de\/mietwagen-fuer-hochzeiten\/\" \/>\n<meta property=\"og:site_name\" content=\"i-rentacar.com\" \/>\n<meta property=\"article:modified_time\" content=\"2022-03-19T19:02:06+00:00\" \/>\n<meta property=\"og:image\" content=\"https:\/\/www.i-rentacar.com\/wp-content\/uploads\/2022\/02\/wedding-rent-a-car-5.webp\" \/>\n\t<meta property=\"og:image:width\" content=\"1800\" \/>\n\t<meta property=\"og:image:height\" content=\"400\" \/>\n\t<meta property=\"og:image:type\" content=\"image\/webp\" \/>\n<meta name=\"twitter:card\" content=\"summary_large_image\" \/>\n<meta name=\"twitter:label1\" content=\"Gesch\u00e4tzte Lesezeit\" \/>\n\t<meta name=\"twitter:data1\" content=\"14\u00a0Minuten\" \/>\n<script type=\"application\/ld+json\" class=\"yoast-schema-graph\">{\"@context\":\"https:\/\/schema.org\",\"@graph\":[{\"@type\":\"WebPage\",\"@id\":\"https:\/\/www.i-rentacar.com\/de\/mietwagen-fuer-hochzeiten\/\",\"url\":\"https:\/\/www.i-rentacar.com\/de\/mietwagen-fuer-hochzeiten\/\",\"name\":\"Autovermietung f\u00fcr Hochzeiten Thessaloniki | Luxusautos\",\"isPartOf\":{\"@id\":\"https:\/\/www.i-rentacar.com\/de\/#website\"},\"primaryImageOfPage\":{\"@id\":\"https:\/\/www.i-rentacar.com\/de\/mietwagen-fuer-hochzeiten\/#primaryimage\"},\"image\":{\"@id\":\"https:\/\/www.i-rentacar.com\/de\/mietwagen-fuer-hochzeiten\/#primaryimage\"},\"thumbnailUrl\":\"https:\/\/www.i-rentacar.com\/wp-content\/uploads\/2022\/02\/wedding-rent-a-car-5.webp\",\"datePublished\":\"2022-02-11T07:11:38+00:00\",\"dateModified\":\"2022-03-19T19:02:06+00:00\",\"description\":\"Autovermietung f\u00fcr Hochzeiten in Thessaloniki. Luxuswagen. Limousinen | Cabrio | SUV | Super Cars | 4x4 | Tel. 2317003400\",\"breadcrumb\":{\"@id\":\"https:\/\/www.i-rentacar.com\/de\/mietwagen-fuer-hochzeiten\/#breadcrumb\"},\"inLanguage\":\"de\",\"potentialAction\":[{\"@type\":\"ReadAction\",\"target\":[\"https:\/\/www.i-rentacar.com\/de\/mietwagen-fuer-hochzeiten\/\"]}]},{\"@type\":\"ImageObject\",\"inLanguage\":\"de\",\"@id\":\"https:\/\/www.i-rentacar.com\/de\/mietwagen-fuer-hochzeiten\/#primaryimage\",\"url\":\"https:\/\/www.i-rentacar.com\/wp-content\/uploads\/2022\/02\/wedding-rent-a-car-5.webp\",\"contentUrl\":\"https:\/\/www.i-rentacar.com\/wp-content\/uploads\/2022\/02\/wedding-rent-a-car-5.webp\",\"width\":1800,\"height\":400,\"caption\":\"Hochzeit-Mietauto-5\"},{\"@type\":\"BreadcrumbList\",\"@id\":\"https:\/\/www.i-rentacar.com\/de\/mietwagen-fuer-hochzeiten\/#breadcrumb\",\"itemListElement\":[{\"@type\":\"ListItem\",\"position\":1,\"name\":\"Home\",\"item\":\"https:\/\/www.i-rentacar.com\/de\/\"},{\"@type\":\"ListItem\",\"position\":2,\"name\":\"Mietwagen f\u00fcr Hochzeiten\"}]},{\"@type\":\"WebSite\",\"@id\":\"https:\/\/www.i-rentacar.com\/de\/#website\",\"url\":\"https:\/\/www.i-rentacar.com\/de\/\",\"name\":\"i-rentacar.com\",\"description\":\"Autovermietung Thessaloniki, Minibus, Gel\u00e4ndewagen, Flughafen Thessaloniki, Mietwagen Thessaloniki Halkidiki, Mietwagen Thessaloniki Flughafen skg\",\"publisher\":{\"@id\":\"https:\/\/www.i-rentacar.com\/de\/#organization\"},\"potentialAction\":[{\"@type\":\"SearchAction\",\"target\":{\"@type\":\"EntryPoint\",\"urlTemplate\":\"https:\/\/www.i-rentacar.com\/de\/?s={search_term_string}\"},\"query-input\":{\"@type\":\"PropertyValueSpecification\",\"valueRequired\":true,\"valueName\":\"search_term_string\"}}],\"inLanguage\":\"de\"},{\"@type\":\"Organization\",\"@id\":\"https:\/\/www.i-rentacar.com\/de\/#organization\",\"name\":\"i-rentacar.com\",\"url\":\"https:\/\/www.i-rentacar.com\/de\/\",\"logo\":{\"@type\":\"ImageObject\",\"inLanguage\":\"de\",\"@id\":\"https:\/\/www.i-rentacar.com\/de\/#\/schema\/logo\/image\/\",\"url\":\"https:\/\/www.i-rentacar.com\/wp-content\/uploads\/2021\/08\/logo-i-rentacar-com-3.png\",\"contentUrl\":\"https:\/\/www.i-rentacar.com\/wp-content\/uploads\/2021\/08\/logo-i-rentacar-com-3.png\",\"width\":383,\"height\":150,\"caption\":\"i-rentacar.com\"},\"image\":{\"@id\":\"https:\/\/www.i-rentacar.com\/de\/#\/schema\/logo\/image\/\"}}]}<\/script>\n<!-- \/ Yoast SEO plugin. -->","yoast_head_json":{"title":"Autovermietung f\u00fcr Hochzeiten Thessaloniki | Luxusautos","description":"Autovermietung f\u00fcr Hochzeiten in Thessaloniki. Luxuswagen. Limousinen | Cabrio | SUV | Super Cars | 4x4 | Tel. 2317003400","robots":{"index":"index","follow":"follow","max-snippet":"max-snippet:-1","max-image-preview":"max-image-preview:large","max-video-preview":"max-video-preview:-1"},"canonical":"https:\/\/www.i-rentacar.com\/de\/mietwagen-fuer-hochzeiten\/","og_locale":"de_DE","og_type":"article","og_title":"Autovermietung f\u00fcr Hochzeiten Thessaloniki | Luxusautos","og_description":"Autovermietung f\u00fcr Hochzeiten in Thessaloniki. Luxuswagen. Limousinen | Cabrio | SUV | Super Cars | 4x4 | Tel. 2317003400","og_url":"https:\/\/www.i-rentacar.com\/de\/mietwagen-fuer-hochzeiten\/","og_site_name":"i-rentacar.com","article_modified_time":"2022-03-19T19:02:06+00:00","og_image":[{"width":1800,"height":400,"url":"https:\/\/www.i-rentacar.com\/wp-content\/uploads\/2022\/02\/wedding-rent-a-car-5.webp","type":"image\/webp"}],"twitter_card":"summary_large_image","twitter_misc":{"Gesch\u00e4tzte Lesezeit":"14\u00a0Minuten"},"schema":{"@context":"https:\/\/schema.org","@graph":[{"@type":"WebPage","@id":"https:\/\/www.i-rentacar.com\/de\/mietwagen-fuer-hochzeiten\/","url":"https:\/\/www.i-rentacar.com\/de\/mietwagen-fuer-hochzeiten\/","name":"Autovermietung f\u00fcr Hochzeiten Thessaloniki | Luxusautos","isPartOf":{"@id":"https:\/\/www.i-rentacar.com\/de\/#website"},"primaryImageOfPage":{"@id":"https:\/\/www.i-rentacar.com\/de\/mietwagen-fuer-hochzeiten\/#primaryimage"},"image":{"@id":"https:\/\/www.i-rentacar.com\/de\/mietwagen-fuer-hochzeiten\/#primaryimage"},"thumbnailUrl":"https:\/\/www.i-rentacar.com\/wp-content\/uploads\/2022\/02\/wedding-rent-a-car-5.webp","datePublished":"2022-02-11T07:11:38+00:00","dateModified":"2022-03-19T19:02:06+00:00","description":"Autovermietung f\u00fcr Hochzeiten in Thessaloniki. Luxuswagen. Limousinen | Cabrio | SUV | Super Cars | 4x4 | Tel. 2317003400","breadcrumb":{"@id":"https:\/\/www.i-rentacar.com\/de\/mietwagen-fuer-hochzeiten\/#breadcrumb"},"inLanguage":"de","potentialAction":[{"@type":"ReadAction","target":["https:\/\/www.i-rentacar.com\/de\/mietwagen-fuer-hochzeiten\/"]}]},{"@type":"ImageObject","inLanguage":"de","@id":"https:\/\/www.i-rentacar.com\/de\/mietwagen-fuer-hochzeiten\/#primaryimage","url":"https:\/\/www.i-rentacar.com\/wp-content\/uploads\/2022\/02\/wedding-rent-a-car-5.webp","contentUrl":"https:\/\/www.i-rentacar.com\/wp-content\/uploads\/2022\/02\/wedding-rent-a-car-5.webp","width":1800,"height":400,"caption":"Hochzeit-Mietauto-5"},{"@type":"BreadcrumbList","@id":"https:\/\/www.i-rentacar.com\/de\/mietwagen-fuer-hochzeiten\/#breadcrumb","itemListElement":[{"@type":"ListItem","position":1,"name":"Home","item":"https:\/\/www.i-rentacar.com\/de\/"},{"@type":"ListItem","position":2,"name":"Mietwagen f\u00fcr Hochzeiten"}]},{"@type":"WebSite","@id":"https:\/\/www.i-rentacar.com\/de\/#website","url":"https:\/\/www.i-rentacar.com\/de\/","name":"i-rentacar.com","description":"Autovermietung Thessaloniki, Minibus, Gel\u00e4ndewagen, Flughafen Thessaloniki, Mietwagen Thessaloniki Halkidiki, Mietwagen Thessaloniki Flughafen skg","publisher":{"@id":"https:\/\/www.i-rentacar.com\/de\/#organization"},"potentialAction":[{"@type":"SearchAction","target":{"@type":"EntryPoint","urlTemplate":"https:\/\/www.i-rentacar.com\/de\/?s={search_term_string}"},"query-input":{"@type":"PropertyValueSpecification","valueRequired":true,"valueName":"search_term_string"}}],"inLanguage":"de"},{"@type":"Organization","@id":"https:\/\/www.i-rentacar.com\/de\/#organization","name":"i-rentacar.com","url":"https:\/\/www.i-rentacar.com\/de\/","logo":{"@type":"ImageObject","inLanguage":"de","@id":"https:\/\/www.i-rentacar.com\/de\/#\/schema\/logo\/image\/","url":"https:\/\/www.i-rentacar.com\/wp-content\/uploads\/2021\/08\/logo-i-rentacar-com-3.png","contentUrl":"https:\/\/www.i-rentacar.com\/wp-content\/uploads\/2021\/08\/logo-i-rentacar-com-3.png","width":383,"height":150,"caption":"i-rentacar.com"},"image":{"@id":"https:\/\/www.i-rentacar.com\/de\/#\/schema\/logo\/image\/"}}]}},"_links":{"self":[{"href":"https:\/\/www.i-rentacar.com\/de\/wp-json\/wp\/v2\/pages\/5662","targetHints":{"allow":["GET"]}}],"collection":[{"href":"https:\/\/www.i-rentacar.com\/de\/wp-json\/wp\/v2\/pages"}],"about":[{"href":"https:\/\/www.i-rentacar.com\/de\/wp-json\/wp\/v2\/types\/page"}],"author":[{"embeddable":true,"href":"https:\/\/www.i-rentacar.com\/de\/wp-json\/wp\/v2\/users\/1"}],"replies":[{"embeddable":true,"href":"https:\/\/www.i-rentacar.com\/de\/wp-json\/wp\/v2\/comments?post=5662"}],"version-history":[{"count":0,"href":"https:\/\/www.i-rentacar.com\/de\/wp-json\/wp\/v2\/pages\/5662\/revisions"}],"wp:featuredmedia":[{"embeddable":true,"href":"https:\/\/www.i-rentacar.com\/de\/wp-json\/wp\/v2\/media\/4422"}],"wp:attachment":[{"href":"https:\/\/www.i-rentacar.com\/de\/wp-json\/wp\/v2\/media?parent=5662"}],"curies":[{"name":"wp","href":"https:\/\/api.w.org\/{rel}","templated":true}]}}