{"id":10064,"date":"2025-05-31T19:02:28","date_gmt":"2025-05-31T16:02:28","guid":{"rendered":"https:\/\/www.i-rentacar.com\/?page_id=10064"},"modified":"2025-06-01T13:24:36","modified_gmt":"2025-06-01T10:24:36","slug":"mietwagen-fuer-kavala","status":"publish","type":"page","link":"https:\/\/www.i-rentacar.com\/de\/mietwagen-fuer-kavala\/","title":{"rendered":"Mietwagen f\u00fcr Kavala"},"content":{"rendered":"<div class=\"fusion-fullwidth fullwidth-box fusion-builder-row-1 fusion-flex-container has-pattern-background has-mask-background nonhundred-percent-fullwidth non-hundred-percent-height-scrolling\" style=\"--awb-border-radius-top-left:0px;--awb-border-radius-top-right:0px;--awb-border-radius-bottom-right:0px;--awb-border-radius-bottom-left:0px;--awb-flex-wrap:wrap;\" ><div class=\"fusion-builder-row fusion-row fusion-flex-align-items-flex-start fusion-flex-content-wrap\" style=\"max-width:1300px;margin-left: calc(-4% \/ 2 );margin-right: calc(-4% \/ 2 );\"><div class=\"fusion-layout-column fusion_builder_column fusion-builder-column-0 fusion_builder_column_1_1 1_1 fusion-flex-column\" style=\"--awb-bg-size:cover;--awb-width-large:100%;--awb-margin-top-large:0px;--awb-spacing-right-large:1.92%;--awb-margin-bottom-large:20px;--awb-spacing-left-large:1.92%;--awb-width-medium:100%;--awb-order-medium:0;--awb-spacing-right-medium:1.92%;--awb-spacing-left-medium:1.92%;--awb-width-small:100%;--awb-order-small:0;--awb-spacing-right-small:1.92%;--awb-spacing-left-small:1.92%;\"><div class=\"fusion-column-wrapper fusion-column-has-shadow fusion-flex-justify-content-flex-start fusion-content-layout-column\"><div class=\"fusion-image-element \" style=\"text-align:center;--awb-caption-title-font-family:var(--h2_typography-font-family);--awb-caption-title-font-weight:var(--h2_typography-font-weight);--awb-caption-title-font-style:var(--h2_typography-font-style);--awb-caption-title-size:var(--h2_typography-font-size);--awb-caption-title-transform:var(--h2_typography-text-transform);--awb-caption-title-line-height:var(--h2_typography-line-height);--awb-caption-title-letter-spacing:var(--h2_typography-letter-spacing);\"><span class=\" fusion-imageframe imageframe-none imageframe-1 hover-type-none\"><img decoding=\"async\" width=\"1200\" height=\"600\" title=\"\u03c4\u03c5\u03be\u03c4\u03c5\u03c434\" src=\"https:\/\/www.i-rentacar.com\/wp-content\/uploads\/2025\/05\/\u03c4\u03c5\u03be\u03c4\u03c5\u03c434.jpg\" data-orig-src=\"https:\/\/www.i-rentacar.com\/wp-content\/uploads\/2025\/05\/\u03c4\u03c5\u03be\u03c4\u03c5\u03c434.jpg\" alt class=\"lazyload img-responsive wp-image-9961\" srcset=\"data:image\/svg+xml,%3Csvg%20xmlns%3D%27http%3A%2F%2Fwww.w3.org%2F2000%2Fsvg%27%20width%3D%271200%27%20height%3D%27600%27%20viewBox%3D%270%200%201200%20600%27%3E%3Crect%20width%3D%271200%27%20height%3D%27600%27%20fill-opacity%3D%220%22%2F%3E%3C%2Fsvg%3E\" data-srcset=\"https:\/\/www.i-rentacar.com\/wp-content\/uploads\/2025\/05\/\u03c4\u03c5\u03be\u03c4\u03c5\u03c434-200x100.jpg 200w, https:\/\/www.i-rentacar.com\/wp-content\/uploads\/2025\/05\/\u03c4\u03c5\u03be\u03c4\u03c5\u03c434-400x200.jpg 400w, https:\/\/www.i-rentacar.com\/wp-content\/uploads\/2025\/05\/\u03c4\u03c5\u03be\u03c4\u03c5\u03c434-600x300.jpg 600w, https:\/\/www.i-rentacar.com\/wp-content\/uploads\/2025\/05\/\u03c4\u03c5\u03be\u03c4\u03c5\u03c434-800x400.jpg 800w, https:\/\/www.i-rentacar.com\/wp-content\/uploads\/2025\/05\/\u03c4\u03c5\u03be\u03c4\u03c5\u03c434.jpg 1200w\" data-sizes=\"auto\" data-orig-sizes=\"(max-width: 640px) 100vw, 1200px\" \/><\/span><\/div><div class=\"fusion-text fusion-text-1\"><h3 style=\"text-align: center;\" data-start=\"310\" data-end=\"409\">Kavala \u2013 Das Juwel Ostmakedoniens wartet darauf, mit i-rentacar entdeckt zu werden<\/h3>\n<p data-start=\"411\" data-end=\"679\">Kavala ist eine der beeindruckendsten St\u00e4dte Nordgriechenlands, wo Geschichte, Meer, Tradition und modernes Leben harmonisch koexistieren. Amphitheatralisch am Meer erbaut, bietet sie einen atemberaubenden Ausblick, malerische Gassen und ein einzigartiges Gef\u00fchl der Gastfreundschaft.<\/p>\n<p data-start=\"681\" data-end=\"889\">Mit einem Auto von <strong data-start=\"707\" data-end=\"721\">i-rentacar<\/strong> hast du die Freiheit, jede Ecke von Kavala sowie die umliegenden Sch\u00e4tze der Region zu erkunden \u2013 mit Komfort, Schnelligkeit und Flexibilit\u00e4t auf deiner eigenen Reise.<\/p>\n<h3 style=\"text-align: center;\" data-start=\"896\" data-end=\"951\">Sommer in Kavala \u2013 Sonne, Str\u00e4nde und Geschichte<\/h3>\n<p data-start=\"953\" data-end=\"1181\">Die Stadt selbst ist voller Sehensw\u00fcrdigkeiten. Vom <strong data-start=\"999\" data-end=\"1027\">alten Aqu\u00e4dukt \u201eKamares\u201c<\/strong> und der <strong data-start=\"1035\" data-end=\"1058\">Festung von Kavala<\/strong> bis zur <strong data-start=\"1070\" data-end=\"1109\">Altstadt mit ihren traditionellen H\u00e4usern<\/strong> und dem <strong data-start=\"1117\" data-end=\"1141\">Haus von Mehmet Ali<\/strong> \u2013 Kavala nimmt dich mit auf eine Reise in andere Zeiten.<\/p>\n<p data-start=\"1183\" data-end=\"1361\">Im Sommer jedoch ist das <strong data-start=\"1233\" data-end=\"1244\">Meer<\/strong> der Hauptdarsteller. Die Str\u00e4nde der Region geh\u00f6ren zu den besten in Nordgriechenland. Mit deinem eigenen Auto leicht erreichbar:<\/p>\n<ul data-start=\"1363\" data-end=\"1738\">\n<li data-start=\"1363\" data-end=\"1461\">\n<p data-start=\"1365\" data-end=\"1461\"><strong data-start=\"1365\" data-end=\"1375\">Batis<\/strong>: Nur wenige Minuten vom Zentrum entfernt, voll ausgestatteter Strand mit Beach-Bar und Tavernen.<\/p>\n<\/li>\n<li data-start=\"1462\" data-end=\"1551\">\n<p data-start=\"1464\" data-end=\"1551\"><strong data-start=\"1464\" data-end=\"1488\">Ammoglossa von Keramoti<\/strong>: Strand mit goldenem Sand und seichtem Wasser \u2013 ideal f\u00fcr Familien.<\/p>\n<\/li>\n<li data-start=\"1552\" data-end=\"1636\">\n<p data-start=\"1554\" data-end=\"1636\"><strong data-start=\"1554\" data-end=\"1589\">Almyropotamos und Nea Iraklitsa<\/strong>: Sch\u00f6ne, ruhige Str\u00e4nde mit kristallklarem Wasser.<\/p>\n<\/li>\n<li data-start=\"1637\" data-end=\"1738\">\n<p data-start=\"1639\" data-end=\"1738\"><strong data-start=\"1639\" data-end=\"1666\">Nea Peramos &amp; Ammolofi<\/strong>: Ber\u00fchmt f\u00fcr ihre Beach-Bars, den hellen Sand und das junge Publikum.<\/p>\n<\/li>\n<\/ul>\n<p data-start=\"1740\" data-end=\"1835\">Mit <strong data-start=\"1747\" data-end=\"1761\">i-rentacar<\/strong> kannst du jeden Tag neue Str\u00e4nde entdecken \u2013 ganz ohne Einschr\u00e4nkungen.<\/p>\n<h3 style=\"text-align: center;\" data-start=\"1842\" data-end=\"1892\">Historische und kulturelle Ausfl\u00fcge mit dem Auto<\/h3>\n<p data-start=\"1894\" data-end=\"1977\">Kavala ist nicht nur zum Baden da. In kurzer Entfernung kannst du besuchen:<\/p>\n<ul data-start=\"1979\" data-end=\"2392\">\n<li data-start=\"1979\" data-end=\"2107\">\n<p data-start=\"1981\" data-end=\"2107\"><strong data-start=\"1984\" data-end=\"1996\">Philippi<\/strong>: Eine der wichtigsten arch\u00e4ologischen St\u00e4tten Griechenlands mit r\u00f6mischem Theater und antiken Ruinen.<\/p>\n<\/li>\n<li data-start=\"2108\" data-end=\"2217\">\n<p data-start=\"2110\" data-end=\"2217\"><strong data-start=\"2113\" data-end=\"2131\">Tabakmuseum<\/strong>: Erz\u00e4hlt die wirtschaftliche und kulturelle Geschichte von Kavala als \u201eMekka\u201c des Tabaks.<\/p>\n<\/li>\n<li data-start=\"2218\" data-end=\"2315\">\n<p data-start=\"2220\" data-end=\"2315\"><strong data-start=\"2223\" data-end=\"2243\">Delta des Nestos<\/strong>: F\u00fcr Naturliebhaber \u2013 ideal zum Vogelbeobachten, Kanufahren und Wandern.<\/p>\n<\/li>\n<li data-start=\"2316\" data-end=\"2392\">\n<p data-start=\"2318\" data-end=\"2392\"><strong data-start=\"2321\" data-end=\"2337\">Pangeo-Gebirge<\/strong>: F\u00fcr alle, die die Natur und Bergtouren lieben.<\/p>\n<\/li>\n<\/ul>\n<p data-start=\"2394\" data-end=\"2510\">All das wird nur mit <strong data-start=\"2430\" data-end=\"2453\">deiner eigenen Mobilit\u00e4t<\/strong> m\u00f6glich \u2013 und hier kommt <strong data-start=\"2465\" data-end=\"2479\">i-rentacar<\/strong> ins Spiel, um dir das Leben leichter zu machen.<\/p>\n<\/div><div class=\"fusion-image-element \" style=\"text-align:center;--awb-caption-title-font-family:var(--h2_typography-font-family);--awb-caption-title-font-weight:var(--h2_typography-font-weight);--awb-caption-title-font-style:var(--h2_typography-font-style);--awb-caption-title-size:var(--h2_typography-font-size);--awb-caption-title-transform:var(--h2_typography-text-transform);--awb-caption-title-line-height:var(--h2_typography-line-height);--awb-caption-title-letter-spacing:var(--h2_typography-letter-spacing);\"><span class=\" fusion-imageframe imageframe-none imageframe-2 hover-type-none\"><img decoding=\"async\" width=\"1200\" height=\"600\" alt=\"\u039a\u03b1\u03b2\u03ac\u03bb\u03b1\" title=\"\u03c9\u03ba\u03be\u03ba\u03c9\u03ba\u03c9\" src=\"https:\/\/www.i-rentacar.com\/wp-content\/uploads\/2025\/05\/\u03c9\u03ba\u03be\u03ba\u03c9\u03ba\u03c9.jpg\" data-orig-src=\"https:\/\/www.i-rentacar.com\/wp-content\/uploads\/2025\/05\/\u03c9\u03ba\u03be\u03ba\u03c9\u03ba\u03c9.jpg\" class=\"lazyload img-responsive wp-image-9956\" srcset=\"data:image\/svg+xml,%3Csvg%20xmlns%3D%27http%3A%2F%2Fwww.w3.org%2F2000%2Fsvg%27%20width%3D%271200%27%20height%3D%27600%27%20viewBox%3D%270%200%201200%20600%27%3E%3Crect%20width%3D%271200%27%20height%3D%27600%27%20fill-opacity%3D%220%22%2F%3E%3C%2Fsvg%3E\" data-srcset=\"https:\/\/www.i-rentacar.com\/wp-content\/uploads\/2025\/05\/\u03c9\u03ba\u03be\u03ba\u03c9\u03ba\u03c9-200x100.jpg 200w, https:\/\/www.i-rentacar.com\/wp-content\/uploads\/2025\/05\/\u03c9\u03ba\u03be\u03ba\u03c9\u03ba\u03c9-400x200.jpg 400w, https:\/\/www.i-rentacar.com\/wp-content\/uploads\/2025\/05\/\u03c9\u03ba\u03be\u03ba\u03c9\u03ba\u03c9-600x300.jpg 600w, https:\/\/www.i-rentacar.com\/wp-content\/uploads\/2025\/05\/\u03c9\u03ba\u03be\u03ba\u03c9\u03ba\u03c9-800x400.jpg 800w, https:\/\/www.i-rentacar.com\/wp-content\/uploads\/2025\/05\/\u03c9\u03ba\u03be\u03ba\u03c9\u03ba\u03c9.jpg 1200w\" data-sizes=\"auto\" data-orig-sizes=\"(max-width: 640px) 100vw, 1200px\" \/><\/span><\/div><div class=\"fusion-text fusion-text-2\"><h3 style=\"text-align: center;\" data-start=\"2517\" data-end=\"2552\">Komfort und Bequemlichkeit mit i-rentacar<\/h3>\n<p data-start=\"2554\" data-end=\"2792\">Die Mietwagenerfahrung mit <strong data-start=\"2595\" data-end=\"2609\">i-rentacar<\/strong> ist einfach, klar und stressfrei. Du w\u00e4hlst das Modell, das du brauchst \u2013 von kleinen Stadtautos bis hin zu Familienfahrzeugen und SUVs \u2013 und wir k\u00fcmmern uns um den Rest:<\/p>\n<ul data-start=\"2794\" data-end=\"3094\">\n<li data-start=\"2794\" data-end=\"2906\">\n<p data-start=\"2796\" data-end=\"2906\">Lieferung und Abholung <strong data-start=\"2818\" data-end=\"2905\">am Hafen, im Hotel oder sogar am Flughafen von Kavala (Megas Alexandros)<\/strong>.<\/p>\n<\/li>\n<li data-start=\"2907\" data-end=\"2951\">\n<p data-start=\"2909\" data-end=\"2951\"><strong data-start=\"2909\" data-end=\"2928\">Transparente Preise<\/strong> ohne versteckte Geb\u00fchren.<\/p>\n<\/li>\n<li data-start=\"2952\" data-end=\"3046\">\n<p data-start=\"2954\" data-end=\"3046\">Optionale Services wie <strong data-start=\"2982\" data-end=\"3045\">GPS, Kindersitze, Vollkaskoversicherung und Zusatzfahrer<\/strong>.<\/p>\n<\/li>\n<li data-start=\"3047\" data-end=\"3094\">\n<p data-start=\"3049\" data-end=\"3094\">24\/7 <strong data-start=\"3054\" data-end=\"3068\">Kundensupport<\/strong> bei Fragen oder Anliegen.<\/p>\n<\/li>\n<\/ul>\n<p data-start=\"3096\" data-end=\"3273\">Egal, ob du nur f\u00fcr ein paar Tage kommst oder <strong data-start=\"3141\" data-end=\"3164\">einen l\u00e4ngeren Urlaub<\/strong> planst \u2013 ein Auto gibt dir <strong data-start=\"3190\" data-end=\"3212\">Bewegungsfreiheit<\/strong> und erm\u00f6glicht dir, Kavala so zu entdecken, wie du es verdienst.<\/p>\n<h3 style=\"text-align: center;\" data-start=\"3280\" data-end=\"3326\">Ein Sommer voller Eindr\u00fccke und Erlebnisse<\/h3>\n<p data-start=\"3328\" data-end=\"3636\">Kavala bietet eine ideale Mischung aus Meer, Geschichte, Kultur und echter Gastfreundschaft. Die Str\u00e4nde sind traumhaft, die Altstadt bezaubernd und die umliegenden Regionen voller \u00dcberraschungen. Und das Beste? Mit einem Auto von <strong data-start=\"3564\" data-end=\"3578\">i-rentacar<\/strong> wird jeder Tag zu einer neuen Entdeckungsreise.<\/p>\n<h3 style=\"text-align: center;\" data-start=\"3643\" data-end=\"3678\">Buche dein Auto noch heute<\/h3>\n<p data-start=\"3680\" data-end=\"3897\">Besuche jetzt <a class=\"\" href=\"https:\/\/www.i-rentacar.com\" target=\"_new\" rel=\"noopener\" data-start=\"3694\" data-end=\"3742\">www.i-rentacar.com<\/a>, mache deine Reservierung und genie\u00dfe deinen <strong data-start=\"3777\" data-end=\"3806\">Sommer in Kavala<\/strong> mit Komfort, Sicherheit und Stil. Wir erwarten dich mit einem L\u00e4cheln und dem Schl\u00fcssel in der Hand.<\/p>\n<p data-start=\"3899\" data-end=\"3956\"><strong data-start=\"3899\" data-end=\"3956\">i-rentacar \u2013 Die Freiheit des Reisens beginnt hier.<\/strong><\/p>\n<\/div><div class=\"fusion-image-element \" style=\"text-align:center;--awb-caption-title-font-family:var(--h2_typography-font-family);--awb-caption-title-font-weight:var(--h2_typography-font-weight);--awb-caption-title-font-style:var(--h2_typography-font-style);--awb-caption-title-size:var(--h2_typography-font-size);--awb-caption-title-transform:var(--h2_typography-text-transform);--awb-caption-title-line-height:var(--h2_typography-line-height);--awb-caption-title-letter-spacing:var(--h2_typography-letter-spacing);\"><span class=\" fusion-imageframe imageframe-none imageframe-3 hover-type-none\"><img decoding=\"async\" width=\"1200\" height=\"600\" title=\"\u03b2\u03b5\u03b2\u03b52\" src=\"https:\/\/www.i-rentacar.com\/wp-content\/uploads\/2025\/05\/\u03b2\u03b5\u03b2\u03b52.jpg\" data-orig-src=\"https:\/\/www.i-rentacar.com\/wp-content\/uploads\/2025\/05\/\u03b2\u03b5\u03b2\u03b52.jpg\" alt class=\"lazyload img-responsive wp-image-9966\" srcset=\"data:image\/svg+xml,%3Csvg%20xmlns%3D%27http%3A%2F%2Fwww.w3.org%2F2000%2Fsvg%27%20width%3D%271200%27%20height%3D%27600%27%20viewBox%3D%270%200%201200%20600%27%3E%3Crect%20width%3D%271200%27%20height%3D%27600%27%20fill-opacity%3D%220%22%2F%3E%3C%2Fsvg%3E\" data-srcset=\"https:\/\/www.i-rentacar.com\/wp-content\/uploads\/2025\/05\/\u03b2\u03b5\u03b2\u03b52-200x100.jpg 200w, https:\/\/www.i-rentacar.com\/wp-content\/uploads\/2025\/05\/\u03b2\u03b5\u03b2\u03b52-400x200.jpg 400w, https:\/\/www.i-rentacar.com\/wp-content\/uploads\/2025\/05\/\u03b2\u03b5\u03b2\u03b52-600x300.jpg 600w, https:\/\/www.i-rentacar.com\/wp-content\/uploads\/2025\/05\/\u03b2\u03b5\u03b2\u03b52-800x400.jpg 800w, https:\/\/www.i-rentacar.com\/wp-content\/uploads\/2025\/05\/\u03b2\u03b5\u03b2\u03b52.jpg 1200w\" data-sizes=\"auto\" data-orig-sizes=\"(max-width: 640px) 100vw, 1200px\" \/><\/span><\/div><\/div><\/div><\/div><\/div>\n","protected":false},"excerpt":{"rendered":"","protected":false},"author":1,"featured_media":0,"parent":0,"menu_order":0,"comment_status":"closed","ping_status":"closed","template":"100-width.php","meta":{"footnotes":""},"class_list":["post-10064","page","type-page","status-publish","hentry"],"yoast_head":"<!-- This site is optimized with the Yoast SEO plugin v27.0 - https:\/\/yoast.com\/product\/yoast-seo-wordpress\/ -->\n<title>Mietwagen f\u00fcr Kavala | i-rentacar.com<\/title>\n<meta name=\"robots\" content=\"index, follow, max-snippet:-1, max-image-preview:large, max-video-preview:-1\" \/>\n<link rel=\"canonical\" href=\"https:\/\/www.i-rentacar.com\/de\/mietwagen-fuer-kavala\/\" \/>\n<meta property=\"og:locale\" content=\"de_DE\" \/>\n<meta property=\"og:type\" content=\"article\" \/>\n<meta property=\"og:title\" content=\"Mietwagen f\u00fcr Kavala | i-rentacar.com\" \/>\n<meta property=\"og:url\" content=\"https:\/\/www.i-rentacar.com\/de\/mietwagen-fuer-kavala\/\" \/>\n<meta property=\"og:site_name\" content=\"i-rentacar.com\" \/>\n<meta property=\"article:modified_time\" content=\"2025-06-01T10:24:36+00:00\" \/>\n<meta name=\"twitter:card\" content=\"summary_large_image\" \/>\n<meta name=\"twitter:label1\" content=\"Gesch\u00e4tzte Lesezeit\" \/>\n\t<meta name=\"twitter:data1\" content=\"13\u00a0Minuten\" \/>\n<script type=\"application\/ld+json\" class=\"yoast-schema-graph\">{\"@context\":\"https:\/\/schema.org\",\"@graph\":[{\"@type\":\"WebPage\",\"@id\":\"https:\/\/www.i-rentacar.com\/de\/mietwagen-fuer-kavala\/\",\"url\":\"https:\/\/www.i-rentacar.com\/de\/mietwagen-fuer-kavala\/\",\"name\":\"Mietwagen f\u00fcr Kavala | i-rentacar.com\",\"isPartOf\":{\"@id\":\"https:\/\/www.i-rentacar.com\/de\/#website\"},\"datePublished\":\"2025-05-31T16:02:28+00:00\",\"dateModified\":\"2025-06-01T10:24:36+00:00\",\"breadcrumb\":{\"@id\":\"https:\/\/www.i-rentacar.com\/de\/mietwagen-fuer-kavala\/#breadcrumb\"},\"inLanguage\":\"de\",\"potentialAction\":[{\"@type\":\"ReadAction\",\"target\":[\"https:\/\/www.i-rentacar.com\/de\/mietwagen-fuer-kavala\/\"]}]},{\"@type\":\"BreadcrumbList\",\"@id\":\"https:\/\/www.i-rentacar.com\/de\/mietwagen-fuer-kavala\/#breadcrumb\",\"itemListElement\":[{\"@type\":\"ListItem\",\"position\":1,\"name\":\"Home\",\"item\":\"https:\/\/www.i-rentacar.com\/de\/\"},{\"@type\":\"ListItem\",\"position\":2,\"name\":\"Mietwagen f\u00fcr Kavala\"}]},{\"@type\":\"WebSite\",\"@id\":\"https:\/\/www.i-rentacar.com\/de\/#website\",\"url\":\"https:\/\/www.i-rentacar.com\/de\/\",\"name\":\"i-rentacar.com\",\"description\":\"Autovermietung Thessaloniki, Minibus, Gel\u00e4ndewagen, Flughafen Thessaloniki, Mietwagen Thessaloniki Halkidiki, Mietwagen Thessaloniki Flughafen skg\",\"publisher\":{\"@id\":\"https:\/\/www.i-rentacar.com\/de\/#organization\"},\"potentialAction\":[{\"@type\":\"SearchAction\",\"target\":{\"@type\":\"EntryPoint\",\"urlTemplate\":\"https:\/\/www.i-rentacar.com\/de\/?s={search_term_string}\"},\"query-input\":{\"@type\":\"PropertyValueSpecification\",\"valueRequired\":true,\"valueName\":\"search_term_string\"}}],\"inLanguage\":\"de\"},{\"@type\":\"Organization\",\"@id\":\"https:\/\/www.i-rentacar.com\/de\/#organization\",\"name\":\"i-rentacar.com\",\"url\":\"https:\/\/www.i-rentacar.com\/de\/\",\"logo\":{\"@type\":\"ImageObject\",\"inLanguage\":\"de\",\"@id\":\"https:\/\/www.i-rentacar.com\/de\/#\/schema\/logo\/image\/\",\"url\":\"https:\/\/www.i-rentacar.com\/wp-content\/uploads\/2021\/08\/logo-i-rentacar-com-3.png\",\"contentUrl\":\"https:\/\/www.i-rentacar.com\/wp-content\/uploads\/2021\/08\/logo-i-rentacar-com-3.png\",\"width\":383,\"height\":150,\"caption\":\"i-rentacar.com\"},\"image\":{\"@id\":\"https:\/\/www.i-rentacar.com\/de\/#\/schema\/logo\/image\/\"}}]}<\/script>\n<!-- \/ Yoast SEO plugin. -->","yoast_head_json":{"title":"Mietwagen f\u00fcr Kavala | i-rentacar.com","robots":{"index":"index","follow":"follow","max-snippet":"max-snippet:-1","max-image-preview":"max-image-preview:large","max-video-preview":"max-video-preview:-1"},"canonical":"https:\/\/www.i-rentacar.com\/de\/mietwagen-fuer-kavala\/","og_locale":"de_DE","og_type":"article","og_title":"Mietwagen f\u00fcr Kavala | i-rentacar.com","og_url":"https:\/\/www.i-rentacar.com\/de\/mietwagen-fuer-kavala\/","og_site_name":"i-rentacar.com","article_modified_time":"2025-06-01T10:24:36+00:00","twitter_card":"summary_large_image","twitter_misc":{"Gesch\u00e4tzte Lesezeit":"13\u00a0Minuten"},"schema":{"@context":"https:\/\/schema.org","@graph":[{"@type":"WebPage","@id":"https:\/\/www.i-rentacar.com\/de\/mietwagen-fuer-kavala\/","url":"https:\/\/www.i-rentacar.com\/de\/mietwagen-fuer-kavala\/","name":"Mietwagen f\u00fcr Kavala | i-rentacar.com","isPartOf":{"@id":"https:\/\/www.i-rentacar.com\/de\/#website"},"datePublished":"2025-05-31T16:02:28+00:00","dateModified":"2025-06-01T10:24:36+00:00","breadcrumb":{"@id":"https:\/\/www.i-rentacar.com\/de\/mietwagen-fuer-kavala\/#breadcrumb"},"inLanguage":"de","potentialAction":[{"@type":"ReadAction","target":["https:\/\/www.i-rentacar.com\/de\/mietwagen-fuer-kavala\/"]}]},{"@type":"BreadcrumbList","@id":"https:\/\/www.i-rentacar.com\/de\/mietwagen-fuer-kavala\/#breadcrumb","itemListElement":[{"@type":"ListItem","position":1,"name":"Home","item":"https:\/\/www.i-rentacar.com\/de\/"},{"@type":"ListItem","position":2,"name":"Mietwagen f\u00fcr Kavala"}]},{"@type":"WebSite","@id":"https:\/\/www.i-rentacar.com\/de\/#website","url":"https:\/\/www.i-rentacar.com\/de\/","name":"i-rentacar.com","description":"Autovermietung Thessaloniki, Minibus, Gel\u00e4ndewagen, Flughafen Thessaloniki, Mietwagen Thessaloniki Halkidiki, Mietwagen Thessaloniki Flughafen skg","publisher":{"@id":"https:\/\/www.i-rentacar.com\/de\/#organization"},"potentialAction":[{"@type":"SearchAction","target":{"@type":"EntryPoint","urlTemplate":"https:\/\/www.i-rentacar.com\/de\/?s={search_term_string}"},"query-input":{"@type":"PropertyValueSpecification","valueRequired":true,"valueName":"search_term_string"}}],"inLanguage":"de"},{"@type":"Organization","@id":"https:\/\/www.i-rentacar.com\/de\/#organization","name":"i-rentacar.com","url":"https:\/\/www.i-rentacar.com\/de\/","logo":{"@type":"ImageObject","inLanguage":"de","@id":"https:\/\/www.i-rentacar.com\/de\/#\/schema\/logo\/image\/","url":"https:\/\/www.i-rentacar.com\/wp-content\/uploads\/2021\/08\/logo-i-rentacar-com-3.png","contentUrl":"https:\/\/www.i-rentacar.com\/wp-content\/uploads\/2021\/08\/logo-i-rentacar-com-3.png","width":383,"height":150,"caption":"i-rentacar.com"},"image":{"@id":"https:\/\/www.i-rentacar.com\/de\/#\/schema\/logo\/image\/"}}]}},"_links":{"self":[{"href":"https:\/\/www.i-rentacar.com\/de\/wp-json\/wp\/v2\/pages\/10064","targetHints":{"allow":["GET"]}}],"collection":[{"href":"https:\/\/www.i-rentacar.com\/de\/wp-json\/wp\/v2\/pages"}],"about":[{"href":"https:\/\/www.i-rentacar.com\/de\/wp-json\/wp\/v2\/types\/page"}],"author":[{"embeddable":true,"href":"https:\/\/www.i-rentacar.com\/de\/wp-json\/wp\/v2\/users\/1"}],"replies":[{"embeddable":true,"href":"https:\/\/www.i-rentacar.com\/de\/wp-json\/wp\/v2\/comments?post=10064"}],"version-history":[{"count":2,"href":"https:\/\/www.i-rentacar.com\/de\/wp-json\/wp\/v2\/pages\/10064\/revisions"}],"predecessor-version":[{"id":10066,"href":"https:\/\/www.i-rentacar.com\/de\/wp-json\/wp\/v2\/pages\/10064\/revisions\/10066"}],"wp:attachment":[{"href":"https:\/\/www.i-rentacar.com\/de\/wp-json\/wp\/v2\/media?parent=10064"}],"curies":[{"name":"wp","href":"https:\/\/api.w.org\/{rel}","templated":true}]}}