{"id":10055,"date":"2025-05-31T18:10:06","date_gmt":"2025-05-31T15:10:06","guid":{"rendered":"https:\/\/www.i-rentacar.com\/?page_id=10055"},"modified":"2025-06-01T13:15:56","modified_gmt":"2025-06-01T10:15:56","slug":"autovermietung-fuer-kefalonia-ionische-inseln","status":"publish","type":"page","link":"https:\/\/www.i-rentacar.com\/de\/autovermietung-fuer-kefalonia-ionische-inseln\/","title":{"rendered":"Autovermietung f\u00fcr Kefalonia Ionische Inseln"},"content":{"rendered":"<div class=\"fusion-fullwidth fullwidth-box fusion-builder-row-1 fusion-flex-container has-pattern-background has-mask-background nonhundred-percent-fullwidth non-hundred-percent-height-scrolling\" style=\"--awb-border-radius-top-left:0px;--awb-border-radius-top-right:0px;--awb-border-radius-bottom-right:0px;--awb-border-radius-bottom-left:0px;--awb-flex-wrap:wrap;\" ><div class=\"fusion-builder-row fusion-row fusion-flex-align-items-flex-start fusion-flex-content-wrap\" style=\"max-width:1300px;margin-left: calc(-4% \/ 2 );margin-right: calc(-4% \/ 2 );\"><div class=\"fusion-layout-column fusion_builder_column fusion-builder-column-0 fusion_builder_column_1_1 1_1 fusion-flex-column\" style=\"--awb-bg-size:cover;--awb-width-large:100%;--awb-margin-top-large:0px;--awb-spacing-right-large:1.92%;--awb-margin-bottom-large:20px;--awb-spacing-left-large:1.92%;--awb-width-medium:100%;--awb-order-medium:0;--awb-spacing-right-medium:1.92%;--awb-spacing-left-medium:1.92%;--awb-width-small:100%;--awb-order-small:0;--awb-spacing-right-small:1.92%;--awb-spacing-left-small:1.92%;\"><div class=\"fusion-column-wrapper fusion-column-has-shadow fusion-flex-justify-content-flex-start fusion-content-layout-column\"><div class=\"fusion-image-element \" style=\"text-align:center;--awb-caption-title-font-family:var(--h2_typography-font-family);--awb-caption-title-font-weight:var(--h2_typography-font-weight);--awb-caption-title-font-style:var(--h2_typography-font-style);--awb-caption-title-size:var(--h2_typography-font-size);--awb-caption-title-transform:var(--h2_typography-text-transform);--awb-caption-title-line-height:var(--h2_typography-line-height);--awb-caption-title-letter-spacing:var(--h2_typography-letter-spacing);\"><span class=\" fusion-imageframe imageframe-none imageframe-1 hover-type-none\"><img decoding=\"async\" width=\"1200\" height=\"600\" alt=\"\u039a\u03b5\u03c6\u03b1\u03bb\u03bf\u03bd\u03b9\u03ac \u0399\u03cc\u03bd\u03b9\u03bf\" title=\"\u03c0\u03bc\u03c0\u03bd\u03bc\" src=\"https:\/\/www.i-rentacar.com\/wp-content\/uploads\/2025\/05\/\u03c0\u03bc\u03c0\u03bd\u03bc.jpg\" data-orig-src=\"https:\/\/www.i-rentacar.com\/wp-content\/uploads\/2025\/05\/\u03c0\u03bc\u03c0\u03bd\u03bc.jpg\" class=\"lazyload img-responsive wp-image-9905\" srcset=\"data:image\/svg+xml,%3Csvg%20xmlns%3D%27http%3A%2F%2Fwww.w3.org%2F2000%2Fsvg%27%20width%3D%271200%27%20height%3D%27600%27%20viewBox%3D%270%200%201200%20600%27%3E%3Crect%20width%3D%271200%27%20height%3D%27600%27%20fill-opacity%3D%220%22%2F%3E%3C%2Fsvg%3E\" data-srcset=\"https:\/\/www.i-rentacar.com\/wp-content\/uploads\/2025\/05\/\u03c0\u03bc\u03c0\u03bd\u03bc-200x100.jpg 200w, https:\/\/www.i-rentacar.com\/wp-content\/uploads\/2025\/05\/\u03c0\u03bc\u03c0\u03bd\u03bc-400x200.jpg 400w, https:\/\/www.i-rentacar.com\/wp-content\/uploads\/2025\/05\/\u03c0\u03bc\u03c0\u03bd\u03bc-600x300.jpg 600w, https:\/\/www.i-rentacar.com\/wp-content\/uploads\/2025\/05\/\u03c0\u03bc\u03c0\u03bd\u03bc-800x400.jpg 800w, https:\/\/www.i-rentacar.com\/wp-content\/uploads\/2025\/05\/\u03c0\u03bc\u03c0\u03bd\u03bc.jpg 1200w\" data-sizes=\"auto\" data-orig-sizes=\"(max-width: 640px) 100vw, 1200px\" \/><\/span><\/div><div class=\"fusion-text fusion-text-1\"><h2 style=\"text-align: center;\" data-start=\"329\" data-end=\"415\">Kefalonia \u2013 Das Juwel des Ionischen Meeres erwartet dich, es mit i-rentacar zu entdecken<\/h2>\n<p data-start=\"417\" data-end=\"706\">Kefalonia ist nicht einfach nur eine weitere Insel des Ionischen Meeres. Es ist ein wundersch\u00f6nes Mosaik aus t\u00fcrkisfarbenen Str\u00e4nden, smaragdgr\u00fcnen Bergen, malerischen D\u00f6rfern und einzigartigen Naturph\u00e4nomenen. Ein Ort, der Authentizit\u00e4t mit kosmopolitischem Flair verbindet, ruhige R\u00fcckzugsorte mit unvergesslichen Erlebnissen.<\/p>\n<p data-start=\"708\" data-end=\"956\">Mit einem Mietwagen von <strong data-start=\"748\" data-end=\"762\">i-rentacar<\/strong> kannst du jede versteckte Ecke Kefalonias entdecken, Str\u00e4nde erreichen, die andere nur auf Postkarten sehen, und die Insel so erleben, wie sie es verdient \u2013 mit Komfort, Unabh\u00e4ngigkeit und Stil.<\/p>\n<h3 style=\"text-align: center;\" data-start=\"963\" data-end=\"1024\">Fiskardo, Assos, Argostoli: Jede Route erz\u00e4hlt eine Geschichte<\/h3>\n<p data-start=\"1026\" data-end=\"1126\">Ein Mietwagen auf Kefalonia gibt dir die Freiheit, deine eigene Reiseroute zu gestalten:<\/p>\n<ul data-start=\"1128\" data-end=\"1751\">\n<li data-start=\"1128\" data-end=\"1296\">\n<p data-start=\"1130\" data-end=\"1296\">Beginne in <strong data-start=\"1144\" data-end=\"1157\">Argostoli<\/strong>, der Hauptstadt der Insel. Spaziere \u00fcber den Platz, genie\u00dfe einen Kaffee mit Blick auf die Bucht und besuche die gepflasterte Promenade (Lithostroto) zum Bummeln und Einkaufen.<\/p>\n<\/li>\n<li data-start=\"1297\" data-end=\"1423\">\n<p data-start=\"1299\" data-end=\"1423\">Fahre nach <strong data-start=\"1315\" data-end=\"1324\">Lassi<\/strong>, bekannt f\u00fcr die Str\u00e4nde <strong data-start=\"1350\" data-end=\"1360\">Makris<\/strong> und <strong data-start=\"1365\" data-end=\"1382\">Platis Gialos<\/strong>, mit organisierten Einrichtungen und goldenem Sand.<\/p>\n<\/li>\n<li data-start=\"1424\" data-end=\"1547\">\n<p data-start=\"1426\" data-end=\"1547\">Besuche das romantische <strong data-start=\"1450\" data-end=\"1458\">Assos<\/strong>, eines der malerischsten D\u00f6rfer Griechenlands, mit seiner venezianischen Burg und den bunten H\u00e4usern.<\/p>\n<\/li>\n<li data-start=\"1548\" data-end=\"1751\">\n<p data-start=\"1550\" data-end=\"1751\">Und nat\u00fcrlich erreiche <strong data-start=\"1572\" data-end=\"1584\">Fiskardo<\/strong>, das Juwel im Norden. Dort sp\u00fcrst du die Atmosph\u00e4re einer anderen Zeit \u2013 mit luxuri\u00f6sen Segelyachten, Fischertavernen direkt am Wasser und gepflasterten, mit Blumen geschm\u00fcckten Gassen.<\/p>\n<\/li>\n<\/ul>\n<p data-start=\"1753\" data-end=\"1852\">All das liegt nur einen Katzensprung entfernt, wenn du mit einem Fahrzeug von <strong data-start=\"1837\" data-end=\"1851\">i-rentacar<\/strong> die Kontrolle \u00fcber deine Route hast.<\/p>\n<h3 style=\"text-align: center;\" data-start=\"1859\" data-end=\"1898\">Str\u00e4nde, die keinen Filter brauchen<\/h3>\n<p data-start=\"1900\" data-end=\"1981\">Kefalonia ist ber\u00fchmt f\u00fcr seine <strong data-start=\"1930\" data-end=\"1959\">weltbekannten Str\u00e4nde<\/strong>, die dir den Atem rauben:<\/p>\n<ul data-start=\"1983\" data-end=\"2307\">\n<li data-start=\"1983\" data-end=\"2108\">\n<p data-start=\"1985\" data-end=\"2108\">Der <strong data-start=\"1987\" data-end=\"1997\">Myrtos<\/strong>-Strand mit seinen wei\u00dfen Felsen und tiefblau-gr\u00fcnen Gew\u00e4ssern geh\u00f6rt zu den meistfotografierten Str\u00e4nden Europas.<\/p>\n<\/li>\n<li data-start=\"2109\" data-end=\"2167\">\n<p data-start=\"2111\" data-end=\"2167\">Der <strong data-start=\"2114\" data-end=\"2120\">Xi<\/strong>-Strand mit rotem Sand und nat\u00fcrlichen Schlammb\u00e4dern.<\/p>\n<\/li>\n<li data-start=\"2168\" data-end=\"2232\">\n<p data-start=\"2170\" data-end=\"2232\">Der abgelegene <strong data-start=\"2184\" data-end=\"2200\">Platia Ammos<\/strong>-Strand f\u00fcr Abenteuer und Ruhe zugleich.<\/p>\n<\/li>\n<li data-start=\"2233\" data-end=\"2307\">\n<p data-start=\"2235\" data-end=\"2307\">Die <strong data-start=\"2238\" data-end=\"2249\">Petani<\/strong>-Str\u00e4nde, die atemberaubende Sonnenunterg\u00e4nge und klares Wasser bieten.<\/p>\n<\/li>\n<\/ul>\n<p data-start=\"2309\" data-end=\"2467\">Mit der Freiheit eines Autos kannst du dorthin fahren, wo andere nicht hinkommen \u2013 in Gew\u00e4sser eintauchen, fernab vom Trubel, und jeden Tag einen anderen Strand genie\u00dfen.<\/p>\n<h3 style=\"text-align: center;\" data-start=\"2474\" data-end=\"2530\">Naturph\u00e4nomene und H\u00f6hlen, die dich beeindrucken werden<\/h3>\n<p data-start=\"2532\" data-end=\"2602\">Kefalonia besitzt einzigartige geologische Wunder, die es wert sind, entdeckt zu werden:<\/p>\n<ul data-start=\"2604\" data-end=\"3039\">\n<li data-start=\"2604\" data-end=\"2790\">\n<p data-start=\"2606\" data-end=\"2790\">Die <strong data-start=\"2609\" data-end=\"2631\">Melissani-H\u00f6hle<\/strong> mit ihrem See im Inneren ist ein unvergessliches Naturph\u00e4nomen. Das Sonnenlicht f\u00e4llt durch das Dach und erleuchtet das Wasser auf magische Weise.<\/p>\n<\/li>\n<li data-start=\"2791\" data-end=\"2892\">\n<p data-start=\"2793\" data-end=\"2892\">Die <strong data-start=\"2796\" data-end=\"2819\">Drogkarati-H\u00f6hle<\/strong> mit ihren Stalaktiten und Stalagmiten vermittelt ein mystisches Gef\u00fchl.<\/p>\n<\/li>\n<li data-start=\"2893\" data-end=\"3039\">\n<p data-start=\"2895\" data-end=\"3039\">Die <strong data-start=\"2898\" data-end=\"2912\">Katavothres<\/strong> nahe Argostoli, wo das Meerwasser \u201eunterirdisch verschwindet\u201c \u2013 ein Ph\u00e4nomen, das Geologen lange Zeit besch\u00e4ftigt hat.<\/p>\n<\/li>\n<\/ul>\n<p data-start=\"3041\" data-end=\"3155\">All das ist leicht mit dem Auto erreichbar \u2013 so kannst du deine eigenen Ausfl\u00fcge bequem und entspannt planen.<\/p>\n<\/div><div class=\"fusion-image-element \" style=\"text-align:center;--awb-caption-title-font-family:var(--h2_typography-font-family);--awb-caption-title-font-weight:var(--h2_typography-font-weight);--awb-caption-title-font-style:var(--h2_typography-font-style);--awb-caption-title-size:var(--h2_typography-font-size);--awb-caption-title-transform:var(--h2_typography-text-transform);--awb-caption-title-line-height:var(--h2_typography-line-height);--awb-caption-title-letter-spacing:var(--h2_typography-letter-spacing);\"><span class=\" fusion-imageframe imageframe-none imageframe-2 hover-type-none\"><img decoding=\"async\" width=\"1200\" height=\"600\" title=\"\u03bd\u03bd\u03c1\u03bd\u03c143\" src=\"https:\/\/www.i-rentacar.com\/wp-content\/uploads\/2025\/05\/\u03bd\u03bd\u03c1\u03bd\u03c143.jpg\" data-orig-src=\"https:\/\/www.i-rentacar.com\/wp-content\/uploads\/2025\/05\/\u03bd\u03bd\u03c1\u03bd\u03c143.jpg\" alt class=\"lazyload img-responsive wp-image-9910\" srcset=\"data:image\/svg+xml,%3Csvg%20xmlns%3D%27http%3A%2F%2Fwww.w3.org%2F2000%2Fsvg%27%20width%3D%271200%27%20height%3D%27600%27%20viewBox%3D%270%200%201200%20600%27%3E%3Crect%20width%3D%271200%27%20height%3D%27600%27%20fill-opacity%3D%220%22%2F%3E%3C%2Fsvg%3E\" data-srcset=\"https:\/\/www.i-rentacar.com\/wp-content\/uploads\/2025\/05\/\u03bd\u03bd\u03c1\u03bd\u03c143-200x100.jpg 200w, https:\/\/www.i-rentacar.com\/wp-content\/uploads\/2025\/05\/\u03bd\u03bd\u03c1\u03bd\u03c143-400x200.jpg 400w, https:\/\/www.i-rentacar.com\/wp-content\/uploads\/2025\/05\/\u03bd\u03bd\u03c1\u03bd\u03c143-600x300.jpg 600w, https:\/\/www.i-rentacar.com\/wp-content\/uploads\/2025\/05\/\u03bd\u03bd\u03c1\u03bd\u03c143-800x400.jpg 800w, https:\/\/www.i-rentacar.com\/wp-content\/uploads\/2025\/05\/\u03bd\u03bd\u03c1\u03bd\u03c143.jpg 1200w\" data-sizes=\"auto\" data-orig-sizes=\"(max-width: 640px) 100vw, 1200px\" \/><\/span><\/div><div class=\"fusion-text fusion-text-2\"><h3 style=\"text-align: center;\" data-start=\"3162\" data-end=\"3202\">D\u00f6rfer mit Charakter und Authentizit\u00e4t<\/h3>\n<p data-start=\"3204\" data-end=\"3276\">Kefalonia ist nicht nur das Meer. Es ist auch das <strong data-start=\"3254\" data-end=\"3275\">bergige Herz<\/strong> der Insel:<\/p>\n<ul data-start=\"3278\" data-end=\"3580\">\n<li data-start=\"3278\" data-end=\"3355\">\n<p data-start=\"3280\" data-end=\"3355\">Sami, mit seinem K\u00fcstenflair und in der N\u00e4he von H\u00f6hlen und Str\u00e4nden.<\/p>\n<\/li>\n<li data-start=\"3356\" data-end=\"3453\">\n<p data-start=\"3358\" data-end=\"3453\">Faraglata, Dilinata und das <strong data-start=\"3396\" data-end=\"3429\">Kloster des Heiligen Gerasimos<\/strong> \u2013 Schutzpatron der Insel.<\/p>\n<\/li>\n<li data-start=\"3454\" data-end=\"3509\">\n<p data-start=\"3456\" data-end=\"3509\">Lixouri, voller Leben, Kultur und Gelassenheit.<\/p>\n<\/li>\n<li data-start=\"3510\" data-end=\"3580\">\n<p data-start=\"3512\" data-end=\"3580\">Erisos, eine Region mit intensiver nat\u00fcrlicher Sch\u00f6nheit und entspanntem Rhythmus.<\/p>\n<\/li>\n<\/ul>\n<p data-start=\"3582\" data-end=\"3671\">Egal wohin du gehst, eine authentische Erfahrung erwartet dich, fernab von touristischen Klischees.<\/p>\n<h3 style=\"text-align: center;\" data-start=\"3678\" data-end=\"3730\">Warum i-rentacar f\u00fcr Kefalonia w\u00e4hlen?<\/h3>\n<p data-start=\"3732\" data-end=\"3808\">Bei <strong data-start=\"3737\" data-end=\"3751\">i-rentacar<\/strong> sorgen wir daf\u00fcr, dass dein Urlaub stressfrei beginnt:<\/p>\n<ul data-start=\"3810\" data-end=\"4228\">\n<li data-start=\"3810\" data-end=\"3877\">\n<p data-start=\"3812\" data-end=\"3877\">Schnelle Online-Buchung und transparente Preise ohne versteckte Kosten.<\/p>\n<\/li>\n<li data-start=\"3878\" data-end=\"3995\">\n<p data-start=\"3880\" data-end=\"3995\">\u00dcbergabe des Fahrzeugs am <strong data-start=\"3906\" data-end=\"3931\">Flughafen Kefalonia<\/strong>, am <strong data-start=\"3936\" data-end=\"3946\">Hafen<\/strong>, in deinem <strong data-start=\"3951\" data-end=\"3969\">Hotel<\/strong> oder an jedem anderen Ort, den du brauchst.<\/p>\n<\/li>\n<li data-start=\"3996\" data-end=\"4085\">\n<p data-start=\"3998\" data-end=\"4085\">Auswahl von <strong data-start=\"4011\" data-end=\"4036\">wirtschaftlichen Autos<\/strong> bis zu <strong data-start=\"4043\" data-end=\"4058\">SUVs und 4&#215;4<\/strong> f\u00fcr bergige Strecken.<\/p>\n<\/li>\n<li data-start=\"4086\" data-end=\"4162\">\n<p data-start=\"4088\" data-end=\"4162\">Kindersitze, Wi-Fi, GPS, Vollkaskoversicherung \u2013 alles mit einem Klick verf\u00fcgbar.<\/p>\n<\/li>\n<li data-start=\"4163\" data-end=\"4228\">\n<p data-start=\"4165\" data-end=\"4228\">Unterst\u00fctzung durch unser Team vor, w\u00e4hrend und nach der Anmietung.<\/p>\n<\/li>\n<\/ul>\n<h3 style=\"text-align: center;\" data-start=\"4235\" data-end=\"4307\">Buche jetzt dein Auto und erlebe Kefalonia, wie es verdient<\/h3>\n<p data-start=\"4309\" data-end=\"4544\">Mit <strong data-start=\"4316\" data-end=\"4330\">i-rentacar<\/strong> wird Kefalonia zu deiner Insel. Du bleibst nicht stehen, verlierst keine Zeit \u2013 du f\u00e4hrst dorthin, wo andere davon tr\u00e4umen anzukommen. Organisiere deine Reise, \u00fcbernimm das Steuer deines Erlebnisses und genie\u00dfe jeden Moment.<\/p>\n<p data-start=\"4546\" data-end=\"4683\">Besuche <a class=\"\" href=\"https:\/\/www.i-rentacar.com\" target=\"_new\" rel=\"noopener\" data-start=\"4555\" data-end=\"4603\">www.i-rentacar.com<\/a>, w\u00e4hle dein Fahrzeug und starte deine Sommerreise ins bezaubernde Ionische Meer.<\/p>\n<p data-start=\"4685\" data-end=\"4742\"><strong data-start=\"4685\" data-end=\"4742\">i-rentacar \u2013 Kefalonia geh\u00f6rt dir. Fahr sie.<\/strong><\/p>\n<\/div><div class=\"fusion-image-element \" style=\"text-align:center;--awb-caption-title-font-family:var(--h2_typography-font-family);--awb-caption-title-font-weight:var(--h2_typography-font-weight);--awb-caption-title-font-style:var(--h2_typography-font-style);--awb-caption-title-size:var(--h2_typography-font-size);--awb-caption-title-transform:var(--h2_typography-text-transform);--awb-caption-title-line-height:var(--h2_typography-line-height);--awb-caption-title-letter-spacing:var(--h2_typography-letter-spacing);\"><span class=\" fusion-imageframe imageframe-none imageframe-3 hover-type-none\"><img decoding=\"async\" width=\"1200\" height=\"600\" title=\"\u03bb\u03be\u03be&#8216;\" src=\"https:\/\/www.i-rentacar.com\/wp-content\/uploads\/2025\/05\/\u03bb\u03be\u03be.jpg\" data-orig-src=\"https:\/\/www.i-rentacar.com\/wp-content\/uploads\/2025\/05\/\u03bb\u03be\u03be.jpg\" alt class=\"lazyload img-responsive wp-image-9915\" srcset=\"data:image\/svg+xml,%3Csvg%20xmlns%3D%27http%3A%2F%2Fwww.w3.org%2F2000%2Fsvg%27%20width%3D%271200%27%20height%3D%27600%27%20viewBox%3D%270%200%201200%20600%27%3E%3Crect%20width%3D%271200%27%20height%3D%27600%27%20fill-opacity%3D%220%22%2F%3E%3C%2Fsvg%3E\" data-srcset=\"https:\/\/www.i-rentacar.com\/wp-content\/uploads\/2025\/05\/\u03bb\u03be\u03be-200x100.jpg 200w, https:\/\/www.i-rentacar.com\/wp-content\/uploads\/2025\/05\/\u03bb\u03be\u03be-400x200.jpg 400w, https:\/\/www.i-rentacar.com\/wp-content\/uploads\/2025\/05\/\u03bb\u03be\u03be-600x300.jpg 600w, https:\/\/www.i-rentacar.com\/wp-content\/uploads\/2025\/05\/\u03bb\u03be\u03be-800x400.jpg 800w, https:\/\/www.i-rentacar.com\/wp-content\/uploads\/2025\/05\/\u03bb\u03be\u03be.jpg 1200w\" data-sizes=\"auto\" data-orig-sizes=\"(max-width: 640px) 100vw, 1200px\" \/><\/span><\/div><\/div><\/div><\/div><\/div>\n","protected":false},"excerpt":{"rendered":"","protected":false},"author":1,"featured_media":0,"parent":0,"menu_order":0,"comment_status":"closed","ping_status":"closed","template":"100-width.php","meta":{"footnotes":""},"class_list":["post-10055","page","type-page","status-publish","hentry"],"yoast_head":"<!-- This site is optimized with the Yoast SEO plugin v27.0 - https:\/\/yoast.com\/product\/yoast-seo-wordpress\/ -->\n<title>Autovermietung f\u00fcr Kefalonia Ionische Inseln | i-rentacar.com<\/title>\n<meta name=\"robots\" content=\"index, follow, max-snippet:-1, max-image-preview:large, max-video-preview:-1\" \/>\n<link rel=\"canonical\" href=\"https:\/\/www.i-rentacar.com\/de\/autovermietung-fuer-kefalonia-ionische-inseln\/\" \/>\n<meta property=\"og:locale\" content=\"de_DE\" \/>\n<meta property=\"og:type\" content=\"article\" \/>\n<meta property=\"og:title\" content=\"Autovermietung f\u00fcr Kefalonia Ionische Inseln | i-rentacar.com\" \/>\n<meta property=\"og:url\" content=\"https:\/\/www.i-rentacar.com\/de\/autovermietung-fuer-kefalonia-ionische-inseln\/\" \/>\n<meta property=\"og:site_name\" content=\"i-rentacar.com\" \/>\n<meta property=\"article:modified_time\" content=\"2025-06-01T10:15:56+00:00\" \/>\n<meta name=\"twitter:card\" content=\"summary_large_image\" \/>\n<meta name=\"twitter:label1\" content=\"Gesch\u00e4tzte Lesezeit\" \/>\n\t<meta name=\"twitter:data1\" content=\"13\u00a0Minuten\" \/>\n<script type=\"application\/ld+json\" class=\"yoast-schema-graph\">{\"@context\":\"https:\/\/schema.org\",\"@graph\":[{\"@type\":\"WebPage\",\"@id\":\"https:\/\/www.i-rentacar.com\/de\/autovermietung-fuer-kefalonia-ionische-inseln\/\",\"url\":\"https:\/\/www.i-rentacar.com\/de\/autovermietung-fuer-kefalonia-ionische-inseln\/\",\"name\":\"Autovermietung f\u00fcr Kefalonia Ionische Inseln | i-rentacar.com\",\"isPartOf\":{\"@id\":\"https:\/\/www.i-rentacar.com\/de\/#website\"},\"datePublished\":\"2025-05-31T15:10:06+00:00\",\"dateModified\":\"2025-06-01T10:15:56+00:00\",\"breadcrumb\":{\"@id\":\"https:\/\/www.i-rentacar.com\/de\/autovermietung-fuer-kefalonia-ionische-inseln\/#breadcrumb\"},\"inLanguage\":\"de\",\"potentialAction\":[{\"@type\":\"ReadAction\",\"target\":[\"https:\/\/www.i-rentacar.com\/de\/autovermietung-fuer-kefalonia-ionische-inseln\/\"]}]},{\"@type\":\"BreadcrumbList\",\"@id\":\"https:\/\/www.i-rentacar.com\/de\/autovermietung-fuer-kefalonia-ionische-inseln\/#breadcrumb\",\"itemListElement\":[{\"@type\":\"ListItem\",\"position\":1,\"name\":\"Home\",\"item\":\"https:\/\/www.i-rentacar.com\/de\/\"},{\"@type\":\"ListItem\",\"position\":2,\"name\":\"Autovermietung f\u00fcr Kefalonia Ionische Inseln\"}]},{\"@type\":\"WebSite\",\"@id\":\"https:\/\/www.i-rentacar.com\/de\/#website\",\"url\":\"https:\/\/www.i-rentacar.com\/de\/\",\"name\":\"i-rentacar.com\",\"description\":\"Autovermietung Thessaloniki, Minibus, Gel\u00e4ndewagen, Flughafen Thessaloniki, Mietwagen Thessaloniki Halkidiki, Mietwagen Thessaloniki Flughafen skg\",\"publisher\":{\"@id\":\"https:\/\/www.i-rentacar.com\/de\/#organization\"},\"potentialAction\":[{\"@type\":\"SearchAction\",\"target\":{\"@type\":\"EntryPoint\",\"urlTemplate\":\"https:\/\/www.i-rentacar.com\/de\/?s={search_term_string}\"},\"query-input\":{\"@type\":\"PropertyValueSpecification\",\"valueRequired\":true,\"valueName\":\"search_term_string\"}}],\"inLanguage\":\"de\"},{\"@type\":\"Organization\",\"@id\":\"https:\/\/www.i-rentacar.com\/de\/#organization\",\"name\":\"i-rentacar.com\",\"url\":\"https:\/\/www.i-rentacar.com\/de\/\",\"logo\":{\"@type\":\"ImageObject\",\"inLanguage\":\"de\",\"@id\":\"https:\/\/www.i-rentacar.com\/de\/#\/schema\/logo\/image\/\",\"url\":\"https:\/\/www.i-rentacar.com\/wp-content\/uploads\/2021\/08\/logo-i-rentacar-com-3.png\",\"contentUrl\":\"https:\/\/www.i-rentacar.com\/wp-content\/uploads\/2021\/08\/logo-i-rentacar-com-3.png\",\"width\":383,\"height\":150,\"caption\":\"i-rentacar.com\"},\"image\":{\"@id\":\"https:\/\/www.i-rentacar.com\/de\/#\/schema\/logo\/image\/\"}}]}<\/script>\n<!-- \/ Yoast SEO plugin. -->","yoast_head_json":{"title":"Autovermietung f\u00fcr Kefalonia Ionische Inseln | i-rentacar.com","robots":{"index":"index","follow":"follow","max-snippet":"max-snippet:-1","max-image-preview":"max-image-preview:large","max-video-preview":"max-video-preview:-1"},"canonical":"https:\/\/www.i-rentacar.com\/de\/autovermietung-fuer-kefalonia-ionische-inseln\/","og_locale":"de_DE","og_type":"article","og_title":"Autovermietung f\u00fcr Kefalonia Ionische Inseln | i-rentacar.com","og_url":"https:\/\/www.i-rentacar.com\/de\/autovermietung-fuer-kefalonia-ionische-inseln\/","og_site_name":"i-rentacar.com","article_modified_time":"2025-06-01T10:15:56+00:00","twitter_card":"summary_large_image","twitter_misc":{"Gesch\u00e4tzte Lesezeit":"13\u00a0Minuten"},"schema":{"@context":"https:\/\/schema.org","@graph":[{"@type":"WebPage","@id":"https:\/\/www.i-rentacar.com\/de\/autovermietung-fuer-kefalonia-ionische-inseln\/","url":"https:\/\/www.i-rentacar.com\/de\/autovermietung-fuer-kefalonia-ionische-inseln\/","name":"Autovermietung f\u00fcr Kefalonia Ionische Inseln | i-rentacar.com","isPartOf":{"@id":"https:\/\/www.i-rentacar.com\/de\/#website"},"datePublished":"2025-05-31T15:10:06+00:00","dateModified":"2025-06-01T10:15:56+00:00","breadcrumb":{"@id":"https:\/\/www.i-rentacar.com\/de\/autovermietung-fuer-kefalonia-ionische-inseln\/#breadcrumb"},"inLanguage":"de","potentialAction":[{"@type":"ReadAction","target":["https:\/\/www.i-rentacar.com\/de\/autovermietung-fuer-kefalonia-ionische-inseln\/"]}]},{"@type":"BreadcrumbList","@id":"https:\/\/www.i-rentacar.com\/de\/autovermietung-fuer-kefalonia-ionische-inseln\/#breadcrumb","itemListElement":[{"@type":"ListItem","position":1,"name":"Home","item":"https:\/\/www.i-rentacar.com\/de\/"},{"@type":"ListItem","position":2,"name":"Autovermietung f\u00fcr Kefalonia Ionische Inseln"}]},{"@type":"WebSite","@id":"https:\/\/www.i-rentacar.com\/de\/#website","url":"https:\/\/www.i-rentacar.com\/de\/","name":"i-rentacar.com","description":"Autovermietung Thessaloniki, Minibus, Gel\u00e4ndewagen, Flughafen Thessaloniki, Mietwagen Thessaloniki Halkidiki, Mietwagen Thessaloniki Flughafen skg","publisher":{"@id":"https:\/\/www.i-rentacar.com\/de\/#organization"},"potentialAction":[{"@type":"SearchAction","target":{"@type":"EntryPoint","urlTemplate":"https:\/\/www.i-rentacar.com\/de\/?s={search_term_string}"},"query-input":{"@type":"PropertyValueSpecification","valueRequired":true,"valueName":"search_term_string"}}],"inLanguage":"de"},{"@type":"Organization","@id":"https:\/\/www.i-rentacar.com\/de\/#organization","name":"i-rentacar.com","url":"https:\/\/www.i-rentacar.com\/de\/","logo":{"@type":"ImageObject","inLanguage":"de","@id":"https:\/\/www.i-rentacar.com\/de\/#\/schema\/logo\/image\/","url":"https:\/\/www.i-rentacar.com\/wp-content\/uploads\/2021\/08\/logo-i-rentacar-com-3.png","contentUrl":"https:\/\/www.i-rentacar.com\/wp-content\/uploads\/2021\/08\/logo-i-rentacar-com-3.png","width":383,"height":150,"caption":"i-rentacar.com"},"image":{"@id":"https:\/\/www.i-rentacar.com\/de\/#\/schema\/logo\/image\/"}}]}},"_links":{"self":[{"href":"https:\/\/www.i-rentacar.com\/de\/wp-json\/wp\/v2\/pages\/10055","targetHints":{"allow":["GET"]}}],"collection":[{"href":"https:\/\/www.i-rentacar.com\/de\/wp-json\/wp\/v2\/pages"}],"about":[{"href":"https:\/\/www.i-rentacar.com\/de\/wp-json\/wp\/v2\/types\/page"}],"author":[{"embeddable":true,"href":"https:\/\/www.i-rentacar.com\/de\/wp-json\/wp\/v2\/users\/1"}],"replies":[{"embeddable":true,"href":"https:\/\/www.i-rentacar.com\/de\/wp-json\/wp\/v2\/comments?post=10055"}],"version-history":[{"count":2,"href":"https:\/\/www.i-rentacar.com\/de\/wp-json\/wp\/v2\/pages\/10055\/revisions"}],"predecessor-version":[{"id":10057,"href":"https:\/\/www.i-rentacar.com\/de\/wp-json\/wp\/v2\/pages\/10055\/revisions\/10057"}],"wp:attachment":[{"href":"https:\/\/www.i-rentacar.com\/de\/wp-json\/wp\/v2\/media?parent=10055"}],"curies":[{"name":"wp","href":"https:\/\/api.w.org\/{rel}","templated":true}]}}